{"id":17753,"date":"2024-06-06T04:32:20","date_gmt":"2024-06-06T04:32:20","guid":{"rendered":"https:\/\/kasinobonus.ai\/25-ilmaiskierrosta-ilman-talletusta\/"},"modified":"2025-07-11T15:51:16","modified_gmt":"2025-07-11T15:51:16","slug":"25-gratis-spins-uden-indbetaling","status":"publish","type":"page","link":"https:\/\/www.kasinobonus.ai\/dk\/25-gratis-spins-uden-indbetaling\/","title":{"rendered":"25 Gratis Spins Uden Indbetaling"},"content":{"rendered":"\n<h1 class=\"wp-block-heading\">25 Gratis Spins Uden Indbetaling 2025<\/h1>\n\n\n\n<p>Den dag, jeg opdagede en bonus p\u00e5 25 gratis spins uden indskud, var en ret betydelig \u00e6ndring for mig. Jo, jeg havde allerede pr\u00f8vet et par online casinoer, men at kunne dreje hjulene gratis \u2013 uden risiko og uden bekymringer \u2013 var en stor ting!<\/p>\n\n\n\n<p>Jeg husker, at jeg var ret begejstret, da jeg f\u00f8rst benyttede mig af tilbuddet, da det ikke kun gav mig mulighed for at pr\u00f8ve en masse forskellige spilleautomater \u2013 gratis \u2013 men ogs\u00e5 gav mig en reel chance for at vinde penge uden at risikere noget af mit eget! I dag vil jeg dele de bedste 25 <a href=\"https:\/\/www.kasinobonus.ai\/dk\/gratis-spins\/\">gratis spins<\/a> uden indskud i Danmark, som du kan benytte dig af, og vise dig, hvordan du kan maksimere dine chancer for at vinde med dem.<\/p>\n\n\n\n<h2 class=\"wp-block-heading\"><strong>Casinoer, der tilbyder 25 gratis spins uden indskud i 2025<\/strong><\/h2>\n\n\n\n<p>Elsker jeg denne type tilbud, fordi de er den ultimative m\u00e5de at f\u00e5 en fornemmelse for et nyt casino. Du kan dykke direkte ind i actionen, tjekke deres spiludvalg og se, om siden passer til dig. Hvis du vinder, er det selvf\u00f8lgelig prikken over i&#8217;et!<\/p>\n\n\n<p>[brand_table template=&#8221;table_style_1.php&#8221; country=&#8221;DK&#8221; bonus_type=&#8221;no_deposit&#8221;]<\/p>\n\n\n\n<p>For at f\u00e5 dine spins skal du v\u00e6lge et af ovenst\u00e5ende kasinoer, oprette en konto, og din bonus skulle dukke op p\u00e5 din nye konto hurtigere, end du kan sige \u00bbKia ora!\u00ab<\/p>\n\n\n\n<figure class=\"wp-block-image size-full\"><img decoding=\"async\" width=\"1000\" height=\"666\" src=\"https:\/\/www.kasinobonus.ai\/wp-content\/uploads\/2025\/07\/25-Gratis-Spins-Uden-Indbetaling.jpg\" alt=\"Gratis Spins Uden Indbetaling\" class=\"wp-image-32198\" srcset=\"https:\/\/www.kasinobonus.ai\/wp-content\/uploads\/2025\/07\/25-Gratis-Spins-Uden-Indbetaling.jpg 1000w, https:\/\/www.kasinobonus.ai\/wp-content\/uploads\/2025\/07\/25-Gratis-Spins-Uden-Indbetaling-300x200.jpg 300w, https:\/\/www.kasinobonus.ai\/wp-content\/uploads\/2025\/07\/25-Gratis-Spins-Uden-Indbetaling-768x511.jpg 768w, https:\/\/www.kasinobonus.ai\/wp-content\/uploads\/2025\/07\/25-Gratis-Spins-Uden-Indbetaling-110x73.jpg 110w, https:\/\/www.kasinobonus.ai\/wp-content\/uploads\/2025\/07\/25-Gratis-Spins-Uden-Indbetaling-575x383.jpg 575w\" sizes=\"(max-width: 1000px) 100vw, 1000px\" \/><\/figure>\n\n\n\n<h2 class=\"wp-block-heading\"><strong>Hvordan vi anmelder og v\u00e6lger kasinoer<\/strong><\/h2>\n\n\n\n<p>Hos KasinoBonus g\u00e5r vi ikke p\u00e5 kompromis med vores anmeldelser. Vi tjekker alt fra licensoplysninger \u2013 for at sikre, at et websted er helt legitimt \u2013 til at se, hvor mange spil de tilbyder, og fra hvilke softwareudbydere.Vi foretager ogs\u00e5 altid vores egne indskud med rigtige penge. Du f\u00e5r detaljerede, \u00e6rlige oplysninger om udbetalingstider, kundesupport og eventuelle problemer, vi st\u00f8der p\u00e5.<\/p>\n\n\n\n<h2 class=\"wp-block-heading\">Fordele og Ulemper<\/h2>\n\n\n\n<figure class=\"wp-block-image size-full\"><img decoding=\"async\" width=\"1000\" height=\"666\" src=\"https:\/\/www.kasinobonus.ai\/wp-content\/uploads\/2025\/06\/KB-Gratis-Spins-1.jpg\" alt=\"Gratis Spins\" class=\"wp-image-30297\" srcset=\"https:\/\/www.kasinobonus.ai\/wp-content\/uploads\/2025\/06\/KB-Gratis-Spins-1.jpg 1000w, https:\/\/www.kasinobonus.ai\/wp-content\/uploads\/2025\/06\/KB-Gratis-Spins-1-300x200.jpg 300w, https:\/\/www.kasinobonus.ai\/wp-content\/uploads\/2025\/06\/KB-Gratis-Spins-1-768x511.jpg 768w, https:\/\/www.kasinobonus.ai\/wp-content\/uploads\/2025\/06\/KB-Gratis-Spins-1-110x73.jpg 110w, https:\/\/www.kasinobonus.ai\/wp-content\/uploads\/2025\/06\/KB-Gratis-Spins-1-575x383.jpg 575w\" sizes=\"(max-width: 1000px) 100vw, 1000px\" \/><\/figure>\n\n\n\n<div class=\"wp-block-columns is-layout-flex wp-container-core-columns-is-layout-28f84493 wp-block-columns-is-layout-flex\">\n<div class=\"wp-block-column is-layout-flow wp-block-column-is-layout-flow\">\n<h3 class=\"wp-block-heading\">\u2705 Fordele<\/h3>\n\n\n\n<ul class=\"wp-block-list\">\n<li>\u2705 Pr\u00f8v spilleautomater uden at risikere dine egne penge<\/li>\n\n\n\n<li>\u2705 Tilbud uden indskud er tilg\u00e6ngelige p\u00e5 mange kasinoer<\/li>\n\n\n\n<li>\u2705 Mulighed for at vinde rigtige penge uden investering<\/li>\n\n\n\n<li>\u2705 God m\u00e5de at udforske nye spil og udbydere p\u00e5<\/li>\n\n\n\n<li>\u2705 Nyttig til at l\u00e6re, hvordan slotmekanik fungerer<\/li>\n<\/ul>\n<\/div>\n\n\n\n<div class=\"wp-block-column is-layout-flow wp-block-column-is-layout-flow\">\n<h3 class=\"wp-block-heading\">\u274c Ulemper<\/h3>\n\n\n\n<ul class=\"wp-block-list\">\n<li>\u274c Oms\u00e6tningskrav f\u00f8r udbetaling<\/li>\n\n\n\n<li>\u274c Ofte kun begr\u00e6nset til bestemte spilleautomater<\/li>\n\n\n\n<li>\u274c Max gevinst eller udbetalingsgr\u00e6nser g\u00e6lder<\/li>\n\n\n\n<li>\u274c Gratis spins udl\u00f8ber normalt inden for 24-72 timer<\/li>\n<\/ul>\n\n\n\n<p>\u274c Bonusvilk\u00e5rene kan v\u00e6re strenge eller forvirrende<\/p>\n<\/div>\n<\/div>\n\n\n\n<h2 class=\"wp-block-heading\">Popul\u00e6re spilleautomater med gratis spins bonus<\/h2>\n\n\n\n<figure class=\"wp-block-table\"><table class=\"has-fixed-layout\"><thead><tr><th>Popul\u00e6r spilleautomat<\/th><th>Spiludbyder<\/th><th>Gratis spins (Bonus)<\/th><th>RTP<\/th><th>Casino<\/th><\/tr><\/thead><tbody><tr><td>Sweet\u202fBonanza<\/td><td>Pragmatic\u202fPlay<\/td><td>20 gratis spins<\/td><td>96,51\u202f%<\/td><td>Rollino<\/td><\/tr><tr><td>Book\u202fof\u202fMuseum<\/td><td>GameArt<\/td><td>25 gratis spins<\/td><td>96,10\u202f%<\/td><td>Horus Casino<\/td><\/tr><tr><td>Angry\u202fDogs<\/td><td>GameArt<\/td><td>25 gratis spins<\/td><td>96,36\u202f%<\/td><td>Kryptosino<\/td><\/tr><tr><td>Hollywoof<\/td><td>GameArt<\/td><td>25 gratis spins<\/td><td>96,10\u202f%<\/td><td>Vegaz Casino<\/td><\/tr><tr><td>Sweet\u202fBonanza<\/td><td>Pragmatic\u202fPlay<\/td><td>30 gratis spins<\/td><td>96,51\u202f%<\/td><td>Megapari<\/td><\/tr><tr><td>Book\u202fof\u202fDead<\/td><td>Play\u2019n\u202fGO<\/td><td>25 gratis spins<\/td><td>96,21\u202f%<\/td><td>BetMaximus<\/td><\/tr><tr><td>Ruby Win \u2013 Hold the Spin<\/td><td>Gamzix<\/td><td>25 gratis spins<\/td><td>96,00\u202f%<\/td><td>LevelUp Casino<\/td><\/tr><tr><td>Joker Stoker<\/td><td>Endorphina<\/td><td>100 gratis spins<\/td><td>96,00\u202f%<\/td><td>BetFury<\/td><\/tr><tr><td>Bastet and Cats<\/td><td>Betfury<\/td><td>100 gratis spins<\/td><td>96,20\u202f%<\/td><td>BetFury<\/td><\/tr><tr><td>Doors Of Fresh<\/td><td>BGaming<\/td><td>50 gratis spins<\/td><td>96,85\u202f%<\/td><td>Fresh Casino<\/td><\/tr><tr><td>Gates of Olympus<\/td><td>Pragmatic\u202fPlay<\/td><td>50 gratis spins<\/td><td>96,50\u202f%<\/td><td>Campeonbet<\/td><\/tr><tr><td>Alien Fruits<\/td><td>BGaming<\/td><td>50 gratis spins<\/td><td>97,00\u202f%<\/td><td>Drip Casino<\/td><\/tr><\/tbody><\/table><\/figure>\n\n\n\n<h2 class=\"wp-block-heading\">Ressourcer til ansvarligt spil<\/h2>\n\n\n\n<ul class=\"wp-block-list\">\n<li><a href=\"https:\/\/www.spillemyndigheden.dk\">https:\/\/www.spillemyndigheden.dk<\/a> <\/li>\n\n\n\n<li><a href=\"https:\/\/www.rofus.nu\">https:\/\/www.rofus.nu<\/a><\/li>\n\n\n\n<li><a href=\"https:\/\/stopspillet.dk\">https:\/\/stopspillet.dk<\/a> <\/li>\n\n\n\n<li><a href=\"https:\/\/gamblingtherapy.org\">https:\/\/gamblingtherapy.org<\/a><a href=\"https:\/\/help.revolut.com\/en-DK\/help\/more\/life-challenges-and-well-being\/what-gambling-support-is-available\/?utm_source=chatgpt.com\" target=\"_blank\" rel=\"noreferrer noopener\">m<\/a><\/li>\n<\/ul>\n","protected":false},"excerpt":{"rendered":"<p>25 Gratis Spins Uden Indbetaling 2025 Den dag, jeg opdagede en bonus p\u00e5 25 gratis spins uden indskud, var en ret betydelig \u00e6ndring for mig. Jo, jeg havde allerede pr\u00f8vet et par online casinoer, men at kunne dreje hjulene gratis \u2013 uden risiko og uden bekymringer \u2013 var en stor ting! Jeg husker, at jeg [&hellip;]<\/p>\n","protected":false},"author":1,"featured_media":17814,"parent":0,"menu_order":0,"comment_status":"open","ping_status":"closed","template":"","meta":{"inline_featured_image":false,"footnotes":""},"class_list":["post-17753","page","type-page","status-publish","has-post-thumbnail","hentry"],"yoast_head":"<!-- This site is optimized with the Yoast SEO plugin v24.5 - https:\/\/yoast.com\/wordpress\/plugins\/seo\/ -->\n<title>25 Gratis Spins Uden Indbetaling (2025) - www.kasinobonus.ai<\/title>\n<meta name=\"description\" content=\"Udnyt 25 gratis spins uden indbetaling - nyd en risikofri spilleoplevelse og muligheden for at vinde rigtige penge!\" \/>\n<meta name=\"robots\" content=\"index, follow, max-snippet:-1, max-image-preview:large, max-video-preview:-1\" \/>\n<link rel=\"canonical\" href=\"https:\/\/www.kasinobonus.ai\/dk\/25-gratis-spins-uden-indbetaling\/\" \/>\n<script type=\"application\/ld+json\" class=\"yoast-schema-graph\">{\"@context\":\"https:\/\/schema.org\",\"@graph\":[{\"@type\":\"WebPage\",\"@id\":\"https:\/\/www.kasinobonus.ai\/dk\/25-gratis-spins-uden-indbetaling\/\",\"url\":\"https:\/\/www.kasinobonus.ai\/dk\/25-gratis-spins-uden-indbetaling\/\",\"name\":\"25 Gratis Spins Uden Indbetaling (2025) - www.kasinobonus.ai\",\"isPartOf\":{\"@id\":\"https:\/\/www.kasinobonus.ai\/dk\/#website\"},\"primaryImageOfPage\":{\"@id\":\"https:\/\/www.kasinobonus.ai\/dk\/25-gratis-spins-uden-indbetaling\/#primaryimage\"},\"image\":{\"@id\":\"https:\/\/www.kasinobonus.ai\/dk\/25-gratis-spins-uden-indbetaling\/#primaryimage\"},\"thumbnailUrl\":\"https:\/\/www.kasinobonus.ai\/wp-content\/uploads\/2024\/06\/25_gratis_spins_uden_indbetaling.jpg\",\"datePublished\":\"2024-06-06T04:32:20+00:00\",\"dateModified\":\"2025-07-11T15:51:16+00:00\",\"description\":\"Udnyt 25 gratis spins uden indbetaling - nyd en risikofri spilleoplevelse og muligheden for at vinde rigtige penge!\",\"breadcrumb\":{\"@id\":\"https:\/\/www.kasinobonus.ai\/dk\/25-gratis-spins-uden-indbetaling\/#breadcrumb\"},\"inLanguage\":\"da\",\"potentialAction\":[{\"@type\":\"ReadAction\",\"target\":[\"https:\/\/www.kasinobonus.ai\/dk\/25-gratis-spins-uden-indbetaling\/\"]}]},{\"@type\":\"ImageObject\",\"inLanguage\":\"da\",\"@id\":\"https:\/\/www.kasinobonus.ai\/dk\/25-gratis-spins-uden-indbetaling\/#primaryimage\",\"url\":\"https:\/\/www.kasinobonus.ai\/wp-content\/uploads\/2024\/06\/25_gratis_spins_uden_indbetaling.jpg\",\"contentUrl\":\"https:\/\/www.kasinobonus.ai\/wp-content\/uploads\/2024\/06\/25_gratis_spins_uden_indbetaling.jpg\",\"width\":1200,\"height\":628,\"caption\":\"25 gratis spins uden indbetaling\"},{\"@type\":\"BreadcrumbList\",\"@id\":\"https:\/\/www.kasinobonus.ai\/dk\/25-gratis-spins-uden-indbetaling\/#breadcrumb\",\"itemListElement\":[{\"@type\":\"ListItem\",\"position\":1,\"name\":\"Home\",\"item\":\"https:\/\/kasinobonus.ai\/dk\/\"},{\"@type\":\"ListItem\",\"position\":2,\"name\":\"25 Gratis Spins Uden Indbetaling\"}]},{\"@type\":\"WebSite\",\"@id\":\"https:\/\/www.kasinobonus.ai\/dk\/#website\",\"url\":\"https:\/\/www.kasinobonus.ai\/dk\/\",\"name\":\"www.kasinobonus.ai\",\"description\":\"\",\"publisher\":{\"@id\":\"https:\/\/www.kasinobonus.ai\/dk\/#organization\"},\"potentialAction\":[{\"@type\":\"SearchAction\",\"target\":{\"@type\":\"EntryPoint\",\"urlTemplate\":\"https:\/\/www.kasinobonus.ai\/dk\/?s={search_term_string}\"},\"query-input\":{\"@type\":\"PropertyValueSpecification\",\"valueRequired\":true,\"valueName\":\"search_term_string\"}}],\"inLanguage\":\"da\"},{\"@type\":\"Organization\",\"@id\":\"https:\/\/www.kasinobonus.ai\/dk\/#organization\",\"name\":\"KasinoBonus\",\"alternateName\":\"KasinoBonusAI\",\"url\":\"https:\/\/www.kasinobonus.ai\/dk\/\",\"logo\":{\"@type\":\"ImageObject\",\"inLanguage\":\"da\",\"@id\":\"https:\/\/www.kasinobonus.ai\/dk\/#\/schema\/logo\/image\/\",\"url\":\"https:\/\/www.kasinobonus.ai\/wp-content\/uploads\/2023\/09\/kasinobonus-logo-light.png\",\"contentUrl\":\"https:\/\/www.kasinobonus.ai\/wp-content\/uploads\/2023\/09\/kasinobonus-logo-light.png\",\"width\":3200,\"height\":596,\"caption\":\"KasinoBonus\"},\"image\":{\"@id\":\"https:\/\/www.kasinobonus.ai\/dk\/#\/schema\/logo\/image\/\"},\"sameAs\":[\"https:\/\/www.facebook.com\/kasinobonusio\/\",\"https:\/\/x.com\/Kasinobonus_io\",\"https:\/\/www.linkedin.com\/in\/matti-slotte-26612033b\",\"http:\/\/kasinobonus.wikidot.com\/system:welcome\",\"https:\/\/www.trustpilot.com\/review\/www.kasinobonus.ai\",\"https:\/\/orcid.org\/0009-0007-2889-1713\",\"https:\/\/en.everybodywiki.com\/Matti_Slotte\",\"https:\/\/www.immuniweb.com\/ssl\/kasinobonus.ai\/M4lqCqYY\/\"]}]}<\/script>\n<!-- \/ Yoast SEO plugin. -->","yoast_head_json":{"title":"25 Gratis Spins Uden Indbetaling (2025) - www.kasinobonus.ai","description":"Udnyt 25 gratis spins uden indbetaling - nyd en risikofri spilleoplevelse og muligheden for at vinde rigtige penge!","robots":{"index":"index","follow":"follow","max-snippet":"max-snippet:-1","max-image-preview":"max-image-preview:large","max-video-preview":"max-video-preview:-1"},"canonical":"https:\/\/www.kasinobonus.ai\/dk\/25-gratis-spins-uden-indbetaling\/","schema":{"@context":"https:\/\/schema.org","@graph":[{"@type":"WebPage","@id":"https:\/\/www.kasinobonus.ai\/dk\/25-gratis-spins-uden-indbetaling\/","url":"https:\/\/www.kasinobonus.ai\/dk\/25-gratis-spins-uden-indbetaling\/","name":"25 Gratis Spins Uden Indbetaling (2025) - www.kasinobonus.ai","isPartOf":{"@id":"https:\/\/www.kasinobonus.ai\/dk\/#website"},"primaryImageOfPage":{"@id":"https:\/\/www.kasinobonus.ai\/dk\/25-gratis-spins-uden-indbetaling\/#primaryimage"},"image":{"@id":"https:\/\/www.kasinobonus.ai\/dk\/25-gratis-spins-uden-indbetaling\/#primaryimage"},"thumbnailUrl":"https:\/\/www.kasinobonus.ai\/wp-content\/uploads\/2024\/06\/25_gratis_spins_uden_indbetaling.jpg","datePublished":"2024-06-06T04:32:20+00:00","dateModified":"2025-07-11T15:51:16+00:00","description":"Udnyt 25 gratis spins uden indbetaling - nyd en risikofri spilleoplevelse og muligheden for at vinde rigtige penge!","breadcrumb":{"@id":"https:\/\/www.kasinobonus.ai\/dk\/25-gratis-spins-uden-indbetaling\/#breadcrumb"},"inLanguage":"da","potentialAction":[{"@type":"ReadAction","target":["https:\/\/www.kasinobonus.ai\/dk\/25-gratis-spins-uden-indbetaling\/"]}]},{"@type":"ImageObject","inLanguage":"da","@id":"https:\/\/www.kasinobonus.ai\/dk\/25-gratis-spins-uden-indbetaling\/#primaryimage","url":"https:\/\/www.kasinobonus.ai\/wp-content\/uploads\/2024\/06\/25_gratis_spins_uden_indbetaling.jpg","contentUrl":"https:\/\/www.kasinobonus.ai\/wp-content\/uploads\/2024\/06\/25_gratis_spins_uden_indbetaling.jpg","width":1200,"height":628,"caption":"25 gratis spins uden indbetaling"},{"@type":"BreadcrumbList","@id":"https:\/\/www.kasinobonus.ai\/dk\/25-gratis-spins-uden-indbetaling\/#breadcrumb","itemListElement":[{"@type":"ListItem","position":1,"name":"Home","item":"https:\/\/kasinobonus.ai\/dk\/"},{"@type":"ListItem","position":2,"name":"25 Gratis Spins Uden Indbetaling"}]},{"@type":"WebSite","@id":"https:\/\/www.kasinobonus.ai\/dk\/#website","url":"https:\/\/www.kasinobonus.ai\/dk\/","name":"www.kasinobonus.ai","description":"","publisher":{"@id":"https:\/\/www.kasinobonus.ai\/dk\/#organization"},"potentialAction":[{"@type":"SearchAction","target":{"@type":"EntryPoint","urlTemplate":"https:\/\/www.kasinobonus.ai\/dk\/?s={search_term_string}"},"query-input":{"@type":"PropertyValueSpecification","valueRequired":true,"valueName":"search_term_string"}}],"inLanguage":"da"},{"@type":"Organization","@id":"https:\/\/www.kasinobonus.ai\/dk\/#organization","name":"KasinoBonus","alternateName":"KasinoBonusAI","url":"https:\/\/www.kasinobonus.ai\/dk\/","logo":{"@type":"ImageObject","inLanguage":"da","@id":"https:\/\/www.kasinobonus.ai\/dk\/#\/schema\/logo\/image\/","url":"https:\/\/www.kasinobonus.ai\/wp-content\/uploads\/2023\/09\/kasinobonus-logo-light.png","contentUrl":"https:\/\/www.kasinobonus.ai\/wp-content\/uploads\/2023\/09\/kasinobonus-logo-light.png","width":3200,"height":596,"caption":"KasinoBonus"},"image":{"@id":"https:\/\/www.kasinobonus.ai\/dk\/#\/schema\/logo\/image\/"},"sameAs":["https:\/\/www.facebook.com\/kasinobonusio\/","https:\/\/x.com\/Kasinobonus_io","https:\/\/www.linkedin.com\/in\/matti-slotte-26612033b","http:\/\/kasinobonus.wikidot.com\/system:welcome","https:\/\/www.trustpilot.com\/review\/www.kasinobonus.ai","https:\/\/orcid.org\/0009-0007-2889-1713","https:\/\/en.everybodywiki.com\/Matti_Slotte","https:\/\/www.immuniweb.com\/ssl\/kasinobonus.ai\/M4lqCqYY\/"]}]}},"_links":{"self":[{"href":"https:\/\/www.kasinobonus.ai\/dk\/wp-json\/wp\/v2\/pages\/17753","targetHints":{"allow":["GET"]}}],"collection":[{"href":"https:\/\/www.kasinobonus.ai\/dk\/wp-json\/wp\/v2\/pages"}],"about":[{"href":"https:\/\/www.kasinobonus.ai\/dk\/wp-json\/wp\/v2\/types\/page"}],"author":[{"embeddable":true,"href":"https:\/\/www.kasinobonus.ai\/dk\/wp-json\/wp\/v2\/users\/1"}],"replies":[{"embeddable":true,"href":"https:\/\/www.kasinobonus.ai\/dk\/wp-json\/wp\/v2\/comments?post=17753"}],"version-history":[{"count":5,"href":"https:\/\/www.kasinobonus.ai\/dk\/wp-json\/wp\/v2\/pages\/17753\/revisions"}],"predecessor-version":[{"id":32206,"href":"https:\/\/www.kasinobonus.ai\/dk\/wp-json\/wp\/v2\/pages\/17753\/revisions\/32206"}],"wp:featuredmedia":[{"embeddable":true,"href":"https:\/\/www.kasinobonus.ai\/dk\/wp-json\/wp\/v2\/media\/17814"}],"wp:attachment":[{"href":"https:\/\/www.kasinobonus.ai\/dk\/wp-json\/wp\/v2\/media?parent=17753"}],"curies":[{"name":"wp","href":"https:\/\/api.w.org\/{rel}","templated":true}]}}