{"id":9137,"date":"2023-08-29T13:49:37","date_gmt":"2023-08-29T13:49:37","guid":{"rendered":"http:\/\/kasinobonus.ai.dedivirt842.your-server.de\/talletusbonukset\/"},"modified":"2025-07-11T13:32:20","modified_gmt":"2025-07-11T13:32:20","slug":"einzahlungsbonus","status":"publish","type":"page","link":"https:\/\/www.kasinobonus.ai\/de\/einzahlungsbonus\/","title":{"rendered":"Einzahlungsbonus"},"content":{"rendered":"\n<h1 class=\"wp-block-heading\">Die Besten Casino Bonus Mit Einzahlung in Deutschland<\/h1>\n\n\n\n<p>Wenn Du Dich f\u00fcr einen Einzahlungsbonus in einem deutschen Casino interessierst, fragst Du Dich vielleicht, was ein casino mit einzahlungsbonus eigentlich ist, wie er funktioniert, wie er beantragt werden kann und welche verschiedenen Arten von Boni es gibt.<\/p>\n\n\n\n<p>Heute werde ich Dir auf dieser Seite genau erl\u00e4utern, was ein Einzahlungsbonus ist, was Du erwarten kannst, wenn Du ihn beantragst und ich werde Dir auch einige der wichtigsten Bedingungen erl\u00e4utern, die mit diesen Boni verbunden sind, damit Du Deinen Bonus genie\u00dfen kannst, ohne Dir Gedanken dar\u00fcber zu machen, dass Du gegen irgendwelche Regeln verst\u00f6\u00dft! Um zu beginnen, werde ich Dir einige der aktuell besten Casino Einzahlungsbonus Angebote zeigen.<\/p>\n\n\n\n<h2 class=\"wp-block-heading\">Die besten Casino Mit Einzahlungsbonus 2025<\/h2>\n\n\n\n<p>Du bist auf der Suche nach den besten deutschen Casino Boni, hast aber keine Ahnung, wo Du suchen sollst &#8211; oder wo Du anfangen sollst? Wir von KasinoBonus nehmen Dir die harte Arbeit ab! Nachfolgend findest Du eine Liste der besten Casinos mit den aktuell besten Boni &#8211; alle handverlesen von unserem Expertenteam!<\/p>\n\n\n<p>[brand_table template=&#8220;table_style_1.php&#8220; country=&#8220;DE&#8220; bonus=&#8220;&#8220;]<\/p>\n\n\n\n<p>Wenn Du ein Casino oder einen Bonus siehst, der Dir gef\u00e4llt, klicke einfach auf den gro\u00dfen &#8222;Jetzt spielen&#8220;-Button, um Dich anzumelden und den Bonus zu erhalten!<\/p>\n\n\n\n<figure class=\"wp-block-image aligncenter size-full\"><img decoding=\"async\" width=\"1000\" height=\"666\" src=\"https:\/\/www.kasinobonus.ai\/wp-content\/uploads\/2025\/07\/Einzahlungsbonus.jpg\" alt=\"Einzahlungsbonus\" class=\"wp-image-31712\" srcset=\"https:\/\/www.kasinobonus.ai\/wp-content\/uploads\/2025\/07\/Einzahlungsbonus.jpg 1000w, https:\/\/www.kasinobonus.ai\/wp-content\/uploads\/2025\/07\/Einzahlungsbonus-300x200.jpg 300w, https:\/\/www.kasinobonus.ai\/wp-content\/uploads\/2025\/07\/Einzahlungsbonus-768x511.jpg 768w, https:\/\/www.kasinobonus.ai\/wp-content\/uploads\/2025\/07\/Einzahlungsbonus-110x73.jpg 110w, https:\/\/www.kasinobonus.ai\/wp-content\/uploads\/2025\/07\/Einzahlungsbonus-575x383.jpg 575w\" sizes=\"(max-width: 1000px) 100vw, 1000px\" \/><figcaption class=\"wp-element-caption\">Einzahlungsbonus<\/figcaption><\/figure>\n\n\n\n<h2 class=\"wp-block-heading\">Wie genau nehmen wir Casinos unter die Lupe?<\/h2>\n\n\n\n<p>Wir von KasinoBonus gehen bei all unseren Casino Tests sehr spielerorientiert vor. In der Tat ist unser Testverfahren sehr viel umfangreicher als das der meisten unserer Mitbewerber &#8211; und der Hauptgrund daf\u00fcr ist die Tatsache, dass wir uns bei allen Casinos, die wir testen, auch tats\u00e4chlich anmelden, eine Einzahlung t\u00e4tigen und spielen.<\/p>\n\n\n\n<p>Wir testen auch viele andere Faktoren, wie das Spielangebot, die Zahlungsm\u00f6glichkeiten und die Auszahlungsgeschwindigkeit &#8211; wir testen sogar den Kundensupport, um sicher zu gehen, dass Du genau wei\u00dft, was Dich erwartet, wenn Du spielst!<\/p>\n\n\n\n<h2 class=\"wp-block-heading\">Arten von Einzahlungsboni<\/h2>\n\n\n\n<p>Einzahlungsboni gibt es in vielen verschiedenen Formen und unabh\u00e4ngig davon, was f\u00fcr ein Spieler Du bist, wirst Du sicher einen Bonus finden, der zu Dir passt! Hier sind einige der beliebtesten Arten von Einzahlungsboni, die Du heute online finden kannst.<\/p>\n\n\n\n<h3 class=\"wp-block-heading\">Willkommens-Bonus ohne Einzahlung<\/h3>\n\n\n\n<p>Der <a href=\"https:\/\/www.kasinobonus.ai\/de\/willkommensbonus\/\">Willkommensbonus<\/a>, der neuen Spielern bei der Registrierung angeboten wird, ist die h\u00e4ufigste Art von Einzahlungsbonus. Bei diesen Boni wird die erste Einzahlung in der Regel um 100 %, 150 % oder sogar <a href=\"https:\/\/www.kasinobonus.ai\/de\/200-einzahlungsbonus\/\">200 %<\/a> verdoppelt &#8211; so erh\u00e4ltst Du zus\u00e4tzliches Geld zum Spielen! Einige Casinos gehen noch einen Schritt weiter und kombinieren diesen Einzahlungsbonus mit weiteren Vorteilen wie Freispielen oder sogar Cashback!<\/p>\n\n\n\n<h3 class=\"wp-block-heading\">Reload Bonus ohne Einzahlung<\/h3>\n\n\n\n<p>Ein Reload Bonus ist ein Einzahlungsbonus, der f\u00fcr bestehende Spieler gilt. Diese Boni sollen Dich zu weiteren Einzahlungen animieren. Du bekommst zus\u00e4tzliches Geld oder Freispiele &#8211; oft f\u00fcr deine zweite, dritte oder vierte Einzahlung. Im Gegensatz zum Willkommensbonus ist der Reload-Bonus kleiner als der Willkommensbonus &#8211; er liegt oft zwischen 25% und <a href=\"https:\/\/www.kasinobonus.ai\/de\/100-einzahlungsbonus\/\">100%<\/a> &#8211; aber er ist immer noch eine gute Werbeaktion und wird von einigen Seiten auch f\u00fcr regelm\u00e4\u00dfige Spieler angeboten.<\/p>\n\n\n\n<h3 class=\"wp-block-heading\">High Roller Einzahlungsbonus<\/h3>\n\n\n\n<p>High Roller Einzahlungsboni sind spezielle Promotionen f\u00fcr\u2026 High Roller. Diese Boni gibt es oft in viel gr\u00f6\u00dferen Betr\u00e4gen. Manchmal sind die Bedingungen auch weniger streng. Spieler, die hohe Eins\u00e4tze bevorzugen, k\u00f6nnen sich \u00fcber <a href=\"https:\/\/www.kasinobonus.ai\/de\/300-einzahlungsbonus\/\">300%<\/a>, <a href=\"https:\/\/www.kasinobonus.ai\/de\/400-einzahlungsbonus\/\">400%<\/a> oder sogar <a href=\"https:\/\/www.kasinobonus.ai\/de\/500-einzahlungsbonus\/\">500% Einzahlungsboni<\/a> freuen, wodurch sich ihre Bankroll enorm steigert.<\/p>\n\n\n\n<h3 class=\"wp-block-heading\">No Deposit-Bonus ohne Einsatz<\/h3>\n\n\n\n<p>Ein No Deposit-Bonus ist eine der f\u00fcr die Spieler freundlichsten Werbeaktionen, die es gibt. Bei dieser Bonusart handelt es sich um Echtgeldgewinne, die sofort ausgezahlt werden k\u00f6nnen, ohne dass Umsatzbedingungen erf\u00fcllt werden m\u00fcssen. Obwohl No Deposit-Boni in der Regel kleiner ausfallen, sind sie sehr solide, denn alles Geld, das Du damit gewinnst, darfst Du behalten &#8211; in bar!<\/p>\n\n\n\n<h3 class=\"wp-block-heading\">Bonus ohne Einzahlung mit Freispielen<\/h3>\n\n\n\n<p>In einigen Casinos werden Freispiele als Teil eines Einzahlungsbonus angeboten, entweder zusammen mit einem Match Bonus oder als Hauptbelohnung. Ein Casino k\u00f6nnte Dir zum Beispiel 100% bis zu 200\u20ac plus 50 Freispiele f\u00fcr Starburst geben. Je nach den Bedingungen der jeweiligen Werbeaktion k\u00f6nnen die Freispiele f\u00fcr bestimmte Slots oder f\u00fcr eine Reihe von Spielen verwendet werden.<\/p>\n\n\n\n<h3 class=\"wp-block-heading\">Non Sticky Bonus<\/h3>\n\n\n\n<p>Eine besonders interessante Variante ist der <a href=\"https:\/\/www.kasinobonus.ai\/de\/non-sticky-bonus\/\">Non Sticky Bonus<\/a>. Hierbei wird Dein eigenes Geld von dem Bonusgeld getrennt. Das bedeutet, dass Du zuerst mit Deinem eingezahlten Geld spielst und erst, wenn dieses aufgebraucht ist, der Bonus aktiv wird. Dadurch kannst Du Gewinne aus Deinem Echtgeld-Guthaben sofort auszahlen lassen, ohne an die Umsatzbedingungen gebunden zu sein \u2013 ein gro\u00dfer Vorteil f\u00fcr strategische Spieler!<\/p>\n\n\n\n<h2 class=\"wp-block-heading\">No Deposit Bonus Bedingungen und Konditionen<\/h2>\n\n\n\n<p>Alle Arten von Einzahlungsboni sind an bestimmte Bedingungen gekn\u00fcpft &#8211; und es ist sehr wichtig, dass Du diese Bedingungen kennst, bevor Du mit dem Spielen beginnst. Hier sind einige der h\u00e4ufigsten Bedingungen, die Du bei deutschen Einzahlungsboni findest.<\/p>\n\n\n\n<h3 class=\"wp-block-heading\">Umsatzbedingungen<\/h3>\n\n\n\n<p>Die Umsatzbedingung ist einer der wichtigsten Aspekte eines Einzahlungsbonus. Hier wird festgelegt, wie oft Du Deinen Bonus umsetzen musst, bevor Du Dir deine Gewinne auszahlen lassen kannst. Wenn Du zum Beispiel einen Bonus von 100 \u20ac mit einer 35-fachen Umsatzbedingung erh\u00e4ltst, musst Du 3.500 \u20ac umsetzen, bevor Du Dir deine Gewinne auszahlen lassen kannst. Einige Casinos haben niedrigere oder gar keine Wettboni, aber in manchen F\u00e4llen ist ein Wetteinsatz von bis zu 70x m\u00f6glich!<\/p>\n\n\n\n<h3 class=\"wp-block-heading\">Mindesteinzahlungsbetrag<\/h3>\n\n\n\n<p>Um sich f\u00fcr einen Einzahlungsbonus zu qualifizieren, ist bei den meisten Casinos eine Mindesteinzahlung erforderlich. Diese liegt je nach Casino zwischen 10 und 20 Euro. Allerdings gibt es auch spezielle Aktionen, die eine Mindesteinzahlung von 100 \u20ac oder mehr erfordern &#8211; oft High Roller oder Reload Boni. Es lohnt sich also immer, dies vor der Anmeldung in einem Casino zu \u00fcberpr\u00fcfen!<\/p>\n\n\n\n<h3 class=\"wp-block-heading\">Verfallsdatum des Bonus<\/h3>\n\n\n\n<p>Die meisten Einzahlungsboni m\u00fcssen innerhalb eines bestimmten Zeitraums genutzt werden. Dies umfasst in der Regel sowohl das Spielen mit dem Bonusgeld als auch das Erf\u00fcllen der Umsatzbedingungen. Dein Geld verf\u00e4llt wahrscheinlich, wenn Du beides nicht innerhalb der vorgegebenen Zeit erf\u00fcllst.<\/p>\n\n\n\n<h3 class=\"wp-block-heading\">Spielbeschr\u00e4nkungen<\/h3>\n\n\n\n<p>Nicht alle Spiele tragen gleicherma\u00dfen zu den Umsatzbedingungen bei. Slots z\u00e4hlen in der Regel zu 100 %, w\u00e4hrend Tischspiele wie z. B. Blackjack und Roulette nur zu 10 % oder gar nicht zu den Umsatzbedingungen beitragen. Einige Slots k\u00f6nnen jedoch aufgrund von progressiven Jackpots oder sehr hohen RTPs komplett vom Bonus ausgeschlossen sein. Daher sollte man dies immer \u00fcberpr\u00fcfen, bevor man mit dem Bonus spielt.<\/p>\n\n\n\n<h3 class=\"wp-block-heading\">Maximale Gewinne und Auszahlungslimits<\/h3>\n\n\n\n<p>Manche Einzahlungsboni haben Gewinnlimits, d.h. Du kannst nur einen bestimmten Betrag gewinnen. Wenn Du einen No Deposit-Bonus in Anspruch nimmst, steigt die Wahrscheinlichkeit, dass es ein maximales Gewinnlimit gibt, erheblich. Willkommensboni sind zum Beispiel selten an diese Bedingung gekn\u00fcpft &#8211; zum Gl\u00fcck.<\/p>\n\n\n\n<h2 class=\"wp-block-heading\">Vor- und Nachteile<\/h2>\n\n\n\n<figure class=\"wp-block-image size-full\"><img decoding=\"async\" width=\"1000\" height=\"666\" src=\"https:\/\/www.kasinobonus.ai\/wp-content\/uploads\/2025\/06\/KB-Einzahlungsbonus.jpg\" alt=\"Einzahlungsbonus\" class=\"wp-image-30192\" srcset=\"https:\/\/www.kasinobonus.ai\/wp-content\/uploads\/2025\/06\/KB-Einzahlungsbonus.jpg 1000w, https:\/\/www.kasinobonus.ai\/wp-content\/uploads\/2025\/06\/KB-Einzahlungsbonus-300x200.jpg 300w, https:\/\/www.kasinobonus.ai\/wp-content\/uploads\/2025\/06\/KB-Einzahlungsbonus-768x511.jpg 768w, https:\/\/www.kasinobonus.ai\/wp-content\/uploads\/2025\/06\/KB-Einzahlungsbonus-110x73.jpg 110w, https:\/\/www.kasinobonus.ai\/wp-content\/uploads\/2025\/06\/KB-Einzahlungsbonus-575x383.jpg 575w\" sizes=\"(max-width: 1000px) 100vw, 1000px\" \/><\/figure>\n\n\n\n<div class=\"wp-block-columns is-layout-flex wp-container-core-columns-is-layout-28f84493 wp-block-columns-is-layout-flex\">\n<div class=\"wp-block-column is-layout-flow wp-block-column-is-layout-flow\">\n<h3 class=\"wp-block-heading\">\u2705 Vorteile<\/h3>\n\n\n\n<ul class=\"wp-block-list\">\n<li>\u2705 Im Vergleich zu Angeboten ohne Einzahlung werden bei uns h\u00f6here Bonusbetr\u00e4ge gew\u00e4hrt.<\/li>\n\n\n\n<li>\u2705 Erm\u00f6glicht den Zugang zu Willkommenspaketen und VIP-Vorteilen.<\/li>\n\n\n\n<li>\u2705 Bonusgelder und Freispiele sind in der Regel Teil des Angebots.<\/li>\n\n\n\n<li>\u2705 F\u00fcr Spieler, die bereits eine Einzahlung planen hervorragend.<\/li>\n\n\n\n<li>\u2705 Weitreichende Akzeptanz in den meisten Online-Casinos.<\/li>\n<\/ul>\n<\/div>\n\n\n\n<div class=\"wp-block-column is-layout-flow wp-block-column-is-layout-flow\">\n<h3 class=\"wp-block-heading\">\u274c Nachteile:<\/h3>\n\n\n\n<ul class=\"wp-block-list\">\n<li>\u274c Mit Umsatzbedingungen verbunden (manchmal 30x\u201350x).<\/li>\n\n\n\n<li>\u274c Bonusgelder k\u00f6nnen gesperrt sein, bis die Bedingungen erf\u00fcllt sind.<\/li>\n\n\n\n<li>\u274c Einige Spiele sind vom Bonusspiel ausgeschlossen.<\/li>\n\n\n\n<li>\u274c W\u00e4hrend der Inanspruchnahme des Bonus k\u00f6nnen Obergrenzen f\u00fcr den Einsatz gelten.<\/li>\n\n\n\n<li>\u274c Auszahlungen sind in vielen F\u00e4llen erst m\u00f6glich, nachdem der Bonus freigespielt wurde.<\/li>\n<\/ul>\n<\/div>\n<\/div>\n\n\n\n<h2 class=\"wp-block-heading\">Beste Einzahlungsboni in Deutschland<\/h2>\n\n\n\n<figure class=\"wp-block-table\"><table class=\"has-fixed-layout\"><thead><tr><th>Casino<\/th><th>Bonus<\/th><th>Bedingungen<\/th><th>Bonuscode<\/th><th>Link<\/th><\/tr><\/thead><tbody><tr><td>FatPirate<\/td><td>100\u202f% bis zu 500\u202f\u20ac + 200 Freispiele<\/td><td>Willkommensbonus<\/td><td>\u2013<\/td><td><a href=\"https:\/\/www.kasinobonus.ai\/go\/fatpirate\">Jetzt spielen<\/a><\/td><\/tr><tr><td>Casinolab<\/td><td>100\u202f% bis zu 500\u202f\u20ac + 200 Freispiele + 1 Bonus Crab<\/td><td>Willkommensbonus<\/td><td>\u2013<\/td><td><a href=\"https:\/\/www.kasinobonus.ai\/go\/Casinolab\">Jetzt spielen<\/a><\/td><\/tr><tr><td>BC Game<\/td><td>Bis zu 470\u202f% Einzahlungsbonus + 400 Freispiele<\/td><td>Krypto-Zahlungen, kein OASIS<\/td><td>\u2013<\/td><td><a href=\"https:\/\/www.kasinobonus.ai\/go\/bcgame-de\/\">Jetzt spielen<\/a><\/td><\/tr><tr><td>Kingmaker<\/td><td>50 Freispiele am Royal Fortune Wheel + 100\u202f% bis zu 500\u202f\u20ac<\/td><td>Ohne OASIS<\/td><td>\u2013<\/td><td><a href=\"https:\/\/kasinobonus.i\/go\/kingmaker\/\">Jetzt spielen<\/a><\/td><\/tr><tr><td>Ninecasino<\/td><td>20 Freispiele \u2013 ohne Einzahlung + 100\u202f% bis zu 150\u202f\u20ac + 150 Freispiele<\/td><td>Kein Deposit + Einzahlungsbonus<\/td><td>20BLITZ1<\/td><td><a href=\"https:\/\/www.kasinobonus.ai\/go\/ninecasino\">Jetzt spielen<\/a><\/td><\/tr><\/tbody><\/table><\/figure>\n\n\n\n<h2 class=\"wp-block-heading\">Ressourcen f\u00fcr verantwortungsbewusstes Gl\u00fccksspiel<\/h2>\n\n\n\n<ul class=\"wp-block-list\">\n<li><a class=\"\" href=\"https:\/\/gluecksspiel-behoerde.de\">https:\/\/gluecksspiel-behoerde.de<\/a><\/li>\n\n\n\n<li><a class=\"\" href=\"https:\/\/www.check-dein-spiel.de\">https:\/\/www.check-dein-spiel.de<\/a><\/li>\n\n\n\n<li><a>https:\/\/gluecksspiel.uni-hohenheim.de<\/a><\/li>\n<\/ul>\n\n\n\n<p><\/p>\n","protected":false},"excerpt":{"rendered":"<p>Die Besten Casino Bonus Mit Einzahlung in Deutschland Wenn Du Dich f\u00fcr einen Einzahlungsbonus in einem deutschen Casino interessierst, fragst Du Dich vielleicht, was ein casino mit einzahlungsbonus eigentlich ist, wie er funktioniert, wie er beantragt werden kann und welche verschiedenen Arten von Boni es gibt. Heute werde ich Dir auf dieser Seite genau erl\u00e4utern, [&hellip;]<\/p>\n","protected":false},"author":1,"featured_media":11101,"parent":0,"menu_order":0,"comment_status":"open","ping_status":"closed","template":"","meta":{"inline_featured_image":false,"footnotes":""},"class_list":["post-9137","page","type-page","status-publish","has-post-thumbnail","hentry"],"yoast_head":"<!-- This site is optimized with the Yoast SEO plugin v24.5 - https:\/\/yoast.com\/wordpress\/plugins\/seo\/ -->\n<title>Einzahlungsbonus casino in Deutschland (2025) - www.kasinobonus.ai<\/title>\n<meta name=\"description\" content=\"Vergleichen Sie die besten Einzahlungsbonus. Finden Sie Casinos mit dem attraktivsten Einzahlungsbonus auf dem Markt und fangen\" \/>\n<meta name=\"robots\" content=\"index, follow, max-snippet:-1, max-image-preview:large, max-video-preview:-1\" \/>\n<link rel=\"canonical\" href=\"https:\/\/www.kasinobonus.ai\/de\/einzahlungsbonus\/\" \/>\n<script type=\"application\/ld+json\" class=\"yoast-schema-graph\">{\"@context\":\"https:\/\/schema.org\",\"@graph\":[{\"@type\":\"WebPage\",\"@id\":\"https:\/\/www.kasinobonus.ai\/de\/einzahlungsbonus\/\",\"url\":\"https:\/\/www.kasinobonus.ai\/de\/einzahlungsbonus\/\",\"name\":\"Einzahlungsbonus casino in Deutschland (2025) - www.kasinobonus.ai\",\"isPartOf\":{\"@id\":\"https:\/\/www.kasinobonus.ai\/de\/#website\"},\"primaryImageOfPage\":{\"@id\":\"https:\/\/www.kasinobonus.ai\/de\/einzahlungsbonus\/#primaryimage\"},\"image\":{\"@id\":\"https:\/\/www.kasinobonus.ai\/de\/einzahlungsbonus\/#primaryimage\"},\"thumbnailUrl\":\"https:\/\/www.kasinobonus.ai\/wp-content\/uploads\/2023\/12\/beste_einzahlungsbonus.jpg\",\"datePublished\":\"2023-08-29T13:49:37+00:00\",\"dateModified\":\"2025-07-11T13:32:20+00:00\",\"description\":\"Vergleichen Sie die besten Einzahlungsbonus. Finden Sie Casinos mit dem attraktivsten Einzahlungsbonus auf dem Markt und fangen\",\"breadcrumb\":{\"@id\":\"https:\/\/www.kasinobonus.ai\/de\/einzahlungsbonus\/#breadcrumb\"},\"inLanguage\":\"de\",\"potentialAction\":[{\"@type\":\"ReadAction\",\"target\":[\"https:\/\/www.kasinobonus.ai\/de\/einzahlungsbonus\/\"]}]},{\"@type\":\"ImageObject\",\"inLanguage\":\"de\",\"@id\":\"https:\/\/www.kasinobonus.ai\/de\/einzahlungsbonus\/#primaryimage\",\"url\":\"https:\/\/www.kasinobonus.ai\/wp-content\/uploads\/2023\/12\/beste_einzahlungsbonus.jpg\",\"contentUrl\":\"https:\/\/www.kasinobonus.ai\/wp-content\/uploads\/2023\/12\/beste_einzahlungsbonus.jpg\",\"width\":1200,\"height\":628,\"caption\":\"beste einzahlungsbonus\"},{\"@type\":\"BreadcrumbList\",\"@id\":\"https:\/\/www.kasinobonus.ai\/de\/einzahlungsbonus\/#breadcrumb\",\"itemListElement\":[{\"@type\":\"ListItem\",\"position\":1,\"name\":\"Home\",\"item\":\"https:\/\/kasinobonus.ai\/de\/\"},{\"@type\":\"ListItem\",\"position\":2,\"name\":\"Einzahlungsbonus\"}]},{\"@type\":\"WebSite\",\"@id\":\"https:\/\/www.kasinobonus.ai\/de\/#website\",\"url\":\"https:\/\/www.kasinobonus.ai\/de\/\",\"name\":\"www.kasinobonus.ai\",\"description\":\"\",\"publisher\":{\"@id\":\"https:\/\/www.kasinobonus.ai\/de\/#organization\"},\"potentialAction\":[{\"@type\":\"SearchAction\",\"target\":{\"@type\":\"EntryPoint\",\"urlTemplate\":\"https:\/\/www.kasinobonus.ai\/de\/?s={search_term_string}\"},\"query-input\":{\"@type\":\"PropertyValueSpecification\",\"valueRequired\":true,\"valueName\":\"search_term_string\"}}],\"inLanguage\":\"de\"},{\"@type\":\"Organization\",\"@id\":\"https:\/\/www.kasinobonus.ai\/de\/#organization\",\"name\":\"KasinoBonus\",\"alternateName\":\"KasinoBonusAI\",\"url\":\"https:\/\/www.kasinobonus.ai\/de\/\",\"logo\":{\"@type\":\"ImageObject\",\"inLanguage\":\"de\",\"@id\":\"https:\/\/www.kasinobonus.ai\/de\/#\/schema\/logo\/image\/\",\"url\":\"https:\/\/www.kasinobonus.ai\/wp-content\/uploads\/2023\/09\/kasinobonus-logo-light.png\",\"contentUrl\":\"https:\/\/www.kasinobonus.ai\/wp-content\/uploads\/2023\/09\/kasinobonus-logo-light.png\",\"width\":3200,\"height\":596,\"caption\":\"KasinoBonus\"},\"image\":{\"@id\":\"https:\/\/www.kasinobonus.ai\/de\/#\/schema\/logo\/image\/\"},\"sameAs\":[\"https:\/\/www.facebook.com\/kasinobonusio\/\",\"https:\/\/x.com\/Kasinobonus_io\",\"https:\/\/www.linkedin.com\/in\/matti-slotte-26612033b\",\"http:\/\/kasinobonus.wikidot.com\/system:welcome\",\"https:\/\/www.trustpilot.com\/review\/www.kasinobonus.ai\",\"https:\/\/orcid.org\/0009-0007-2889-1713\",\"https:\/\/en.everybodywiki.com\/Matti_Slotte\",\"https:\/\/www.immuniweb.com\/ssl\/kasinobonus.ai\/M4lqCqYY\/\"]}]}<\/script>\n<!-- \/ Yoast SEO plugin. -->","yoast_head_json":{"title":"Einzahlungsbonus casino in Deutschland (2025) - www.kasinobonus.ai","description":"Vergleichen Sie die besten Einzahlungsbonus. Finden Sie Casinos mit dem attraktivsten Einzahlungsbonus auf dem Markt und fangen","robots":{"index":"index","follow":"follow","max-snippet":"max-snippet:-1","max-image-preview":"max-image-preview:large","max-video-preview":"max-video-preview:-1"},"canonical":"https:\/\/www.kasinobonus.ai\/de\/einzahlungsbonus\/","schema":{"@context":"https:\/\/schema.org","@graph":[{"@type":"WebPage","@id":"https:\/\/www.kasinobonus.ai\/de\/einzahlungsbonus\/","url":"https:\/\/www.kasinobonus.ai\/de\/einzahlungsbonus\/","name":"Einzahlungsbonus casino in Deutschland (2025) - www.kasinobonus.ai","isPartOf":{"@id":"https:\/\/www.kasinobonus.ai\/de\/#website"},"primaryImageOfPage":{"@id":"https:\/\/www.kasinobonus.ai\/de\/einzahlungsbonus\/#primaryimage"},"image":{"@id":"https:\/\/www.kasinobonus.ai\/de\/einzahlungsbonus\/#primaryimage"},"thumbnailUrl":"https:\/\/www.kasinobonus.ai\/wp-content\/uploads\/2023\/12\/beste_einzahlungsbonus.jpg","datePublished":"2023-08-29T13:49:37+00:00","dateModified":"2025-07-11T13:32:20+00:00","description":"Vergleichen Sie die besten Einzahlungsbonus. Finden Sie Casinos mit dem attraktivsten Einzahlungsbonus auf dem Markt und fangen","breadcrumb":{"@id":"https:\/\/www.kasinobonus.ai\/de\/einzahlungsbonus\/#breadcrumb"},"inLanguage":"de","potentialAction":[{"@type":"ReadAction","target":["https:\/\/www.kasinobonus.ai\/de\/einzahlungsbonus\/"]}]},{"@type":"ImageObject","inLanguage":"de","@id":"https:\/\/www.kasinobonus.ai\/de\/einzahlungsbonus\/#primaryimage","url":"https:\/\/www.kasinobonus.ai\/wp-content\/uploads\/2023\/12\/beste_einzahlungsbonus.jpg","contentUrl":"https:\/\/www.kasinobonus.ai\/wp-content\/uploads\/2023\/12\/beste_einzahlungsbonus.jpg","width":1200,"height":628,"caption":"beste einzahlungsbonus"},{"@type":"BreadcrumbList","@id":"https:\/\/www.kasinobonus.ai\/de\/einzahlungsbonus\/#breadcrumb","itemListElement":[{"@type":"ListItem","position":1,"name":"Home","item":"https:\/\/kasinobonus.ai\/de\/"},{"@type":"ListItem","position":2,"name":"Einzahlungsbonus"}]},{"@type":"WebSite","@id":"https:\/\/www.kasinobonus.ai\/de\/#website","url":"https:\/\/www.kasinobonus.ai\/de\/","name":"www.kasinobonus.ai","description":"","publisher":{"@id":"https:\/\/www.kasinobonus.ai\/de\/#organization"},"potentialAction":[{"@type":"SearchAction","target":{"@type":"EntryPoint","urlTemplate":"https:\/\/www.kasinobonus.ai\/de\/?s={search_term_string}"},"query-input":{"@type":"PropertyValueSpecification","valueRequired":true,"valueName":"search_term_string"}}],"inLanguage":"de"},{"@type":"Organization","@id":"https:\/\/www.kasinobonus.ai\/de\/#organization","name":"KasinoBonus","alternateName":"KasinoBonusAI","url":"https:\/\/www.kasinobonus.ai\/de\/","logo":{"@type":"ImageObject","inLanguage":"de","@id":"https:\/\/www.kasinobonus.ai\/de\/#\/schema\/logo\/image\/","url":"https:\/\/www.kasinobonus.ai\/wp-content\/uploads\/2023\/09\/kasinobonus-logo-light.png","contentUrl":"https:\/\/www.kasinobonus.ai\/wp-content\/uploads\/2023\/09\/kasinobonus-logo-light.png","width":3200,"height":596,"caption":"KasinoBonus"},"image":{"@id":"https:\/\/www.kasinobonus.ai\/de\/#\/schema\/logo\/image\/"},"sameAs":["https:\/\/www.facebook.com\/kasinobonusio\/","https:\/\/x.com\/Kasinobonus_io","https:\/\/www.linkedin.com\/in\/matti-slotte-26612033b","http:\/\/kasinobonus.wikidot.com\/system:welcome","https:\/\/www.trustpilot.com\/review\/www.kasinobonus.ai","https:\/\/orcid.org\/0009-0007-2889-1713","https:\/\/en.everybodywiki.com\/Matti_Slotte","https:\/\/www.immuniweb.com\/ssl\/kasinobonus.ai\/M4lqCqYY\/"]}]}},"_links":{"self":[{"href":"https:\/\/www.kasinobonus.ai\/de\/wp-json\/wp\/v2\/pages\/9137","targetHints":{"allow":["GET"]}}],"collection":[{"href":"https:\/\/www.kasinobonus.ai\/de\/wp-json\/wp\/v2\/pages"}],"about":[{"href":"https:\/\/www.kasinobonus.ai\/de\/wp-json\/wp\/v2\/types\/page"}],"author":[{"embeddable":true,"href":"https:\/\/www.kasinobonus.ai\/de\/wp-json\/wp\/v2\/users\/1"}],"replies":[{"embeddable":true,"href":"https:\/\/www.kasinobonus.ai\/de\/wp-json\/wp\/v2\/comments?post=9137"}],"version-history":[{"count":4,"href":"https:\/\/www.kasinobonus.ai\/de\/wp-json\/wp\/v2\/pages\/9137\/revisions"}],"predecessor-version":[{"id":31720,"href":"https:\/\/www.kasinobonus.ai\/de\/wp-json\/wp\/v2\/pages\/9137\/revisions\/31720"}],"wp:featuredmedia":[{"embeddable":true,"href":"https:\/\/www.kasinobonus.ai\/de\/wp-json\/wp\/v2\/media\/11101"}],"wp:attachment":[{"href":"https:\/\/www.kasinobonus.ai\/de\/wp-json\/wp\/v2\/media?parent=9137"}],"curies":[{"name":"wp","href":"https:\/\/api.w.org\/{rel}","templated":true}]}}