{"id":9130,"date":"2023-08-29T13:49:51","date_gmt":"2023-08-29T13:49:51","guid":{"rendered":"http:\/\/kasinobonus.ai.dedivirt842.your-server.de\/ilmaiskierrokset\/"},"modified":"2025-07-11T13:58:21","modified_gmt":"2025-07-11T13:58:21","slug":"freispiele","status":"publish","type":"page","link":"https:\/\/www.kasinobonus.ai\/de\/freispiele\/","title":{"rendered":"Freispiele"},"content":{"rendered":"\n<h1 class=\"wp-block-heading\">Freispiele Ohne Einzahlung In Deutschland<\/h1>\n\n\n\n<p>Hier bist Du richtig, wenn Du nach den besten Freispielen in Deutschland suchst! <a class=\"\" href=\"https:\/\/www.kasinobonus.ai\/de\/10-freispiele-ohne-einzahlung\/\">10 Freispiele Ohne Einzahlung<\/a> werden heutzutage sehr oft von den Casinos angeboten \u2013 so kannst Du die besten neuen Slots ausprobieren, ohne etwas (oder viel) von Deinem eigenen Geld zu riskieren!<\/p>\n\n\n\n<p>Egal, ob Du ein erfahrener Spieler bist, der das Maximum aus seinem Bonus herausholen m\u00f6chte, oder ob Du ein neuer Kunde bist, der vor einer echten Einzahlung ein paar Freispiele m\u00f6chte &#8211; diese Seite ist genau das Richtige f\u00fcr Dich!<\/p>\n\n\n\n<h2 class=\"wp-block-heading\">Top freispiele ohne einzahlung sofort erh\u00e4ltlich 2025<\/h2>\n\n\n\n<p>Freispiele zu erhalten ist ganz einfach \u2013 Du musst Dich nur bei einem der unten aufgef\u00fchrten Casinos anmelden und schon kannst Du von einigen wirklich gro\u00dfz\u00fcgigen Freispielaktionen profitieren! F\u00fcr einige dieser Boni musst Du eine Einzahlung t\u00e4tigen, bei anderen erh\u00e4ltst Du die Freispiele kostenlos \u2013 zum Beispiel <a class=\"\" href=\"https:\/\/www.kasinobonus.ai\/de\/200-freispiele-ohne-einzahlung\/\">200 Freispiele Ohne Einzahlung<\/a> bei bestimmten Aktionen.<\/p>\n\n\n<p>[brand_table template=&#8220;table_style_1.php&#8220; country=&#8220;DE&#8220;]<\/p>\n\n\n\n<p>Wenn Du ein Casino (oder eine Freispiel-Aktion) findest, das\/die Dir gef\u00e4llt, klicke einfach auf &#8222;Jetzt spielen&#8220; und Du wirst direkt zur Anmeldeseite des Casinos weitergeleitet!<\/p>\n\n\n\n<figure class=\"wp-block-image size-full\"><img decoding=\"async\" width=\"1000\" height=\"666\" src=\"https:\/\/www.kasinobonus.ai\/wp-content\/uploads\/2025\/07\/Freispiele-1.jpg\" alt=\"Freispiele\" class=\"wp-image-31850\" srcset=\"https:\/\/www.kasinobonus.ai\/wp-content\/uploads\/2025\/07\/Freispiele-1.jpg 1000w, https:\/\/www.kasinobonus.ai\/wp-content\/uploads\/2025\/07\/Freispiele-1-300x200.jpg 300w, https:\/\/www.kasinobonus.ai\/wp-content\/uploads\/2025\/07\/Freispiele-1-768x511.jpg 768w, https:\/\/www.kasinobonus.ai\/wp-content\/uploads\/2025\/07\/Freispiele-1-110x73.jpg 110w, https:\/\/www.kasinobonus.ai\/wp-content\/uploads\/2025\/07\/Freispiele-1-575x383.jpg 575w\" sizes=\"(max-width: 1000px) 100vw, 1000px\" \/><\/figure>\n\n\n\n<h2 class=\"wp-block-heading\">Wie genau nehmen wir Casinos unter die Lupe?<\/h2>\n\n\n\n<p>Die Casinos, die Du hier auf Casinobonus.de findest, sind in der Regel sehr gut bewertet und die meisten Casinos, die Du hier auf Casinobonus.de findest, sind sehr gut bewertet. Wenn ich oder jemand aus unserem Team einen Casinotest schreibt, registrieren wir uns immer zuerst und zahlen Echtgeld ein. Auf diese Weise k\u00f6nnen wir uns selbst ein Bild von der Funktionsweise des Casinos machen &#8211; und das unterscheidet uns von der \u00fcberwiegenden Mehrheit der anderen Test-Websites.<\/p>\n\n\n\n<p>Wir stellen immer sicher, dass die Casinos, die wir testen, im Besitz einer g\u00fcltigen iGaming-Lizenz sind, und wir sehen uns auch den Hintergrund und die Geschichte der Website an. Einige Top-Anbieter mit <a class=\"\" href=\"https:\/\/www.kasinobonus.ai\/de\/25-freispiele-ohne-einzahlung\/\">25 Freispiele Ohne Einzahlung<\/a> wurden besonders gut bewertet.<\/p>\n\n\n\n<h2 class=\"wp-block-heading\">Wie funktionieren Freispiele?<\/h2>\n\n\n\n<p>Bei freispiele ohne einzahlung sofort erh\u00e4ltlich werden die Walzen eines Slots gedreht, ohne dass eigenes Geld eingesetzt werden muss. Die Casinos bieten sie im Rahmen von Werbeaktionen an, manchmal ohne eine Einzahlung zu verlangen, manchmal aber auch im Rahmen einer anderen Werbeaktion, wie zum Beispiel einem Willkommensbonus.<\/p>\n\n\n\n<p>Wenn Du sie in Anspruch nimmst, k\u00f6nnen diese Freispiele f\u00fcr bestimmte Slots verwendet werden, die von dem jeweiligen Casino ausgew\u00e4hlt werden. Gewonnene Freispiele werden normalerweise als Bonusguthaben gutgeschrieben. Manche Casinos bieten aber auch Freispiele ohne Einsatz an, d. h. alle Gewinne aus Freispielen k\u00f6nnen in Form von Bargeld ausgezahlt werden \u2013 besonders interessant bei Angeboten wie <a class=\"\" href=\"https:\/\/www.kasinobonus.ai\/de\/50-freispiele-ohne-einzahlung\/\">50 Freispiele Ohne Einzahlung<\/a>.<\/p>\n\n\n\n<h2 class=\"wp-block-heading\">Arten von Freispielen<\/h2>\n\n\n\n<p>Freispiele gibt es in verschiedenen Formen, jede mit ihren eigenen Vorteilen und Bedingungen. Du kannst die besten Angebote ausw\u00e4hlen und deine Gewinne maximieren, wenn Du diese Unterschiede kennst.<\/p>\n\n\n\n<h3 class=\"wp-block-heading\">Freispiele ohne Einzahlung<\/h3>\n\n\n\n<p>Eine der beliebtesten Arten von Freispielen sind Freispiele ohne Einzahlung. Diese erhalten Spieler, wenn sie sich in einem Casino anmelden, ohne Geld einzahlen zu m\u00fcssen. Da man spielen und Echtgeld gewinnen kann, ohne sein eigenes Geld zu riskieren \u2013 wie zum Beispiel bei <a class=\"\" href=\"https:\/\/www.kasinobonus.ai\/de\/20-freispiele-ohne-einzahlung\/\">20 Freispiele Ohne Einzahlung<\/a> \u2013 sind sie perfekt f\u00fcr neue Spielende geeignet.<\/p>\n\n\n\n<h3 class=\"wp-block-heading\">Freispiele bei Anmeldung<\/h3>\n\n\n\n<p>Einige Casinos bieten Freispiele an, sobald Du deine Registrierung abgeschlossen hast. Diese sind \u00e4hnlich wie die Freispiele ohne Einzahlung, aber es kann sein, dass Du Dein Konto per E-Mail, Telefon oder mit einem Ausweis verifizieren musst. Eine Aktion wie <a class=\"\" href=\"https:\/\/www.kasinobonus.ai\/de\/30-freispiele-ohne-einzahlung\/\">30 Freispiele Ohne Einzahlung<\/a> wird oft direkt nach Verifizierung aktiviert.<\/p>\n\n\n\n<h3 class=\"wp-block-heading\">Freispiele mit Einzahlung<\/h3>\n\n\n\n<p>Im Gegensatz zu Freispielen ohne Einzahlung ist bei Freispielen mit Einzahlung eine Einzahlung zum Erhalt der Spins erforderlich. Der Vorteil von Freispielen mit Einzahlung ist, dass sie in der Regel einen h\u00f6heren Wert haben \u2013 wie z.\u202fB. <a class=\"\" href=\"https:\/\/www.kasinobonus.ai\/de\/500-freispiele-ohne-einzahlung\/\">500 Freispiele Ohne Einzahlung<\/a> bei gro\u00dfen Einzahlungsaktionen.<\/p>\n\n\n\n<h3 class=\"wp-block-heading\">Freispiele ohne Einsatz<\/h3>\n\n\n\n<p>Wie bereits kurz erw\u00e4hnt, werden manchmal auch Freispiele ohne Einsatz angeboten. Diese Freispiele werden ohne jegliche Wettanforderungen angeboten \u2013 alle Gewinne, die Du w\u00e4hrend der Freispiele erzielst, werden Deinem Casino-Guthaben als echtes Geld gutgeschrieben, das Du Dir auszahlen lassen oder mit dem Du nach Belieben weiterspielen kannst. Achte zum Beispiel auf Pakete mit <a class=\"\" href=\"https:\/\/www.kasinobonus.ai\/de\/40-freispiele-ohne-einzahlung\/\">40 Freispiele Ohne Einzahlung<\/a>, die diese Vorteile bieten.<\/p>\n\n\n\n<h2 class=\"wp-block-heading\">Freispiele Bedingungen und Konditionen<\/h2>\n\n\n\n<p>Eine der wichtigsten Bedingungen, die Du \u00fcberpr\u00fcfen solltest, ist die Mindesteinsatzanforderung. Damit ist die Anzahl der Eins\u00e4tze gemeint, die Du mit Deinen Gewinnen aus den Freispielen machen musst, bevor Du sie auszahlen lassen kannst. Gewinne aus <a class=\"\" href=\"https:\/\/www.kasinobonus.ai\/de\/100-freispiele-ohne-einzahlung\/\">100 Freispiele Ohne Einzahlung<\/a> unterliegen oft moderaten Umsatzbedingungen.<\/p>\n\n\n\n<p>Einige der gebr\u00e4uchlichsten Begriffe, auf die Du wahrscheinlich sto\u00dfen wirst, erkl\u00e4re ich Dir im Folgenden:<\/p>\n\n\n\n<h3 class=\"wp-block-heading\">Einsatzbedingungen<\/h3>\n\n\n\n<p>Eine der wichtigsten Bedingungen, die Du \u00fcberpr\u00fcfen solltest, ist die Mindesteinsatzanforderung. Damit ist die Anzahl der Eins\u00e4tze gemeint, die Du mit Deinen Gewinnen aus den Freispielen machen musst, bevor Du sie auszahlen lassen kannst. Ein Beispiel: Du gewinnst 10 \u20ac mit Deinen Freispielen und die Umsatzbedingung ist 35x. Du musst also insgesamt 350 \u20ac umsetzen, bevor Du Dir das Geld auszahlen lassen kannst.<\/p>\n\n\n\n<h3 class=\"wp-block-heading\">Spielbeschr\u00e4nkungen<\/h3>\n\n\n\n<p>Nicht alle Slots eignen sich f\u00fcr Freispiele. An welchen Slots Du deine Freispiele einsetzen kannst, geben die meisten Casinos genau an. Oft werden beliebte Titel wie Starburst, Book of Dead oder Big Bass Bonanza ausgew\u00e4hlt. In manchen Casinos hast Du die Wahl zwischen einer Reihe von Spielen, in anderen Casinos beschr\u00e4nkst Du Dich auf ein bestimmtes Spiel.<\/p>\n\n\n\n<h3 class=\"wp-block-heading\">Ablaufdatum<\/h3>\n\n\n\n<p>Freispiele sind nicht unbegrenzt g\u00fcltig. Die meisten Casinos setzen ein Zeitlimit, das zwischen 24 Stunden und einigen Tagen liegen kann. Wenn Du deine Freispiele nicht innerhalb des festgelegten Zeitraums nutzt, verfallen sie. In Angeboten wie den <a class=\"\" href=\"https:\/\/www.kasinobonus.ai\/de\/60-freispiele-ohne-einzahlung\/\">60 Freispiele Ohne Einzahlung<\/a> gelten oft nur 24 oder 48 Stunden.<\/p>\n\n\n\n<h3 class=\"wp-block-heading\">Maximale Auszahlungslimits<\/h3>\n\n\n\n<p>Bei vielen Freispielangeboten ist der Betrag, den Du gewinnen kannst, begrenzt. Das gilt insbesondere f\u00fcr Angebote, die keine Einzahlung erfordern. So kann es zum Beispiel sein, dass Du Dir maximal 100 \u20ac auszahlen lassen kannst. Gl\u00fccklicherweise gibt es bei den meisten einzahlungsbasierten Freispielangeboten keine Umsatzbedingungen.<\/p>\n\n\n\n<h3 class=\"wp-block-heading\">Einzahlungsanforderungen f\u00fcr Auszahlungen<\/h3>\n\n\n\n<p>Auch wenn Du an Freispielen teilnimmst, die nicht mit einer Einzahlung verbunden sind, kann es vorkommen, dass Du einen kleinen Betrag einzahlen musst, bevor Du Dir einen Gewinn auszahlen lassen kannst. Dies geschieht, um deine Identit\u00e4t zu \u00fcberpr\u00fcfen. Au\u00dferdem soll Bonusmissbrauch verhindert werden. Normalerweise wird dies in den Gesch\u00e4ftsbedingungen erw\u00e4hnt, wenn ein Casino dies verlangt. Die Mindesteinzahlung betr\u00e4gt oft nur 5\u20ac oder 10\u20ac.<\/p>\n\n\n\n<h2 class=\"wp-block-heading\">Beliebte Online-Slots mit Freispiel-Bonus<\/h2>\n\n\n\n<figure class=\"wp-block-table\"><table class=\"has-fixed-layout\"><thead><tr><th>Beliebter Online-Spielautomat<\/th><th>Anbieter<\/th><th>Freispiele (Bonus)<\/th><th>RTP<\/th><th>Casino-Marke<\/th><\/tr><\/thead><tbody><tr><td>Sweet\u202fBonanza<\/td><td>Pragmatic\u202fPlay<\/td><td>20\u202fFS<\/td><td>96,51\u202f%<\/td><td>Rollino<\/td><\/tr><tr><td>Book\u202fof\u202fMuseum<\/td><td>GameArt<\/td><td>25\u202fFS<\/td><td>96,10\u202f%<\/td><td>Horus\u202fCasino<\/td><\/tr><tr><td>Angry\u202fDogs<\/td><td>GameArt<\/td><td>25\u202fFS<\/td><td>96,36\u202f%<\/td><td>Kryptosino<\/td><\/tr><tr><td>Hollywoof<\/td><td>GameArt<\/td><td>25\u202fFS<\/td><td>96,10\u202f%<\/td><td>Vegaz\u202fCasino<\/td><\/tr><tr><td>Sweet\u202fBonanza<\/td><td>Pragmatic\u202fPlay<\/td><td>30\u202fFS<\/td><td>96,51\u202f%<\/td><td>Megapari<\/td><\/tr><tr><td>Book\u202fof\u202fDead<\/td><td>Play\u2019n\u202fGO<\/td><td>25\u202fFS<\/td><td>96,21\u202f%<\/td><td>BetMaximus<\/td><\/tr><tr><td>Ruby\u202fWin \u2013 Hold\u202fthe\u202fSpin<\/td><td>Gamzix<\/td><td>25\u202fFS<\/td><td>96,00\u202f%<\/td><td>LevelUp\u202fCasino<\/td><\/tr><tr><td>Joker\u202fStoker<\/td><td>Endorphina<\/td><td>100\u202fFS<\/td><td>96,00\u202f%<\/td><td>BetFury<\/td><\/tr><tr><td>Bastet\u202fand\u202fCats<\/td><td>Betfury<\/td><td>100\u202fFS<\/td><td>96,20\u202f%<\/td><td>BetFury<\/td><\/tr><tr><td>Doors\u202fOf\u202fFresh<\/td><td>BGaming<\/td><td>50\u202fFS<\/td><td>96,85\u202f%<\/td><td>Fresh\u202fCasino<\/td><\/tr><tr><td>Gates\u202fof\u202fOlympus<\/td><td>Pragmatic\u202fPlay<\/td><td>50\u202fFS<\/td><td>96,50\u202f%<\/td><td>Campeonbet<\/td><\/tr><tr><td>Alien\u202fFruits<\/td><td>BGaming<\/td><td>50\u202fFS<\/td><td>97,00\u202f%<\/td><td>Drip\u202fCasino<\/td><\/tr><\/tbody><\/table><\/figure>\n\n\n\n<h2 class=\"wp-block-heading\">Vor- und Nachteile<\/h2>\n\n\n\n<figure class=\"wp-block-image size-full\"><img decoding=\"async\" width=\"1000\" height=\"666\" src=\"https:\/\/www.kasinobonus.ai\/wp-content\/uploads\/2025\/06\/KB-Freispiele.jpg\" alt=\"Freispiele\" class=\"wp-image-30204\" srcset=\"https:\/\/www.kasinobonus.ai\/wp-content\/uploads\/2025\/06\/KB-Freispiele.jpg 1000w, https:\/\/www.kasinobonus.ai\/wp-content\/uploads\/2025\/06\/KB-Freispiele-300x200.jpg 300w, https:\/\/www.kasinobonus.ai\/wp-content\/uploads\/2025\/06\/KB-Freispiele-768x511.jpg 768w, https:\/\/www.kasinobonus.ai\/wp-content\/uploads\/2025\/06\/KB-Freispiele-110x73.jpg 110w, https:\/\/www.kasinobonus.ai\/wp-content\/uploads\/2025\/06\/KB-Freispiele-575x383.jpg 575w\" sizes=\"(max-width: 1000px) 100vw, 1000px\" \/><\/figure>\n\n\n\n<div class=\"wp-block-columns is-layout-flex wp-container-core-columns-is-layout-28f84493 wp-block-columns-is-layout-flex\">\n<div class=\"wp-block-column is-layout-flow wp-block-column-is-layout-flow\">\n<h3 class=\"wp-block-heading\">\u2705 Vorteile<\/h3>\n\n\n\n<ul class=\"wp-block-list\">\n<li>\u2705 Sie k\u00f6nnen Slots ausprobieren, ohne Ihr eigenes Geld zu riskieren.<\/li>\n\n\n\n<li>\u2705 Angebote ohne Einzahlung sind in vielen Casinos verf\u00fcgbar.<\/li>\n\n\n\n<li>\u2705 Echtes Geld kann ohne Investition gewonnen werden.<\/li>\n\n\n\n<li>\u2705 Es bietet sich eine gute Gelegenheit, neue Spiele und Anbieter kennenzulernen.<\/li>\n\n\n\n<li>\u2705 Es ist hilfreich, um die Funktionsweise von Slots zu erlernen.<\/li>\n<\/ul>\n<\/div>\n\n\n\n<div class=\"wp-block-column is-layout-flow wp-block-column-is-layout-flow\">\n<h3 class=\"wp-block-heading\">\u274c Nachteile<\/h3>\n\n\n\n<ul class=\"wp-block-list\">\n<li>\u274c Umsatzbedingungen vor Auszahlung.<\/li>\n\n\n\n<li>\u274c Oft auf bestimmte Slots beschr\u00e4nkt.<\/li>\n\n\n\n<li>\u274c Es gelten maximale Gewinn- oder Auszahlungslimits.<\/li>\n\n\n\n<li>\u274c In der Regel verfallen Freispiele innerhalb eines Zeitraums von 24 bis 72 Stunden.<\/li>\n\n\n\n<li>\u274c Die Bonusbedingungen k\u00f6nnen streng oder verwirrend sein.<\/li>\n\n\n\n<li>\u274c Bonus ohne Einzahlung: Vor- und Nachteile.<\/li>\n<\/ul>\n<\/div>\n<\/div>\n\n\n\n<h2 class=\"wp-block-heading\">Ressourcen f\u00fcr verantwortungsbewusstes Gl\u00fccksspiel<\/h2>\n\n\n\n<ul class=\"wp-block-list\">\n<li><a class=\"\" href=\"https:\/\/gluecksspiel-behoerde.de\">https:\/\/gluecksspiel-behoerde.de<\/a><\/li>\n\n\n\n<li><a class=\"\" href=\"https:\/\/www.check-dein-spiel.de\">https:\/\/www.check-dein-spiel.de<\/a><\/li>\n\n\n\n<li><a>https:\/\/gluecksspiel.uni-hohenheim.de<\/a><\/li>\n<\/ul>\n\n\n\n<p><\/p>\n","protected":false},"excerpt":{"rendered":"<p>Freispiele Ohne Einzahlung In Deutschland Hier bist Du richtig, wenn Du nach den besten Freispielen in Deutschland suchst! 10 Freispiele Ohne Einzahlung werden heutzutage sehr oft von den Casinos angeboten \u2013 so kannst Du die besten neuen Slots ausprobieren, ohne etwas (oder viel) von Deinem eigenen Geld zu riskieren! Egal, ob Du ein erfahrener Spieler [&hellip;]<\/p>\n","protected":false},"author":1,"featured_media":11239,"parent":0,"menu_order":0,"comment_status":"open","ping_status":"closed","template":"","meta":{"inline_featured_image":false,"footnotes":""},"class_list":["post-9130","page","type-page","status-publish","has-post-thumbnail","hentry"],"yoast_head":"<!-- This site is optimized with the Yoast SEO plugin v24.5 - https:\/\/yoast.com\/wordpress\/plugins\/seo\/ -->\n<title>Freispiele Ohne Einzahlung In Deutschalnd 2025 - www.kasinobonus.ai<\/title>\n<meta name=\"description\" content=\"Freispiele Ohne Einzahlung im Jahr 2025: Hier findest du die besten Angebote und Casinos auf dem Markt. Beginne jetzt zu gewinnen!\" \/>\n<meta name=\"robots\" content=\"index, follow, max-snippet:-1, max-image-preview:large, max-video-preview:-1\" \/>\n<link rel=\"canonical\" href=\"https:\/\/www.kasinobonus.ai\/de\/freispiele\/\" \/>\n<script type=\"application\/ld+json\" class=\"yoast-schema-graph\">{\"@context\":\"https:\/\/schema.org\",\"@graph\":[{\"@type\":\"WebPage\",\"@id\":\"https:\/\/www.kasinobonus.ai\/de\/freispiele\/\",\"url\":\"https:\/\/www.kasinobonus.ai\/de\/freispiele\/\",\"name\":\"Freispiele Ohne Einzahlung In Deutschalnd 2025 - www.kasinobonus.ai\",\"isPartOf\":{\"@id\":\"https:\/\/www.kasinobonus.ai\/de\/#website\"},\"primaryImageOfPage\":{\"@id\":\"https:\/\/www.kasinobonus.ai\/de\/freispiele\/#primaryimage\"},\"image\":{\"@id\":\"https:\/\/www.kasinobonus.ai\/de\/freispiele\/#primaryimage\"},\"thumbnailUrl\":\"https:\/\/www.kasinobonus.ai\/wp-content\/uploads\/2023\/12\/Freispiele.jpg\",\"datePublished\":\"2023-08-29T13:49:51+00:00\",\"dateModified\":\"2025-07-11T13:58:21+00:00\",\"description\":\"Freispiele Ohne Einzahlung im Jahr 2025: Hier findest du die besten Angebote und Casinos auf dem Markt. Beginne jetzt zu gewinnen!\",\"breadcrumb\":{\"@id\":\"https:\/\/www.kasinobonus.ai\/de\/freispiele\/#breadcrumb\"},\"inLanguage\":\"de\",\"potentialAction\":[{\"@type\":\"ReadAction\",\"target\":[\"https:\/\/www.kasinobonus.ai\/de\/freispiele\/\"]}]},{\"@type\":\"ImageObject\",\"inLanguage\":\"de\",\"@id\":\"https:\/\/www.kasinobonus.ai\/de\/freispiele\/#primaryimage\",\"url\":\"https:\/\/www.kasinobonus.ai\/wp-content\/uploads\/2023\/12\/Freispiele.jpg\",\"contentUrl\":\"https:\/\/www.kasinobonus.ai\/wp-content\/uploads\/2023\/12\/Freispiele.jpg\",\"width\":1200,\"height\":628,\"caption\":\"Freispiele\"},{\"@type\":\"BreadcrumbList\",\"@id\":\"https:\/\/www.kasinobonus.ai\/de\/freispiele\/#breadcrumb\",\"itemListElement\":[{\"@type\":\"ListItem\",\"position\":1,\"name\":\"Home\",\"item\":\"https:\/\/kasinobonus.ai\/de\/\"},{\"@type\":\"ListItem\",\"position\":2,\"name\":\"Freispiele\"}]},{\"@type\":\"WebSite\",\"@id\":\"https:\/\/www.kasinobonus.ai\/de\/#website\",\"url\":\"https:\/\/www.kasinobonus.ai\/de\/\",\"name\":\"www.kasinobonus.ai\",\"description\":\"\",\"publisher\":{\"@id\":\"https:\/\/www.kasinobonus.ai\/de\/#organization\"},\"potentialAction\":[{\"@type\":\"SearchAction\",\"target\":{\"@type\":\"EntryPoint\",\"urlTemplate\":\"https:\/\/www.kasinobonus.ai\/de\/?s={search_term_string}\"},\"query-input\":{\"@type\":\"PropertyValueSpecification\",\"valueRequired\":true,\"valueName\":\"search_term_string\"}}],\"inLanguage\":\"de\"},{\"@type\":\"Organization\",\"@id\":\"https:\/\/www.kasinobonus.ai\/de\/#organization\",\"name\":\"KasinoBonus\",\"alternateName\":\"KasinoBonusAI\",\"url\":\"https:\/\/www.kasinobonus.ai\/de\/\",\"logo\":{\"@type\":\"ImageObject\",\"inLanguage\":\"de\",\"@id\":\"https:\/\/www.kasinobonus.ai\/de\/#\/schema\/logo\/image\/\",\"url\":\"https:\/\/www.kasinobonus.ai\/wp-content\/uploads\/2023\/09\/kasinobonus-logo-light.png\",\"contentUrl\":\"https:\/\/www.kasinobonus.ai\/wp-content\/uploads\/2023\/09\/kasinobonus-logo-light.png\",\"width\":3200,\"height\":596,\"caption\":\"KasinoBonus\"},\"image\":{\"@id\":\"https:\/\/www.kasinobonus.ai\/de\/#\/schema\/logo\/image\/\"},\"sameAs\":[\"https:\/\/www.facebook.com\/kasinobonusio\/\",\"https:\/\/x.com\/Kasinobonus_io\",\"https:\/\/www.linkedin.com\/in\/matti-slotte-26612033b\",\"http:\/\/kasinobonus.wikidot.com\/system:welcome\",\"https:\/\/www.trustpilot.com\/review\/www.kasinobonus.ai\",\"https:\/\/orcid.org\/0009-0007-2889-1713\",\"https:\/\/en.everybodywiki.com\/Matti_Slotte\",\"https:\/\/www.immuniweb.com\/ssl\/kasinobonus.ai\/M4lqCqYY\/\"]}]}<\/script>\n<!-- \/ Yoast SEO plugin. -->","yoast_head_json":{"title":"Freispiele Ohne Einzahlung In Deutschalnd 2025 - www.kasinobonus.ai","description":"Freispiele Ohne Einzahlung im Jahr 2025: Hier findest du die besten Angebote und Casinos auf dem Markt. Beginne jetzt zu gewinnen!","robots":{"index":"index","follow":"follow","max-snippet":"max-snippet:-1","max-image-preview":"max-image-preview:large","max-video-preview":"max-video-preview:-1"},"canonical":"https:\/\/www.kasinobonus.ai\/de\/freispiele\/","schema":{"@context":"https:\/\/schema.org","@graph":[{"@type":"WebPage","@id":"https:\/\/www.kasinobonus.ai\/de\/freispiele\/","url":"https:\/\/www.kasinobonus.ai\/de\/freispiele\/","name":"Freispiele Ohne Einzahlung In Deutschalnd 2025 - www.kasinobonus.ai","isPartOf":{"@id":"https:\/\/www.kasinobonus.ai\/de\/#website"},"primaryImageOfPage":{"@id":"https:\/\/www.kasinobonus.ai\/de\/freispiele\/#primaryimage"},"image":{"@id":"https:\/\/www.kasinobonus.ai\/de\/freispiele\/#primaryimage"},"thumbnailUrl":"https:\/\/www.kasinobonus.ai\/wp-content\/uploads\/2023\/12\/Freispiele.jpg","datePublished":"2023-08-29T13:49:51+00:00","dateModified":"2025-07-11T13:58:21+00:00","description":"Freispiele Ohne Einzahlung im Jahr 2025: Hier findest du die besten Angebote und Casinos auf dem Markt. Beginne jetzt zu gewinnen!","breadcrumb":{"@id":"https:\/\/www.kasinobonus.ai\/de\/freispiele\/#breadcrumb"},"inLanguage":"de","potentialAction":[{"@type":"ReadAction","target":["https:\/\/www.kasinobonus.ai\/de\/freispiele\/"]}]},{"@type":"ImageObject","inLanguage":"de","@id":"https:\/\/www.kasinobonus.ai\/de\/freispiele\/#primaryimage","url":"https:\/\/www.kasinobonus.ai\/wp-content\/uploads\/2023\/12\/Freispiele.jpg","contentUrl":"https:\/\/www.kasinobonus.ai\/wp-content\/uploads\/2023\/12\/Freispiele.jpg","width":1200,"height":628,"caption":"Freispiele"},{"@type":"BreadcrumbList","@id":"https:\/\/www.kasinobonus.ai\/de\/freispiele\/#breadcrumb","itemListElement":[{"@type":"ListItem","position":1,"name":"Home","item":"https:\/\/kasinobonus.ai\/de\/"},{"@type":"ListItem","position":2,"name":"Freispiele"}]},{"@type":"WebSite","@id":"https:\/\/www.kasinobonus.ai\/de\/#website","url":"https:\/\/www.kasinobonus.ai\/de\/","name":"www.kasinobonus.ai","description":"","publisher":{"@id":"https:\/\/www.kasinobonus.ai\/de\/#organization"},"potentialAction":[{"@type":"SearchAction","target":{"@type":"EntryPoint","urlTemplate":"https:\/\/www.kasinobonus.ai\/de\/?s={search_term_string}"},"query-input":{"@type":"PropertyValueSpecification","valueRequired":true,"valueName":"search_term_string"}}],"inLanguage":"de"},{"@type":"Organization","@id":"https:\/\/www.kasinobonus.ai\/de\/#organization","name":"KasinoBonus","alternateName":"KasinoBonusAI","url":"https:\/\/www.kasinobonus.ai\/de\/","logo":{"@type":"ImageObject","inLanguage":"de","@id":"https:\/\/www.kasinobonus.ai\/de\/#\/schema\/logo\/image\/","url":"https:\/\/www.kasinobonus.ai\/wp-content\/uploads\/2023\/09\/kasinobonus-logo-light.png","contentUrl":"https:\/\/www.kasinobonus.ai\/wp-content\/uploads\/2023\/09\/kasinobonus-logo-light.png","width":3200,"height":596,"caption":"KasinoBonus"},"image":{"@id":"https:\/\/www.kasinobonus.ai\/de\/#\/schema\/logo\/image\/"},"sameAs":["https:\/\/www.facebook.com\/kasinobonusio\/","https:\/\/x.com\/Kasinobonus_io","https:\/\/www.linkedin.com\/in\/matti-slotte-26612033b","http:\/\/kasinobonus.wikidot.com\/system:welcome","https:\/\/www.trustpilot.com\/review\/www.kasinobonus.ai","https:\/\/orcid.org\/0009-0007-2889-1713","https:\/\/en.everybodywiki.com\/Matti_Slotte","https:\/\/www.immuniweb.com\/ssl\/kasinobonus.ai\/M4lqCqYY\/"]}]}},"_links":{"self":[{"href":"https:\/\/www.kasinobonus.ai\/de\/wp-json\/wp\/v2\/pages\/9130","targetHints":{"allow":["GET"]}}],"collection":[{"href":"https:\/\/www.kasinobonus.ai\/de\/wp-json\/wp\/v2\/pages"}],"about":[{"href":"https:\/\/www.kasinobonus.ai\/de\/wp-json\/wp\/v2\/types\/page"}],"author":[{"embeddable":true,"href":"https:\/\/www.kasinobonus.ai\/de\/wp-json\/wp\/v2\/users\/1"}],"replies":[{"embeddable":true,"href":"https:\/\/www.kasinobonus.ai\/de\/wp-json\/wp\/v2\/comments?post=9130"}],"version-history":[{"count":5,"href":"https:\/\/www.kasinobonus.ai\/de\/wp-json\/wp\/v2\/pages\/9130\/revisions"}],"predecessor-version":[{"id":31858,"href":"https:\/\/www.kasinobonus.ai\/de\/wp-json\/wp\/v2\/pages\/9130\/revisions\/31858"}],"wp:featuredmedia":[{"embeddable":true,"href":"https:\/\/www.kasinobonus.ai\/de\/wp-json\/wp\/v2\/media\/11239"}],"wp:attachment":[{"href":"https:\/\/www.kasinobonus.ai\/de\/wp-json\/wp\/v2\/media?parent=9130"}],"curies":[{"name":"wp","href":"https:\/\/api.w.org\/{rel}","templated":true}]}}