{"id":9123,"date":"2023-08-29T13:50:04","date_gmt":"2023-08-29T13:50:04","guid":{"rendered":"http:\/\/kasinobonus.ai.dedivirt842.your-server.de\/ilmaista-pelirahaa\/"},"modified":"2025-07-11T15:30:20","modified_gmt":"2025-07-11T15:30:20","slug":"kostenloses-spielgeld","status":"publish","type":"page","link":"https:\/\/www.kasinobonus.ai\/de\/kostenloses-spielgeld\/","title":{"rendered":"Kostenloses Spielgeld"},"content":{"rendered":"\n<h1 class=\"wp-block-heading\">Die Beste Kostenloses Spielgeld In Deutschland<\/h1>\n\n\n\n<p>Gratisspielgeld ist eine der besten M\u00f6glichkeiten, Online Casinos kennenzulernen, ohne eigenes Geld zu riskieren! Ob als No Deposit Bonus, Treuebonus oder Werbeangebot, kostenloses Spielgeld&#8230; Wer will schon Gratisgeld ablehnen!<\/p>\n\n\n\n<p>Zum Gl\u00fcck gibt es Tausende von Casinos, die <a class=\"\" href=\"https:\/\/www.kasinobonus.ai\/de\/bonus-ohne-einzahlung\/\">Bonus ohne Einzahlung<\/a>-Angebote zur Gewinnung neuer Spieler \u2013 oder zur Aufrechterhaltung der Zufriedenheit bestehender Spieler \u2013 bereithalten! Aber es gibt so viele verschiedene Arten. Hier werde ich Dir einige der besten Gratisboni vorstellen, die besten Casinos zeigen und Dir sogar meine besten Tipps geben, wie Du am besten von den Angeboten profitierst!<\/p>\n\n\n\n<h2 class=\"wp-block-heading\">DE Casinos, die kostenlose Boni anbieten 2025<\/h2>\n\n\n\n<p>Es ist nicht immer einfach, Casinos zu finden, die kostenloses Spielgeld anbieten: Viele Seiten bieten stattdessen Boni ohne Einzahlung oder Freispiele an. Du kannst diese Boni aber trotzdem finden, wenn Du wei\u00dft, wo Du suchen musst. In der folgenden Tabelle findest Du die besten Spielgeldboni, die es derzeit gibt:<\/p>\n\n\n<p>[brand_table template=&#8220;table_style_1.php&#8220; country=&#8220;DE&#8220; bonus_type=&#8220;no_deposit&#8220;]<\/p>\n\n\n\n<p>Wenn Du ein Casino siehst, das Dir gef\u00e4llt, klicke auf &#8222;Jetzt spielen&#8220; und fordere Deinen Bonus an!<\/p>\n\n\n\n<figure class=\"wp-block-image size-full\"><img decoding=\"async\" width=\"1000\" height=\"666\" src=\"https:\/\/www.kasinobonus.ai\/wp-content\/uploads\/2025\/07\/Kostenloses-Spielgeld.jpg\" alt=\"Kostenloses Spielgeld\" class=\"wp-image-32014\" srcset=\"https:\/\/www.kasinobonus.ai\/wp-content\/uploads\/2025\/07\/Kostenloses-Spielgeld.jpg 1000w, https:\/\/www.kasinobonus.ai\/wp-content\/uploads\/2025\/07\/Kostenloses-Spielgeld-300x200.jpg 300w, https:\/\/www.kasinobonus.ai\/wp-content\/uploads\/2025\/07\/Kostenloses-Spielgeld-768x511.jpg 768w, https:\/\/www.kasinobonus.ai\/wp-content\/uploads\/2025\/07\/Kostenloses-Spielgeld-110x73.jpg 110w, https:\/\/www.kasinobonus.ai\/wp-content\/uploads\/2025\/07\/Kostenloses-Spielgeld-575x383.jpg 575w\" sizes=\"(max-width: 1000px) 100vw, 1000px\" \/><\/figure>\n\n\n\n<h2 class=\"wp-block-heading\">Wie wir Online Casinos ausw\u00e4hlen und pr\u00fcfen&nbsp;&nbsp;<\/h2>\n\n\n\n<p>Wenn ich Casinos \u00fcberpr\u00fcfe, die einen Gratisbonus anbieten, konzentriere ich mich auf mehrere Schl\u00fcsselfaktoren. So kann ich sicherstellen, dass die Spieler die bestm\u00f6gliche Erfahrung machen. Zun\u00e4chst ist da die Lizenzvergabe &#8211; jedes Casino, das ich empfehle, muss von einer seri\u00f6sen Beh\u00f6rde wie der UK Gambling Commission oder der Malta Gaming Authority reguliert sein. Dar\u00fcber hinaus achte ich darauf, dass es eine gro\u00dfe Auswahl an Spielen (und Software-Anbietern) gibt &#8211; schlie\u00dflich wollen wir ja alle in den Genuss von so vielen Spielen wie m\u00f6glich kommen!<\/p>\n\n\n\n<p>Weitere Faktoren wie Bonusbedingungen, Auszahlungsgeschwindigkeit, Kundensupport und vieles mehr werden von meinem Team und mir bei der Bewertung der Casinos ber\u00fccksichtigt!<\/p>\n\n\n\n<h2 class=\"wp-block-heading\">Wie Du das Beste aus kostenlosen Boni machst<\/h2>\n\n\n\n<p>Eine Kombination aus Gl\u00fcck und Strategie ist notwendig, um einen kostenlosen Spielgeldbonus zu maximieren. Da die meisten dieser Boni an hohe Umsatzbedingungen gekn\u00fcpft sind, sollte man sich Spiele aussuchen, bei denen man die besten Chancen hat, diese Bedingungen zu erf\u00fcllen. Slots sind wahrscheinlich die beste Wahl, aber es gibt auch einige Casinos, in denen man mit dem Bonusgeld an Tischen spielen kann.<\/p>\n\n\n\n<p>Vergewissere Dich, dass Du die Bedingungen verstehst. Lies die Umsatzbedingungen, pr\u00fcfe, ob es Spielausschl\u00fcsse gibt und finde heraus, ob der Geldbetrag, den Du mit dem Bonus gewinnen kannst, begrenzt ist.<\/p>\n\n\n\n<h2 class=\"wp-block-heading\">Vor- und Nachteile<\/h2>\n\n\n\n<figure class=\"wp-block-image size-full\"><img decoding=\"async\" width=\"1000\" height=\"666\" src=\"https:\/\/www.kasinobonus.ai\/wp-content\/uploads\/2025\/06\/KB-Bonus-ohne-Einzahlung-1.jpg\" alt=\"Bonus ohne Einzahlung\" class=\"wp-image-30216\" srcset=\"https:\/\/www.kasinobonus.ai\/wp-content\/uploads\/2025\/06\/KB-Bonus-ohne-Einzahlung-1.jpg 1000w, https:\/\/www.kasinobonus.ai\/wp-content\/uploads\/2025\/06\/KB-Bonus-ohne-Einzahlung-1-300x200.jpg 300w, https:\/\/www.kasinobonus.ai\/wp-content\/uploads\/2025\/06\/KB-Bonus-ohne-Einzahlung-1-768x511.jpg 768w, https:\/\/www.kasinobonus.ai\/wp-content\/uploads\/2025\/06\/KB-Bonus-ohne-Einzahlung-1-110x73.jpg 110w, https:\/\/www.kasinobonus.ai\/wp-content\/uploads\/2025\/06\/KB-Bonus-ohne-Einzahlung-1-575x383.jpg 575w\" sizes=\"(max-width: 1000px) 100vw, 1000px\" \/><\/figure>\n\n\n\n<div class=\"wp-block-columns is-layout-flex wp-container-core-columns-is-layout-28f84493 wp-block-columns-is-layout-flex\">\n<div class=\"wp-block-column is-layout-flow wp-block-column-is-layout-flow\">\n<h3 class=\"wp-block-heading\">\u2705 Vorteile<\/h3>\n\n\n\n<ul class=\"wp-block-list\">\n<li>\u2705 Ideal, um ein Casino zu testen, ohne eigenes Geld auszugeben.<\/li>\n\n\n\n<li>\u2705 Echte Gewinnchancen \u2013 kein finanzielles Risiko.<\/li>\n\n\n\n<li>\u2705 Nach der Registrierung erhalten Sie sofortigen Zugang zu Slots oder Spielen.<\/li>\n\n\n\n<li>\u2705 Keine Verpflichtung: Einfach anmelden und spielen!<\/li>\n\n\n\n<li>\u2705 Ideal, um verschiedene Plattformen und Benutzeroberfl\u00e4chen auszuprobieren.<\/li>\n<\/ul>\n<\/div>\n\n\n\n<div class=\"wp-block-column is-layout-flow wp-block-column-is-layout-flow\">\n<h3 class=\"wp-block-heading\">\u274c Nachteile<\/h3>\n\n\n\n<ul class=\"wp-block-list\">\n<li>\u274c In der Regel gelten strenge Umsatzbedingungen.<\/li>\n\n\n\n<li>\u274c Oft sind die maximalen Gewinn- und Auszahlungslimits relativ niedrig.<\/li>\n\n\n\n<li>\u274c Der Bonus kann auf bestimmte Spiele beschr\u00e4nkt sein, was bedeutet, dass er nicht f\u00fcr alle Spiele gilt.<\/li>\n\n\n\n<li>\u274c In manchen F\u00e4llen ist eine Einzahlung notwendig, um Gewinne ausgezahlt zu bekommen.<\/li>\n\n\n\n<li>\u274c Lesen Sie immer das Kleingedruckte, denn nicht alle Boni ohne Einzahlung sind wirklich &#8222;kostenlos&#8220;.<\/li>\n<\/ul>\n<\/div>\n<\/div>\n\n\n\n<h2 class=\"wp-block-heading\">Beste kostenlose Slot-Geld-Casinos<\/h2>\n\n\n\n<figure class=\"wp-block-table\"><table class=\"has-fixed-layout\"><thead><tr><th>Spielautomat<\/th><th>Anbieter<\/th><th>Freispiele<\/th><th>Wert pro Drehung (\u20ac)<\/th><th>Gesamtwert (\u20ac)<\/th><th>Bedingungen<\/th><th>Casino<\/th><\/tr><\/thead><tbody><tr><td>Alien Fruits<\/td><td>BGaming<\/td><td>50<\/td><td>0,10\u202f\u20ac<\/td><td>5,00\u202f\u20ac<\/td><td>Keine Umsatzbedingungen<\/td><td>Drip Casino<\/td><\/tr><tr><td>Gates of Olympus<\/td><td>Pragmatic Play<\/td><td>50<\/td><td>0,10\u202f\u20ac<\/td><td>5,00\u202f\u20ac<\/td><td>Keine Umsatzbedingungen<\/td><td>Campeonbet<\/td><\/tr><tr><td>Sweet Bonanza<\/td><td>Pragmatic Play<\/td><td>40<\/td><td>0,10\u202f\u20ac<\/td><td>4,00\u202f\u20ac<\/td><td>Bonuscode: 40ZENBONUS<\/td><td>Campeonbet<\/td><\/tr><tr><td>Big Bass Bonanza<\/td><td>Pragmatic Play<\/td><td>30<\/td><td>0,10\u202f\u20ac<\/td><td>3,00\u202f\u20ac<\/td><td>Kein Einzahlung n\u00f6tig, nur Registrierung<\/td><td>Campeonbet<\/td><\/tr><tr><td>Elvis Frog in Vegas<\/td><td>BGaming<\/td><td>25<\/td><td>0,10\u202f\u20ac<\/td><td>2,50\u202f\u20ac<\/td><td>Nur f\u00fcr neue Spieler<\/td><td>Drip Casino<\/td><\/tr><tr><td>Book of Dead<\/td><td>Play\u2019n GO<\/td><td>20<\/td><td>0,10\u202f\u20ac<\/td><td>2,00\u202f\u20ac<\/td><td>Kein Einzahlung n\u00f6tig, begrenzte Einl\u00f6sung<\/td><td>Campeonbet<\/td><\/tr><\/tbody><\/table><\/figure>\n\n\n\n<h2 class=\"wp-block-heading\">Ressourcen f\u00fcr verantwortungsbewusstes Gl\u00fccksspiel<\/h2>\n\n\n\n<ul class=\"wp-block-list\">\n<li><a class=\"\" href=\"https:\/\/gluecksspiel-behoerde.de\">https:\/\/gluecksspiel-behoerde.de<\/a><\/li>\n\n\n\n<li><a class=\"\" href=\"https:\/\/www.check-dein-spiel.de\">https:\/\/www.check-dein-spiel.de<\/a><\/li>\n\n\n\n<li><a>https:\/\/gluecksspiel.uni-hohenheim.de<\/a><\/li>\n<\/ul>\n","protected":false},"excerpt":{"rendered":"<p>Die Beste Kostenloses Spielgeld In Deutschland Gratisspielgeld ist eine der besten M\u00f6glichkeiten, Online Casinos kennenzulernen, ohne eigenes Geld zu riskieren! Ob als No Deposit Bonus, Treuebonus oder Werbeangebot, kostenloses Spielgeld&#8230; Wer will schon Gratisgeld ablehnen! Zum Gl\u00fcck gibt es Tausende von Casinos, die Bonus ohne Einzahlung-Angebote zur Gewinnung neuer Spieler \u2013 oder zur Aufrechterhaltung der [&hellip;]<\/p>\n","protected":false},"author":1,"featured_media":11469,"parent":0,"menu_order":0,"comment_status":"open","ping_status":"closed","template":"","meta":{"inline_featured_image":false,"footnotes":""},"class_list":["post-9123","page","type-page","status-publish","has-post-thumbnail","hentry"],"yoast_head":"<!-- This site is optimized with the Yoast SEO plugin v24.5 - https:\/\/yoast.com\/wordpress\/plugins\/seo\/ -->\n<title>Kostenloses Spielgeld 2025 - www.kasinobonus.ai<\/title>\n<meta name=\"description\" content=\"Suchst du nach kostenlosem Spielgeld f\u00fcr das Jahr 2025? Entdecke die besten Angebote und Bonius, mit denen du risikofrei spielen und mehr gewinnen kannst!\" \/>\n<meta name=\"robots\" content=\"index, follow, max-snippet:-1, max-image-preview:large, max-video-preview:-1\" \/>\n<link rel=\"canonical\" href=\"https:\/\/www.kasinobonus.ai\/de\/kostenloses-spielgeld\/\" \/>\n<script type=\"application\/ld+json\" class=\"yoast-schema-graph\">{\"@context\":\"https:\/\/schema.org\",\"@graph\":[{\"@type\":\"WebPage\",\"@id\":\"https:\/\/www.kasinobonus.ai\/de\/kostenloses-spielgeld\/\",\"url\":\"https:\/\/www.kasinobonus.ai\/de\/kostenloses-spielgeld\/\",\"name\":\"Kostenloses Spielgeld 2025 - www.kasinobonus.ai\",\"isPartOf\":{\"@id\":\"https:\/\/www.kasinobonus.ai\/de\/#website\"},\"primaryImageOfPage\":{\"@id\":\"https:\/\/www.kasinobonus.ai\/de\/kostenloses-spielgeld\/#primaryimage\"},\"image\":{\"@id\":\"https:\/\/www.kasinobonus.ai\/de\/kostenloses-spielgeld\/#primaryimage\"},\"thumbnailUrl\":\"https:\/\/www.kasinobonus.ai\/wp-content\/uploads\/2023\/12\/kostenloses-spielgeld-casino-bonus-leitfaden.jpg\",\"datePublished\":\"2023-08-29T13:50:04+00:00\",\"dateModified\":\"2025-07-11T15:30:20+00:00\",\"description\":\"Suchst du nach kostenlosem Spielgeld f\u00fcr das Jahr 2025? Entdecke die besten Angebote und Bonius, mit denen du risikofrei spielen und mehr gewinnen kannst!\",\"breadcrumb\":{\"@id\":\"https:\/\/www.kasinobonus.ai\/de\/kostenloses-spielgeld\/#breadcrumb\"},\"inLanguage\":\"de\",\"potentialAction\":[{\"@type\":\"ReadAction\",\"target\":[\"https:\/\/www.kasinobonus.ai\/de\/kostenloses-spielgeld\/\"]}]},{\"@type\":\"ImageObject\",\"inLanguage\":\"de\",\"@id\":\"https:\/\/www.kasinobonus.ai\/de\/kostenloses-spielgeld\/#primaryimage\",\"url\":\"https:\/\/www.kasinobonus.ai\/wp-content\/uploads\/2023\/12\/kostenloses-spielgeld-casino-bonus-leitfaden.jpg\",\"contentUrl\":\"https:\/\/www.kasinobonus.ai\/wp-content\/uploads\/2023\/12\/kostenloses-spielgeld-casino-bonus-leitfaden.jpg\",\"width\":1200,\"height\":628,\"caption\":\"kostenloses spielgeld casino bonus leitfaden\"},{\"@type\":\"BreadcrumbList\",\"@id\":\"https:\/\/www.kasinobonus.ai\/de\/kostenloses-spielgeld\/#breadcrumb\",\"itemListElement\":[{\"@type\":\"ListItem\",\"position\":1,\"name\":\"Home\",\"item\":\"https:\/\/kasinobonus.ai\/de\/\"},{\"@type\":\"ListItem\",\"position\":2,\"name\":\"Kostenloses Spielgeld\"}]},{\"@type\":\"WebSite\",\"@id\":\"https:\/\/www.kasinobonus.ai\/de\/#website\",\"url\":\"https:\/\/www.kasinobonus.ai\/de\/\",\"name\":\"www.kasinobonus.ai\",\"description\":\"\",\"publisher\":{\"@id\":\"https:\/\/www.kasinobonus.ai\/de\/#organization\"},\"potentialAction\":[{\"@type\":\"SearchAction\",\"target\":{\"@type\":\"EntryPoint\",\"urlTemplate\":\"https:\/\/www.kasinobonus.ai\/de\/?s={search_term_string}\"},\"query-input\":{\"@type\":\"PropertyValueSpecification\",\"valueRequired\":true,\"valueName\":\"search_term_string\"}}],\"inLanguage\":\"de\"},{\"@type\":\"Organization\",\"@id\":\"https:\/\/www.kasinobonus.ai\/de\/#organization\",\"name\":\"KasinoBonus\",\"alternateName\":\"KasinoBonusAI\",\"url\":\"https:\/\/www.kasinobonus.ai\/de\/\",\"logo\":{\"@type\":\"ImageObject\",\"inLanguage\":\"de\",\"@id\":\"https:\/\/www.kasinobonus.ai\/de\/#\/schema\/logo\/image\/\",\"url\":\"https:\/\/www.kasinobonus.ai\/wp-content\/uploads\/2023\/09\/kasinobonus-logo-light.png\",\"contentUrl\":\"https:\/\/www.kasinobonus.ai\/wp-content\/uploads\/2023\/09\/kasinobonus-logo-light.png\",\"width\":3200,\"height\":596,\"caption\":\"KasinoBonus\"},\"image\":{\"@id\":\"https:\/\/www.kasinobonus.ai\/de\/#\/schema\/logo\/image\/\"},\"sameAs\":[\"https:\/\/www.facebook.com\/kasinobonusio\/\",\"https:\/\/x.com\/Kasinobonus_io\",\"https:\/\/www.linkedin.com\/in\/matti-slotte-26612033b\",\"http:\/\/kasinobonus.wikidot.com\/system:welcome\",\"https:\/\/www.trustpilot.com\/review\/www.kasinobonus.ai\",\"https:\/\/orcid.org\/0009-0007-2889-1713\",\"https:\/\/en.everybodywiki.com\/Matti_Slotte\",\"https:\/\/www.immuniweb.com\/ssl\/kasinobonus.ai\/M4lqCqYY\/\"]}]}<\/script>\n<!-- \/ Yoast SEO plugin. -->","yoast_head_json":{"title":"Kostenloses Spielgeld 2025 - www.kasinobonus.ai","description":"Suchst du nach kostenlosem Spielgeld f\u00fcr das Jahr 2025? Entdecke die besten Angebote und Bonius, mit denen du risikofrei spielen und mehr gewinnen kannst!","robots":{"index":"index","follow":"follow","max-snippet":"max-snippet:-1","max-image-preview":"max-image-preview:large","max-video-preview":"max-video-preview:-1"},"canonical":"https:\/\/www.kasinobonus.ai\/de\/kostenloses-spielgeld\/","schema":{"@context":"https:\/\/schema.org","@graph":[{"@type":"WebPage","@id":"https:\/\/www.kasinobonus.ai\/de\/kostenloses-spielgeld\/","url":"https:\/\/www.kasinobonus.ai\/de\/kostenloses-spielgeld\/","name":"Kostenloses Spielgeld 2025 - www.kasinobonus.ai","isPartOf":{"@id":"https:\/\/www.kasinobonus.ai\/de\/#website"},"primaryImageOfPage":{"@id":"https:\/\/www.kasinobonus.ai\/de\/kostenloses-spielgeld\/#primaryimage"},"image":{"@id":"https:\/\/www.kasinobonus.ai\/de\/kostenloses-spielgeld\/#primaryimage"},"thumbnailUrl":"https:\/\/www.kasinobonus.ai\/wp-content\/uploads\/2023\/12\/kostenloses-spielgeld-casino-bonus-leitfaden.jpg","datePublished":"2023-08-29T13:50:04+00:00","dateModified":"2025-07-11T15:30:20+00:00","description":"Suchst du nach kostenlosem Spielgeld f\u00fcr das Jahr 2025? Entdecke die besten Angebote und Bonius, mit denen du risikofrei spielen und mehr gewinnen kannst!","breadcrumb":{"@id":"https:\/\/www.kasinobonus.ai\/de\/kostenloses-spielgeld\/#breadcrumb"},"inLanguage":"de","potentialAction":[{"@type":"ReadAction","target":["https:\/\/www.kasinobonus.ai\/de\/kostenloses-spielgeld\/"]}]},{"@type":"ImageObject","inLanguage":"de","@id":"https:\/\/www.kasinobonus.ai\/de\/kostenloses-spielgeld\/#primaryimage","url":"https:\/\/www.kasinobonus.ai\/wp-content\/uploads\/2023\/12\/kostenloses-spielgeld-casino-bonus-leitfaden.jpg","contentUrl":"https:\/\/www.kasinobonus.ai\/wp-content\/uploads\/2023\/12\/kostenloses-spielgeld-casino-bonus-leitfaden.jpg","width":1200,"height":628,"caption":"kostenloses spielgeld casino bonus leitfaden"},{"@type":"BreadcrumbList","@id":"https:\/\/www.kasinobonus.ai\/de\/kostenloses-spielgeld\/#breadcrumb","itemListElement":[{"@type":"ListItem","position":1,"name":"Home","item":"https:\/\/kasinobonus.ai\/de\/"},{"@type":"ListItem","position":2,"name":"Kostenloses Spielgeld"}]},{"@type":"WebSite","@id":"https:\/\/www.kasinobonus.ai\/de\/#website","url":"https:\/\/www.kasinobonus.ai\/de\/","name":"www.kasinobonus.ai","description":"","publisher":{"@id":"https:\/\/www.kasinobonus.ai\/de\/#organization"},"potentialAction":[{"@type":"SearchAction","target":{"@type":"EntryPoint","urlTemplate":"https:\/\/www.kasinobonus.ai\/de\/?s={search_term_string}"},"query-input":{"@type":"PropertyValueSpecification","valueRequired":true,"valueName":"search_term_string"}}],"inLanguage":"de"},{"@type":"Organization","@id":"https:\/\/www.kasinobonus.ai\/de\/#organization","name":"KasinoBonus","alternateName":"KasinoBonusAI","url":"https:\/\/www.kasinobonus.ai\/de\/","logo":{"@type":"ImageObject","inLanguage":"de","@id":"https:\/\/www.kasinobonus.ai\/de\/#\/schema\/logo\/image\/","url":"https:\/\/www.kasinobonus.ai\/wp-content\/uploads\/2023\/09\/kasinobonus-logo-light.png","contentUrl":"https:\/\/www.kasinobonus.ai\/wp-content\/uploads\/2023\/09\/kasinobonus-logo-light.png","width":3200,"height":596,"caption":"KasinoBonus"},"image":{"@id":"https:\/\/www.kasinobonus.ai\/de\/#\/schema\/logo\/image\/"},"sameAs":["https:\/\/www.facebook.com\/kasinobonusio\/","https:\/\/x.com\/Kasinobonus_io","https:\/\/www.linkedin.com\/in\/matti-slotte-26612033b","http:\/\/kasinobonus.wikidot.com\/system:welcome","https:\/\/www.trustpilot.com\/review\/www.kasinobonus.ai","https:\/\/orcid.org\/0009-0007-2889-1713","https:\/\/en.everybodywiki.com\/Matti_Slotte","https:\/\/www.immuniweb.com\/ssl\/kasinobonus.ai\/M4lqCqYY\/"]}]}},"_links":{"self":[{"href":"https:\/\/www.kasinobonus.ai\/de\/wp-json\/wp\/v2\/pages\/9123","targetHints":{"allow":["GET"]}}],"collection":[{"href":"https:\/\/www.kasinobonus.ai\/de\/wp-json\/wp\/v2\/pages"}],"about":[{"href":"https:\/\/www.kasinobonus.ai\/de\/wp-json\/wp\/v2\/types\/page"}],"author":[{"embeddable":true,"href":"https:\/\/www.kasinobonus.ai\/de\/wp-json\/wp\/v2\/users\/1"}],"replies":[{"embeddable":true,"href":"https:\/\/www.kasinobonus.ai\/de\/wp-json\/wp\/v2\/comments?post=9123"}],"version-history":[{"count":4,"href":"https:\/\/www.kasinobonus.ai\/de\/wp-json\/wp\/v2\/pages\/9123\/revisions"}],"predecessor-version":[{"id":32022,"href":"https:\/\/www.kasinobonus.ai\/de\/wp-json\/wp\/v2\/pages\/9123\/revisions\/32022"}],"wp:featuredmedia":[{"embeddable":true,"href":"https:\/\/www.kasinobonus.ai\/de\/wp-json\/wp\/v2\/media\/11469"}],"wp:attachment":[{"href":"https:\/\/www.kasinobonus.ai\/de\/wp-json\/wp\/v2\/media?parent=9123"}],"curies":[{"name":"wp","href":"https:\/\/api.w.org\/{rel}","templated":true}]}}