{"id":9115,"date":"2023-08-29T13:50:19","date_gmt":"2023-08-29T13:50:19","guid":{"rendered":"http:\/\/kasinobonus.ai.dedivirt842.your-server.de\/nettikasinot\/"},"modified":"2025-07-11T15:30:48","modified_gmt":"2025-07-11T15:30:48","slug":"online-casinos","status":"publish","type":"page","link":"https:\/\/www.kasinobonus.ai\/de\/online-casinos\/","title":{"rendered":"Online Casinos"},"content":{"rendered":"\n<h1 class=\"wp-block-heading\">Die Beste Online Casinos In DE<\/h1>\n\n\n\n<p>In Deutschland gibt es einige der besten Online Casinos der Welt. Einzahlen, spielen und gewinnen kannst Du in den richtigen Echtgeld-Casinos in einer sicheren, fairen und regulierten Umgebung.<\/p>\n\n\n\n<p>In diesem Leitfaden m\u00f6chte ich Dir helfen, die besten Echtgeld-Casinos in Deutschland zu finden. Ich erkl\u00e4re Dir, worauf Du bei der Anmeldung achten solltest und unterscheide die verschiedenen Arten von Online Casinos, die es heutzutage gibt.<\/p>\n\n\n\n<h2 class=\"wp-block-heading\">Die besten Echtgeld-Casinos 2025<\/h2>\n\n\n\n<p>Es ist sehr wichtig, ein vertrauensw\u00fcrdiges Echtgeld-Casino zu finden, wenn man ein optimales Spielerlebnis haben m\u00f6chte. Im Folgenden habe ich einige meiner pers\u00f6nlichen Lieblingscasinoseiten in Deutschland ausgew\u00e4hlt, die derzeit alle einen kostenlosen Geldbonus anbieten. Probiere sie selbst aus:<\/p>\n\n\n<p>[brand_table template=&#8220;table_style_1.php&#8220; country=&#8220;DE&#8220; bonus=&#8220;&#8220;]<\/p>\n\n\n\n<p>Sobald Du ein Casino ausgew\u00e4hlt hast, ist die Anmeldung ganz einfach. Erstelle einfach ein Konto, best\u00e4tige Dein Alter und Deinen Ausweis und schon kannst Du mit Deinem kostenlosen Bonus spielen!<\/p>\n\n\n\n<figure class=\"wp-block-image size-full\"><img decoding=\"async\" width=\"1000\" height=\"666\" src=\"https:\/\/www.kasinobonus.ai\/wp-content\/uploads\/2025\/07\/Online-Casinos.jpg\" alt=\"Online Casinos\" class=\"wp-image-32023\" srcset=\"https:\/\/www.kasinobonus.ai\/wp-content\/uploads\/2025\/07\/Online-Casinos.jpg 1000w, https:\/\/www.kasinobonus.ai\/wp-content\/uploads\/2025\/07\/Online-Casinos-300x200.jpg 300w, https:\/\/www.kasinobonus.ai\/wp-content\/uploads\/2025\/07\/Online-Casinos-768x511.jpg 768w, https:\/\/www.kasinobonus.ai\/wp-content\/uploads\/2025\/07\/Online-Casinos-110x73.jpg 110w, https:\/\/www.kasinobonus.ai\/wp-content\/uploads\/2025\/07\/Online-Casinos-575x383.jpg 575w\" sizes=\"(max-width: 1000px) 100vw, 1000px\" \/><\/figure>\n\n\n\n<h2 class=\"wp-block-heading\">Wie wir Online Casinos ausw\u00e4hlen und pr\u00fcfen&nbsp;&nbsp;<\/h2>\n\n\n\n<p>Wenn es darum geht, ein Echtgeld Casino zu w\u00e4hlen, geht es nicht nur darum, den h\u00f6chsten Bonus zu erhalten, sondern auch darum, eine Seite zu finden, die fair und sicher ist und ein tolles Gesamterlebnis bietet. Um die Casinos zu bewerten, ber\u00fccksichtigt das Team von KasinoBonus viele Faktoren, dazu geh\u00f6ren die Lizenzierung, die Spielvielfalt, die Auszahlungsgeschwindigkeit, die Reaktionsf\u00e4higkeit des Kundensupports und die verf\u00fcgbaren Zahlungsmethoden.<\/p>\n\n\n\n<h2 class=\"wp-block-heading\">Arten der besten DE Casinos<\/h2>\n\n\n\n<p>Echtgeldcasinos sind nicht gleich Echtgeldcasinos. Wenn Du die verschiedenen Arten kennst, kannst Du das Casino finden, das Deinem Spielstil entspricht.<\/p>\n\n\n\n<ol class=\"wp-block-list\">\n<li><strong>Traditionelle Online Casinos<\/strong> &#8211; Dies sind die klassischen Allesk\u00f6nner, bei denen eine Mischung aus Slots, Tischspielen und Live-Dealer-Optionen angeboten wird. Sie eignen sich gut f\u00fcr Spieler, die von allem etwas wollen.<\/li>\n\n\n\n<li><strong>Live Dealer Casinos<\/strong> &#8211; Wenn Du Live Dealer Spiele bevorzugst, wirst Du Dich freuen zu h\u00f6ren, dass es Websites gibt, die sich darauf konzentrieren, Live Dealer Casinos anzubieten.<\/li>\n\n\n\n<li><strong>Mobile Casinos<\/strong> &#8211; Immer mehr Spieler spielen von unterwegs. Mobile Casinos sorgen daf\u00fcr, dass Du all deine Lieblingsspiele direkt auf Deinem Smartphone oder Tablet genie\u00dfen kannst!<\/li>\n\n\n\n<li><strong>Krypto-Casinos<\/strong> &#8211; Immer mehr Casinos akzeptieren Bitcoin und andere Kryptow\u00e4hrungen und bieten schnellere Auszahlungen, nachweislich faires Spielen und weniger \u00c4rger!<\/li>\n\n\n\n<li><strong>Casinos ohne Einsatz<\/strong> &#8211; Keine Lust mehr auf komplizierte Bonusbedingungen? Es gibt sogar Online Casinos, die damit werben, dass sie keine Eins\u00e4tze von Dir verlangen! Das bedeutet, dass alle (oder die meisten) Boni ohne Umsatzbedingungen angeboten werden!<\/li>\n<\/ol>\n\n\n\n<p>Hier bei KasinoBonus wirst Du f\u00fcndig, egal ob Du ein traditionelles Online Casino oder eine spezialisierte Seite suchst!<\/p>\n","protected":false},"excerpt":{"rendered":"<p>Die Beste Online Casinos In DE In Deutschland gibt es einige der besten Online Casinos der Welt. Einzahlen, spielen und gewinnen kannst Du in den richtigen Echtgeld-Casinos in einer sicheren, fairen und regulierten Umgebung. In diesem Leitfaden m\u00f6chte ich Dir helfen, die besten Echtgeld-Casinos in Deutschland zu finden. Ich erkl\u00e4re Dir, worauf Du bei der [&hellip;]<\/p>\n","protected":false},"author":1,"featured_media":11566,"parent":0,"menu_order":0,"comment_status":"open","ping_status":"closed","template":"","meta":{"inline_featured_image":false,"footnotes":""},"class_list":["post-9115","page","type-page","status-publish","has-post-thumbnail","hentry"],"yoast_head":"<!-- This site is optimized with the Yoast SEO plugin v24.5 - https:\/\/yoast.com\/wordpress\/plugins\/seo\/ -->\n<title>Beste Online Casinos 2025 - www.kasinobonus.ai<\/title>\n<meta name=\"description\" content=\"Vergleichen Sie die hei\u00dfesten Online-Casinos 2025! Entdecken Sie die besten Bonus, Spiele und Dienste.\" \/>\n<meta name=\"robots\" content=\"index, follow, max-snippet:-1, max-image-preview:large, max-video-preview:-1\" \/>\n<link rel=\"canonical\" href=\"https:\/\/www.kasinobonus.ai\/de\/online-casinos\/\" \/>\n<script type=\"application\/ld+json\" class=\"yoast-schema-graph\">{\"@context\":\"https:\/\/schema.org\",\"@graph\":[{\"@type\":\"WebPage\",\"@id\":\"https:\/\/www.kasinobonus.ai\/de\/online-casinos\/\",\"url\":\"https:\/\/www.kasinobonus.ai\/de\/online-casinos\/\",\"name\":\"Beste Online Casinos 2025 - www.kasinobonus.ai\",\"isPartOf\":{\"@id\":\"https:\/\/www.kasinobonus.ai\/de\/#website\"},\"primaryImageOfPage\":{\"@id\":\"https:\/\/www.kasinobonus.ai\/de\/online-casinos\/#primaryimage\"},\"image\":{\"@id\":\"https:\/\/www.kasinobonus.ai\/de\/online-casinos\/#primaryimage\"},\"thumbnailUrl\":\"https:\/\/www.kasinobonus.ai\/wp-content\/uploads\/2023\/12\/Online-Casinos-Deutschland.jpg\",\"datePublished\":\"2023-08-29T13:50:19+00:00\",\"dateModified\":\"2025-07-11T15:30:48+00:00\",\"description\":\"Vergleichen Sie die hei\u00dfesten Online-Casinos 2025! Entdecken Sie die besten Bonus, Spiele und Dienste.\",\"breadcrumb\":{\"@id\":\"https:\/\/www.kasinobonus.ai\/de\/online-casinos\/#breadcrumb\"},\"inLanguage\":\"de\",\"potentialAction\":[{\"@type\":\"ReadAction\",\"target\":[\"https:\/\/www.kasinobonus.ai\/de\/online-casinos\/\"]}]},{\"@type\":\"ImageObject\",\"inLanguage\":\"de\",\"@id\":\"https:\/\/www.kasinobonus.ai\/de\/online-casinos\/#primaryimage\",\"url\":\"https:\/\/www.kasinobonus.ai\/wp-content\/uploads\/2023\/12\/Online-Casinos-Deutschland.jpg\",\"contentUrl\":\"https:\/\/www.kasinobonus.ai\/wp-content\/uploads\/2023\/12\/Online-Casinos-Deutschland.jpg\",\"width\":1200,\"height\":628,\"caption\":\"Online Casinos Deutschland\"},{\"@type\":\"BreadcrumbList\",\"@id\":\"https:\/\/www.kasinobonus.ai\/de\/online-casinos\/#breadcrumb\",\"itemListElement\":[{\"@type\":\"ListItem\",\"position\":1,\"name\":\"Home\",\"item\":\"https:\/\/kasinobonus.ai\/de\/\"},{\"@type\":\"ListItem\",\"position\":2,\"name\":\"Online Casinos\"}]},{\"@type\":\"WebSite\",\"@id\":\"https:\/\/www.kasinobonus.ai\/de\/#website\",\"url\":\"https:\/\/www.kasinobonus.ai\/de\/\",\"name\":\"www.kasinobonus.ai\",\"description\":\"\",\"publisher\":{\"@id\":\"https:\/\/www.kasinobonus.ai\/de\/#organization\"},\"potentialAction\":[{\"@type\":\"SearchAction\",\"target\":{\"@type\":\"EntryPoint\",\"urlTemplate\":\"https:\/\/www.kasinobonus.ai\/de\/?s={search_term_string}\"},\"query-input\":{\"@type\":\"PropertyValueSpecification\",\"valueRequired\":true,\"valueName\":\"search_term_string\"}}],\"inLanguage\":\"de\"},{\"@type\":\"Organization\",\"@id\":\"https:\/\/www.kasinobonus.ai\/de\/#organization\",\"name\":\"KasinoBonus\",\"alternateName\":\"KasinoBonusAI\",\"url\":\"https:\/\/www.kasinobonus.ai\/de\/\",\"logo\":{\"@type\":\"ImageObject\",\"inLanguage\":\"de\",\"@id\":\"https:\/\/www.kasinobonus.ai\/de\/#\/schema\/logo\/image\/\",\"url\":\"https:\/\/www.kasinobonus.ai\/wp-content\/uploads\/2023\/09\/kasinobonus-logo-light.png\",\"contentUrl\":\"https:\/\/www.kasinobonus.ai\/wp-content\/uploads\/2023\/09\/kasinobonus-logo-light.png\",\"width\":3200,\"height\":596,\"caption\":\"KasinoBonus\"},\"image\":{\"@id\":\"https:\/\/www.kasinobonus.ai\/de\/#\/schema\/logo\/image\/\"},\"sameAs\":[\"https:\/\/www.facebook.com\/kasinobonusio\/\",\"https:\/\/x.com\/Kasinobonus_io\",\"https:\/\/www.linkedin.com\/in\/matti-slotte-26612033b\",\"http:\/\/kasinobonus.wikidot.com\/system:welcome\",\"https:\/\/www.trustpilot.com\/review\/www.kasinobonus.ai\",\"https:\/\/orcid.org\/0009-0007-2889-1713\",\"https:\/\/en.everybodywiki.com\/Matti_Slotte\",\"https:\/\/www.immuniweb.com\/ssl\/kasinobonus.ai\/M4lqCqYY\/\"]}]}<\/script>\n<!-- \/ Yoast SEO plugin. -->","yoast_head_json":{"title":"Beste Online Casinos 2025 - www.kasinobonus.ai","description":"Vergleichen Sie die hei\u00dfesten Online-Casinos 2025! Entdecken Sie die besten Bonus, Spiele und Dienste.","robots":{"index":"index","follow":"follow","max-snippet":"max-snippet:-1","max-image-preview":"max-image-preview:large","max-video-preview":"max-video-preview:-1"},"canonical":"https:\/\/www.kasinobonus.ai\/de\/online-casinos\/","schema":{"@context":"https:\/\/schema.org","@graph":[{"@type":"WebPage","@id":"https:\/\/www.kasinobonus.ai\/de\/online-casinos\/","url":"https:\/\/www.kasinobonus.ai\/de\/online-casinos\/","name":"Beste Online Casinos 2025 - www.kasinobonus.ai","isPartOf":{"@id":"https:\/\/www.kasinobonus.ai\/de\/#website"},"primaryImageOfPage":{"@id":"https:\/\/www.kasinobonus.ai\/de\/online-casinos\/#primaryimage"},"image":{"@id":"https:\/\/www.kasinobonus.ai\/de\/online-casinos\/#primaryimage"},"thumbnailUrl":"https:\/\/www.kasinobonus.ai\/wp-content\/uploads\/2023\/12\/Online-Casinos-Deutschland.jpg","datePublished":"2023-08-29T13:50:19+00:00","dateModified":"2025-07-11T15:30:48+00:00","description":"Vergleichen Sie die hei\u00dfesten Online-Casinos 2025! Entdecken Sie die besten Bonus, Spiele und Dienste.","breadcrumb":{"@id":"https:\/\/www.kasinobonus.ai\/de\/online-casinos\/#breadcrumb"},"inLanguage":"de","potentialAction":[{"@type":"ReadAction","target":["https:\/\/www.kasinobonus.ai\/de\/online-casinos\/"]}]},{"@type":"ImageObject","inLanguage":"de","@id":"https:\/\/www.kasinobonus.ai\/de\/online-casinos\/#primaryimage","url":"https:\/\/www.kasinobonus.ai\/wp-content\/uploads\/2023\/12\/Online-Casinos-Deutschland.jpg","contentUrl":"https:\/\/www.kasinobonus.ai\/wp-content\/uploads\/2023\/12\/Online-Casinos-Deutschland.jpg","width":1200,"height":628,"caption":"Online Casinos Deutschland"},{"@type":"BreadcrumbList","@id":"https:\/\/www.kasinobonus.ai\/de\/online-casinos\/#breadcrumb","itemListElement":[{"@type":"ListItem","position":1,"name":"Home","item":"https:\/\/kasinobonus.ai\/de\/"},{"@type":"ListItem","position":2,"name":"Online Casinos"}]},{"@type":"WebSite","@id":"https:\/\/www.kasinobonus.ai\/de\/#website","url":"https:\/\/www.kasinobonus.ai\/de\/","name":"www.kasinobonus.ai","description":"","publisher":{"@id":"https:\/\/www.kasinobonus.ai\/de\/#organization"},"potentialAction":[{"@type":"SearchAction","target":{"@type":"EntryPoint","urlTemplate":"https:\/\/www.kasinobonus.ai\/de\/?s={search_term_string}"},"query-input":{"@type":"PropertyValueSpecification","valueRequired":true,"valueName":"search_term_string"}}],"inLanguage":"de"},{"@type":"Organization","@id":"https:\/\/www.kasinobonus.ai\/de\/#organization","name":"KasinoBonus","alternateName":"KasinoBonusAI","url":"https:\/\/www.kasinobonus.ai\/de\/","logo":{"@type":"ImageObject","inLanguage":"de","@id":"https:\/\/www.kasinobonus.ai\/de\/#\/schema\/logo\/image\/","url":"https:\/\/www.kasinobonus.ai\/wp-content\/uploads\/2023\/09\/kasinobonus-logo-light.png","contentUrl":"https:\/\/www.kasinobonus.ai\/wp-content\/uploads\/2023\/09\/kasinobonus-logo-light.png","width":3200,"height":596,"caption":"KasinoBonus"},"image":{"@id":"https:\/\/www.kasinobonus.ai\/de\/#\/schema\/logo\/image\/"},"sameAs":["https:\/\/www.facebook.com\/kasinobonusio\/","https:\/\/x.com\/Kasinobonus_io","https:\/\/www.linkedin.com\/in\/matti-slotte-26612033b","http:\/\/kasinobonus.wikidot.com\/system:welcome","https:\/\/www.trustpilot.com\/review\/www.kasinobonus.ai","https:\/\/orcid.org\/0009-0007-2889-1713","https:\/\/en.everybodywiki.com\/Matti_Slotte","https:\/\/www.immuniweb.com\/ssl\/kasinobonus.ai\/M4lqCqYY\/"]}]}},"_links":{"self":[{"href":"https:\/\/www.kasinobonus.ai\/de\/wp-json\/wp\/v2\/pages\/9115","targetHints":{"allow":["GET"]}}],"collection":[{"href":"https:\/\/www.kasinobonus.ai\/de\/wp-json\/wp\/v2\/pages"}],"about":[{"href":"https:\/\/www.kasinobonus.ai\/de\/wp-json\/wp\/v2\/types\/page"}],"author":[{"embeddable":true,"href":"https:\/\/www.kasinobonus.ai\/de\/wp-json\/wp\/v2\/users\/1"}],"replies":[{"embeddable":true,"href":"https:\/\/www.kasinobonus.ai\/de\/wp-json\/wp\/v2\/comments?post=9115"}],"version-history":[{"count":1,"href":"https:\/\/www.kasinobonus.ai\/de\/wp-json\/wp\/v2\/pages\/9115\/revisions"}],"predecessor-version":[{"id":32031,"href":"https:\/\/www.kasinobonus.ai\/de\/wp-json\/wp\/v2\/pages\/9115\/revisions\/32031"}],"wp:featuredmedia":[{"embeddable":true,"href":"https:\/\/www.kasinobonus.ai\/de\/wp-json\/wp\/v2\/media\/11566"}],"wp:attachment":[{"href":"https:\/\/www.kasinobonus.ai\/de\/wp-json\/wp\/v2\/media?parent=9115"}],"curies":[{"name":"wp","href":"https:\/\/api.w.org\/{rel}","templated":true}]}}