{"id":9107,"date":"2023-08-29T13:54:22","date_gmt":"2023-08-29T13:54:22","guid":{"rendered":"http:\/\/kasinobonus.ai.dedivirt842.your-server.de\/100-talletusbonus\/"},"modified":"2025-07-11T13:33:03","modified_gmt":"2025-07-11T13:33:03","slug":"100-einzahlungsbonus","status":"publish","type":"page","link":"https:\/\/www.kasinobonus.ai\/de\/100-einzahlungsbonus\/","title":{"rendered":"100% Einzahlungsbonus"},"content":{"rendered":"\n<h1 class=\"wp-block-heading\">100% einzahlungsbonus in Deutschland<\/h1>\n\n\n\n<p>Eines der h\u00e4ufigsten und attraktivsten Angebote in Online Casinos ist ein 100% Einzahlungsbonus. Mit diesen Boni kannst Du deine erste Einzahlung verdoppeln, egal ob Du neu auf der Seite bist oder schon lange dort spielst. Oft werden sie auch 100% Einzahlungsbonus genannt.<\/p>\n\n\n\n<p>Heute werde ich Dir die besten 100% casino einzahlungsbonus vorstellen, die aktuell verf\u00fcgbar sind, und Dir zeigen, wie diese funktionieren und welche Bedingungen zu erf\u00fcllen sind.<\/p>\n\n\n\n<h2 class=\"wp-block-heading\">Casinos, die 100% einzahlungsbonus anbieten 2025<\/h2>\n\n\n\n<p>Heute bietet fast jedes Casino eine Art <a href=\"https:\/\/www.kasinobonus.ai\/de\/einzahlungsbonus\/\">Einzahlungsbonus<\/a> an, wobei 100 % der h\u00e4ufigste Bonus ist. Nachfolgend habe ich eine Liste der Top 100 Einzahlungsbonus Casinos zusammengestellt, alle lizenziert, sicher und mit fairen Bonusbedingungen.<\/p>\n\n\n<p>[brand_table template=&#8220;table_style_1.php&#8220; country=&#8220;DE&#8220; bonus=&#8220;&#8220;]<\/p>\n\n\n\n<p>Wenn Du einen Bonus (oder ein Casino) siehst, der\/das Dir gef\u00e4llt, klicke einfach auf &#8222;Jetzt spielen&#8220;, um Dich anzumelden und eine Einzahlung zu t\u00e4tigen, um loszulegen!<\/p>\n\n\n\n<figure class=\"wp-block-image size-full\"><img decoding=\"async\" width=\"1000\" height=\"666\" src=\"https:\/\/www.kasinobonus.ai\/wp-content\/uploads\/2025\/07\/100-Einzahlungsbonus.jpg\" alt=\"% Einzahlungsbonus\" class=\"wp-image-31721\" srcset=\"https:\/\/www.kasinobonus.ai\/wp-content\/uploads\/2025\/07\/100-Einzahlungsbonus.jpg 1000w, https:\/\/www.kasinobonus.ai\/wp-content\/uploads\/2025\/07\/100-Einzahlungsbonus-300x200.jpg 300w, https:\/\/www.kasinobonus.ai\/wp-content\/uploads\/2025\/07\/100-Einzahlungsbonus-768x511.jpg 768w, https:\/\/www.kasinobonus.ai\/wp-content\/uploads\/2025\/07\/100-Einzahlungsbonus-110x73.jpg 110w, https:\/\/www.kasinobonus.ai\/wp-content\/uploads\/2025\/07\/100-Einzahlungsbonus-575x383.jpg 575w\" sizes=\"(max-width: 1000px) 100vw, 1000px\" \/><figcaption class=\"wp-element-caption\">% Einzahlungsbonus<\/figcaption><\/figure>\n\n\n\n<h2 class=\"wp-block-heading\">Wie genau nehmen wir Casinos unter die Lupe?<\/h2>\n\n\n\n<p>Wir von KasinoBonus sind sehr stolz auf unsere Empfehlungen. Nur wenn wir ein Casino selbst getestet haben, empfehlen wir es weiter. Das bedeutet, dass wir eine Einzahlung mit echtem Geld vornehmen, die Spiele spielen, den Kundenservice testen und &#8211; falls n\u00f6tig &#8211; auch eine Auszahlung vornehmen.<\/p>\n\n\n\n<p>So k\u00f6nnen unsere Rezensentinnen und Rezensenten Dir mit ihren Erfahrungen aus erster Hand einen ehrlichen und genauen Bericht \u00fcber das Angebot des Casinos geben &#8211; damit Du genau wei\u00dft, was Dich beim Spielen erwartet.<\/p>\n\n\n\n<h2 class=\"wp-block-heading\">Wie 100% Einzahlungsboni funktionieren<\/h2>\n\n\n\n<p>Ein Einzahlungsbonus von 100% bedeutet, dass das Casino deine Einzahlung \u20ac um \u20ac verdoppelt und somit auch Dein Spielkapital. Wenn Du zum Beispiel 50 \u20ac einzahlst, bekommst Du einen zus\u00e4tzlichen Bonus in H\u00f6he von 50 \u20ac, so dass Du mit 100 \u20ac spielen kannst! Bei manchen Online Casinos werden zus\u00e4tzlich zu diesen Aktionen auch noch Freispiele angeboten!<\/p>\n\n\n\n<h2 class=\"wp-block-heading\">Vor- und Nachteile<\/h2>\n\n\n\n<figure class=\"wp-block-image size-full\"><img decoding=\"async\" width=\"1000\" height=\"666\" src=\"https:\/\/www.kasinobonus.ai\/wp-content\/uploads\/2025\/06\/KB-Einzahlungsbonus.jpg\" alt=\"Einzahlungsbonus\" class=\"wp-image-30192\" srcset=\"https:\/\/www.kasinobonus.ai\/wp-content\/uploads\/2025\/06\/KB-Einzahlungsbonus.jpg 1000w, https:\/\/www.kasinobonus.ai\/wp-content\/uploads\/2025\/06\/KB-Einzahlungsbonus-300x200.jpg 300w, https:\/\/www.kasinobonus.ai\/wp-content\/uploads\/2025\/06\/KB-Einzahlungsbonus-768x511.jpg 768w, https:\/\/www.kasinobonus.ai\/wp-content\/uploads\/2025\/06\/KB-Einzahlungsbonus-110x73.jpg 110w, https:\/\/www.kasinobonus.ai\/wp-content\/uploads\/2025\/06\/KB-Einzahlungsbonus-575x383.jpg 575w\" sizes=\"(max-width: 1000px) 100vw, 1000px\" \/><\/figure>\n\n\n\n<div class=\"wp-block-columns is-layout-flex wp-container-core-columns-is-layout-28f84493 wp-block-columns-is-layout-flex\">\n<div class=\"wp-block-column is-layout-flow wp-block-column-is-layout-flow\">\n<h3 class=\"wp-block-heading\">\u2705 Vorteile<\/h3>\n\n\n\n<ul class=\"wp-block-list\">\n<li>\u2705 Im Vergleich zu Angeboten ohne Einzahlung werden bei uns h\u00f6here Bonusbetr\u00e4ge gew\u00e4hrt.<\/li>\n\n\n\n<li>\u2705 Erm\u00f6glicht den Zugang zu Willkommenspaketen und VIP-Vorteilen.<\/li>\n\n\n\n<li>\u2705 Bonusgelder und Freispiele sind in der Regel Teil des Angebots.<\/li>\n\n\n\n<li>\u2705 F\u00fcr Spieler, die bereits eine Einzahlung planen hervorragend.<\/li>\n\n\n\n<li>\u2705 Weitreichende Akzeptanz in den meisten Online-Casinos.<\/li>\n<\/ul>\n<\/div>\n\n\n\n<div class=\"wp-block-column is-layout-flow wp-block-column-is-layout-flow\">\n<h3 class=\"wp-block-heading\">\u274c Nachteile:<\/h3>\n\n\n\n<ul class=\"wp-block-list\">\n<li>\u274c Mit Umsatzbedingungen verbunden (manchmal 30x\u201350x).<\/li>\n\n\n\n<li>\u274c Bonusgelder k\u00f6nnen gesperrt sein, bis die Bedingungen erf\u00fcllt sind.<\/li>\n\n\n\n<li>\u274c Einige Spiele sind vom Bonusspiel ausgeschlossen.<\/li>\n\n\n\n<li>\u274c W\u00e4hrend der Inanspruchnahme des Bonus k\u00f6nnen Obergrenzen f\u00fcr den Einsatz gelten.<\/li>\n\n\n\n<li>\u274c Auszahlungen sind in vielen F\u00e4llen erst m\u00f6glich, nachdem der Bonus freigespielt wurde.<\/li>\n<\/ul>\n<\/div>\n<\/div>\n\n\n\n<h2 class=\"wp-block-heading\">Beste Einzahlungsboni in Deutschland<\/h2>\n\n\n\n<figure class=\"wp-block-table\"><table class=\"has-fixed-layout\"><thead><tr><th>Casino<\/th><th>Bonus<\/th><th>Bedingungen<\/th><th>Bonuscode<\/th><th>Link<\/th><\/tr><\/thead><tbody><tr><td>FatPirate<\/td><td>100\u202f% bis zu 500\u202f\u20ac + 200 Freispiele<\/td><td>Willkommensbonus<\/td><td>\u2013<\/td><td><a href=\"https:\/\/www.kasinobonus.ai\/go\/fatpirate\">Jetzt spielen<\/a><\/td><\/tr><tr><td>Casinolab<\/td><td>100\u202f% bis zu 500\u202f\u20ac + 200 Freispiele + 1 Bonus Crab<\/td><td>Willkommensbonus<\/td><td>\u2013<\/td><td><a href=\"https:\/\/www.kasinobonus.ai\/go\/Casinolab\">Jetzt spielen<\/a><\/td><\/tr><tr><td>BC Game<\/td><td>Bis zu 470\u202f% Einzahlungsbonus + 400 Freispiele<\/td><td>Krypto-Zahlungen, kein OASIS<\/td><td>\u2013<\/td><td><a href=\"https:\/\/www.kasinobonus.ai\/go\/bcgame-de\/\">Jetzt spielen<\/a><\/td><\/tr><tr><td>Kingmaker<\/td><td>50 Freispiele am Royal Fortune Wheel + 100\u202f% bis zu 500\u202f\u20ac<\/td><td>Ohne OASIS<\/td><td>\u2013<\/td><td><a href=\"https:\/\/kasinobonus.i\/go\/kingmaker\/\">Jetzt spielen<\/a><\/td><\/tr><tr><td>Ninecasino<\/td><td>20 Freispiele \u2013 ohne Einzahlung + 100\u202f% bis zu 150\u202f\u20ac + 150 Freispiele<\/td><td>Kein Deposit + Einzahlungsbonus<\/td><td>20BLITZ1<\/td><td><a href=\"https:\/\/www.kasinobonus.ai\/go\/ninecasino\">Jetzt spielen<\/a><\/td><\/tr><\/tbody><\/table><\/figure>\n","protected":false},"excerpt":{"rendered":"<p>100% einzahlungsbonus in Deutschland Eines der h\u00e4ufigsten und attraktivsten Angebote in Online Casinos ist ein 100% Einzahlungsbonus. Mit diesen Boni kannst Du deine erste Einzahlung verdoppeln, egal ob Du neu auf der Seite bist oder schon lange dort spielst. Oft werden sie auch 100% Einzahlungsbonus genannt. Heute werde ich Dir die besten 100% casino einzahlungsbonus [&hellip;]<\/p>\n","protected":false},"author":1,"featured_media":11126,"parent":0,"menu_order":0,"comment_status":"open","ping_status":"closed","template":"","meta":{"inline_featured_image":false,"footnotes":""},"class_list":["post-9107","page","type-page","status-publish","has-post-thumbnail","hentry"],"yoast_head":"<!-- This site is optimized with the Yoast SEO plugin v24.5 - https:\/\/yoast.com\/wordpress\/plugins\/seo\/ -->\n<title>100% Casino Bonus | Einzahlungsbonus in Deutschland (2025) - www.kasinobonus.ai<\/title>\n<meta name=\"description\" content=\"Nutze den 100% Einzahlungsbonus und verdopple deine Spielkasse. Entdecke die besten Casinos des Jahres 2025, die diesen Bonus anbieten.\" \/>\n<meta name=\"robots\" content=\"index, follow, max-snippet:-1, max-image-preview:large, max-video-preview:-1\" \/>\n<link rel=\"canonical\" href=\"https:\/\/www.kasinobonus.ai\/de\/100-einzahlungsbonus\/\" \/>\n<script type=\"application\/ld+json\" class=\"yoast-schema-graph\">{\"@context\":\"https:\/\/schema.org\",\"@graph\":[{\"@type\":\"WebPage\",\"@id\":\"https:\/\/www.kasinobonus.ai\/de\/100-einzahlungsbonus\/\",\"url\":\"https:\/\/www.kasinobonus.ai\/de\/100-einzahlungsbonus\/\",\"name\":\"100% Casino Bonus | Einzahlungsbonus in Deutschland (2025) - www.kasinobonus.ai\",\"isPartOf\":{\"@id\":\"https:\/\/www.kasinobonus.ai\/de\/#website\"},\"primaryImageOfPage\":{\"@id\":\"https:\/\/www.kasinobonus.ai\/de\/100-einzahlungsbonus\/#primaryimage\"},\"image\":{\"@id\":\"https:\/\/www.kasinobonus.ai\/de\/100-einzahlungsbonus\/#primaryimage\"},\"thumbnailUrl\":\"https:\/\/www.kasinobonus.ai\/wp-content\/uploads\/2023\/12\/100_einzahlungsbonus.jpg\",\"datePublished\":\"2023-08-29T13:54:22+00:00\",\"dateModified\":\"2025-07-11T13:33:03+00:00\",\"description\":\"Nutze den 100% Einzahlungsbonus und verdopple deine Spielkasse. Entdecke die besten Casinos des Jahres 2025, die diesen Bonus anbieten.\",\"breadcrumb\":{\"@id\":\"https:\/\/www.kasinobonus.ai\/de\/100-einzahlungsbonus\/#breadcrumb\"},\"inLanguage\":\"de\",\"potentialAction\":[{\"@type\":\"ReadAction\",\"target\":[\"https:\/\/www.kasinobonus.ai\/de\/100-einzahlungsbonus\/\"]}]},{\"@type\":\"ImageObject\",\"inLanguage\":\"de\",\"@id\":\"https:\/\/www.kasinobonus.ai\/de\/100-einzahlungsbonus\/#primaryimage\",\"url\":\"https:\/\/www.kasinobonus.ai\/wp-content\/uploads\/2023\/12\/100_einzahlungsbonus.jpg\",\"contentUrl\":\"https:\/\/www.kasinobonus.ai\/wp-content\/uploads\/2023\/12\/100_einzahlungsbonus.jpg\",\"width\":1200,\"height\":628,\"caption\":\"100 einzahlungsbonus\"},{\"@type\":\"BreadcrumbList\",\"@id\":\"https:\/\/www.kasinobonus.ai\/de\/100-einzahlungsbonus\/#breadcrumb\",\"itemListElement\":[{\"@type\":\"ListItem\",\"position\":1,\"name\":\"Home\",\"item\":\"https:\/\/kasinobonus.ai\/de\/\"},{\"@type\":\"ListItem\",\"position\":2,\"name\":\"100% Einzahlungsbonus\"}]},{\"@type\":\"WebSite\",\"@id\":\"https:\/\/www.kasinobonus.ai\/de\/#website\",\"url\":\"https:\/\/www.kasinobonus.ai\/de\/\",\"name\":\"www.kasinobonus.ai\",\"description\":\"\",\"publisher\":{\"@id\":\"https:\/\/www.kasinobonus.ai\/de\/#organization\"},\"potentialAction\":[{\"@type\":\"SearchAction\",\"target\":{\"@type\":\"EntryPoint\",\"urlTemplate\":\"https:\/\/www.kasinobonus.ai\/de\/?s={search_term_string}\"},\"query-input\":{\"@type\":\"PropertyValueSpecification\",\"valueRequired\":true,\"valueName\":\"search_term_string\"}}],\"inLanguage\":\"de\"},{\"@type\":\"Organization\",\"@id\":\"https:\/\/www.kasinobonus.ai\/de\/#organization\",\"name\":\"KasinoBonus\",\"alternateName\":\"KasinoBonusAI\",\"url\":\"https:\/\/www.kasinobonus.ai\/de\/\",\"logo\":{\"@type\":\"ImageObject\",\"inLanguage\":\"de\",\"@id\":\"https:\/\/www.kasinobonus.ai\/de\/#\/schema\/logo\/image\/\",\"url\":\"https:\/\/www.kasinobonus.ai\/wp-content\/uploads\/2023\/09\/kasinobonus-logo-light.png\",\"contentUrl\":\"https:\/\/www.kasinobonus.ai\/wp-content\/uploads\/2023\/09\/kasinobonus-logo-light.png\",\"width\":3200,\"height\":596,\"caption\":\"KasinoBonus\"},\"image\":{\"@id\":\"https:\/\/www.kasinobonus.ai\/de\/#\/schema\/logo\/image\/\"},\"sameAs\":[\"https:\/\/www.facebook.com\/kasinobonusio\/\",\"https:\/\/x.com\/Kasinobonus_io\",\"https:\/\/www.linkedin.com\/in\/matti-slotte-26612033b\",\"http:\/\/kasinobonus.wikidot.com\/system:welcome\",\"https:\/\/www.trustpilot.com\/review\/www.kasinobonus.ai\",\"https:\/\/orcid.org\/0009-0007-2889-1713\",\"https:\/\/en.everybodywiki.com\/Matti_Slotte\",\"https:\/\/www.immuniweb.com\/ssl\/kasinobonus.ai\/M4lqCqYY\/\"]}]}<\/script>\n<!-- \/ Yoast SEO plugin. -->","yoast_head_json":{"title":"100% Casino Bonus | Einzahlungsbonus in Deutschland (2025) - www.kasinobonus.ai","description":"Nutze den 100% Einzahlungsbonus und verdopple deine Spielkasse. Entdecke die besten Casinos des Jahres 2025, die diesen Bonus anbieten.","robots":{"index":"index","follow":"follow","max-snippet":"max-snippet:-1","max-image-preview":"max-image-preview:large","max-video-preview":"max-video-preview:-1"},"canonical":"https:\/\/www.kasinobonus.ai\/de\/100-einzahlungsbonus\/","schema":{"@context":"https:\/\/schema.org","@graph":[{"@type":"WebPage","@id":"https:\/\/www.kasinobonus.ai\/de\/100-einzahlungsbonus\/","url":"https:\/\/www.kasinobonus.ai\/de\/100-einzahlungsbonus\/","name":"100% Casino Bonus | Einzahlungsbonus in Deutschland (2025) - www.kasinobonus.ai","isPartOf":{"@id":"https:\/\/www.kasinobonus.ai\/de\/#website"},"primaryImageOfPage":{"@id":"https:\/\/www.kasinobonus.ai\/de\/100-einzahlungsbonus\/#primaryimage"},"image":{"@id":"https:\/\/www.kasinobonus.ai\/de\/100-einzahlungsbonus\/#primaryimage"},"thumbnailUrl":"https:\/\/www.kasinobonus.ai\/wp-content\/uploads\/2023\/12\/100_einzahlungsbonus.jpg","datePublished":"2023-08-29T13:54:22+00:00","dateModified":"2025-07-11T13:33:03+00:00","description":"Nutze den 100% Einzahlungsbonus und verdopple deine Spielkasse. Entdecke die besten Casinos des Jahres 2025, die diesen Bonus anbieten.","breadcrumb":{"@id":"https:\/\/www.kasinobonus.ai\/de\/100-einzahlungsbonus\/#breadcrumb"},"inLanguage":"de","potentialAction":[{"@type":"ReadAction","target":["https:\/\/www.kasinobonus.ai\/de\/100-einzahlungsbonus\/"]}]},{"@type":"ImageObject","inLanguage":"de","@id":"https:\/\/www.kasinobonus.ai\/de\/100-einzahlungsbonus\/#primaryimage","url":"https:\/\/www.kasinobonus.ai\/wp-content\/uploads\/2023\/12\/100_einzahlungsbonus.jpg","contentUrl":"https:\/\/www.kasinobonus.ai\/wp-content\/uploads\/2023\/12\/100_einzahlungsbonus.jpg","width":1200,"height":628,"caption":"100 einzahlungsbonus"},{"@type":"BreadcrumbList","@id":"https:\/\/www.kasinobonus.ai\/de\/100-einzahlungsbonus\/#breadcrumb","itemListElement":[{"@type":"ListItem","position":1,"name":"Home","item":"https:\/\/kasinobonus.ai\/de\/"},{"@type":"ListItem","position":2,"name":"100% Einzahlungsbonus"}]},{"@type":"WebSite","@id":"https:\/\/www.kasinobonus.ai\/de\/#website","url":"https:\/\/www.kasinobonus.ai\/de\/","name":"www.kasinobonus.ai","description":"","publisher":{"@id":"https:\/\/www.kasinobonus.ai\/de\/#organization"},"potentialAction":[{"@type":"SearchAction","target":{"@type":"EntryPoint","urlTemplate":"https:\/\/www.kasinobonus.ai\/de\/?s={search_term_string}"},"query-input":{"@type":"PropertyValueSpecification","valueRequired":true,"valueName":"search_term_string"}}],"inLanguage":"de"},{"@type":"Organization","@id":"https:\/\/www.kasinobonus.ai\/de\/#organization","name":"KasinoBonus","alternateName":"KasinoBonusAI","url":"https:\/\/www.kasinobonus.ai\/de\/","logo":{"@type":"ImageObject","inLanguage":"de","@id":"https:\/\/www.kasinobonus.ai\/de\/#\/schema\/logo\/image\/","url":"https:\/\/www.kasinobonus.ai\/wp-content\/uploads\/2023\/09\/kasinobonus-logo-light.png","contentUrl":"https:\/\/www.kasinobonus.ai\/wp-content\/uploads\/2023\/09\/kasinobonus-logo-light.png","width":3200,"height":596,"caption":"KasinoBonus"},"image":{"@id":"https:\/\/www.kasinobonus.ai\/de\/#\/schema\/logo\/image\/"},"sameAs":["https:\/\/www.facebook.com\/kasinobonusio\/","https:\/\/x.com\/Kasinobonus_io","https:\/\/www.linkedin.com\/in\/matti-slotte-26612033b","http:\/\/kasinobonus.wikidot.com\/system:welcome","https:\/\/www.trustpilot.com\/review\/www.kasinobonus.ai","https:\/\/orcid.org\/0009-0007-2889-1713","https:\/\/en.everybodywiki.com\/Matti_Slotte","https:\/\/www.immuniweb.com\/ssl\/kasinobonus.ai\/M4lqCqYY\/"]}]}},"_links":{"self":[{"href":"https:\/\/www.kasinobonus.ai\/de\/wp-json\/wp\/v2\/pages\/9107","targetHints":{"allow":["GET"]}}],"collection":[{"href":"https:\/\/www.kasinobonus.ai\/de\/wp-json\/wp\/v2\/pages"}],"about":[{"href":"https:\/\/www.kasinobonus.ai\/de\/wp-json\/wp\/v2\/types\/page"}],"author":[{"embeddable":true,"href":"https:\/\/www.kasinobonus.ai\/de\/wp-json\/wp\/v2\/users\/1"}],"replies":[{"embeddable":true,"href":"https:\/\/www.kasinobonus.ai\/de\/wp-json\/wp\/v2\/comments?post=9107"}],"version-history":[{"count":4,"href":"https:\/\/www.kasinobonus.ai\/de\/wp-json\/wp\/v2\/pages\/9107\/revisions"}],"predecessor-version":[{"id":31729,"href":"https:\/\/www.kasinobonus.ai\/de\/wp-json\/wp\/v2\/pages\/9107\/revisions\/31729"}],"wp:featuredmedia":[{"embeddable":true,"href":"https:\/\/www.kasinobonus.ai\/de\/wp-json\/wp\/v2\/media\/11126"}],"wp:attachment":[{"href":"https:\/\/www.kasinobonus.ai\/de\/wp-json\/wp\/v2\/media?parent=9107"}],"curies":[{"name":"wp","href":"https:\/\/api.w.org\/{rel}","templated":true}]}}