{"id":9086,"date":"2023-08-29T13:58:06","date_gmt":"2023-08-29T13:58:06","guid":{"rendered":"http:\/\/kasinobonus.ai.dedivirt842.your-server.de\/200-talletusbonus\/"},"modified":"2025-07-11T13:33:37","modified_gmt":"2025-07-11T13:33:37","slug":"200-einzahlungsbonus","status":"publish","type":"page","link":"https:\/\/www.kasinobonus.ai\/de\/200-einzahlungsbonus\/","title":{"rendered":"200% Einzahlungsbonus"},"content":{"rendered":"\n<h1 class=\"wp-block-heading\">200% einzahlungsbonus in Deutschland<\/h1>\n\n\n\n<p>200 %-Einzahlungsboni sind in Deutschland vielleicht nicht mehr so h\u00e4ufig wie in der Vergangenheit, aber wenn man wei\u00df, wo man hinschauen muss, findet man sie nach wie vor. Ein Einzahlungsbonus in H\u00f6he von 200 % bedeutet, dass das Casino den Betrag, den Du eingezahlt hast, praktisch verdreifacht!<\/p>\n\n\n\n<p>Wenn Du zum Beispiel 50 \u20ac einzahlst, bekommst Du 100 \u20ac als Bonus dazu. Das macht 150 \u20ac, mit denen Du spielen kannst! Das klingt verlockend (und ist es oft auch), und heute zeige ich Dir die besten Casinos mit diesem Bonus und gebe Dir wichtige Tipps, wie Du ihn am besten nutzen kannst!<\/p>\n\n\n\n<h2 class=\"wp-block-heading\">Casinos, die 200% einzahlungsbonus anbieten 2025<\/h2>\n\n\n\n<p>Casinos, die einen 200% casino einzahlungsbonus anbieten, sind zwar seltener geworden als fr\u00fcher, aber es kann schwer fallen, das richtige zu finden. Wir von KasinoBonus sind der Sache nachgegangen und haben eine Liste der besten und vertrauensw\u00fcrdigsten Casinos zusammengestellt, die solche Boni anbieten. Im Folgenden findest Du unsere Top-Entscheidungen:<\/p>\n\n\n<p>[brand_table template=&#8220;table_style_1.php&#8220; country=&#8220;DE&#8220; bonus=&#8220;&#8220;]<\/p>\n\n\n\n<p>W\u00e4hle einfach Dein Lieblingscasino aus, melde Dich an und mache eine Einzahlung, um das Doppelte Deines Geldes als Bonusgelder zu erhalten!<\/p>\n\n\n\n<figure class=\"wp-block-image size-full\"><img decoding=\"async\" width=\"1000\" height=\"666\" src=\"https:\/\/www.kasinobonus.ai\/wp-content\/uploads\/2025\/07\/200-Einzahlungsbonus.jpg\" alt=\"% Einzahlungsbonus\" class=\"wp-image-31731\" srcset=\"https:\/\/www.kasinobonus.ai\/wp-content\/uploads\/2025\/07\/200-Einzahlungsbonus.jpg 1000w, https:\/\/www.kasinobonus.ai\/wp-content\/uploads\/2025\/07\/200-Einzahlungsbonus-300x200.jpg 300w, https:\/\/www.kasinobonus.ai\/wp-content\/uploads\/2025\/07\/200-Einzahlungsbonus-768x511.jpg 768w, https:\/\/www.kasinobonus.ai\/wp-content\/uploads\/2025\/07\/200-Einzahlungsbonus-110x73.jpg 110w, https:\/\/www.kasinobonus.ai\/wp-content\/uploads\/2025\/07\/200-Einzahlungsbonus-575x383.jpg 575w\" sizes=\"(max-width: 1000px) 100vw, 1000px\" \/><\/figure>\n\n\n\n<h2 class=\"wp-block-heading\">Wie genau nehmen wir Casinos unter die Lupe?<\/h2>\n\n\n\n<p>Wenn ich Casinos mit einem 200% Einzahlungsbonus bewerte, achte ich darauf, dass sie die h\u00f6chsten Standards der Branche erf\u00fcllen. Der erste und wichtigste Faktor ist die Lizenzierung. Vom UKGC lizenzierte Seiten garantieren Sicherheit und Fairness f\u00fcr die Spieler. Dar\u00fcber hinaus analysiere ich die Bonusbedingungen, wie z.B. die Wettanforderungen, die Ablaufzeiten und die H\u00f6he der Eins\u00e4tze, um sicher zu sein, dass das Angebot spielerfreundlich ist &#8211; und dass Du eine Chance auf eine Auszahlung Deiner Gewinne hast!<\/p>\n\n\n\n<h2 class=\"wp-block-heading\">Wie Du das Beste aus einem 200% Einzahlungsbonus herausholst<\/h2>\n\n\n\n<p>Mit einem <a href=\"https:\/\/www.kasinobonus.ai\/de\/einzahlungsbonus\/\">Einzahlungsbonus<\/a> von 200 % erh\u00e4ltst Du zwar das Dreifache Deiner ersten Einzahlung, aber es ist wichtig, dass Du Dich nicht verr\u00fcckt machen l\u00e4sst. Im Idealfall h\u00e4ltst Du Dich an deine normalen Wetteins\u00e4tze, auch wenn Du diese zur Erf\u00fcllung der Umsatzbedingungen vielleicht um etwa 20 % erh\u00f6hen solltest.<\/p>\n\n\n\n<p>Du solltest auch versuchen, Slots mit h\u00f6heren RTPs zu w\u00e4hlen. Je l\u00e4nger Du spielst, desto h\u00f6her sind deine Gewinnchancen. Au\u00dferdem solltest Du Spiele mit progressiven Jackpots und Casino-Tischspiele meiden. Die meisten Online Casinos schlie\u00dfen diese Spiele von Bonusangeboten aus.<\/p>\n\n\n\n<h2 class=\"wp-block-heading\">Vor- und Nachteile<\/h2>\n\n\n\n<figure class=\"wp-block-image size-full\"><img decoding=\"async\" width=\"1000\" height=\"666\" src=\"https:\/\/www.kasinobonus.ai\/wp-content\/uploads\/2025\/06\/KB-Einzahlungsbonus.jpg\" alt=\"Einzahlungsbonus\" class=\"wp-image-30192\" srcset=\"https:\/\/www.kasinobonus.ai\/wp-content\/uploads\/2025\/06\/KB-Einzahlungsbonus.jpg 1000w, https:\/\/www.kasinobonus.ai\/wp-content\/uploads\/2025\/06\/KB-Einzahlungsbonus-300x200.jpg 300w, https:\/\/www.kasinobonus.ai\/wp-content\/uploads\/2025\/06\/KB-Einzahlungsbonus-768x511.jpg 768w, https:\/\/www.kasinobonus.ai\/wp-content\/uploads\/2025\/06\/KB-Einzahlungsbonus-110x73.jpg 110w, https:\/\/www.kasinobonus.ai\/wp-content\/uploads\/2025\/06\/KB-Einzahlungsbonus-575x383.jpg 575w\" sizes=\"(max-width: 1000px) 100vw, 1000px\" \/><\/figure>\n\n\n\n<div class=\"wp-block-columns is-layout-flex wp-container-core-columns-is-layout-28f84493 wp-block-columns-is-layout-flex\">\n<div class=\"wp-block-column is-layout-flow wp-block-column-is-layout-flow\">\n<h3 class=\"wp-block-heading\">\u2705 Vorteile<\/h3>\n\n\n\n<ul class=\"wp-block-list\">\n<li>\u2705 Im Vergleich zu Angeboten ohne Einzahlung werden bei uns h\u00f6here Bonusbetr\u00e4ge gew\u00e4hrt.<\/li>\n\n\n\n<li>\u2705 Erm\u00f6glicht den Zugang zu Willkommenspaketen und VIP-Vorteilen.<\/li>\n\n\n\n<li>\u2705 Bonusgelder und Freispiele sind in der Regel Teil des Angebots.<\/li>\n\n\n\n<li>\u2705 F\u00fcr Spieler, die bereits eine Einzahlung planen hervorragend.<\/li>\n\n\n\n<li>\u2705 Weitreichende Akzeptanz in den meisten Online-Casinos.<\/li>\n<\/ul>\n<\/div>\n\n\n\n<div class=\"wp-block-column is-layout-flow wp-block-column-is-layout-flow\">\n<h3 class=\"wp-block-heading\">\u274c Nachteile:<\/h3>\n\n\n\n<ul class=\"wp-block-list\">\n<li>\u274c Mit Umsatzbedingungen verbunden (manchmal 30x\u201350x).<\/li>\n\n\n\n<li>\u274c Bonusgelder k\u00f6nnen gesperrt sein, bis die Bedingungen erf\u00fcllt sind.<\/li>\n\n\n\n<li>\u274c Einige Spiele sind vom Bonusspiel ausgeschlossen.<\/li>\n\n\n\n<li>\u274c W\u00e4hrend der Inanspruchnahme des Bonus k\u00f6nnen Obergrenzen f\u00fcr den Einsatz gelten.<\/li>\n\n\n\n<li>\u274c Auszahlungen sind in vielen F\u00e4llen erst m\u00f6glich, nachdem der Bonus freigespielt wurde.<\/li>\n<\/ul>\n<\/div>\n<\/div>\n\n\n\n<h2 class=\"wp-block-heading\">Beste Einzahlungsboni in Deutschland<\/h2>\n\n\n\n<figure class=\"wp-block-table\"><table class=\"has-fixed-layout\"><thead><tr><th>Casino<\/th><th>Bonus<\/th><th>Bedingungen<\/th><th>Bonuscode<\/th><th>Link<\/th><\/tr><\/thead><tbody><tr><td>FatPirate<\/td><td>100\u202f% bis zu 500\u202f\u20ac + 200 Freispiele<\/td><td>Willkommensbonus<\/td><td>\u2013<\/td><td><a href=\"https:\/\/www.kasinobonus.ai\/go\/fatpirate\">Jetzt spielen<\/a><\/td><\/tr><tr><td>Casinolab<\/td><td>100\u202f% bis zu 500\u202f\u20ac + 200 Freispiele + 1 Bonus Crab<\/td><td>Willkommensbonus<\/td><td>\u2013<\/td><td><a href=\"https:\/\/www.kasinobonus.ai\/go\/Casinolab\">Jetzt spielen<\/a><\/td><\/tr><tr><td>BC Game<\/td><td>Bis zu 470\u202f% Einzahlungsbonus + 400 Freispiele<\/td><td>Krypto-Zahlungen, kein OASIS<\/td><td>\u2013<\/td><td><a href=\"https:\/\/www.kasinobonus.ai\/go\/bcgame-de\/\">Jetzt spielen<\/a><\/td><\/tr><tr><td>Kingmaker<\/td><td>50 Freispiele am Royal Fortune Wheel + 100\u202f% bis zu 500\u202f\u20ac<\/td><td>Ohne OASIS<\/td><td>\u2013<\/td><td><a href=\"https:\/\/kasinobonus.i\/go\/kingmaker\/\">Jetzt spielen<\/a><\/td><\/tr><tr><td>Ninecasino<\/td><td>20 Freispiele \u2013 ohne Einzahlung + 100\u202f% bis zu 150\u202f\u20ac + 150 Freispiele<\/td><td>Kein Deposit + Einzahlungsbonus<\/td><td>20BLITZ1<\/td><td><a href=\"https:\/\/www.kasinobonus.ai\/go\/ninecasino\">Jetzt spielen<\/a><\/td><\/tr><\/tbody><\/table><\/figure>\n\n\n\n<h2 class=\"wp-block-heading\">Ressourcen f\u00fcr verantwortungsbewusstes Gl\u00fccksspiel<\/h2>\n\n\n\n<ul class=\"wp-block-list\">\n<li><a class=\"\" href=\"https:\/\/gluecksspiel-behoerde.de\">https:\/\/gluecksspiel-behoerde.de<\/a><\/li>\n\n\n\n<li><a class=\"\" href=\"https:\/\/www.check-dein-spiel.de\">https:\/\/www.check-dein-spiel.de<\/a><\/li>\n\n\n\n<li><a>https:\/\/gluecksspiel.uni-hohenheim.de<\/a><\/li>\n<\/ul>\n","protected":false},"excerpt":{"rendered":"<p>200% einzahlungsbonus in Deutschland 200 %-Einzahlungsboni sind in Deutschland vielleicht nicht mehr so h\u00e4ufig wie in der Vergangenheit, aber wenn man wei\u00df, wo man hinschauen muss, findet man sie nach wie vor. Ein Einzahlungsbonus in H\u00f6he von 200 % bedeutet, dass das Casino den Betrag, den Du eingezahlt hast, praktisch verdreifacht! Wenn Du zum Beispiel [&hellip;]<\/p>\n","protected":false},"author":1,"featured_media":11140,"parent":0,"menu_order":0,"comment_status":"open","ping_status":"closed","template":"","meta":{"inline_featured_image":false,"footnotes":""},"class_list":["post-9086","page","type-page","status-publish","has-post-thumbnail","hentry"],"yoast_head":"<!-- This site is optimized with the Yoast SEO plugin v24.5 - https:\/\/yoast.com\/wordpress\/plugins\/seo\/ -->\n<title>200% Casino Bonus | Einzahlungsbonus in Deutschland (2025) - www.kasinobonus.ai<\/title>\n<meta name=\"description\" content=\"W\u00e4hle das beste Casino aus und schnappe dir einen 200% Einzahlungsbonus \u2013 verdreifache dein Spielgeld sofort!\" \/>\n<meta name=\"robots\" content=\"index, follow, max-snippet:-1, max-image-preview:large, max-video-preview:-1\" \/>\n<link rel=\"canonical\" href=\"https:\/\/www.kasinobonus.ai\/de\/200-einzahlungsbonus\/\" \/>\n<script type=\"application\/ld+json\" class=\"yoast-schema-graph\">{\"@context\":\"https:\/\/schema.org\",\"@graph\":[{\"@type\":\"WebPage\",\"@id\":\"https:\/\/www.kasinobonus.ai\/de\/200-einzahlungsbonus\/\",\"url\":\"https:\/\/www.kasinobonus.ai\/de\/200-einzahlungsbonus\/\",\"name\":\"200% Casino Bonus | Einzahlungsbonus in Deutschland (2025) - www.kasinobonus.ai\",\"isPartOf\":{\"@id\":\"https:\/\/www.kasinobonus.ai\/de\/#website\"},\"primaryImageOfPage\":{\"@id\":\"https:\/\/www.kasinobonus.ai\/de\/200-einzahlungsbonus\/#primaryimage\"},\"image\":{\"@id\":\"https:\/\/www.kasinobonus.ai\/de\/200-einzahlungsbonus\/#primaryimage\"},\"thumbnailUrl\":\"https:\/\/www.kasinobonus.ai\/wp-content\/uploads\/2023\/12\/200_einzahlungsbonus.jpg\",\"datePublished\":\"2023-08-29T13:58:06+00:00\",\"dateModified\":\"2025-07-11T13:33:37+00:00\",\"description\":\"W\u00e4hle das beste Casino aus und schnappe dir einen 200% Einzahlungsbonus \u2013 verdreifache dein Spielgeld sofort!\",\"breadcrumb\":{\"@id\":\"https:\/\/www.kasinobonus.ai\/de\/200-einzahlungsbonus\/#breadcrumb\"},\"inLanguage\":\"de\",\"potentialAction\":[{\"@type\":\"ReadAction\",\"target\":[\"https:\/\/www.kasinobonus.ai\/de\/200-einzahlungsbonus\/\"]}]},{\"@type\":\"ImageObject\",\"inLanguage\":\"de\",\"@id\":\"https:\/\/www.kasinobonus.ai\/de\/200-einzahlungsbonus\/#primaryimage\",\"url\":\"https:\/\/www.kasinobonus.ai\/wp-content\/uploads\/2023\/12\/200_einzahlungsbonus.jpg\",\"contentUrl\":\"https:\/\/www.kasinobonus.ai\/wp-content\/uploads\/2023\/12\/200_einzahlungsbonus.jpg\",\"width\":1200,\"height\":628,\"caption\":\"200 einzahlungsbonus\"},{\"@type\":\"BreadcrumbList\",\"@id\":\"https:\/\/www.kasinobonus.ai\/de\/200-einzahlungsbonus\/#breadcrumb\",\"itemListElement\":[{\"@type\":\"ListItem\",\"position\":1,\"name\":\"Home\",\"item\":\"https:\/\/kasinobonus.ai\/de\/\"},{\"@type\":\"ListItem\",\"position\":2,\"name\":\"200% Einzahlungsbonus\"}]},{\"@type\":\"WebSite\",\"@id\":\"https:\/\/www.kasinobonus.ai\/de\/#website\",\"url\":\"https:\/\/www.kasinobonus.ai\/de\/\",\"name\":\"www.kasinobonus.ai\",\"description\":\"\",\"publisher\":{\"@id\":\"https:\/\/www.kasinobonus.ai\/de\/#organization\"},\"potentialAction\":[{\"@type\":\"SearchAction\",\"target\":{\"@type\":\"EntryPoint\",\"urlTemplate\":\"https:\/\/www.kasinobonus.ai\/de\/?s={search_term_string}\"},\"query-input\":{\"@type\":\"PropertyValueSpecification\",\"valueRequired\":true,\"valueName\":\"search_term_string\"}}],\"inLanguage\":\"de\"},{\"@type\":\"Organization\",\"@id\":\"https:\/\/www.kasinobonus.ai\/de\/#organization\",\"name\":\"KasinoBonus\",\"alternateName\":\"KasinoBonusAI\",\"url\":\"https:\/\/www.kasinobonus.ai\/de\/\",\"logo\":{\"@type\":\"ImageObject\",\"inLanguage\":\"de\",\"@id\":\"https:\/\/www.kasinobonus.ai\/de\/#\/schema\/logo\/image\/\",\"url\":\"https:\/\/www.kasinobonus.ai\/wp-content\/uploads\/2023\/09\/kasinobonus-logo-light.png\",\"contentUrl\":\"https:\/\/www.kasinobonus.ai\/wp-content\/uploads\/2023\/09\/kasinobonus-logo-light.png\",\"width\":3200,\"height\":596,\"caption\":\"KasinoBonus\"},\"image\":{\"@id\":\"https:\/\/www.kasinobonus.ai\/de\/#\/schema\/logo\/image\/\"},\"sameAs\":[\"https:\/\/www.facebook.com\/kasinobonusio\/\",\"https:\/\/x.com\/Kasinobonus_io\",\"https:\/\/www.linkedin.com\/in\/matti-slotte-26612033b\",\"http:\/\/kasinobonus.wikidot.com\/system:welcome\",\"https:\/\/www.trustpilot.com\/review\/www.kasinobonus.ai\",\"https:\/\/orcid.org\/0009-0007-2889-1713\",\"https:\/\/en.everybodywiki.com\/Matti_Slotte\",\"https:\/\/www.immuniweb.com\/ssl\/kasinobonus.ai\/M4lqCqYY\/\"]}]}<\/script>\n<!-- \/ Yoast SEO plugin. -->","yoast_head_json":{"title":"200% Casino Bonus | Einzahlungsbonus in Deutschland (2025) - www.kasinobonus.ai","description":"W\u00e4hle das beste Casino aus und schnappe dir einen 200% Einzahlungsbonus \u2013 verdreifache dein Spielgeld sofort!","robots":{"index":"index","follow":"follow","max-snippet":"max-snippet:-1","max-image-preview":"max-image-preview:large","max-video-preview":"max-video-preview:-1"},"canonical":"https:\/\/www.kasinobonus.ai\/de\/200-einzahlungsbonus\/","schema":{"@context":"https:\/\/schema.org","@graph":[{"@type":"WebPage","@id":"https:\/\/www.kasinobonus.ai\/de\/200-einzahlungsbonus\/","url":"https:\/\/www.kasinobonus.ai\/de\/200-einzahlungsbonus\/","name":"200% Casino Bonus | Einzahlungsbonus in Deutschland (2025) - www.kasinobonus.ai","isPartOf":{"@id":"https:\/\/www.kasinobonus.ai\/de\/#website"},"primaryImageOfPage":{"@id":"https:\/\/www.kasinobonus.ai\/de\/200-einzahlungsbonus\/#primaryimage"},"image":{"@id":"https:\/\/www.kasinobonus.ai\/de\/200-einzahlungsbonus\/#primaryimage"},"thumbnailUrl":"https:\/\/www.kasinobonus.ai\/wp-content\/uploads\/2023\/12\/200_einzahlungsbonus.jpg","datePublished":"2023-08-29T13:58:06+00:00","dateModified":"2025-07-11T13:33:37+00:00","description":"W\u00e4hle das beste Casino aus und schnappe dir einen 200% Einzahlungsbonus \u2013 verdreifache dein Spielgeld sofort!","breadcrumb":{"@id":"https:\/\/www.kasinobonus.ai\/de\/200-einzahlungsbonus\/#breadcrumb"},"inLanguage":"de","potentialAction":[{"@type":"ReadAction","target":["https:\/\/www.kasinobonus.ai\/de\/200-einzahlungsbonus\/"]}]},{"@type":"ImageObject","inLanguage":"de","@id":"https:\/\/www.kasinobonus.ai\/de\/200-einzahlungsbonus\/#primaryimage","url":"https:\/\/www.kasinobonus.ai\/wp-content\/uploads\/2023\/12\/200_einzahlungsbonus.jpg","contentUrl":"https:\/\/www.kasinobonus.ai\/wp-content\/uploads\/2023\/12\/200_einzahlungsbonus.jpg","width":1200,"height":628,"caption":"200 einzahlungsbonus"},{"@type":"BreadcrumbList","@id":"https:\/\/www.kasinobonus.ai\/de\/200-einzahlungsbonus\/#breadcrumb","itemListElement":[{"@type":"ListItem","position":1,"name":"Home","item":"https:\/\/kasinobonus.ai\/de\/"},{"@type":"ListItem","position":2,"name":"200% Einzahlungsbonus"}]},{"@type":"WebSite","@id":"https:\/\/www.kasinobonus.ai\/de\/#website","url":"https:\/\/www.kasinobonus.ai\/de\/","name":"www.kasinobonus.ai","description":"","publisher":{"@id":"https:\/\/www.kasinobonus.ai\/de\/#organization"},"potentialAction":[{"@type":"SearchAction","target":{"@type":"EntryPoint","urlTemplate":"https:\/\/www.kasinobonus.ai\/de\/?s={search_term_string}"},"query-input":{"@type":"PropertyValueSpecification","valueRequired":true,"valueName":"search_term_string"}}],"inLanguage":"de"},{"@type":"Organization","@id":"https:\/\/www.kasinobonus.ai\/de\/#organization","name":"KasinoBonus","alternateName":"KasinoBonusAI","url":"https:\/\/www.kasinobonus.ai\/de\/","logo":{"@type":"ImageObject","inLanguage":"de","@id":"https:\/\/www.kasinobonus.ai\/de\/#\/schema\/logo\/image\/","url":"https:\/\/www.kasinobonus.ai\/wp-content\/uploads\/2023\/09\/kasinobonus-logo-light.png","contentUrl":"https:\/\/www.kasinobonus.ai\/wp-content\/uploads\/2023\/09\/kasinobonus-logo-light.png","width":3200,"height":596,"caption":"KasinoBonus"},"image":{"@id":"https:\/\/www.kasinobonus.ai\/de\/#\/schema\/logo\/image\/"},"sameAs":["https:\/\/www.facebook.com\/kasinobonusio\/","https:\/\/x.com\/Kasinobonus_io","https:\/\/www.linkedin.com\/in\/matti-slotte-26612033b","http:\/\/kasinobonus.wikidot.com\/system:welcome","https:\/\/www.trustpilot.com\/review\/www.kasinobonus.ai","https:\/\/orcid.org\/0009-0007-2889-1713","https:\/\/en.everybodywiki.com\/Matti_Slotte","https:\/\/www.immuniweb.com\/ssl\/kasinobonus.ai\/M4lqCqYY\/"]}]}},"_links":{"self":[{"href":"https:\/\/www.kasinobonus.ai\/de\/wp-json\/wp\/v2\/pages\/9086","targetHints":{"allow":["GET"]}}],"collection":[{"href":"https:\/\/www.kasinobonus.ai\/de\/wp-json\/wp\/v2\/pages"}],"about":[{"href":"https:\/\/www.kasinobonus.ai\/de\/wp-json\/wp\/v2\/types\/page"}],"author":[{"embeddable":true,"href":"https:\/\/www.kasinobonus.ai\/de\/wp-json\/wp\/v2\/users\/1"}],"replies":[{"embeddable":true,"href":"https:\/\/www.kasinobonus.ai\/de\/wp-json\/wp\/v2\/comments?post=9086"}],"version-history":[{"count":4,"href":"https:\/\/www.kasinobonus.ai\/de\/wp-json\/wp\/v2\/pages\/9086\/revisions"}],"predecessor-version":[{"id":31739,"href":"https:\/\/www.kasinobonus.ai\/de\/wp-json\/wp\/v2\/pages\/9086\/revisions\/31739"}],"wp:featuredmedia":[{"embeddable":true,"href":"https:\/\/www.kasinobonus.ai\/de\/wp-json\/wp\/v2\/media\/11140"}],"wp:attachment":[{"href":"https:\/\/www.kasinobonus.ai\/de\/wp-json\/wp\/v2\/media?parent=9086"}],"curies":[{"name":"wp","href":"https:\/\/api.w.org\/{rel}","templated":true}]}}