{"id":9079,"date":"2023-08-29T13:58:19","date_gmt":"2023-08-29T13:58:19","guid":{"rendered":"http:\/\/kasinobonus.ai.dedivirt842.your-server.de\/300-talletusbonus\/"},"modified":"2025-07-11T13:34:02","modified_gmt":"2025-07-11T13:34:02","slug":"300-einzahlungsbonus","status":"publish","type":"page","link":"https:\/\/www.kasinobonus.ai\/de\/300-einzahlungsbonus\/","title":{"rendered":"300% Einzahlungsbonus"},"content":{"rendered":"\n<h1 class=\"wp-block-heading\">300% einzahlungsbonus in Deutschland<\/h1>\n\n\n\n<p>Einer der gr\u00f6\u00dften Boni, die Du finden kannst, ist der 300% casino einzahlungsbonus. Er bietet Dir einen satten 300% Bonus auf deine Einzahlung! Das bedeutet, dass Du am Ende das Vierfache von dem bekommst, was Du urspr\u00fcnglich eingezahlt hast &#8211; eine gute Wahl f\u00fcr Spieler, die ihr Geld maximieren und ihre Sessions verl\u00e4ngern m\u00f6chten.<\/p>\n\n\n\n<p>Wie der 300% Einzahlungsbonus funktioniert, wo Du ihn findest und warum er sich lohnt, erf\u00e4hrst Du in diesem Leitfaden.<\/p>\n\n\n\n<h2 class=\"wp-block-heading\">Casinos, die 300% einzahlungsbonus anbieten 2025<\/h2>\n\n\n\n<p>Wie der Name schon sagt, erh\u00f6ht der 300% Einzahlungsbonus deine Einzahlung um&#8230; 300%! Das hei\u00dft, wenn Du zum Beispiel eine Einzahlung von 10 \u20ac machst, bekommst Du 30 \u20ac als Bonus auf Dein Konto gutgeschrieben und Dein Gesamtguthaben erh\u00f6ht sich dadurch auf 40 \u20ac! Klingt gut? Dann schau Dir doch einfach die von mir empfohlenen Casinos weiter unten an, in denen Du diesen Bonus bekommen kannst:<\/p>\n\n\n<p>[brand_table template=&#8220;table_style_1.php&#8220; country=&#8220;DE&#8220; bonus=&#8220;&#8220;]<\/p>\n\n\n\n<p>Sobald Du Dich f\u00fcr ein Casino entschieden hast, schaltest Du mit einer qualifizierenden Einzahlung Deinen 300%-Match-Bonus frei und hast damit jede Menge zus\u00e4tzliches Geld zur Verf\u00fcgung!<\/p>\n\n\n\n<figure class=\"wp-block-image size-full\"><img decoding=\"async\" width=\"1000\" height=\"666\" src=\"https:\/\/www.kasinobonus.ai\/wp-content\/uploads\/2025\/07\/300-Einzahlungsbonus.jpg\" alt=\"% Einzahlungsbonus\" class=\"wp-image-31740\" srcset=\"https:\/\/www.kasinobonus.ai\/wp-content\/uploads\/2025\/07\/300-Einzahlungsbonus.jpg 1000w, https:\/\/www.kasinobonus.ai\/wp-content\/uploads\/2025\/07\/300-Einzahlungsbonus-300x200.jpg 300w, https:\/\/www.kasinobonus.ai\/wp-content\/uploads\/2025\/07\/300-Einzahlungsbonus-768x511.jpg 768w, https:\/\/www.kasinobonus.ai\/wp-content\/uploads\/2025\/07\/300-Einzahlungsbonus-110x73.jpg 110w, https:\/\/www.kasinobonus.ai\/wp-content\/uploads\/2025\/07\/300-Einzahlungsbonus-575x383.jpg 575w\" sizes=\"(max-width: 1000px) 100vw, 1000px\" \/><\/figure>\n\n\n\n<h2 class=\"wp-block-heading\">Wie genau nehmen wir Casinos unter die Lupe?<\/h2>\n\n\n\n<p>Wenn mein Team und ich Online Casinos \u00fcberpr\u00fcfen, die einen 300%-Bonus anbieten, achten wir auf verschiedene Faktoren. Zum einen stellen wir sicher, dass sie ordnungsgem\u00e4\u00df lizenziert sind &#8211; ohne eine Online-Gl\u00fccksspiel-Lizenz kannst Du nicht wissen, ob sie Dir deine Gewinne auszahlen werden oder ob die Spiele, die sie anbieten, fair sind! Dann testen und \u00fcberpr\u00fcfen wir hier bei KasinoBonus alle Casinos pers\u00f6nlich &#8211; so k\u00f6nnen wir Dir direkt \u00fcber Dinge wie Auszahlungsgeschwindigkeit, Kundensupport und Einzahlungsm\u00f6glichkeiten berichten.<\/p>\n\n\n\n<h2 class=\"wp-block-heading\">Warum einen 300% Einzahlungsbonus beanspruchen?<\/h2>\n\n\n\n<p>Ein <a href=\"https:\/\/www.kasinobonus.ai\/de\/einzahlungsbonus\/\">Einzahlungsbonus<\/a> in H\u00f6he von 300 % klingt vielleicht zu gut, um wahr zu sein, aber wenn Du ihn in einem Casino mit fairen Bedingungen und einer gro\u00dfen Auswahl an Spielen in Anspruch nimmst, kann er Dir ein au\u00dfergew\u00f6hnlich gutes Preis-Leistungs-Verh\u00e4ltnis bieten.<\/p>\n\n\n\n<p>Mit einer solchen Aktion erh\u00e4ltst Du ein riesiges Startguthaben, mit dem Du verschiedene Spiele ausprobieren, mit Wettstrategien experimentieren und l\u00e4nger spielen kannst &#8211; ohne zus\u00e4tzliches Risiko! Ohne viel eigenes Geld zu riskieren, ist es auch eine gute M\u00f6glichkeit, ein neues Casino auszuprobieren!<\/p>\n\n\n\n<h2 class=\"wp-block-heading\">Vor- und Nachteile<\/h2>\n\n\n\n<figure class=\"wp-block-image size-full\"><img decoding=\"async\" width=\"1000\" height=\"666\" src=\"https:\/\/www.kasinobonus.ai\/wp-content\/uploads\/2025\/06\/KB-Einzahlungsbonus.jpg\" alt=\"Einzahlungsbonus\" class=\"wp-image-30192\" srcset=\"https:\/\/www.kasinobonus.ai\/wp-content\/uploads\/2025\/06\/KB-Einzahlungsbonus.jpg 1000w, https:\/\/www.kasinobonus.ai\/wp-content\/uploads\/2025\/06\/KB-Einzahlungsbonus-300x200.jpg 300w, https:\/\/www.kasinobonus.ai\/wp-content\/uploads\/2025\/06\/KB-Einzahlungsbonus-768x511.jpg 768w, https:\/\/www.kasinobonus.ai\/wp-content\/uploads\/2025\/06\/KB-Einzahlungsbonus-110x73.jpg 110w, https:\/\/www.kasinobonus.ai\/wp-content\/uploads\/2025\/06\/KB-Einzahlungsbonus-575x383.jpg 575w\" sizes=\"(max-width: 1000px) 100vw, 1000px\" \/><\/figure>\n\n\n\n<div class=\"wp-block-columns is-layout-flex wp-container-core-columns-is-layout-28f84493 wp-block-columns-is-layout-flex\">\n<div class=\"wp-block-column is-layout-flow wp-block-column-is-layout-flow\">\n<h3 class=\"wp-block-heading\">\u2705 Vorteile<\/h3>\n\n\n\n<ul class=\"wp-block-list\">\n<li>\u2705 Im Vergleich zu Angeboten ohne Einzahlung werden bei uns h\u00f6here Bonusbetr\u00e4ge gew\u00e4hrt.<\/li>\n\n\n\n<li>\u2705 Erm\u00f6glicht den Zugang zu Willkommenspaketen und VIP-Vorteilen.<\/li>\n\n\n\n<li>\u2705 Bonusgelder und Freispiele sind in der Regel Teil des Angebots.<\/li>\n\n\n\n<li>\u2705 F\u00fcr Spieler, die bereits eine Einzahlung planen hervorragend.<\/li>\n\n\n\n<li>\u2705 Weitreichende Akzeptanz in den meisten Online-Casinos.<\/li>\n<\/ul>\n<\/div>\n\n\n\n<div class=\"wp-block-column is-layout-flow wp-block-column-is-layout-flow\">\n<h3 class=\"wp-block-heading\">\u274c Nachteile:<\/h3>\n\n\n\n<ul class=\"wp-block-list\">\n<li>\u274c Mit Umsatzbedingungen verbunden (manchmal 30x\u201350x).<\/li>\n\n\n\n<li>\u274c Bonusgelder k\u00f6nnen gesperrt sein, bis die Bedingungen erf\u00fcllt sind.<\/li>\n\n\n\n<li>\u274c Einige Spiele sind vom Bonusspiel ausgeschlossen.<\/li>\n\n\n\n<li>\u274c W\u00e4hrend der Inanspruchnahme des Bonus k\u00f6nnen Obergrenzen f\u00fcr den Einsatz gelten.<\/li>\n\n\n\n<li>\u274c Auszahlungen sind in vielen F\u00e4llen erst m\u00f6glich, nachdem der Bonus freigespielt wurde.<\/li>\n<\/ul>\n<\/div>\n<\/div>\n\n\n\n<h2 class=\"wp-block-heading\">Beste Einzahlungsboni in Deutschland<\/h2>\n\n\n\n<figure class=\"wp-block-table\"><table class=\"has-fixed-layout\"><thead><tr><th>Casino<\/th><th>Bonus<\/th><th>Bedingungen<\/th><th>Bonuscode<\/th><th>Link<\/th><\/tr><\/thead><tbody><tr><td>FatPirate<\/td><td>100\u202f% bis zu 500\u202f\u20ac + 200 Freispiele<\/td><td>Willkommensbonus<\/td><td>\u2013<\/td><td><a href=\"https:\/\/www.kasinobonus.ai\/go\/fatpirate\">Jetzt spielen<\/a><\/td><\/tr><tr><td>Casinolab<\/td><td>100\u202f% bis zu 500\u202f\u20ac + 200 Freispiele + 1 Bonus Crab<\/td><td>Willkommensbonus<\/td><td>\u2013<\/td><td><a href=\"https:\/\/www.kasinobonus.ai\/go\/Casinolab\">Jetzt spielen<\/a><\/td><\/tr><tr><td>BC Game<\/td><td>Bis zu 470\u202f% Einzahlungsbonus + 400 Freispiele<\/td><td>Krypto-Zahlungen, kein OASIS<\/td><td>\u2013<\/td><td><a href=\"https:\/\/www.kasinobonus.ai\/go\/bcgame-de\/\">Jetzt spielen<\/a><\/td><\/tr><tr><td>Kingmaker<\/td><td>50 Freispiele am Royal Fortune Wheel + 100\u202f% bis zu 500\u202f\u20ac<\/td><td>Ohne OASIS<\/td><td>\u2013<\/td><td><a href=\"https:\/\/kasinobonus.i\/go\/kingmaker\/\">Jetzt spielen<\/a><\/td><\/tr><tr><td>Ninecasino<\/td><td>20 Freispiele \u2013 ohne Einzahlung + 100\u202f% bis zu 150\u202f\u20ac + 150 Freispiele<\/td><td>Kein Deposit + Einzahlungsbonus<\/td><td>20BLITZ1<\/td><td><a href=\"https:\/\/www.kasinobonus.ai\/go\/ninecasino\">Jetzt spielen<\/a><\/td><\/tr><\/tbody><\/table><\/figure>\n","protected":false},"excerpt":{"rendered":"<p>300% einzahlungsbonus in Deutschland Einer der gr\u00f6\u00dften Boni, die Du finden kannst, ist der 300% casino einzahlungsbonus. Er bietet Dir einen satten 300% Bonus auf deine Einzahlung! Das bedeutet, dass Du am Ende das Vierfache von dem bekommst, was Du urspr\u00fcnglich eingezahlt hast &#8211; eine gute Wahl f\u00fcr Spieler, die ihr Geld maximieren und ihre [&hellip;]<\/p>\n","protected":false},"author":1,"featured_media":11148,"parent":0,"menu_order":0,"comment_status":"open","ping_status":"closed","template":"","meta":{"inline_featured_image":false,"footnotes":""},"class_list":["post-9079","page","type-page","status-publish","has-post-thumbnail","hentry"],"yoast_head":"<!-- This site is optimized with the Yoast SEO plugin v24.5 - https:\/\/yoast.com\/wordpress\/plugins\/seo\/ -->\n<title>300% Casino Bonus | Einzahlungsbonus in Deutschland (2025) - www.kasinobonus.ai<\/title>\n<meta name=\"description\" content=\"W\u00e4hle das Top-Casino und sichere dir deinen 300% Einzahlungsbonus \u2013 vervierfache dein Guthaben sofort!\" \/>\n<meta name=\"robots\" content=\"index, follow, max-snippet:-1, max-image-preview:large, max-video-preview:-1\" \/>\n<link rel=\"canonical\" href=\"https:\/\/www.kasinobonus.ai\/de\/300-einzahlungsbonus\/\" \/>\n<script type=\"application\/ld+json\" class=\"yoast-schema-graph\">{\"@context\":\"https:\/\/schema.org\",\"@graph\":[{\"@type\":\"WebPage\",\"@id\":\"https:\/\/www.kasinobonus.ai\/de\/300-einzahlungsbonus\/\",\"url\":\"https:\/\/www.kasinobonus.ai\/de\/300-einzahlungsbonus\/\",\"name\":\"300% Casino Bonus | Einzahlungsbonus in Deutschland (2025) - www.kasinobonus.ai\",\"isPartOf\":{\"@id\":\"https:\/\/www.kasinobonus.ai\/de\/#website\"},\"primaryImageOfPage\":{\"@id\":\"https:\/\/www.kasinobonus.ai\/de\/300-einzahlungsbonus\/#primaryimage\"},\"image\":{\"@id\":\"https:\/\/www.kasinobonus.ai\/de\/300-einzahlungsbonus\/#primaryimage\"},\"thumbnailUrl\":\"https:\/\/www.kasinobonus.ai\/wp-content\/uploads\/2023\/12\/300_einzahlungsbonus.jpg\",\"datePublished\":\"2023-08-29T13:58:19+00:00\",\"dateModified\":\"2025-07-11T13:34:02+00:00\",\"description\":\"W\u00e4hle das Top-Casino und sichere dir deinen 300% Einzahlungsbonus \u2013 vervierfache dein Guthaben sofort!\",\"breadcrumb\":{\"@id\":\"https:\/\/www.kasinobonus.ai\/de\/300-einzahlungsbonus\/#breadcrumb\"},\"inLanguage\":\"de\",\"potentialAction\":[{\"@type\":\"ReadAction\",\"target\":[\"https:\/\/www.kasinobonus.ai\/de\/300-einzahlungsbonus\/\"]}]},{\"@type\":\"ImageObject\",\"inLanguage\":\"de\",\"@id\":\"https:\/\/www.kasinobonus.ai\/de\/300-einzahlungsbonus\/#primaryimage\",\"url\":\"https:\/\/www.kasinobonus.ai\/wp-content\/uploads\/2023\/12\/300_einzahlungsbonus.jpg\",\"contentUrl\":\"https:\/\/www.kasinobonus.ai\/wp-content\/uploads\/2023\/12\/300_einzahlungsbonus.jpg\",\"width\":1200,\"height\":628,\"caption\":\"300 einzahlungsbonus\"},{\"@type\":\"BreadcrumbList\",\"@id\":\"https:\/\/www.kasinobonus.ai\/de\/300-einzahlungsbonus\/#breadcrumb\",\"itemListElement\":[{\"@type\":\"ListItem\",\"position\":1,\"name\":\"Home\",\"item\":\"https:\/\/kasinobonus.ai\/de\/\"},{\"@type\":\"ListItem\",\"position\":2,\"name\":\"300% Einzahlungsbonus\"}]},{\"@type\":\"WebSite\",\"@id\":\"https:\/\/www.kasinobonus.ai\/de\/#website\",\"url\":\"https:\/\/www.kasinobonus.ai\/de\/\",\"name\":\"www.kasinobonus.ai\",\"description\":\"\",\"publisher\":{\"@id\":\"https:\/\/www.kasinobonus.ai\/de\/#organization\"},\"potentialAction\":[{\"@type\":\"SearchAction\",\"target\":{\"@type\":\"EntryPoint\",\"urlTemplate\":\"https:\/\/www.kasinobonus.ai\/de\/?s={search_term_string}\"},\"query-input\":{\"@type\":\"PropertyValueSpecification\",\"valueRequired\":true,\"valueName\":\"search_term_string\"}}],\"inLanguage\":\"de\"},{\"@type\":\"Organization\",\"@id\":\"https:\/\/www.kasinobonus.ai\/de\/#organization\",\"name\":\"KasinoBonus\",\"alternateName\":\"KasinoBonusAI\",\"url\":\"https:\/\/www.kasinobonus.ai\/de\/\",\"logo\":{\"@type\":\"ImageObject\",\"inLanguage\":\"de\",\"@id\":\"https:\/\/www.kasinobonus.ai\/de\/#\/schema\/logo\/image\/\",\"url\":\"https:\/\/www.kasinobonus.ai\/wp-content\/uploads\/2023\/09\/kasinobonus-logo-light.png\",\"contentUrl\":\"https:\/\/www.kasinobonus.ai\/wp-content\/uploads\/2023\/09\/kasinobonus-logo-light.png\",\"width\":3200,\"height\":596,\"caption\":\"KasinoBonus\"},\"image\":{\"@id\":\"https:\/\/www.kasinobonus.ai\/de\/#\/schema\/logo\/image\/\"},\"sameAs\":[\"https:\/\/www.facebook.com\/kasinobonusio\/\",\"https:\/\/x.com\/Kasinobonus_io\",\"https:\/\/www.linkedin.com\/in\/matti-slotte-26612033b\",\"http:\/\/kasinobonus.wikidot.com\/system:welcome\",\"https:\/\/www.trustpilot.com\/review\/www.kasinobonus.ai\",\"https:\/\/orcid.org\/0009-0007-2889-1713\",\"https:\/\/en.everybodywiki.com\/Matti_Slotte\",\"https:\/\/www.immuniweb.com\/ssl\/kasinobonus.ai\/M4lqCqYY\/\"]}]}<\/script>\n<!-- \/ Yoast SEO plugin. -->","yoast_head_json":{"title":"300% Casino Bonus | Einzahlungsbonus in Deutschland (2025) - www.kasinobonus.ai","description":"W\u00e4hle das Top-Casino und sichere dir deinen 300% Einzahlungsbonus \u2013 vervierfache dein Guthaben sofort!","robots":{"index":"index","follow":"follow","max-snippet":"max-snippet:-1","max-image-preview":"max-image-preview:large","max-video-preview":"max-video-preview:-1"},"canonical":"https:\/\/www.kasinobonus.ai\/de\/300-einzahlungsbonus\/","schema":{"@context":"https:\/\/schema.org","@graph":[{"@type":"WebPage","@id":"https:\/\/www.kasinobonus.ai\/de\/300-einzahlungsbonus\/","url":"https:\/\/www.kasinobonus.ai\/de\/300-einzahlungsbonus\/","name":"300% Casino Bonus | Einzahlungsbonus in Deutschland (2025) - www.kasinobonus.ai","isPartOf":{"@id":"https:\/\/www.kasinobonus.ai\/de\/#website"},"primaryImageOfPage":{"@id":"https:\/\/www.kasinobonus.ai\/de\/300-einzahlungsbonus\/#primaryimage"},"image":{"@id":"https:\/\/www.kasinobonus.ai\/de\/300-einzahlungsbonus\/#primaryimage"},"thumbnailUrl":"https:\/\/www.kasinobonus.ai\/wp-content\/uploads\/2023\/12\/300_einzahlungsbonus.jpg","datePublished":"2023-08-29T13:58:19+00:00","dateModified":"2025-07-11T13:34:02+00:00","description":"W\u00e4hle das Top-Casino und sichere dir deinen 300% Einzahlungsbonus \u2013 vervierfache dein Guthaben sofort!","breadcrumb":{"@id":"https:\/\/www.kasinobonus.ai\/de\/300-einzahlungsbonus\/#breadcrumb"},"inLanguage":"de","potentialAction":[{"@type":"ReadAction","target":["https:\/\/www.kasinobonus.ai\/de\/300-einzahlungsbonus\/"]}]},{"@type":"ImageObject","inLanguage":"de","@id":"https:\/\/www.kasinobonus.ai\/de\/300-einzahlungsbonus\/#primaryimage","url":"https:\/\/www.kasinobonus.ai\/wp-content\/uploads\/2023\/12\/300_einzahlungsbonus.jpg","contentUrl":"https:\/\/www.kasinobonus.ai\/wp-content\/uploads\/2023\/12\/300_einzahlungsbonus.jpg","width":1200,"height":628,"caption":"300 einzahlungsbonus"},{"@type":"BreadcrumbList","@id":"https:\/\/www.kasinobonus.ai\/de\/300-einzahlungsbonus\/#breadcrumb","itemListElement":[{"@type":"ListItem","position":1,"name":"Home","item":"https:\/\/kasinobonus.ai\/de\/"},{"@type":"ListItem","position":2,"name":"300% Einzahlungsbonus"}]},{"@type":"WebSite","@id":"https:\/\/www.kasinobonus.ai\/de\/#website","url":"https:\/\/www.kasinobonus.ai\/de\/","name":"www.kasinobonus.ai","description":"","publisher":{"@id":"https:\/\/www.kasinobonus.ai\/de\/#organization"},"potentialAction":[{"@type":"SearchAction","target":{"@type":"EntryPoint","urlTemplate":"https:\/\/www.kasinobonus.ai\/de\/?s={search_term_string}"},"query-input":{"@type":"PropertyValueSpecification","valueRequired":true,"valueName":"search_term_string"}}],"inLanguage":"de"},{"@type":"Organization","@id":"https:\/\/www.kasinobonus.ai\/de\/#organization","name":"KasinoBonus","alternateName":"KasinoBonusAI","url":"https:\/\/www.kasinobonus.ai\/de\/","logo":{"@type":"ImageObject","inLanguage":"de","@id":"https:\/\/www.kasinobonus.ai\/de\/#\/schema\/logo\/image\/","url":"https:\/\/www.kasinobonus.ai\/wp-content\/uploads\/2023\/09\/kasinobonus-logo-light.png","contentUrl":"https:\/\/www.kasinobonus.ai\/wp-content\/uploads\/2023\/09\/kasinobonus-logo-light.png","width":3200,"height":596,"caption":"KasinoBonus"},"image":{"@id":"https:\/\/www.kasinobonus.ai\/de\/#\/schema\/logo\/image\/"},"sameAs":["https:\/\/www.facebook.com\/kasinobonusio\/","https:\/\/x.com\/Kasinobonus_io","https:\/\/www.linkedin.com\/in\/matti-slotte-26612033b","http:\/\/kasinobonus.wikidot.com\/system:welcome","https:\/\/www.trustpilot.com\/review\/www.kasinobonus.ai","https:\/\/orcid.org\/0009-0007-2889-1713","https:\/\/en.everybodywiki.com\/Matti_Slotte","https:\/\/www.immuniweb.com\/ssl\/kasinobonus.ai\/M4lqCqYY\/"]}]}},"_links":{"self":[{"href":"https:\/\/www.kasinobonus.ai\/de\/wp-json\/wp\/v2\/pages\/9079","targetHints":{"allow":["GET"]}}],"collection":[{"href":"https:\/\/www.kasinobonus.ai\/de\/wp-json\/wp\/v2\/pages"}],"about":[{"href":"https:\/\/www.kasinobonus.ai\/de\/wp-json\/wp\/v2\/types\/page"}],"author":[{"embeddable":true,"href":"https:\/\/www.kasinobonus.ai\/de\/wp-json\/wp\/v2\/users\/1"}],"replies":[{"embeddable":true,"href":"https:\/\/www.kasinobonus.ai\/de\/wp-json\/wp\/v2\/comments?post=9079"}],"version-history":[{"count":4,"href":"https:\/\/www.kasinobonus.ai\/de\/wp-json\/wp\/v2\/pages\/9079\/revisions"}],"predecessor-version":[{"id":31748,"href":"https:\/\/www.kasinobonus.ai\/de\/wp-json\/wp\/v2\/pages\/9079\/revisions\/31748"}],"wp:featuredmedia":[{"embeddable":true,"href":"https:\/\/www.kasinobonus.ai\/de\/wp-json\/wp\/v2\/media\/11148"}],"wp:attachment":[{"href":"https:\/\/www.kasinobonus.ai\/de\/wp-json\/wp\/v2\/media?parent=9079"}],"curies":[{"name":"wp","href":"https:\/\/api.w.org\/{rel}","templated":true}]}}