{"id":9065,"date":"2023-08-29T13:58:44","date_gmt":"2023-08-29T13:58:44","guid":{"rendered":"http:\/\/kasinobonus.ai.dedivirt842.your-server.de\/500-talletusbonus\/"},"modified":"2025-07-11T13:34:56","modified_gmt":"2025-07-11T13:34:56","slug":"500-einzahlungsbonus","status":"publish","type":"page","link":"https:\/\/www.kasinobonus.ai\/de\/500-einzahlungsbonus\/","title":{"rendered":"500% Einzahlungsbonus"},"content":{"rendered":"\n<h1 class=\"wp-block-heading\">500% einzahlungsbonus in Deutschland<\/h1>\n\n\n\n<p>500% Einzahlungsboni geh\u00f6ren zu den seltensten &#8211; und wertvollsten &#8211; Bankroll-Boostern, die Du in der Welt des Online-Gl\u00fccksspiels finden kannst: Deine Einzahlung wird f\u00fcnffach als Bonus gutgeschrieben! Wenn Du zum Beispiel \u20ac20 einzahlst, bekommst Du \u20ac120 auf deine Bankroll gutgeschrieben &#8211; und das macht diese Boni f\u00fcr so ziemlich jeden Spielertyp interessant!<\/p>\n\n\n\n<p>Oft sind sie VIPs vorbehalten, aber wenn Du wei\u00dft, wo Du suchen musst, kannst Du sie auch f\u00fcr neue Spieler finden &#8211; und auf dieser Seite zeige ich Dir genau, wo Du diese lukrativen Angebote findest!<\/p>\n\n\n\n<h2 class=\"wp-block-heading\">Casinos, die 500% einzahlungsbonus anbieten 2025<\/h2>\n\n\n\n<p>500% Einzahlungsboni sind selten, aber wenn Du sie findest, k\u00f6nnen sie eine gro\u00dfartige M\u00f6glichkeit sein, Dein Guthaben aufzustocken. Da es sich bei diesen Boni um eine enorme Erh\u00f6hung Deines Guthabens handelt, sind sie nicht so leicht zu finden wie die 100% oder 200% Einzahlungsboni, aber es ist m\u00f6glich, sie zu finden.<\/p>\n\n\n\n<p>Um Dir bei der Suche behilflich zu sein, habe ich eine Liste mit den besten deutschen Casinos mit 500% casino einzahlungsbonus zusammengestellt. Schau Dir meine Empfehlungen unten an:<\/p>\n\n\n<p>[brand_table template=&#8220;table_style_1.php&#8220; country=&#8220;DE&#8220; bonus=&#8220;&#8220;]<\/p>\n\n\n\n<p>Wenn Du Dich f\u00fcr ein Casino entschieden hast, melde Dich an, t\u00e4tige eine Einzahlung und schalte Deinen 500% Bonus frei!<\/p>\n\n\n\n<figure class=\"wp-block-image size-full\"><img decoding=\"async\" width=\"1000\" height=\"666\" src=\"https:\/\/www.kasinobonus.ai\/wp-content\/uploads\/2025\/07\/500-Einzahlungsbonus.jpg\" alt=\"% Einzahlungsbonus\" class=\"wp-image-31759\" srcset=\"https:\/\/www.kasinobonus.ai\/wp-content\/uploads\/2025\/07\/500-Einzahlungsbonus.jpg 1000w, https:\/\/www.kasinobonus.ai\/wp-content\/uploads\/2025\/07\/500-Einzahlungsbonus-300x200.jpg 300w, https:\/\/www.kasinobonus.ai\/wp-content\/uploads\/2025\/07\/500-Einzahlungsbonus-768x511.jpg 768w, https:\/\/www.kasinobonus.ai\/wp-content\/uploads\/2025\/07\/500-Einzahlungsbonus-110x73.jpg 110w, https:\/\/www.kasinobonus.ai\/wp-content\/uploads\/2025\/07\/500-Einzahlungsbonus-575x383.jpg 575w\" sizes=\"(max-width: 1000px) 100vw, 1000px\" \/><\/figure>\n\n\n\n<h2 class=\"wp-block-heading\">Wie genau nehmen wir Casinos unter die Lupe?<\/h2>\n\n\n\n<p>Wenn ich Casinos \u00fcberpr\u00fcfe, die einen 500% Einzahlungsbonus anbieten, achte ich auf eine Reihe von Faktoren. So kann ich sicherstellen, dass die Spieler eine wertvolle und faire Erfahrung machen. Als erstes \u00fcberpr\u00fcfe ich, ob das Casino lizenziert und reguliert ist &#8211; jedes Casino, das eine solche Aktion anbietet, muss \u00fcber eine vollst\u00e4ndige Lizenz verf\u00fcgen und vertrauensw\u00fcrdig erscheinen.<\/p>\n\n\n\n<p>Wenn ich damit zufrieden bin, schaue ich mir die Bonusbedingungen an. Ein <a href=\"https:\/\/www.kasinobonus.ai\/de\/einzahlungsbonus\/\">Einzahlungsbonus<\/a> von 500% h\u00f6rt sich zwar gut an, aber wenn er an l\u00e4cherlich hohe Umsatzbedingungen gekn\u00fcpft ist oder die maximalen Auszahlungslimits sehr niedrig sind, dann macht es wenig Sinn, ihn \u00fcberhaupt in Anspruch zu nehmen! Auch auf Dinge wie Spielvielfalt, Auszahlungsgeschwindigkeit und Kundensupport achte ich.<\/p>\n\n\n\n<h2 class=\"wp-block-heading\">Sind 500% Einzahlungsboni es wert?<\/h2>\n\n\n\n<p>Ein 500% Einzahlungsbonus ist zwar einer der besten Wege, um sein Guthaben aufzustocken, aber nicht f\u00fcr jeden Spieler die beste Wahl. Wenn der Bonus mit fairen Umsatzbedingungen und vern\u00fcnftigen Auszahlungslimits verbunden ist, kann er eine gute Wahl sein.<\/p>\n\n\n\n<p>Der Bonus kann aber auch nicht so gut sein, wenn er mit sehr hohen Umsatzbedingungen, niedrigen maximalen Auszahlungsbetr\u00e4gen oder starken Spielbeschr\u00e4nkungen verbunden ist. Um den bestm\u00f6glichen Bonus zu erhalten, ist es daher wichtig, in einem der Casinos zu spielen, die wir hier bei KasinoBonus empfehlen.<\/p>\n\n\n\n<h2 class=\"wp-block-heading\">Vor- und Nachteile<\/h2>\n\n\n\n<figure class=\"wp-block-image size-full\"><img decoding=\"async\" width=\"1000\" height=\"666\" src=\"https:\/\/www.kasinobonus.ai\/wp-content\/uploads\/2025\/06\/KB-Einzahlungsbonus.jpg\" alt=\"Einzahlungsbonus\" class=\"wp-image-30192\" srcset=\"https:\/\/www.kasinobonus.ai\/wp-content\/uploads\/2025\/06\/KB-Einzahlungsbonus.jpg 1000w, https:\/\/www.kasinobonus.ai\/wp-content\/uploads\/2025\/06\/KB-Einzahlungsbonus-300x200.jpg 300w, https:\/\/www.kasinobonus.ai\/wp-content\/uploads\/2025\/06\/KB-Einzahlungsbonus-768x511.jpg 768w, https:\/\/www.kasinobonus.ai\/wp-content\/uploads\/2025\/06\/KB-Einzahlungsbonus-110x73.jpg 110w, https:\/\/www.kasinobonus.ai\/wp-content\/uploads\/2025\/06\/KB-Einzahlungsbonus-575x383.jpg 575w\" sizes=\"(max-width: 1000px) 100vw, 1000px\" \/><\/figure>\n\n\n\n<div class=\"wp-block-columns is-layout-flex wp-container-core-columns-is-layout-28f84493 wp-block-columns-is-layout-flex\">\n<div class=\"wp-block-column is-layout-flow wp-block-column-is-layout-flow\">\n<h3 class=\"wp-block-heading\">\u2705 Vorteile<\/h3>\n\n\n\n<ul class=\"wp-block-list\">\n<li>\u2705 Im Vergleich zu Angeboten ohne Einzahlung werden bei uns h\u00f6here Bonusbetr\u00e4ge gew\u00e4hrt.<\/li>\n\n\n\n<li>\u2705 Erm\u00f6glicht den Zugang zu Willkommenspaketen und VIP-Vorteilen.<\/li>\n\n\n\n<li>\u2705 Bonusgelder und Freispiele sind in der Regel Teil des Angebots.<\/li>\n\n\n\n<li>\u2705 F\u00fcr Spieler, die bereits eine Einzahlung planen hervorragend.<\/li>\n\n\n\n<li>\u2705 Weitreichende Akzeptanz in den meisten Online-Casinos.<\/li>\n<\/ul>\n<\/div>\n\n\n\n<div class=\"wp-block-column is-layout-flow wp-block-column-is-layout-flow\">\n<h3 class=\"wp-block-heading\">\u274c Nachteile:<\/h3>\n\n\n\n<ul class=\"wp-block-list\">\n<li>\u274c Mit Umsatzbedingungen verbunden (manchmal 30x\u201350x).<\/li>\n\n\n\n<li>\u274c Bonusgelder k\u00f6nnen gesperrt sein, bis die Bedingungen erf\u00fcllt sind.<\/li>\n\n\n\n<li>\u274c Einige Spiele sind vom Bonusspiel ausgeschlossen.<\/li>\n\n\n\n<li>\u274c W\u00e4hrend der Inanspruchnahme des Bonus k\u00f6nnen Obergrenzen f\u00fcr den Einsatz gelten.<\/li>\n\n\n\n<li>\u274c Auszahlungen sind in vielen F\u00e4llen erst m\u00f6glich, nachdem der Bonus freigespielt wurde.<\/li>\n<\/ul>\n<\/div>\n<\/div>\n\n\n\n<h2 class=\"wp-block-heading\">Beste Einzahlungsboni in Deutschland<\/h2>\n\n\n\n<figure class=\"wp-block-table\"><table class=\"has-fixed-layout\"><thead><tr><th>Casino<\/th><th>Bonus<\/th><th>Bedingungen<\/th><th>Bonuscode<\/th><th>Link<\/th><\/tr><\/thead><tbody><tr><td>FatPirate<\/td><td>100\u202f% bis zu 500\u202f\u20ac + 200 Freispiele<\/td><td>Willkommensbonus<\/td><td>\u2013<\/td><td><a href=\"https:\/\/www.kasinobonus.ai\/go\/fatpirate\">Jetzt spielen<\/a><\/td><\/tr><tr><td>Casinolab<\/td><td>100\u202f% bis zu 500\u202f\u20ac + 200 Freispiele + 1 Bonus Crab<\/td><td>Willkommensbonus<\/td><td>\u2013<\/td><td><a href=\"https:\/\/www.kasinobonus.ai\/go\/Casinolab\">Jetzt spielen<\/a><\/td><\/tr><tr><td>BC Game<\/td><td>Bis zu 470\u202f% Einzahlungsbonus + 400 Freispiele<\/td><td>Krypto-Zahlungen, kein OASIS<\/td><td>\u2013<\/td><td><a href=\"https:\/\/www.kasinobonus.ai\/go\/bcgame-de\/\">Jetzt spielen<\/a><\/td><\/tr><tr><td>Kingmaker<\/td><td>50 Freispiele am Royal Fortune Wheel + 100\u202f% bis zu 500\u202f\u20ac<\/td><td>Ohne OASIS<\/td><td>\u2013<\/td><td><a href=\"https:\/\/kasinobonus.i\/go\/kingmaker\/\">Jetzt spielen<\/a><\/td><\/tr><tr><td>Ninecasino<\/td><td>20 Freispiele \u2013 ohne Einzahlung + 100\u202f% bis zu 150\u202f\u20ac + 150 Freispiele<\/td><td>Kein Deposit + Einzahlungsbonus<\/td><td>20BLITZ1<\/td><td><a href=\"https:\/\/www.kasinobonus.ai\/go\/ninecasino\">Jetzt spielen<\/a><\/td><\/tr><\/tbody><\/table><\/figure>\n","protected":false},"excerpt":{"rendered":"<p>500% einzahlungsbonus in Deutschland 500% Einzahlungsboni geh\u00f6ren zu den seltensten &#8211; und wertvollsten &#8211; Bankroll-Boostern, die Du in der Welt des Online-Gl\u00fccksspiels finden kannst: Deine Einzahlung wird f\u00fcnffach als Bonus gutgeschrieben! Wenn Du zum Beispiel \u20ac20 einzahlst, bekommst Du \u20ac120 auf deine Bankroll gutgeschrieben &#8211; und das macht diese Boni f\u00fcr so ziemlich jeden Spielertyp [&hellip;]<\/p>\n","protected":false},"author":1,"featured_media":11184,"parent":0,"menu_order":0,"comment_status":"open","ping_status":"closed","template":"","meta":{"inline_featured_image":false,"footnotes":""},"class_list":["post-9065","page","type-page","status-publish","has-post-thumbnail","hentry"],"yoast_head":"<!-- This site is optimized with the Yoast SEO plugin v24.5 - https:\/\/yoast.com\/wordpress\/plugins\/seo\/ -->\n<title>500% Casino Bonus | Einzahlungsbonus in Deutschland (2025) - www.kasinobonus.ai<\/title>\n<meta name=\"description\" content=\"Der 500% Einzahlungsbonus ist ein besonders attraktives Angebot in der Casino-Welt, das Spielern die M\u00f6glichkeit bietet.\" \/>\n<meta name=\"robots\" content=\"index, follow, max-snippet:-1, max-image-preview:large, max-video-preview:-1\" \/>\n<link rel=\"canonical\" href=\"https:\/\/www.kasinobonus.ai\/de\/500-einzahlungsbonus\/\" \/>\n<script type=\"application\/ld+json\" class=\"yoast-schema-graph\">{\"@context\":\"https:\/\/schema.org\",\"@graph\":[{\"@type\":\"WebPage\",\"@id\":\"https:\/\/www.kasinobonus.ai\/de\/500-einzahlungsbonus\/\",\"url\":\"https:\/\/www.kasinobonus.ai\/de\/500-einzahlungsbonus\/\",\"name\":\"500% Casino Bonus | Einzahlungsbonus in Deutschland (2025) - www.kasinobonus.ai\",\"isPartOf\":{\"@id\":\"https:\/\/www.kasinobonus.ai\/de\/#website\"},\"primaryImageOfPage\":{\"@id\":\"https:\/\/www.kasinobonus.ai\/de\/500-einzahlungsbonus\/#primaryimage\"},\"image\":{\"@id\":\"https:\/\/www.kasinobonus.ai\/de\/500-einzahlungsbonus\/#primaryimage\"},\"thumbnailUrl\":\"https:\/\/www.kasinobonus.ai\/wp-content\/uploads\/2023\/12\/500_einzahlungsbonus.jpg\",\"datePublished\":\"2023-08-29T13:58:44+00:00\",\"dateModified\":\"2025-07-11T13:34:56+00:00\",\"description\":\"Der 500% Einzahlungsbonus ist ein besonders attraktives Angebot in der Casino-Welt, das Spielern die M\u00f6glichkeit bietet.\",\"breadcrumb\":{\"@id\":\"https:\/\/www.kasinobonus.ai\/de\/500-einzahlungsbonus\/#breadcrumb\"},\"inLanguage\":\"de\",\"potentialAction\":[{\"@type\":\"ReadAction\",\"target\":[\"https:\/\/www.kasinobonus.ai\/de\/500-einzahlungsbonus\/\"]}]},{\"@type\":\"ImageObject\",\"inLanguage\":\"de\",\"@id\":\"https:\/\/www.kasinobonus.ai\/de\/500-einzahlungsbonus\/#primaryimage\",\"url\":\"https:\/\/www.kasinobonus.ai\/wp-content\/uploads\/2023\/12\/500_einzahlungsbonus.jpg\",\"contentUrl\":\"https:\/\/www.kasinobonus.ai\/wp-content\/uploads\/2023\/12\/500_einzahlungsbonus.jpg\",\"width\":1200,\"height\":628,\"caption\":\"500 einzahlungsbonus\"},{\"@type\":\"BreadcrumbList\",\"@id\":\"https:\/\/www.kasinobonus.ai\/de\/500-einzahlungsbonus\/#breadcrumb\",\"itemListElement\":[{\"@type\":\"ListItem\",\"position\":1,\"name\":\"Home\",\"item\":\"https:\/\/kasinobonus.ai\/de\/\"},{\"@type\":\"ListItem\",\"position\":2,\"name\":\"500% Einzahlungsbonus\"}]},{\"@type\":\"WebSite\",\"@id\":\"https:\/\/www.kasinobonus.ai\/de\/#website\",\"url\":\"https:\/\/www.kasinobonus.ai\/de\/\",\"name\":\"www.kasinobonus.ai\",\"description\":\"\",\"publisher\":{\"@id\":\"https:\/\/www.kasinobonus.ai\/de\/#organization\"},\"potentialAction\":[{\"@type\":\"SearchAction\",\"target\":{\"@type\":\"EntryPoint\",\"urlTemplate\":\"https:\/\/www.kasinobonus.ai\/de\/?s={search_term_string}\"},\"query-input\":{\"@type\":\"PropertyValueSpecification\",\"valueRequired\":true,\"valueName\":\"search_term_string\"}}],\"inLanguage\":\"de\"},{\"@type\":\"Organization\",\"@id\":\"https:\/\/www.kasinobonus.ai\/de\/#organization\",\"name\":\"KasinoBonus\",\"alternateName\":\"KasinoBonusAI\",\"url\":\"https:\/\/www.kasinobonus.ai\/de\/\",\"logo\":{\"@type\":\"ImageObject\",\"inLanguage\":\"de\",\"@id\":\"https:\/\/www.kasinobonus.ai\/de\/#\/schema\/logo\/image\/\",\"url\":\"https:\/\/www.kasinobonus.ai\/wp-content\/uploads\/2023\/09\/kasinobonus-logo-light.png\",\"contentUrl\":\"https:\/\/www.kasinobonus.ai\/wp-content\/uploads\/2023\/09\/kasinobonus-logo-light.png\",\"width\":3200,\"height\":596,\"caption\":\"KasinoBonus\"},\"image\":{\"@id\":\"https:\/\/www.kasinobonus.ai\/de\/#\/schema\/logo\/image\/\"},\"sameAs\":[\"https:\/\/www.facebook.com\/kasinobonusio\/\",\"https:\/\/x.com\/Kasinobonus_io\",\"https:\/\/www.linkedin.com\/in\/matti-slotte-26612033b\",\"http:\/\/kasinobonus.wikidot.com\/system:welcome\",\"https:\/\/www.trustpilot.com\/review\/www.kasinobonus.ai\",\"https:\/\/orcid.org\/0009-0007-2889-1713\",\"https:\/\/en.everybodywiki.com\/Matti_Slotte\",\"https:\/\/www.immuniweb.com\/ssl\/kasinobonus.ai\/M4lqCqYY\/\"]}]}<\/script>\n<!-- \/ Yoast SEO plugin. -->","yoast_head_json":{"title":"500% Casino Bonus | Einzahlungsbonus in Deutschland (2025) - www.kasinobonus.ai","description":"Der 500% Einzahlungsbonus ist ein besonders attraktives Angebot in der Casino-Welt, das Spielern die M\u00f6glichkeit bietet.","robots":{"index":"index","follow":"follow","max-snippet":"max-snippet:-1","max-image-preview":"max-image-preview:large","max-video-preview":"max-video-preview:-1"},"canonical":"https:\/\/www.kasinobonus.ai\/de\/500-einzahlungsbonus\/","schema":{"@context":"https:\/\/schema.org","@graph":[{"@type":"WebPage","@id":"https:\/\/www.kasinobonus.ai\/de\/500-einzahlungsbonus\/","url":"https:\/\/www.kasinobonus.ai\/de\/500-einzahlungsbonus\/","name":"500% Casino Bonus | Einzahlungsbonus in Deutschland (2025) - www.kasinobonus.ai","isPartOf":{"@id":"https:\/\/www.kasinobonus.ai\/de\/#website"},"primaryImageOfPage":{"@id":"https:\/\/www.kasinobonus.ai\/de\/500-einzahlungsbonus\/#primaryimage"},"image":{"@id":"https:\/\/www.kasinobonus.ai\/de\/500-einzahlungsbonus\/#primaryimage"},"thumbnailUrl":"https:\/\/www.kasinobonus.ai\/wp-content\/uploads\/2023\/12\/500_einzahlungsbonus.jpg","datePublished":"2023-08-29T13:58:44+00:00","dateModified":"2025-07-11T13:34:56+00:00","description":"Der 500% Einzahlungsbonus ist ein besonders attraktives Angebot in der Casino-Welt, das Spielern die M\u00f6glichkeit bietet.","breadcrumb":{"@id":"https:\/\/www.kasinobonus.ai\/de\/500-einzahlungsbonus\/#breadcrumb"},"inLanguage":"de","potentialAction":[{"@type":"ReadAction","target":["https:\/\/www.kasinobonus.ai\/de\/500-einzahlungsbonus\/"]}]},{"@type":"ImageObject","inLanguage":"de","@id":"https:\/\/www.kasinobonus.ai\/de\/500-einzahlungsbonus\/#primaryimage","url":"https:\/\/www.kasinobonus.ai\/wp-content\/uploads\/2023\/12\/500_einzahlungsbonus.jpg","contentUrl":"https:\/\/www.kasinobonus.ai\/wp-content\/uploads\/2023\/12\/500_einzahlungsbonus.jpg","width":1200,"height":628,"caption":"500 einzahlungsbonus"},{"@type":"BreadcrumbList","@id":"https:\/\/www.kasinobonus.ai\/de\/500-einzahlungsbonus\/#breadcrumb","itemListElement":[{"@type":"ListItem","position":1,"name":"Home","item":"https:\/\/kasinobonus.ai\/de\/"},{"@type":"ListItem","position":2,"name":"500% Einzahlungsbonus"}]},{"@type":"WebSite","@id":"https:\/\/www.kasinobonus.ai\/de\/#website","url":"https:\/\/www.kasinobonus.ai\/de\/","name":"www.kasinobonus.ai","description":"","publisher":{"@id":"https:\/\/www.kasinobonus.ai\/de\/#organization"},"potentialAction":[{"@type":"SearchAction","target":{"@type":"EntryPoint","urlTemplate":"https:\/\/www.kasinobonus.ai\/de\/?s={search_term_string}"},"query-input":{"@type":"PropertyValueSpecification","valueRequired":true,"valueName":"search_term_string"}}],"inLanguage":"de"},{"@type":"Organization","@id":"https:\/\/www.kasinobonus.ai\/de\/#organization","name":"KasinoBonus","alternateName":"KasinoBonusAI","url":"https:\/\/www.kasinobonus.ai\/de\/","logo":{"@type":"ImageObject","inLanguage":"de","@id":"https:\/\/www.kasinobonus.ai\/de\/#\/schema\/logo\/image\/","url":"https:\/\/www.kasinobonus.ai\/wp-content\/uploads\/2023\/09\/kasinobonus-logo-light.png","contentUrl":"https:\/\/www.kasinobonus.ai\/wp-content\/uploads\/2023\/09\/kasinobonus-logo-light.png","width":3200,"height":596,"caption":"KasinoBonus"},"image":{"@id":"https:\/\/www.kasinobonus.ai\/de\/#\/schema\/logo\/image\/"},"sameAs":["https:\/\/www.facebook.com\/kasinobonusio\/","https:\/\/x.com\/Kasinobonus_io","https:\/\/www.linkedin.com\/in\/matti-slotte-26612033b","http:\/\/kasinobonus.wikidot.com\/system:welcome","https:\/\/www.trustpilot.com\/review\/www.kasinobonus.ai","https:\/\/orcid.org\/0009-0007-2889-1713","https:\/\/en.everybodywiki.com\/Matti_Slotte","https:\/\/www.immuniweb.com\/ssl\/kasinobonus.ai\/M4lqCqYY\/"]}]}},"_links":{"self":[{"href":"https:\/\/www.kasinobonus.ai\/de\/wp-json\/wp\/v2\/pages\/9065","targetHints":{"allow":["GET"]}}],"collection":[{"href":"https:\/\/www.kasinobonus.ai\/de\/wp-json\/wp\/v2\/pages"}],"about":[{"href":"https:\/\/www.kasinobonus.ai\/de\/wp-json\/wp\/v2\/types\/page"}],"author":[{"embeddable":true,"href":"https:\/\/www.kasinobonus.ai\/de\/wp-json\/wp\/v2\/users\/1"}],"replies":[{"embeddable":true,"href":"https:\/\/www.kasinobonus.ai\/de\/wp-json\/wp\/v2\/comments?post=9065"}],"version-history":[{"count":4,"href":"https:\/\/www.kasinobonus.ai\/de\/wp-json\/wp\/v2\/pages\/9065\/revisions"}],"predecessor-version":[{"id":31767,"href":"https:\/\/www.kasinobonus.ai\/de\/wp-json\/wp\/v2\/pages\/9065\/revisions\/31767"}],"wp:featuredmedia":[{"embeddable":true,"href":"https:\/\/www.kasinobonus.ai\/de\/wp-json\/wp\/v2\/media\/11184"}],"wp:attachment":[{"href":"https:\/\/www.kasinobonus.ai\/de\/wp-json\/wp\/v2\/media?parent=9065"}],"curies":[{"name":"wp","href":"https:\/\/api.w.org\/{rel}","templated":true}]}}