{"id":9023,"date":"2023-08-29T14:00:49","date_gmt":"2023-08-29T14:00:49","guid":{"rendered":"http:\/\/kasinobonus.ai.dedivirt842.your-server.de\/60-ilmaiskierrosta-ilman-talletusta\/"},"modified":"2025-07-11T14:02:52","modified_gmt":"2025-07-11T14:02:52","slug":"60-freispiele-ohne-einzahlung","status":"publish","type":"page","link":"https:\/\/www.kasinobonus.ai\/de\/60-freispiele-ohne-einzahlung\/","title":{"rendered":"60 Freispiele Ohne Einzahlung"},"content":{"rendered":"\n<h1 class=\"wp-block-heading\">Die Beste <strong>60 Freispiele Ohne Einzahlung In Deutschland<\/strong><\/h1>\n\n\n\n<p>Ich bekomme viele Nachrichten von Spielern, die wissen wollen, wo sie die besten Gratis-Spielboni ohne Einzahlung finden k\u00f6nnen &#8211; und im Moment sehe ich eine ganze Menge Angebote, so dass es wichtiger ist als je zuvor, sich f\u00fcr den richtigen Bonus zu entscheiden!<\/p>\n\n\n\n<p>Da ich selbst leidenschaftlicher Pokerspieler bin, wei\u00df ich, wie man die besten Boni ausfindig macht &#8211; und heute zeige ich Dir die 60 <a href=\"https:\/\/www.kasinobonus.ai\/de\/freispiele\/\">freispiele<\/a> bei registrierung, die es derzeit f\u00fcr Spieler in Deutschland gibt.<\/p>\n\n\n\n<h2 class=\"wp-block-heading\">\u0421asino 60 freispiele ohne einzahlung anbieten 2025&nbsp;&nbsp;<\/h2>\n\n\n\n<p>Bei so vielen Casinos, die 60 Freirunden ohne Einzahlung anbieten, ist es schwierig, diejenigen zu finden, die geringe Umsatzforderungen und hohe Auszahlungslimits stellen, ohne dass eine Einzahlung erforderlich ist. Aus diesem Grund habe ich mir die M\u00fche gemacht, Dir die besten Angebote zu zeigen &#8211; Du findest sie alle in der unten stehenden Tabelle:<\/p>\n\n\n<p>[brand_table template=&#8220;table_style_1.php&#8220; country=&#8220;DE&#8220; bonus_type=&#8220;no_deposit&#8220;]<\/p>\n\n\n\n<p>Wenn Du einen Bonus oder ein Casino siehst, das Dir gef\u00e4llt, brauchst Du nur auf die Schaltfl\u00e4che &#8222;Jetzt spielen&#8220; zu klicken, um loszulegen!<\/p>\n\n\n\n<figure class=\"wp-block-image size-full\"><img decoding=\"async\" width=\"1000\" height=\"666\" src=\"https:\/\/www.kasinobonus.ai\/wp-content\/uploads\/2025\/07\/60-Freispiele-Ohne-Einzahlung.jpg\" alt=\"Freispiele Ohne Einzahlung\" class=\"wp-image-31914\" srcset=\"https:\/\/www.kasinobonus.ai\/wp-content\/uploads\/2025\/07\/60-Freispiele-Ohne-Einzahlung.jpg 1000w, https:\/\/www.kasinobonus.ai\/wp-content\/uploads\/2025\/07\/60-Freispiele-Ohne-Einzahlung-300x200.jpg 300w, https:\/\/www.kasinobonus.ai\/wp-content\/uploads\/2025\/07\/60-Freispiele-Ohne-Einzahlung-768x511.jpg 768w, https:\/\/www.kasinobonus.ai\/wp-content\/uploads\/2025\/07\/60-Freispiele-Ohne-Einzahlung-110x73.jpg 110w, https:\/\/www.kasinobonus.ai\/wp-content\/uploads\/2025\/07\/60-Freispiele-Ohne-Einzahlung-575x383.jpg 575w\" sizes=\"(max-width: 1000px) 100vw, 1000px\" \/><\/figure>\n\n\n\n<h2 class=\"wp-block-heading\">Wie wir Casinos pr\u00fcfen und ausw\u00e4hlen&nbsp;&nbsp;<\/h2>\n\n\n\n<p>Wir von KasinoBonus achten stets darauf, nur vertrauensw\u00fcrdige, seri\u00f6se und lizenzierte Casinos zu empfehlen. Unser engagiertes Pr\u00fcfungsteam achtet auf eine Vielzahl von Faktoren wie Lizenzierung, Spielvielfalt, Bonusbedingungen, Kundensupport und Auszahlungsgeschwindigkeit &#8211; und wir empfehlen nur sichere und seri\u00f6se Seiten, denen Du vertrauen kannst.<\/p>\n\n\n\n<h2 class=\"wp-block-heading\">Vor- und Nachteile<\/h2>\n\n\n\n<figure class=\"wp-block-image size-full\"><img decoding=\"async\" width=\"1000\" height=\"666\" src=\"https:\/\/www.kasinobonus.ai\/wp-content\/uploads\/2025\/06\/KB-Freispiele.jpg\" alt=\"Freispiele\" class=\"wp-image-30204\" srcset=\"https:\/\/www.kasinobonus.ai\/wp-content\/uploads\/2025\/06\/KB-Freispiele.jpg 1000w, https:\/\/www.kasinobonus.ai\/wp-content\/uploads\/2025\/06\/KB-Freispiele-300x200.jpg 300w, https:\/\/www.kasinobonus.ai\/wp-content\/uploads\/2025\/06\/KB-Freispiele-768x511.jpg 768w, https:\/\/www.kasinobonus.ai\/wp-content\/uploads\/2025\/06\/KB-Freispiele-110x73.jpg 110w, https:\/\/www.kasinobonus.ai\/wp-content\/uploads\/2025\/06\/KB-Freispiele-575x383.jpg 575w\" sizes=\"(max-width: 1000px) 100vw, 1000px\" \/><\/figure>\n\n\n\n<div class=\"wp-block-columns is-layout-flex wp-container-core-columns-is-layout-28f84493 wp-block-columns-is-layout-flex\">\n<div class=\"wp-block-column is-layout-flow wp-block-column-is-layout-flow\">\n<h3 class=\"wp-block-heading\">\u2705 Vorteile<\/h3>\n\n\n\n<ul class=\"wp-block-list\">\n<li>\u2705 Sie k\u00f6nnen Slots ausprobieren, ohne Ihr eigenes Geld zu riskieren.<\/li>\n\n\n\n<li>\u2705 Angebote ohne Einzahlung sind in vielen Casinos verf\u00fcgbar.<\/li>\n\n\n\n<li>\u2705 Echtes Geld kann ohne Investition gewonnen werden.<\/li>\n\n\n\n<li>\u2705 Es bietet sich eine gute Gelegenheit, neue Spiele und Anbieter kennenzulernen.<\/li>\n\n\n\n<li>\u2705 Es ist hilfreich, um die Funktionsweise von Slots zu erlernen.<\/li>\n<\/ul>\n<\/div>\n\n\n\n<div class=\"wp-block-column is-layout-flow wp-block-column-is-layout-flow\">\n<h3 class=\"wp-block-heading\">\u274c Nachteile<\/h3>\n\n\n\n<ul class=\"wp-block-list\">\n<li>\u274c Umsatzbedingungen vor Auszahlung.<\/li>\n\n\n\n<li>\u274c Oft auf bestimmte Slots beschr\u00e4nkt.<\/li>\n\n\n\n<li>\u274c Es gelten maximale Gewinn- oder Auszahlungslimits.<\/li>\n\n\n\n<li>\u274c In der Regel verfallen Freispiele innerhalb eines Zeitraums von 24 bis 72 Stunden.<\/li>\n\n\n\n<li>\u274c Die Bonusbedingungen k\u00f6nnen streng oder verwirrend sein.<\/li>\n\n\n\n<li>\u274c Bonus ohne Einzahlung: Vor- und Nachteile.<\/li>\n<\/ul>\n<\/div>\n<\/div>\n\n\n\n<h2 class=\"wp-block-heading\">Beliebte Online-Slots mit Freispiel-Bonus<\/h2>\n\n\n\n<figure class=\"wp-block-table\"><table class=\"has-fixed-layout\"><thead><tr><th>Beliebter Online-Spielautomat<\/th><th>Anbieter<\/th><th>Freispiele (Bonus)<\/th><th>RTP<\/th><th>Casino-Marke<\/th><\/tr><\/thead><tbody><tr><td>Sweet\u202fBonanza<\/td><td>Pragmatic\u202fPlay<\/td><td>20\u202fFS<\/td><td>96,51\u202f%<\/td><td>Rollino<\/td><\/tr><tr><td>Book\u202fof\u202fMuseum<\/td><td>GameArt<\/td><td>25\u202fFS<\/td><td>96,10\u202f%<\/td><td>Horus\u202fCasino<\/td><\/tr><tr><td>Angry\u202fDogs<\/td><td>GameArt<\/td><td>25\u202fFS<\/td><td>96,36\u202f%<\/td><td>Kryptosino<\/td><\/tr><tr><td>Hollywoof<\/td><td>GameArt<\/td><td>25\u202fFS<\/td><td>96,10\u202f%<\/td><td>Vegaz\u202fCasino<\/td><\/tr><tr><td>Sweet\u202fBonanza<\/td><td>Pragmatic\u202fPlay<\/td><td>30\u202fFS<\/td><td>96,51\u202f%<\/td><td>Megapari<\/td><\/tr><tr><td>Book\u202fof\u202fDead<\/td><td>Play\u2019n\u202fGO<\/td><td>25\u202fFS<\/td><td>96,21\u202f%<\/td><td>BetMaximus<\/td><\/tr><tr><td>Ruby\u202fWin \u2013 Hold\u202fthe\u202fSpin<\/td><td>Gamzix<\/td><td>25\u202fFS<\/td><td>96,00\u202f%<\/td><td>LevelUp\u202fCasino<\/td><\/tr><tr><td>Joker\u202fStoker<\/td><td>Endorphina<\/td><td>100\u202fFS<\/td><td>96,00\u202f%<\/td><td>BetFury<\/td><\/tr><tr><td>Bastet\u202fand\u202fCats<\/td><td>Betfury<\/td><td>100\u202fFS<\/td><td>96,20\u202f%<\/td><td>BetFury<\/td><\/tr><tr><td>Doors\u202fOf\u202fFresh<\/td><td>BGaming<\/td><td>50\u202fFS<\/td><td>96,85\u202f%<\/td><td>Fresh\u202fCasino<\/td><\/tr><tr><td>Gates\u202fof\u202fOlympus<\/td><td>Pragmatic\u202fPlay<\/td><td>50\u202fFS<\/td><td>96,50\u202f%<\/td><td>Campeonbet<\/td><\/tr><tr><td>Alien\u202fFruits<\/td><td>BGaming<\/td><td>50\u202fFS<\/td><td>97,00\u202f%<\/td><td>Drip\u202fCasino<\/td><\/tr><\/tbody><\/table><\/figure>\n","protected":false},"excerpt":{"rendered":"<p>Die Beste 60 Freispiele Ohne Einzahlung In Deutschland Ich bekomme viele Nachrichten von Spielern, die wissen wollen, wo sie die besten Gratis-Spielboni ohne Einzahlung finden k\u00f6nnen &#8211; und im Moment sehe ich eine ganze Menge Angebote, so dass es wichtiger ist als je zuvor, sich f\u00fcr den richtigen Bonus zu entscheiden! Da ich selbst leidenschaftlicher [&hellip;]<\/p>\n","protected":false},"author":1,"featured_media":11411,"parent":0,"menu_order":0,"comment_status":"open","ping_status":"closed","template":"","meta":{"inline_featured_image":false,"footnotes":""},"class_list":["post-9023","page","type-page","status-publish","has-post-thumbnail","hentry"],"yoast_head":"<!-- This site is optimized with the Yoast SEO plugin v24.5 - https:\/\/yoast.com\/wordpress\/plugins\/seo\/ -->\n<title>60 Freispiele Ohne Einzahlung 2025 - www.kasinobonus.ai<\/title>\n<meta name=\"description\" content=\"Erlebe die besten Casino-Angebote 2025! Sichere dir 60 Freispiele ohne Einzahlung und versuche dein Gl\u00fcck bei den beliebtesten Slotspielen risikofrei.\" \/>\n<meta name=\"robots\" content=\"index, follow, max-snippet:-1, max-image-preview:large, max-video-preview:-1\" \/>\n<link rel=\"canonical\" href=\"https:\/\/www.kasinobonus.ai\/de\/60-freispiele-ohne-einzahlung\/\" \/>\n<script type=\"application\/ld+json\" class=\"yoast-schema-graph\">{\"@context\":\"https:\/\/schema.org\",\"@graph\":[{\"@type\":\"WebPage\",\"@id\":\"https:\/\/www.kasinobonus.ai\/de\/60-freispiele-ohne-einzahlung\/\",\"url\":\"https:\/\/www.kasinobonus.ai\/de\/60-freispiele-ohne-einzahlung\/\",\"name\":\"60 Freispiele Ohne Einzahlung 2025 - www.kasinobonus.ai\",\"isPartOf\":{\"@id\":\"https:\/\/www.kasinobonus.ai\/de\/#website\"},\"primaryImageOfPage\":{\"@id\":\"https:\/\/www.kasinobonus.ai\/de\/60-freispiele-ohne-einzahlung\/#primaryimage\"},\"image\":{\"@id\":\"https:\/\/www.kasinobonus.ai\/de\/60-freispiele-ohne-einzahlung\/#primaryimage\"},\"thumbnailUrl\":\"https:\/\/www.kasinobonus.ai\/wp-content\/uploads\/2023\/12\/60-freispiele.jpg\",\"datePublished\":\"2023-08-29T14:00:49+00:00\",\"dateModified\":\"2025-07-11T14:02:52+00:00\",\"description\":\"Erlebe die besten Casino-Angebote 2025! Sichere dir 60 Freispiele ohne Einzahlung und versuche dein Gl\u00fcck bei den beliebtesten Slotspielen risikofrei.\",\"breadcrumb\":{\"@id\":\"https:\/\/www.kasinobonus.ai\/de\/60-freispiele-ohne-einzahlung\/#breadcrumb\"},\"inLanguage\":\"de\",\"potentialAction\":[{\"@type\":\"ReadAction\",\"target\":[\"https:\/\/www.kasinobonus.ai\/de\/60-freispiele-ohne-einzahlung\/\"]}]},{\"@type\":\"ImageObject\",\"inLanguage\":\"de\",\"@id\":\"https:\/\/www.kasinobonus.ai\/de\/60-freispiele-ohne-einzahlung\/#primaryimage\",\"url\":\"https:\/\/www.kasinobonus.ai\/wp-content\/uploads\/2023\/12\/60-freispiele.jpg\",\"contentUrl\":\"https:\/\/www.kasinobonus.ai\/wp-content\/uploads\/2023\/12\/60-freispiele.jpg\",\"width\":1200,\"height\":628,\"caption\":\"60 freispiele\"},{\"@type\":\"BreadcrumbList\",\"@id\":\"https:\/\/www.kasinobonus.ai\/de\/60-freispiele-ohne-einzahlung\/#breadcrumb\",\"itemListElement\":[{\"@type\":\"ListItem\",\"position\":1,\"name\":\"Home\",\"item\":\"https:\/\/kasinobonus.ai\/de\/\"},{\"@type\":\"ListItem\",\"position\":2,\"name\":\"60 Freispiele Ohne Einzahlung\"}]},{\"@type\":\"WebSite\",\"@id\":\"https:\/\/www.kasinobonus.ai\/de\/#website\",\"url\":\"https:\/\/www.kasinobonus.ai\/de\/\",\"name\":\"www.kasinobonus.ai\",\"description\":\"\",\"publisher\":{\"@id\":\"https:\/\/www.kasinobonus.ai\/de\/#organization\"},\"potentialAction\":[{\"@type\":\"SearchAction\",\"target\":{\"@type\":\"EntryPoint\",\"urlTemplate\":\"https:\/\/www.kasinobonus.ai\/de\/?s={search_term_string}\"},\"query-input\":{\"@type\":\"PropertyValueSpecification\",\"valueRequired\":true,\"valueName\":\"search_term_string\"}}],\"inLanguage\":\"de\"},{\"@type\":\"Organization\",\"@id\":\"https:\/\/www.kasinobonus.ai\/de\/#organization\",\"name\":\"KasinoBonus\",\"alternateName\":\"KasinoBonusAI\",\"url\":\"https:\/\/www.kasinobonus.ai\/de\/\",\"logo\":{\"@type\":\"ImageObject\",\"inLanguage\":\"de\",\"@id\":\"https:\/\/www.kasinobonus.ai\/de\/#\/schema\/logo\/image\/\",\"url\":\"https:\/\/www.kasinobonus.ai\/wp-content\/uploads\/2023\/09\/kasinobonus-logo-light.png\",\"contentUrl\":\"https:\/\/www.kasinobonus.ai\/wp-content\/uploads\/2023\/09\/kasinobonus-logo-light.png\",\"width\":3200,\"height\":596,\"caption\":\"KasinoBonus\"},\"image\":{\"@id\":\"https:\/\/www.kasinobonus.ai\/de\/#\/schema\/logo\/image\/\"},\"sameAs\":[\"https:\/\/www.facebook.com\/kasinobonusio\/\",\"https:\/\/x.com\/Kasinobonus_io\",\"https:\/\/www.linkedin.com\/in\/matti-slotte-26612033b\",\"http:\/\/kasinobonus.wikidot.com\/system:welcome\",\"https:\/\/www.trustpilot.com\/review\/www.kasinobonus.ai\",\"https:\/\/orcid.org\/0009-0007-2889-1713\",\"https:\/\/en.everybodywiki.com\/Matti_Slotte\",\"https:\/\/www.immuniweb.com\/ssl\/kasinobonus.ai\/M4lqCqYY\/\"]}]}<\/script>\n<!-- \/ Yoast SEO plugin. -->","yoast_head_json":{"title":"60 Freispiele Ohne Einzahlung 2025 - www.kasinobonus.ai","description":"Erlebe die besten Casino-Angebote 2025! Sichere dir 60 Freispiele ohne Einzahlung und versuche dein Gl\u00fcck bei den beliebtesten Slotspielen risikofrei.","robots":{"index":"index","follow":"follow","max-snippet":"max-snippet:-1","max-image-preview":"max-image-preview:large","max-video-preview":"max-video-preview:-1"},"canonical":"https:\/\/www.kasinobonus.ai\/de\/60-freispiele-ohne-einzahlung\/","schema":{"@context":"https:\/\/schema.org","@graph":[{"@type":"WebPage","@id":"https:\/\/www.kasinobonus.ai\/de\/60-freispiele-ohne-einzahlung\/","url":"https:\/\/www.kasinobonus.ai\/de\/60-freispiele-ohne-einzahlung\/","name":"60 Freispiele Ohne Einzahlung 2025 - www.kasinobonus.ai","isPartOf":{"@id":"https:\/\/www.kasinobonus.ai\/de\/#website"},"primaryImageOfPage":{"@id":"https:\/\/www.kasinobonus.ai\/de\/60-freispiele-ohne-einzahlung\/#primaryimage"},"image":{"@id":"https:\/\/www.kasinobonus.ai\/de\/60-freispiele-ohne-einzahlung\/#primaryimage"},"thumbnailUrl":"https:\/\/www.kasinobonus.ai\/wp-content\/uploads\/2023\/12\/60-freispiele.jpg","datePublished":"2023-08-29T14:00:49+00:00","dateModified":"2025-07-11T14:02:52+00:00","description":"Erlebe die besten Casino-Angebote 2025! Sichere dir 60 Freispiele ohne Einzahlung und versuche dein Gl\u00fcck bei den beliebtesten Slotspielen risikofrei.","breadcrumb":{"@id":"https:\/\/www.kasinobonus.ai\/de\/60-freispiele-ohne-einzahlung\/#breadcrumb"},"inLanguage":"de","potentialAction":[{"@type":"ReadAction","target":["https:\/\/www.kasinobonus.ai\/de\/60-freispiele-ohne-einzahlung\/"]}]},{"@type":"ImageObject","inLanguage":"de","@id":"https:\/\/www.kasinobonus.ai\/de\/60-freispiele-ohne-einzahlung\/#primaryimage","url":"https:\/\/www.kasinobonus.ai\/wp-content\/uploads\/2023\/12\/60-freispiele.jpg","contentUrl":"https:\/\/www.kasinobonus.ai\/wp-content\/uploads\/2023\/12\/60-freispiele.jpg","width":1200,"height":628,"caption":"60 freispiele"},{"@type":"BreadcrumbList","@id":"https:\/\/www.kasinobonus.ai\/de\/60-freispiele-ohne-einzahlung\/#breadcrumb","itemListElement":[{"@type":"ListItem","position":1,"name":"Home","item":"https:\/\/kasinobonus.ai\/de\/"},{"@type":"ListItem","position":2,"name":"60 Freispiele Ohne Einzahlung"}]},{"@type":"WebSite","@id":"https:\/\/www.kasinobonus.ai\/de\/#website","url":"https:\/\/www.kasinobonus.ai\/de\/","name":"www.kasinobonus.ai","description":"","publisher":{"@id":"https:\/\/www.kasinobonus.ai\/de\/#organization"},"potentialAction":[{"@type":"SearchAction","target":{"@type":"EntryPoint","urlTemplate":"https:\/\/www.kasinobonus.ai\/de\/?s={search_term_string}"},"query-input":{"@type":"PropertyValueSpecification","valueRequired":true,"valueName":"search_term_string"}}],"inLanguage":"de"},{"@type":"Organization","@id":"https:\/\/www.kasinobonus.ai\/de\/#organization","name":"KasinoBonus","alternateName":"KasinoBonusAI","url":"https:\/\/www.kasinobonus.ai\/de\/","logo":{"@type":"ImageObject","inLanguage":"de","@id":"https:\/\/www.kasinobonus.ai\/de\/#\/schema\/logo\/image\/","url":"https:\/\/www.kasinobonus.ai\/wp-content\/uploads\/2023\/09\/kasinobonus-logo-light.png","contentUrl":"https:\/\/www.kasinobonus.ai\/wp-content\/uploads\/2023\/09\/kasinobonus-logo-light.png","width":3200,"height":596,"caption":"KasinoBonus"},"image":{"@id":"https:\/\/www.kasinobonus.ai\/de\/#\/schema\/logo\/image\/"},"sameAs":["https:\/\/www.facebook.com\/kasinobonusio\/","https:\/\/x.com\/Kasinobonus_io","https:\/\/www.linkedin.com\/in\/matti-slotte-26612033b","http:\/\/kasinobonus.wikidot.com\/system:welcome","https:\/\/www.trustpilot.com\/review\/www.kasinobonus.ai","https:\/\/orcid.org\/0009-0007-2889-1713","https:\/\/en.everybodywiki.com\/Matti_Slotte","https:\/\/www.immuniweb.com\/ssl\/kasinobonus.ai\/M4lqCqYY\/"]}]}},"_links":{"self":[{"href":"https:\/\/www.kasinobonus.ai\/de\/wp-json\/wp\/v2\/pages\/9023","targetHints":{"allow":["GET"]}}],"collection":[{"href":"https:\/\/www.kasinobonus.ai\/de\/wp-json\/wp\/v2\/pages"}],"about":[{"href":"https:\/\/www.kasinobonus.ai\/de\/wp-json\/wp\/v2\/types\/page"}],"author":[{"embeddable":true,"href":"https:\/\/www.kasinobonus.ai\/de\/wp-json\/wp\/v2\/users\/1"}],"replies":[{"embeddable":true,"href":"https:\/\/www.kasinobonus.ai\/de\/wp-json\/wp\/v2\/comments?post=9023"}],"version-history":[{"count":4,"href":"https:\/\/www.kasinobonus.ai\/de\/wp-json\/wp\/v2\/pages\/9023\/revisions"}],"predecessor-version":[{"id":31922,"href":"https:\/\/www.kasinobonus.ai\/de\/wp-json\/wp\/v2\/pages\/9023\/revisions\/31922"}],"wp:featuredmedia":[{"embeddable":true,"href":"https:\/\/www.kasinobonus.ai\/de\/wp-json\/wp\/v2\/media\/11411"}],"wp:attachment":[{"href":"https:\/\/www.kasinobonus.ai\/de\/wp-json\/wp\/v2\/media?parent=9023"}],"curies":[{"name":"wp","href":"https:\/\/api.w.org\/{rel}","templated":true}]}}