{"id":8995,"date":"2023-08-29T14:01:47","date_gmt":"2023-08-29T14:01:47","guid":{"rendered":"http:\/\/kasinobonus.ai.dedivirt842.your-server.de\/ilmaista-pelirahaa-ilman-talletusta\/"},"modified":"2025-07-11T15:26:35","modified_gmt":"2025-07-11T15:26:35","slug":"bonus-ohne-einzahlung","status":"publish","type":"page","link":"https:\/\/www.kasinobonus.ai\/de\/bonus-ohne-einzahlung\/","title":{"rendered":"Bonus ohne Einzahlung"},"content":{"rendered":"\n<h1 class=\"wp-block-heading\">Casino Bonus Ohne Einzahlung in Deutschland<\/h1>\n\n\n\n<p>Einzahlungsfreie Boni sind wohl <em>die beliebtesten<\/em> Werbeaktionen in Online Casinos, denn sie erm\u00f6glichen es, Gratisboni oder Freispiele zu erhalten, ohne eigenes Geld einzahlen zu m\u00fcssen. Boni ohne Einzahlungszwang sind f\u00fcr fast jeden geeignet, besonders aber f\u00fcr Neueinsteiger, die ein Casino testen, Spiele ausprobieren und sogar Echtgeld gewinnen m\u00f6chten, ohne auch nur einen Cent ihres eigenen Geldes zu riskieren!<\/p>\n\n\n\n<p>Wo Du die besten No Deposit Boni findest, wie Du sie beantragst und wie Du sie am besten nutzt, werde ich Dir heute zeigen!<\/p>\n\n\n\n<h2 class=\"wp-block-heading\">Beste kostenlos online casino bonus ohne einzahlung 2025<\/h2>\n\n\n\n<p>Die Suche nach einem vertrauensw\u00fcrdigen Casino, das einen online casino Bonus ohne Einzahlung anbietet, kann sich als echte Herausforderung erweisen. Viele Aktionen sind an versteckte Bedingungen oder hohe Umsatzforderungen gekn\u00fcpft. Die besten Boni ohne Einzahlung geben Dir eine <em>faire<\/em> Chance zu gewinnen und erm\u00f6glichen es Dir, Dir jeden <em>gewonnenen<\/em> Betrag auszahlen zu lassen.<\/p>\n\n\n\n<p>Beliebte Angebote umfassen unter anderem:<\/p>\n\n\n\n<ul class=\"wp-block-list\">\n<li>\u2705 <a href=\"https:\/\/www.kasinobonus.ai\/de\/5e-gratis-spielgeld-ohne-einzahlung\/\">5\u20ac Bonus ohne Einzahlung<\/a> \u2013 ideal zum Testen neuer Slots<\/li>\n\n\n\n<li>\u2705 <a href=\"https:\/\/www.kasinobonus.ai\/de\/7e-gratis-spielgeld-ohne-einzahlung\/\">7\u20ac Bonus ohne Einzahlung<\/a> \u2013 ein kleiner Startvorteil ohne Risiko<\/li>\n\n\n\n<li>\u2705 <a href=\"https:\/\/www.kasinobonus.ai\/de\/10e-gratis-spielgeld-ohne-einzahlung\/\">10\u20ac Bonus ohne Einzahlung<\/a> \u2013 perfekt f\u00fcr l\u00e4ngere Spielsitzungen<\/li>\n\n\n\n<li>\u2705 <a href=\"https:\/\/www.kasinobonus.ai\/de\/12e-gratis-spielgeld-ohne-einzahlung\/\">12\u20ac Bonus ohne Einzahlung<\/a> \u2013 f\u00fcr noch mehr Gewinnm\u00f6glichkeiten<\/li>\n\n\n\n<li>\u2705 <a href=\"https:\/\/www.kasinobonus.ai\/de\/20e-gratis-spielgeld-ohne-einzahlung\/\">20\u20ac Bonus ohne Einzahlung<\/a> \u2013 eines der attraktivsten Angebote<\/li>\n<\/ul>\n\n\n\n<p>Zus\u00e4tzlich kannst Du <a href=\"https:\/\/www.kasinobonus.ai\/de\/kostenlose-automatenspiele\/\">kostenlose Automatenspiele<\/a> genie\u00dfen oder mit <a href=\"https:\/\/www.kasinobonus.ai\/de\/kostenloses-spielgeld\/\">kostenlosem Spielgeld<\/a> neue Strategien ausprobieren \u2013 ganz ohne eigenes Risiko.<\/p>\n\n\n\n<p>Die besten Online Casinos, die derzeit einen No Deposit Bonus anbieten, findest Du im Folgenden:<\/p>\n\n\n<p>[brand_table template=&#8220;table_style_1.php&#8220; country=&#8220;DE&#8220; bonus_type=&#8220;no_deposit&#8220;]<\/p>\n\n\n\n<p>Wenn Du ein Casino gefunden hast, das Dich interessiert, melde Dich einfach an, fordere Deinen No Deposit Bonus an und fange sofort an zu spielen &#8211; ohne Einzahlung!<\/p>\n\n\n\n<figure class=\"wp-block-image size-full\"><img decoding=\"async\" width=\"1000\" height=\"666\" src=\"https:\/\/www.kasinobonus.ai\/wp-content\/uploads\/2025\/07\/Bonus-ohne-Einzahlung.jpg\" alt=\"Bonus ohne Einzahlung\" class=\"wp-image-31951\" srcset=\"https:\/\/www.kasinobonus.ai\/wp-content\/uploads\/2025\/07\/Bonus-ohne-Einzahlung.jpg 1000w, https:\/\/www.kasinobonus.ai\/wp-content\/uploads\/2025\/07\/Bonus-ohne-Einzahlung-300x200.jpg 300w, https:\/\/www.kasinobonus.ai\/wp-content\/uploads\/2025\/07\/Bonus-ohne-Einzahlung-768x511.jpg 768w, https:\/\/www.kasinobonus.ai\/wp-content\/uploads\/2025\/07\/Bonus-ohne-Einzahlung-110x73.jpg 110w, https:\/\/www.kasinobonus.ai\/wp-content\/uploads\/2025\/07\/Bonus-ohne-Einzahlung-575x383.jpg 575w\" sizes=\"(max-width: 1000px) 100vw, 1000px\" \/><\/figure>\n\n\n\n<h2 class=\"wp-block-heading\">Wie wir Online Casinos bewerten und pr\u00fcfen<\/h2>\n\n\n\n<p>Hier bei KasinoBonus haben wir Hunderte von Online Casinos unter die Lupe genommen &#8211; und jede von uns gepr\u00fcfte Seite durchl\u00e4uft denselben strengen Prozess. Wir pr\u00fcfen alle Aspekte der Online-Gl\u00fccksspiel-Plattformen, angefangen bei der Lizenzierung und dem Ruf bis hin zu , wo wir das Angebot an Spielen, die Vielfalt der Software-Anbieter, die Verf\u00fcgbarkeit von Zahlungsmethoden und die Geschwindigkeit der Auszahlungen untersuchen.<\/p>\n\n\n\n<p>Wir loggen uns auch in alle Casinos ein, die wir empfehlen, und testen sie. Auf diese Weise sind wir in der Lage, Dir ehrliche Erfahrungen aus erster Hand zur Verf\u00fcgung zu stellen, damit Du eine fundierte Entscheidung dar\u00fcber treffen kannst, ob sich der Besuch einer Website f\u00fcr Dich lohnt oder nicht.<\/p>\n\n\n\n<h2 class=\"wp-block-heading\">Vor- und Nachteile<\/h2>\n\n\n\n<figure class=\"wp-block-image size-full\"><img decoding=\"async\" width=\"1000\" height=\"666\" src=\"https:\/\/www.kasinobonus.ai\/wp-content\/uploads\/2025\/06\/KB-Bonus-ohne-Einzahlung-1.jpg\" alt=\"Bonus ohne Einzahlung\" class=\"wp-image-30216\" srcset=\"https:\/\/www.kasinobonus.ai\/wp-content\/uploads\/2025\/06\/KB-Bonus-ohne-Einzahlung-1.jpg 1000w, https:\/\/www.kasinobonus.ai\/wp-content\/uploads\/2025\/06\/KB-Bonus-ohne-Einzahlung-1-300x200.jpg 300w, https:\/\/www.kasinobonus.ai\/wp-content\/uploads\/2025\/06\/KB-Bonus-ohne-Einzahlung-1-768x511.jpg 768w, https:\/\/www.kasinobonus.ai\/wp-content\/uploads\/2025\/06\/KB-Bonus-ohne-Einzahlung-1-110x73.jpg 110w, https:\/\/www.kasinobonus.ai\/wp-content\/uploads\/2025\/06\/KB-Bonus-ohne-Einzahlung-1-575x383.jpg 575w\" sizes=\"(max-width: 1000px) 100vw, 1000px\" \/><\/figure>\n\n\n\n<div class=\"wp-block-columns is-layout-flex wp-container-core-columns-is-layout-28f84493 wp-block-columns-is-layout-flex\">\n<div class=\"wp-block-column is-layout-flow wp-block-column-is-layout-flow\">\n<h3 class=\"wp-block-heading\">\u2705 Vorteile<\/h3>\n\n\n\n<ul class=\"wp-block-list\">\n<li>\u2705 Ideal, um ein Casino zu testen, ohne eigenes Geld auszugeben.<\/li>\n\n\n\n<li>\u2705 Echte Gewinnchancen \u2013 kein finanzielles Risiko.<\/li>\n\n\n\n<li>\u2705 Nach der Registrierung erhalten Sie sofortigen Zugang zu Slots oder Spielen.<\/li>\n\n\n\n<li>\u2705 Keine Verpflichtung: Einfach anmelden und spielen!<\/li>\n\n\n\n<li>\u2705 Ideal, um verschiedene Plattformen und Benutzeroberfl\u00e4chen auszuprobieren.<\/li>\n<\/ul>\n<\/div>\n\n\n\n<div class=\"wp-block-column is-layout-flow wp-block-column-is-layout-flow\">\n<h3 class=\"wp-block-heading\">\u274c Nachteile<\/h3>\n\n\n\n<ul class=\"wp-block-list\">\n<li>\u274c In der Regel gelten strenge Umsatzbedingungen.<\/li>\n\n\n\n<li>\u274c Oft sind die maximalen Gewinn- und Auszahlungslimits relativ niedrig.<\/li>\n\n\n\n<li>\u274c Der Bonus kann auf bestimmte Spiele beschr\u00e4nkt sein, was bedeutet, dass er nicht f\u00fcr alle Spiele gilt.<\/li>\n\n\n\n<li>\u274c In manchen F\u00e4llen ist eine Einzahlung notwendig, um Gewinne ausgezahlt zu bekommen.<\/li>\n\n\n\n<li>\u274c Lesen Sie immer das Kleingedruckte, denn nicht alle Boni ohne Einzahlung sind wirklich &#8222;kostenlos&#8220;.<\/li>\n<\/ul>\n<\/div>\n<\/div>\n\n\n\n<h2 class=\"wp-block-heading\">Beste kostenlose Slot-Geld-Casinos<\/h2>\n\n\n\n<figure class=\"wp-block-table\"><table class=\"has-fixed-layout\"><thead><tr><th>Spielautomat<\/th><th>Anbieter<\/th><th>Freispiele<\/th><th>Wert pro Drehung (\u20ac)<\/th><th>Gesamtwert (\u20ac)<\/th><th>Bedingungen<\/th><th>Casino<\/th><\/tr><\/thead><tbody><tr><td>Alien Fruits<\/td><td>BGaming<\/td><td>50<\/td><td>0,10\u202f\u20ac<\/td><td>5,00\u202f\u20ac<\/td><td>Keine Umsatzbedingungen<\/td><td>Drip Casino<\/td><\/tr><tr><td>Gates of Olympus<\/td><td>Pragmatic Play<\/td><td>50<\/td><td>0,10\u202f\u20ac<\/td><td>5,00\u202f\u20ac<\/td><td>Keine Umsatzbedingungen<\/td><td>Campeonbet<\/td><\/tr><tr><td>Sweet Bonanza<\/td><td>Pragmatic Play<\/td><td>40<\/td><td>0,10\u202f\u20ac<\/td><td>4,00\u202f\u20ac<\/td><td>Bonuscode: 40ZENBONUS<\/td><td>Campeonbet<\/td><\/tr><tr><td>Big Bass Bonanza<\/td><td>Pragmatic Play<\/td><td>30<\/td><td>0,10\u202f\u20ac<\/td><td>3,00\u202f\u20ac<\/td><td>Kein Einzahlung n\u00f6tig, nur Registrierung<\/td><td>Campeonbet<\/td><\/tr><tr><td>Elvis Frog in Vegas<\/td><td>BGaming<\/td><td>25<\/td><td>0,10\u202f\u20ac<\/td><td>2,50\u202f\u20ac<\/td><td>Nur f\u00fcr neue Spieler<\/td><td>Drip Casino<\/td><\/tr><tr><td>Book of Dead<\/td><td>Play\u2019n GO<\/td><td>20<\/td><td>0,10\u202f\u20ac<\/td><td>2,00\u202f\u20ac<\/td><td>Kein Einzahlung n\u00f6tig, begrenzte Einl\u00f6sung<\/td><td>Campeonbet<\/td><\/tr><\/tbody><\/table><\/figure>\n\n\n\n<h2 class=\"wp-block-heading\">Ressourcen f\u00fcr verantwortungsbewusstes Gl\u00fccksspiel<\/h2>\n\n\n\n<ul class=\"wp-block-list\">\n<li><a class=\"\" href=\"https:\/\/gluecksspiel-behoerde.de\">https:\/\/gluecksspiel-behoerde.de<\/a><\/li>\n\n\n\n<li><a class=\"\" href=\"https:\/\/www.check-dein-spiel.de\">https:\/\/www.check-dein-spiel.de<\/a><\/li>\n\n\n\n<li><a>https:\/\/gluecksspiel.uni-hohenheim.de<\/a><\/li>\n<\/ul>\n","protected":false},"excerpt":{"rendered":"<p>Casino Bonus Ohne Einzahlung in Deutschland Einzahlungsfreie Boni sind wohl die beliebtesten Werbeaktionen in Online Casinos, denn sie erm\u00f6glichen es, Gratisboni oder Freispiele zu erhalten, ohne eigenes Geld einzahlen zu m\u00fcssen. Boni ohne Einzahlungszwang sind f\u00fcr fast jeden geeignet, besonders aber f\u00fcr Neueinsteiger, die ein Casino testen, Spiele ausprobieren und sogar Echtgeld gewinnen m\u00f6chten, ohne [&hellip;]<\/p>\n","protected":false},"author":1,"featured_media":11495,"parent":0,"menu_order":0,"comment_status":"open","ping_status":"closed","template":"","meta":{"inline_featured_image":false,"footnotes":""},"class_list":["post-8995","page","type-page","status-publish","has-post-thumbnail","hentry"],"yoast_head":"<!-- This site is optimized with the Yoast SEO plugin v24.5 - https:\/\/yoast.com\/wordpress\/plugins\/seo\/ -->\n<title>Online Casino Bonus Ohne Einzahlung in Deutschland (2025) - www.kasinobonus.ai<\/title>\n<meta name=\"description\" content=\"Nutzen Sie die besten Angebote des Jahres 2025: casino bonus ohne einzahlung! Entdecken Sie die vertrauensw\u00fcrdigsten Casinos!\" \/>\n<meta name=\"robots\" content=\"index, follow, max-snippet:-1, max-image-preview:large, max-video-preview:-1\" \/>\n<link rel=\"canonical\" href=\"https:\/\/www.kasinobonus.ai\/de\/bonus-ohne-einzahlung\/\" \/>\n<script type=\"application\/ld+json\" class=\"yoast-schema-graph\">{\"@context\":\"https:\/\/schema.org\",\"@graph\":[{\"@type\":\"WebPage\",\"@id\":\"https:\/\/www.kasinobonus.ai\/de\/bonus-ohne-einzahlung\/\",\"url\":\"https:\/\/www.kasinobonus.ai\/de\/bonus-ohne-einzahlung\/\",\"name\":\"Online Casino Bonus Ohne Einzahlung in Deutschland (2025) - www.kasinobonus.ai\",\"isPartOf\":{\"@id\":\"https:\/\/www.kasinobonus.ai\/de\/#website\"},\"primaryImageOfPage\":{\"@id\":\"https:\/\/www.kasinobonus.ai\/de\/bonus-ohne-einzahlung\/#primaryimage\"},\"image\":{\"@id\":\"https:\/\/www.kasinobonus.ai\/de\/bonus-ohne-einzahlung\/#primaryimage\"},\"thumbnailUrl\":\"https:\/\/www.kasinobonus.ai\/wp-content\/uploads\/2023\/12\/kostenloses-geld-ohne-einzahlung.jpg\",\"datePublished\":\"2023-08-29T14:01:47+00:00\",\"dateModified\":\"2025-07-11T15:26:35+00:00\",\"description\":\"Nutzen Sie die besten Angebote des Jahres 2025: casino bonus ohne einzahlung! Entdecken Sie die vertrauensw\u00fcrdigsten Casinos!\",\"breadcrumb\":{\"@id\":\"https:\/\/www.kasinobonus.ai\/de\/bonus-ohne-einzahlung\/#breadcrumb\"},\"inLanguage\":\"de\",\"potentialAction\":[{\"@type\":\"ReadAction\",\"target\":[\"https:\/\/www.kasinobonus.ai\/de\/bonus-ohne-einzahlung\/\"]}]},{\"@type\":\"ImageObject\",\"inLanguage\":\"de\",\"@id\":\"https:\/\/www.kasinobonus.ai\/de\/bonus-ohne-einzahlung\/#primaryimage\",\"url\":\"https:\/\/www.kasinobonus.ai\/wp-content\/uploads\/2023\/12\/kostenloses-geld-ohne-einzahlung.jpg\",\"contentUrl\":\"https:\/\/www.kasinobonus.ai\/wp-content\/uploads\/2023\/12\/kostenloses-geld-ohne-einzahlung.jpg\",\"width\":1200,\"height\":628,\"caption\":\"kostenloses geld ohne einzahlung\"},{\"@type\":\"BreadcrumbList\",\"@id\":\"https:\/\/www.kasinobonus.ai\/de\/bonus-ohne-einzahlung\/#breadcrumb\",\"itemListElement\":[{\"@type\":\"ListItem\",\"position\":1,\"name\":\"Home\",\"item\":\"https:\/\/kasinobonus.ai\/de\/\"},{\"@type\":\"ListItem\",\"position\":2,\"name\":\"Bonus ohne Einzahlung\"}]},{\"@type\":\"WebSite\",\"@id\":\"https:\/\/www.kasinobonus.ai\/de\/#website\",\"url\":\"https:\/\/www.kasinobonus.ai\/de\/\",\"name\":\"www.kasinobonus.ai\",\"description\":\"\",\"publisher\":{\"@id\":\"https:\/\/www.kasinobonus.ai\/de\/#organization\"},\"potentialAction\":[{\"@type\":\"SearchAction\",\"target\":{\"@type\":\"EntryPoint\",\"urlTemplate\":\"https:\/\/www.kasinobonus.ai\/de\/?s={search_term_string}\"},\"query-input\":{\"@type\":\"PropertyValueSpecification\",\"valueRequired\":true,\"valueName\":\"search_term_string\"}}],\"inLanguage\":\"de\"},{\"@type\":\"Organization\",\"@id\":\"https:\/\/www.kasinobonus.ai\/de\/#organization\",\"name\":\"KasinoBonus\",\"alternateName\":\"KasinoBonusAI\",\"url\":\"https:\/\/www.kasinobonus.ai\/de\/\",\"logo\":{\"@type\":\"ImageObject\",\"inLanguage\":\"de\",\"@id\":\"https:\/\/www.kasinobonus.ai\/de\/#\/schema\/logo\/image\/\",\"url\":\"https:\/\/www.kasinobonus.ai\/wp-content\/uploads\/2023\/09\/kasinobonus-logo-light.png\",\"contentUrl\":\"https:\/\/www.kasinobonus.ai\/wp-content\/uploads\/2023\/09\/kasinobonus-logo-light.png\",\"width\":3200,\"height\":596,\"caption\":\"KasinoBonus\"},\"image\":{\"@id\":\"https:\/\/www.kasinobonus.ai\/de\/#\/schema\/logo\/image\/\"},\"sameAs\":[\"https:\/\/www.facebook.com\/kasinobonusio\/\",\"https:\/\/x.com\/Kasinobonus_io\",\"https:\/\/www.linkedin.com\/in\/matti-slotte-26612033b\",\"http:\/\/kasinobonus.wikidot.com\/system:welcome\",\"https:\/\/www.trustpilot.com\/review\/www.kasinobonus.ai\",\"https:\/\/orcid.org\/0009-0007-2889-1713\",\"https:\/\/en.everybodywiki.com\/Matti_Slotte\",\"https:\/\/www.immuniweb.com\/ssl\/kasinobonus.ai\/M4lqCqYY\/\"]}]}<\/script>\n<!-- \/ Yoast SEO plugin. -->","yoast_head_json":{"title":"Online Casino Bonus Ohne Einzahlung in Deutschland (2025) - www.kasinobonus.ai","description":"Nutzen Sie die besten Angebote des Jahres 2025: casino bonus ohne einzahlung! Entdecken Sie die vertrauensw\u00fcrdigsten Casinos!","robots":{"index":"index","follow":"follow","max-snippet":"max-snippet:-1","max-image-preview":"max-image-preview:large","max-video-preview":"max-video-preview:-1"},"canonical":"https:\/\/www.kasinobonus.ai\/de\/bonus-ohne-einzahlung\/","schema":{"@context":"https:\/\/schema.org","@graph":[{"@type":"WebPage","@id":"https:\/\/www.kasinobonus.ai\/de\/bonus-ohne-einzahlung\/","url":"https:\/\/www.kasinobonus.ai\/de\/bonus-ohne-einzahlung\/","name":"Online Casino Bonus Ohne Einzahlung in Deutschland (2025) - www.kasinobonus.ai","isPartOf":{"@id":"https:\/\/www.kasinobonus.ai\/de\/#website"},"primaryImageOfPage":{"@id":"https:\/\/www.kasinobonus.ai\/de\/bonus-ohne-einzahlung\/#primaryimage"},"image":{"@id":"https:\/\/www.kasinobonus.ai\/de\/bonus-ohne-einzahlung\/#primaryimage"},"thumbnailUrl":"https:\/\/www.kasinobonus.ai\/wp-content\/uploads\/2023\/12\/kostenloses-geld-ohne-einzahlung.jpg","datePublished":"2023-08-29T14:01:47+00:00","dateModified":"2025-07-11T15:26:35+00:00","description":"Nutzen Sie die besten Angebote des Jahres 2025: casino bonus ohne einzahlung! Entdecken Sie die vertrauensw\u00fcrdigsten Casinos!","breadcrumb":{"@id":"https:\/\/www.kasinobonus.ai\/de\/bonus-ohne-einzahlung\/#breadcrumb"},"inLanguage":"de","potentialAction":[{"@type":"ReadAction","target":["https:\/\/www.kasinobonus.ai\/de\/bonus-ohne-einzahlung\/"]}]},{"@type":"ImageObject","inLanguage":"de","@id":"https:\/\/www.kasinobonus.ai\/de\/bonus-ohne-einzahlung\/#primaryimage","url":"https:\/\/www.kasinobonus.ai\/wp-content\/uploads\/2023\/12\/kostenloses-geld-ohne-einzahlung.jpg","contentUrl":"https:\/\/www.kasinobonus.ai\/wp-content\/uploads\/2023\/12\/kostenloses-geld-ohne-einzahlung.jpg","width":1200,"height":628,"caption":"kostenloses geld ohne einzahlung"},{"@type":"BreadcrumbList","@id":"https:\/\/www.kasinobonus.ai\/de\/bonus-ohne-einzahlung\/#breadcrumb","itemListElement":[{"@type":"ListItem","position":1,"name":"Home","item":"https:\/\/kasinobonus.ai\/de\/"},{"@type":"ListItem","position":2,"name":"Bonus ohne Einzahlung"}]},{"@type":"WebSite","@id":"https:\/\/www.kasinobonus.ai\/de\/#website","url":"https:\/\/www.kasinobonus.ai\/de\/","name":"www.kasinobonus.ai","description":"","publisher":{"@id":"https:\/\/www.kasinobonus.ai\/de\/#organization"},"potentialAction":[{"@type":"SearchAction","target":{"@type":"EntryPoint","urlTemplate":"https:\/\/www.kasinobonus.ai\/de\/?s={search_term_string}"},"query-input":{"@type":"PropertyValueSpecification","valueRequired":true,"valueName":"search_term_string"}}],"inLanguage":"de"},{"@type":"Organization","@id":"https:\/\/www.kasinobonus.ai\/de\/#organization","name":"KasinoBonus","alternateName":"KasinoBonusAI","url":"https:\/\/www.kasinobonus.ai\/de\/","logo":{"@type":"ImageObject","inLanguage":"de","@id":"https:\/\/www.kasinobonus.ai\/de\/#\/schema\/logo\/image\/","url":"https:\/\/www.kasinobonus.ai\/wp-content\/uploads\/2023\/09\/kasinobonus-logo-light.png","contentUrl":"https:\/\/www.kasinobonus.ai\/wp-content\/uploads\/2023\/09\/kasinobonus-logo-light.png","width":3200,"height":596,"caption":"KasinoBonus"},"image":{"@id":"https:\/\/www.kasinobonus.ai\/de\/#\/schema\/logo\/image\/"},"sameAs":["https:\/\/www.facebook.com\/kasinobonusio\/","https:\/\/x.com\/Kasinobonus_io","https:\/\/www.linkedin.com\/in\/matti-slotte-26612033b","http:\/\/kasinobonus.wikidot.com\/system:welcome","https:\/\/www.trustpilot.com\/review\/www.kasinobonus.ai","https:\/\/orcid.org\/0009-0007-2889-1713","https:\/\/en.everybodywiki.com\/Matti_Slotte","https:\/\/www.immuniweb.com\/ssl\/kasinobonus.ai\/M4lqCqYY\/"]}]}},"_links":{"self":[{"href":"https:\/\/www.kasinobonus.ai\/de\/wp-json\/wp\/v2\/pages\/8995","targetHints":{"allow":["GET"]}}],"collection":[{"href":"https:\/\/www.kasinobonus.ai\/de\/wp-json\/wp\/v2\/pages"}],"about":[{"href":"https:\/\/www.kasinobonus.ai\/de\/wp-json\/wp\/v2\/types\/page"}],"author":[{"embeddable":true,"href":"https:\/\/www.kasinobonus.ai\/de\/wp-json\/wp\/v2\/users\/1"}],"replies":[{"embeddable":true,"href":"https:\/\/www.kasinobonus.ai\/de\/wp-json\/wp\/v2\/comments?post=8995"}],"version-history":[{"count":3,"href":"https:\/\/www.kasinobonus.ai\/de\/wp-json\/wp\/v2\/pages\/8995\/revisions"}],"predecessor-version":[{"id":31959,"href":"https:\/\/www.kasinobonus.ai\/de\/wp-json\/wp\/v2\/pages\/8995\/revisions\/31959"}],"wp:featuredmedia":[{"embeddable":true,"href":"https:\/\/www.kasinobonus.ai\/de\/wp-json\/wp\/v2\/media\/11495"}],"wp:attachment":[{"href":"https:\/\/www.kasinobonus.ai\/de\/wp-json\/wp\/v2\/media?parent=8995"}],"curies":[{"name":"wp","href":"https:\/\/api.w.org\/{rel}","templated":true}]}}