{"id":8988,"date":"2023-08-29T14:01:56","date_gmt":"2023-08-29T14:01:56","guid":{"rendered":"http:\/\/kasinobonus.ai.dedivirt842.your-server.de\/5e-ilmaista-pelirahaa-ilman-talletusta\/"},"modified":"2025-07-11T15:27:23","modified_gmt":"2025-07-11T15:27:23","slug":"5e-gratis-spielgeld-ohne-einzahlung","status":"publish","type":"page","link":"https:\/\/www.kasinobonus.ai\/de\/5e-gratis-spielgeld-ohne-einzahlung\/","title":{"rendered":"5\u20ac bonus Ohne Einzahlung"},"content":{"rendered":"\n<h1 class=\"wp-block-heading\">5\u20ac casino bonus ohne einzahlung in Deutschland<\/h1>\n\n\n\n<p>Wenn Du auf der Suche nach einer M\u00f6glichkeit bist, Online Casinos auszuprobieren, ohne Dein eigenes Geld ausgeben zu m\u00fcssen, dann k\u00f6nnte ein kostenloser 5 euro <a href=\"https:\/\/www.kasinobonus.ai\/de\/bonus-ohne-einzahlung\/\">bonus ohne einzahlung<\/a> casino genau das Richtige f\u00fcr Dich sein. Wenn Du zu den Spielern geh\u00f6rst, die eine neue Seite ausprobieren m\u00f6chten (und die Chance haben wollen, echtes Geld zu gewinnen), ohne eigenes Geld einzahlen zu m\u00fcssen, dann ist dieser Bonus perfekt f\u00fcr Dich!<\/p>\n\n\n\n<p>Mit einem 5\u20ac Bonus kannst Du einige der beliebtesten Spiele ausprobieren. Du bekommst ein Gef\u00fchl f\u00fcr das Casino und kannst sogar echtes Geld gewinnen. Heute zeige ich Dir, wo Du am besten einen 5 euro gratis casino bekommst, wie ich Online Casinos bewerte und gebe Dir Tipps, wie Du das Beste aus diesem Angebot machst.<\/p>\n\n\n\n<h2 class=\"wp-block-heading\">Die besten Casinos mit 5\u20ac Bonus nach Registrierung 2025<\/h2>\n\n\n\n<p>Es ist nicht immer einfach, Casinos zu finden, die wirklich einen 5\u20ac Bonus ohne Einzahlung anbieten. Das liegt vor allem daran, dass es so viele Promotionen gibt. Der Schl\u00fcssel liegt darin, nach Casinos zu suchen, die diese Boni mit fairen Bedingungen kombinieren. Dazu geh\u00f6ren zum Beispiel niedrige Umsatzbedingungen und viele Spieloptionen.&nbsp;<\/p>\n\n\n\n<p>Unten findest Du eine Liste mit vertrauensw\u00fcrdigen Casinos, die derzeit 5\u20ac Gratisbonus anbieten &#8211; alle sind lizenziert, sicher und fair!<\/p>\n\n\n<div class=\"wp-block-poka-faq\"><div class=\"faq-wrapper\"><ul class=\"faq-list\"><\/ul><\/div><\/div>\n\n<p>[brand_table template=&#8220;table_style_1.php&#8220; country=&#8220;DE&#8220; bonus_type=&#8220;no_deposit&#8220;]<\/p>\n\n\n\n<p>Wenn Du Dich f\u00fcr ein Casino entschieden hast, musst Du Dich nur noch registrieren, Deinen 5\u20ac-Bonus abholen und die Spiele ausprobieren!<\/p>\n\n\n\n<figure class=\"wp-block-image size-full\"><img decoding=\"async\" width=\"1000\" height=\"666\" src=\"https:\/\/www.kasinobonus.ai\/wp-content\/uploads\/2025\/07\/5E-bonus-Ohne-Einzahlung.jpg\" alt=\"\u20ac bonus Ohne Einzahlung\" class=\"wp-image-31960\" srcset=\"https:\/\/www.kasinobonus.ai\/wp-content\/uploads\/2025\/07\/5E-bonus-Ohne-Einzahlung.jpg 1000w, https:\/\/www.kasinobonus.ai\/wp-content\/uploads\/2025\/07\/5E-bonus-Ohne-Einzahlung-300x200.jpg 300w, https:\/\/www.kasinobonus.ai\/wp-content\/uploads\/2025\/07\/5E-bonus-Ohne-Einzahlung-768x511.jpg 768w, https:\/\/www.kasinobonus.ai\/wp-content\/uploads\/2025\/07\/5E-bonus-Ohne-Einzahlung-110x73.jpg 110w, https:\/\/www.kasinobonus.ai\/wp-content\/uploads\/2025\/07\/5E-bonus-Ohne-Einzahlung-575x383.jpg 575w\" sizes=\"(max-width: 1000px) 100vw, 1000px\" \/><\/figure>\n\n\n\n<h2 class=\"wp-block-heading\">Wie wir Casinos pr\u00fcfen und ausw\u00e4hlen&nbsp;&nbsp;<\/h2>\n\n\n\n<p>Wir von KasinoBonus garantieren Dir, dass jedes Casino, das wir Dir vorschlagen, sorgf\u00e4ltig gepr\u00fcft wurde. Dabei pr\u00fcfen wir nicht nur die Basics, sondern alle Aspekte einer Online Gaming Plattform, wie z.B. die Lizenzierung und Regulierung, die Bonusbedingungen, die Spielauswahl, die Zahlungsmethoden, die Auszahlungsgeschwindigkeit und vieles mehr!<\/p>\n\n\n\n<p>Erst wenn wir uns zu 100% sicher sind, dass eine Seite sicher und fair ist, wird sie als Empfehlung in unsere Liste aufgenommen!<\/p>\n\n\n\n<h2 class=\"wp-block-heading\">Vor- und Nachteile<\/h2>\n\n\n\n<figure class=\"wp-block-image size-full\"><img decoding=\"async\" width=\"1000\" height=\"666\" src=\"https:\/\/www.kasinobonus.ai\/wp-content\/uploads\/2025\/06\/KB-Bonus-ohne-Einzahlung-1.jpg\" alt=\"Bonus ohne Einzahlung\" class=\"wp-image-30216\" srcset=\"https:\/\/www.kasinobonus.ai\/wp-content\/uploads\/2025\/06\/KB-Bonus-ohne-Einzahlung-1.jpg 1000w, https:\/\/www.kasinobonus.ai\/wp-content\/uploads\/2025\/06\/KB-Bonus-ohne-Einzahlung-1-300x200.jpg 300w, https:\/\/www.kasinobonus.ai\/wp-content\/uploads\/2025\/06\/KB-Bonus-ohne-Einzahlung-1-768x511.jpg 768w, https:\/\/www.kasinobonus.ai\/wp-content\/uploads\/2025\/06\/KB-Bonus-ohne-Einzahlung-1-110x73.jpg 110w, https:\/\/www.kasinobonus.ai\/wp-content\/uploads\/2025\/06\/KB-Bonus-ohne-Einzahlung-1-575x383.jpg 575w\" sizes=\"(max-width: 1000px) 100vw, 1000px\" \/><\/figure>\n\n\n\n<div class=\"wp-block-columns is-layout-flex wp-container-core-columns-is-layout-28f84493 wp-block-columns-is-layout-flex\">\n<div class=\"wp-block-column is-layout-flow wp-block-column-is-layout-flow\">\n<h3 class=\"wp-block-heading\">\u2705 Vorteile<\/h3>\n\n\n\n<ul class=\"wp-block-list\">\n<li>\u2705 Ideal, um ein Casino zu testen, ohne eigenes Geld auszugeben.<\/li>\n\n\n\n<li>\u2705 Echte Gewinnchancen \u2013 kein finanzielles Risiko.<\/li>\n\n\n\n<li>\u2705 Nach der Registrierung erhalten Sie sofortigen Zugang zu Slots oder Spielen.<\/li>\n\n\n\n<li>\u2705 Keine Verpflichtung: Einfach anmelden und spielen!<\/li>\n\n\n\n<li>\u2705 Ideal, um verschiedene Plattformen und Benutzeroberfl\u00e4chen auszuprobieren.<\/li>\n<\/ul>\n<\/div>\n\n\n\n<div class=\"wp-block-column is-layout-flow wp-block-column-is-layout-flow\">\n<h3 class=\"wp-block-heading\">\u274c Nachteile<\/h3>\n\n\n\n<ul class=\"wp-block-list\">\n<li>\u274c In der Regel gelten strenge Umsatzbedingungen.<\/li>\n\n\n\n<li>\u274c Oft sind die maximalen Gewinn- und Auszahlungslimits relativ niedrig.<\/li>\n\n\n\n<li>\u274c Der Bonus kann auf bestimmte Spiele beschr\u00e4nkt sein, was bedeutet, dass er nicht f\u00fcr alle Spiele gilt.<\/li>\n\n\n\n<li>\u274c In manchen F\u00e4llen ist eine Einzahlung notwendig, um Gewinne ausgezahlt zu bekommen.<\/li>\n\n\n\n<li>\u274c Lesen Sie immer das Kleingedruckte, denn nicht alle Boni ohne Einzahlung sind wirklich &#8222;kostenlos&#8220;.<\/li>\n<\/ul>\n<\/div>\n<\/div>\n\n\n\n<h2 class=\"wp-block-heading\">Beste kostenlose Slot-Geld-Casinos<\/h2>\n\n\n\n<figure class=\"wp-block-table\"><table class=\"has-fixed-layout\"><thead><tr><th>Spielautomat<\/th><th>Anbieter<\/th><th>Freispiele<\/th><th>Wert pro Drehung (\u20ac)<\/th><th>Gesamtwert (\u20ac)<\/th><th>Bedingungen<\/th><th>Casino<\/th><\/tr><\/thead><tbody><tr><td>Alien Fruits<\/td><td>BGaming<\/td><td>50<\/td><td>0,10\u202f\u20ac<\/td><td>5,00\u202f\u20ac<\/td><td>Keine Umsatzbedingungen<\/td><td>Drip Casino<\/td><\/tr><tr><td>Gates of Olympus<\/td><td>Pragmatic Play<\/td><td>50<\/td><td>0,10\u202f\u20ac<\/td><td>5,00\u202f\u20ac<\/td><td>Keine Umsatzbedingungen<\/td><td>Campeonbet<\/td><\/tr><tr><td>Sweet Bonanza<\/td><td>Pragmatic Play<\/td><td>40<\/td><td>0,10\u202f\u20ac<\/td><td>4,00\u202f\u20ac<\/td><td>Bonuscode: 40ZENBONUS<\/td><td>Campeonbet<\/td><\/tr><tr><td>Big Bass Bonanza<\/td><td>Pragmatic Play<\/td><td>30<\/td><td>0,10\u202f\u20ac<\/td><td>3,00\u202f\u20ac<\/td><td>Kein Einzahlung n\u00f6tig, nur Registrierung<\/td><td>Campeonbet<\/td><\/tr><tr><td>Elvis Frog in Vegas<\/td><td>BGaming<\/td><td>25<\/td><td>0,10\u202f\u20ac<\/td><td>2,50\u202f\u20ac<\/td><td>Nur f\u00fcr neue Spieler<\/td><td>Drip Casino<\/td><\/tr><tr><td>Book of Dead<\/td><td>Play\u2019n GO<\/td><td>20<\/td><td>0,10\u202f\u20ac<\/td><td>2,00\u202f\u20ac<\/td><td>Kein Einzahlung n\u00f6tig, begrenzte Einl\u00f6sung<\/td><td>Campeonbet<\/td><\/tr><\/tbody><\/table><\/figure>\n\n\n\n<h2 class=\"wp-block-heading\">Ressourcen f\u00fcr verantwortungsbewusstes Gl\u00fccksspiel<\/h2>\n\n\n\n<ul class=\"wp-block-list\">\n<li><a class=\"\" href=\"https:\/\/gluecksspiel-behoerde.de\">https:\/\/gluecksspiel-behoerde.de<\/a><\/li>\n\n\n\n<li><a class=\"\" href=\"https:\/\/www.check-dein-spiel.de\">https:\/\/www.check-dein-spiel.de<\/a><\/li>\n\n\n\n<li><a>https:\/\/gluecksspiel.uni-hohenheim.de<\/a><\/li>\n<\/ul>\n","protected":false},"excerpt":{"rendered":"<p>5\u20ac casino bonus ohne einzahlung in Deutschland Wenn Du auf der Suche nach einer M\u00f6glichkeit bist, Online Casinos auszuprobieren, ohne Dein eigenes Geld ausgeben zu m\u00fcssen, dann k\u00f6nnte ein kostenloser 5 euro bonus ohne einzahlung casino genau das Richtige f\u00fcr Dich sein. Wenn Du zu den Spielern geh\u00f6rst, die eine neue Seite ausprobieren m\u00f6chten (und [&hellip;]<\/p>\n","protected":false},"author":1,"featured_media":11511,"parent":0,"menu_order":0,"comment_status":"open","ping_status":"closed","template":"","meta":{"inline_featured_image":false,"footnotes":""},"class_list":["post-8988","page","type-page","status-publish","has-post-thumbnail","hentry"],"yoast_head":"<!-- This site is optimized with the Yoast SEO plugin v24.5 - https:\/\/yoast.com\/wordpress\/plugins\/seo\/ -->\n<title>5 euro bonus ohne einzahlung casino (2025) - www.kasinobonus.ai<\/title>\n<meta name=\"description\" content=\"Nutzen Sie die besten Angebote 2025: Finden Sie Casinos, die 5\u20ac Gratis-Spielgeld ohne Einzahlung bieten. Starten Sie risikofrei ins Spielvergn\u00fcgen!\" \/>\n<meta name=\"robots\" content=\"index, follow, max-snippet:-1, max-image-preview:large, max-video-preview:-1\" \/>\n<link rel=\"canonical\" href=\"https:\/\/www.kasinobonus.ai\/de\/5e-gratis-spielgeld-ohne-einzahlung\/\" \/>\n<script type=\"application\/ld+json\" class=\"yoast-schema-graph\">{\"@context\":\"https:\/\/schema.org\",\"@graph\":[{\"@type\":\"WebPage\",\"@id\":\"https:\/\/www.kasinobonus.ai\/de\/5e-gratis-spielgeld-ohne-einzahlung\/\",\"url\":\"https:\/\/www.kasinobonus.ai\/de\/5e-gratis-spielgeld-ohne-einzahlung\/\",\"name\":\"5 euro bonus ohne einzahlung casino (2025) - www.kasinobonus.ai\",\"isPartOf\":{\"@id\":\"https:\/\/www.kasinobonus.ai\/de\/#website\"},\"primaryImageOfPage\":{\"@id\":\"https:\/\/www.kasinobonus.ai\/de\/5e-gratis-spielgeld-ohne-einzahlung\/#primaryimage\"},\"image\":{\"@id\":\"https:\/\/www.kasinobonus.ai\/de\/5e-gratis-spielgeld-ohne-einzahlung\/#primaryimage\"},\"thumbnailUrl\":\"https:\/\/www.kasinobonus.ai\/wp-content\/uploads\/2023\/12\/5-eur-gratis-casino-geld-ohne-einzahlung.jpg\",\"datePublished\":\"2023-08-29T14:01:56+00:00\",\"dateModified\":\"2025-07-11T15:27:23+00:00\",\"description\":\"Nutzen Sie die besten Angebote 2025: Finden Sie Casinos, die 5\u20ac Gratis-Spielgeld ohne Einzahlung bieten. Starten Sie risikofrei ins Spielvergn\u00fcgen!\",\"breadcrumb\":{\"@id\":\"https:\/\/www.kasinobonus.ai\/de\/5e-gratis-spielgeld-ohne-einzahlung\/#breadcrumb\"},\"inLanguage\":\"de\",\"potentialAction\":[{\"@type\":\"ReadAction\",\"target\":[\"https:\/\/www.kasinobonus.ai\/de\/5e-gratis-spielgeld-ohne-einzahlung\/\"]}]},{\"@type\":\"ImageObject\",\"inLanguage\":\"de\",\"@id\":\"https:\/\/www.kasinobonus.ai\/de\/5e-gratis-spielgeld-ohne-einzahlung\/#primaryimage\",\"url\":\"https:\/\/www.kasinobonus.ai\/wp-content\/uploads\/2023\/12\/5-eur-gratis-casino-geld-ohne-einzahlung.jpg\",\"contentUrl\":\"https:\/\/www.kasinobonus.ai\/wp-content\/uploads\/2023\/12\/5-eur-gratis-casino-geld-ohne-einzahlung.jpg\",\"width\":1200,\"height\":628,\"caption\":\"5 eur gratis casino geld ohne einzahlung\"},{\"@type\":\"BreadcrumbList\",\"@id\":\"https:\/\/www.kasinobonus.ai\/de\/5e-gratis-spielgeld-ohne-einzahlung\/#breadcrumb\",\"itemListElement\":[{\"@type\":\"ListItem\",\"position\":1,\"name\":\"Home\",\"item\":\"https:\/\/kasinobonus.ai\/de\/\"},{\"@type\":\"ListItem\",\"position\":2,\"name\":\"5\u20ac bonus Ohne Einzahlung\"}]},{\"@type\":\"WebSite\",\"@id\":\"https:\/\/www.kasinobonus.ai\/de\/#website\",\"url\":\"https:\/\/www.kasinobonus.ai\/de\/\",\"name\":\"www.kasinobonus.ai\",\"description\":\"\",\"publisher\":{\"@id\":\"https:\/\/www.kasinobonus.ai\/de\/#organization\"},\"potentialAction\":[{\"@type\":\"SearchAction\",\"target\":{\"@type\":\"EntryPoint\",\"urlTemplate\":\"https:\/\/www.kasinobonus.ai\/de\/?s={search_term_string}\"},\"query-input\":{\"@type\":\"PropertyValueSpecification\",\"valueRequired\":true,\"valueName\":\"search_term_string\"}}],\"inLanguage\":\"de\"},{\"@type\":\"Organization\",\"@id\":\"https:\/\/www.kasinobonus.ai\/de\/#organization\",\"name\":\"KasinoBonus\",\"alternateName\":\"KasinoBonusAI\",\"url\":\"https:\/\/www.kasinobonus.ai\/de\/\",\"logo\":{\"@type\":\"ImageObject\",\"inLanguage\":\"de\",\"@id\":\"https:\/\/www.kasinobonus.ai\/de\/#\/schema\/logo\/image\/\",\"url\":\"https:\/\/www.kasinobonus.ai\/wp-content\/uploads\/2023\/09\/kasinobonus-logo-light.png\",\"contentUrl\":\"https:\/\/www.kasinobonus.ai\/wp-content\/uploads\/2023\/09\/kasinobonus-logo-light.png\",\"width\":3200,\"height\":596,\"caption\":\"KasinoBonus\"},\"image\":{\"@id\":\"https:\/\/www.kasinobonus.ai\/de\/#\/schema\/logo\/image\/\"},\"sameAs\":[\"https:\/\/www.facebook.com\/kasinobonusio\/\",\"https:\/\/x.com\/Kasinobonus_io\",\"https:\/\/www.linkedin.com\/in\/matti-slotte-26612033b\",\"http:\/\/kasinobonus.wikidot.com\/system:welcome\",\"https:\/\/www.trustpilot.com\/review\/www.kasinobonus.ai\",\"https:\/\/orcid.org\/0009-0007-2889-1713\",\"https:\/\/en.everybodywiki.com\/Matti_Slotte\",\"https:\/\/www.immuniweb.com\/ssl\/kasinobonus.ai\/M4lqCqYY\/\"]}]}<\/script>\n<!-- \/ Yoast SEO plugin. -->","yoast_head_json":{"title":"5 euro bonus ohne einzahlung casino (2025) - www.kasinobonus.ai","description":"Nutzen Sie die besten Angebote 2025: Finden Sie Casinos, die 5\u20ac Gratis-Spielgeld ohne Einzahlung bieten. Starten Sie risikofrei ins Spielvergn\u00fcgen!","robots":{"index":"index","follow":"follow","max-snippet":"max-snippet:-1","max-image-preview":"max-image-preview:large","max-video-preview":"max-video-preview:-1"},"canonical":"https:\/\/www.kasinobonus.ai\/de\/5e-gratis-spielgeld-ohne-einzahlung\/","schema":{"@context":"https:\/\/schema.org","@graph":[{"@type":"WebPage","@id":"https:\/\/www.kasinobonus.ai\/de\/5e-gratis-spielgeld-ohne-einzahlung\/","url":"https:\/\/www.kasinobonus.ai\/de\/5e-gratis-spielgeld-ohne-einzahlung\/","name":"5 euro bonus ohne einzahlung casino (2025) - www.kasinobonus.ai","isPartOf":{"@id":"https:\/\/www.kasinobonus.ai\/de\/#website"},"primaryImageOfPage":{"@id":"https:\/\/www.kasinobonus.ai\/de\/5e-gratis-spielgeld-ohne-einzahlung\/#primaryimage"},"image":{"@id":"https:\/\/www.kasinobonus.ai\/de\/5e-gratis-spielgeld-ohne-einzahlung\/#primaryimage"},"thumbnailUrl":"https:\/\/www.kasinobonus.ai\/wp-content\/uploads\/2023\/12\/5-eur-gratis-casino-geld-ohne-einzahlung.jpg","datePublished":"2023-08-29T14:01:56+00:00","dateModified":"2025-07-11T15:27:23+00:00","description":"Nutzen Sie die besten Angebote 2025: Finden Sie Casinos, die 5\u20ac Gratis-Spielgeld ohne Einzahlung bieten. Starten Sie risikofrei ins Spielvergn\u00fcgen!","breadcrumb":{"@id":"https:\/\/www.kasinobonus.ai\/de\/5e-gratis-spielgeld-ohne-einzahlung\/#breadcrumb"},"inLanguage":"de","potentialAction":[{"@type":"ReadAction","target":["https:\/\/www.kasinobonus.ai\/de\/5e-gratis-spielgeld-ohne-einzahlung\/"]}]},{"@type":"ImageObject","inLanguage":"de","@id":"https:\/\/www.kasinobonus.ai\/de\/5e-gratis-spielgeld-ohne-einzahlung\/#primaryimage","url":"https:\/\/www.kasinobonus.ai\/wp-content\/uploads\/2023\/12\/5-eur-gratis-casino-geld-ohne-einzahlung.jpg","contentUrl":"https:\/\/www.kasinobonus.ai\/wp-content\/uploads\/2023\/12\/5-eur-gratis-casino-geld-ohne-einzahlung.jpg","width":1200,"height":628,"caption":"5 eur gratis casino geld ohne einzahlung"},{"@type":"BreadcrumbList","@id":"https:\/\/www.kasinobonus.ai\/de\/5e-gratis-spielgeld-ohne-einzahlung\/#breadcrumb","itemListElement":[{"@type":"ListItem","position":1,"name":"Home","item":"https:\/\/kasinobonus.ai\/de\/"},{"@type":"ListItem","position":2,"name":"5\u20ac bonus Ohne Einzahlung"}]},{"@type":"WebSite","@id":"https:\/\/www.kasinobonus.ai\/de\/#website","url":"https:\/\/www.kasinobonus.ai\/de\/","name":"www.kasinobonus.ai","description":"","publisher":{"@id":"https:\/\/www.kasinobonus.ai\/de\/#organization"},"potentialAction":[{"@type":"SearchAction","target":{"@type":"EntryPoint","urlTemplate":"https:\/\/www.kasinobonus.ai\/de\/?s={search_term_string}"},"query-input":{"@type":"PropertyValueSpecification","valueRequired":true,"valueName":"search_term_string"}}],"inLanguage":"de"},{"@type":"Organization","@id":"https:\/\/www.kasinobonus.ai\/de\/#organization","name":"KasinoBonus","alternateName":"KasinoBonusAI","url":"https:\/\/www.kasinobonus.ai\/de\/","logo":{"@type":"ImageObject","inLanguage":"de","@id":"https:\/\/www.kasinobonus.ai\/de\/#\/schema\/logo\/image\/","url":"https:\/\/www.kasinobonus.ai\/wp-content\/uploads\/2023\/09\/kasinobonus-logo-light.png","contentUrl":"https:\/\/www.kasinobonus.ai\/wp-content\/uploads\/2023\/09\/kasinobonus-logo-light.png","width":3200,"height":596,"caption":"KasinoBonus"},"image":{"@id":"https:\/\/www.kasinobonus.ai\/de\/#\/schema\/logo\/image\/"},"sameAs":["https:\/\/www.facebook.com\/kasinobonusio\/","https:\/\/x.com\/Kasinobonus_io","https:\/\/www.linkedin.com\/in\/matti-slotte-26612033b","http:\/\/kasinobonus.wikidot.com\/system:welcome","https:\/\/www.trustpilot.com\/review\/www.kasinobonus.ai","https:\/\/orcid.org\/0009-0007-2889-1713","https:\/\/en.everybodywiki.com\/Matti_Slotte","https:\/\/www.immuniweb.com\/ssl\/kasinobonus.ai\/M4lqCqYY\/"]}]}},"_links":{"self":[{"href":"https:\/\/www.kasinobonus.ai\/de\/wp-json\/wp\/v2\/pages\/8988","targetHints":{"allow":["GET"]}}],"collection":[{"href":"https:\/\/www.kasinobonus.ai\/de\/wp-json\/wp\/v2\/pages"}],"about":[{"href":"https:\/\/www.kasinobonus.ai\/de\/wp-json\/wp\/v2\/types\/page"}],"author":[{"embeddable":true,"href":"https:\/\/www.kasinobonus.ai\/de\/wp-json\/wp\/v2\/users\/1"}],"replies":[{"embeddable":true,"href":"https:\/\/www.kasinobonus.ai\/de\/wp-json\/wp\/v2\/comments?post=8988"}],"version-history":[{"count":4,"href":"https:\/\/www.kasinobonus.ai\/de\/wp-json\/wp\/v2\/pages\/8988\/revisions"}],"predecessor-version":[{"id":31968,"href":"https:\/\/www.kasinobonus.ai\/de\/wp-json\/wp\/v2\/pages\/8988\/revisions\/31968"}],"wp:featuredmedia":[{"embeddable":true,"href":"https:\/\/www.kasinobonus.ai\/de\/wp-json\/wp\/v2\/media\/11511"}],"wp:attachment":[{"href":"https:\/\/www.kasinobonus.ai\/de\/wp-json\/wp\/v2\/media?parent=8988"}],"curies":[{"name":"wp","href":"https:\/\/api.w.org\/{rel}","templated":true}]}}