{"id":8981,"date":"2023-08-29T14:02:07","date_gmt":"2023-08-29T14:02:07","guid":{"rendered":"http:\/\/kasinobonus.ai.dedivirt842.your-server.de\/7e-ilmaista-pelirahaa-ilman-talletusta\/"},"modified":"2025-07-11T15:27:49","modified_gmt":"2025-07-11T15:27:49","slug":"7e-gratis-spielgeld-ohne-einzahlung","status":"publish","type":"page","link":"https:\/\/www.kasinobonus.ai\/de\/7e-gratis-spielgeld-ohne-einzahlung\/","title":{"rendered":"7\u20ac bonus Ohne Einzahlung"},"content":{"rendered":"\n<h1 class=\"wp-block-heading\">7\u20ac casino bonus ohne einzahlung in Deutschland<\/h1>\n\n\n\n<p>Ohne eigenes Geld zu riskieren, m\u00f6chtest Du Dein Gl\u00fcck in Online Casinos versuchen? Dann k\u00f6nnte ein 7 euro bonus ohne einzahlung casino genau das Richtige f\u00fcr Dich sein! Bei dieser Art von Bonus bekommst Du 7 \u20ac kostenloses Casino-Guthaben &#8211; ohne dass Du eine Einzahlung machen musst &#8211; und hast so die M\u00f6glichkeit, die verschiedenen Spiele auszuprobieren und ein Gef\u00fchl daf\u00fcr zu bekommen, wie das Casino funktioniert!<\/p>\n\n\n\n<p>Wo Du die besten 7 euro gratis casino findest, wie Du ein vertrauensw\u00fcrdiges Casino ausw\u00e4hlst und wie Du deine Gewinnchancen mit Deinem Bonus maximierst, werde ich Dir heute verraten!<\/p>\n\n\n\n<h2 class=\"wp-block-heading\">Die besten Casinos mit 7\u20ac Bonus nach Registrierung 2025<\/h2>\n\n\n\n<p>7\u20ac <a href=\"https:\/\/www.kasinobonus.ai\/de\/bonus-ohne-einzahlung\/\">Bonus ohne Einzahlung<\/a> gibt es nicht so oft, wie Du vielleicht denkst, aber wenn Du einen findest, lohnt es sich, ihn zu nutzen. Um Dir das Leben so einfach wie m\u00f6glich zu machen, habe ich mich im Internet auf die Suche nach vertrauensw\u00fcrdigen Casinos gemacht, die derzeit einen Gratis Bonus von 7 \u20ac anbieten. Hier sind meine Empfehlungen:<\/p>\n\n\n<p>[brand_table template=&#8220;table_style_1.php&#8220; country=&#8220;DE&#8220; bonus_type=&#8220;no_deposit&#8220;]<\/p>\n\n\n\n<p>Wenn Du Dich f\u00fcr ein Casino entschieden hast, musst Du Dich nur noch anmelden, Deinen 7\u20ac-Bonus abholen und mit Deinen Lieblingsspielen beginnen!<\/p>\n\n\n\n<figure class=\"wp-block-image size-full\"><img decoding=\"async\" width=\"1000\" height=\"666\" src=\"https:\/\/www.kasinobonus.ai\/wp-content\/uploads\/2025\/07\/7E-bonus-Ohne-Einzahlung.jpg\" alt=\"\u20ac bonus Ohne Einzahlung\" class=\"wp-image-31969\" srcset=\"https:\/\/www.kasinobonus.ai\/wp-content\/uploads\/2025\/07\/7E-bonus-Ohne-Einzahlung.jpg 1000w, https:\/\/www.kasinobonus.ai\/wp-content\/uploads\/2025\/07\/7E-bonus-Ohne-Einzahlung-300x200.jpg 300w, https:\/\/www.kasinobonus.ai\/wp-content\/uploads\/2025\/07\/7E-bonus-Ohne-Einzahlung-768x511.jpg 768w, https:\/\/www.kasinobonus.ai\/wp-content\/uploads\/2025\/07\/7E-bonus-Ohne-Einzahlung-110x73.jpg 110w, https:\/\/www.kasinobonus.ai\/wp-content\/uploads\/2025\/07\/7E-bonus-Ohne-Einzahlung-575x383.jpg 575w\" sizes=\"(max-width: 1000px) 100vw, 1000px\" \/><\/figure>\n\n\n\n<h2 class=\"wp-block-heading\">Wie wir Casinos pr\u00fcfen und ausw\u00e4hlen&nbsp;&nbsp;<\/h2>\n\n\n\n<p>Hier bei KasinoBonus wird jedes Casino, das wir Dir empfehlen, handverlesen, gepr\u00fcft und von einem unserer Mitarbeiter getestet. Wir wissen, wie wichtig die Wahl eines seri\u00f6sen, verl\u00e4sslichen und vertrauensw\u00fcrdigen Casinos ist &#8211; und deshalb achten wir stets auf Dinge wie Lizenzen, Sicherheit und Reputation.<\/p>\n\n\n\n<p>Im Gegensatz zu den meisten unserer Mitbewerber testen wir die Online Casinos auch pers\u00f6nlich, um die Spielauswahl, die Zahlungsmethoden und den Kundenservice zu \u00fcberpr\u00fcfen.<\/p>\n\n\n\n<h2 class=\"wp-block-heading\">Vor- und Nachteile<\/h2>\n\n\n\n<figure class=\"wp-block-image size-full\"><img decoding=\"async\" width=\"1000\" height=\"666\" src=\"https:\/\/www.kasinobonus.ai\/wp-content\/uploads\/2025\/06\/KB-Bonus-ohne-Einzahlung-1.jpg\" alt=\"Bonus ohne Einzahlung\" class=\"wp-image-30216\" srcset=\"https:\/\/www.kasinobonus.ai\/wp-content\/uploads\/2025\/06\/KB-Bonus-ohne-Einzahlung-1.jpg 1000w, https:\/\/www.kasinobonus.ai\/wp-content\/uploads\/2025\/06\/KB-Bonus-ohne-Einzahlung-1-300x200.jpg 300w, https:\/\/www.kasinobonus.ai\/wp-content\/uploads\/2025\/06\/KB-Bonus-ohne-Einzahlung-1-768x511.jpg 768w, https:\/\/www.kasinobonus.ai\/wp-content\/uploads\/2025\/06\/KB-Bonus-ohne-Einzahlung-1-110x73.jpg 110w, https:\/\/www.kasinobonus.ai\/wp-content\/uploads\/2025\/06\/KB-Bonus-ohne-Einzahlung-1-575x383.jpg 575w\" sizes=\"(max-width: 1000px) 100vw, 1000px\" \/><\/figure>\n\n\n\n<div class=\"wp-block-columns is-layout-flex wp-container-core-columns-is-layout-28f84493 wp-block-columns-is-layout-flex\">\n<div class=\"wp-block-column is-layout-flow wp-block-column-is-layout-flow\">\n<h3 class=\"wp-block-heading\">\u2705 Vorteile<\/h3>\n\n\n\n<ul class=\"wp-block-list\">\n<li>\u2705 Ideal, um ein Casino zu testen, ohne eigenes Geld auszugeben.<\/li>\n\n\n\n<li>\u2705 Echte Gewinnchancen \u2013 kein finanzielles Risiko.<\/li>\n\n\n\n<li>\u2705 Nach der Registrierung erhalten Sie sofortigen Zugang zu Slots oder Spielen.<\/li>\n\n\n\n<li>\u2705 Keine Verpflichtung: Einfach anmelden und spielen!<\/li>\n\n\n\n<li>\u2705 Ideal, um verschiedene Plattformen und Benutzeroberfl\u00e4chen auszuprobieren.<\/li>\n<\/ul>\n<\/div>\n\n\n\n<div class=\"wp-block-column is-layout-flow wp-block-column-is-layout-flow\">\n<h3 class=\"wp-block-heading\">\u274c Nachteile<\/h3>\n\n\n\n<ul class=\"wp-block-list\">\n<li>\u274c In der Regel gelten strenge Umsatzbedingungen.<\/li>\n\n\n\n<li>\u274c Oft sind die maximalen Gewinn- und Auszahlungslimits relativ niedrig.<\/li>\n\n\n\n<li>\u274c Der Bonus kann auf bestimmte Spiele beschr\u00e4nkt sein, was bedeutet, dass er nicht f\u00fcr alle Spiele gilt.<\/li>\n\n\n\n<li>\u274c In manchen F\u00e4llen ist eine Einzahlung notwendig, um Gewinne ausgezahlt zu bekommen.<\/li>\n\n\n\n<li>\u274c Lesen Sie immer das Kleingedruckte, denn nicht alle Boni ohne Einzahlung sind wirklich &#8222;kostenlos&#8220;.<\/li>\n<\/ul>\n<\/div>\n<\/div>\n\n\n\n<h2 class=\"wp-block-heading\">Beste kostenlose Slot-Geld-Casinos<\/h2>\n\n\n\n<figure class=\"wp-block-table\"><table class=\"has-fixed-layout\"><thead><tr><th>Spielautomat<\/th><th>Anbieter<\/th><th>Freispiele<\/th><th>Wert pro Drehung (\u20ac)<\/th><th>Gesamtwert (\u20ac)<\/th><th>Bedingungen<\/th><th>Casino<\/th><\/tr><\/thead><tbody><tr><td>Alien Fruits<\/td><td>BGaming<\/td><td>50<\/td><td>0,10\u202f\u20ac<\/td><td>5,00\u202f\u20ac<\/td><td>Keine Umsatzbedingungen<\/td><td>Drip Casino<\/td><\/tr><tr><td>Gates of Olympus<\/td><td>Pragmatic Play<\/td><td>50<\/td><td>0,10\u202f\u20ac<\/td><td>5,00\u202f\u20ac<\/td><td>Keine Umsatzbedingungen<\/td><td>Campeonbet<\/td><\/tr><tr><td>Sweet Bonanza<\/td><td>Pragmatic Play<\/td><td>40<\/td><td>0,10\u202f\u20ac<\/td><td>4,00\u202f\u20ac<\/td><td>Bonuscode: 40ZENBONUS<\/td><td>Campeonbet<\/td><\/tr><tr><td>Big Bass Bonanza<\/td><td>Pragmatic Play<\/td><td>30<\/td><td>0,10\u202f\u20ac<\/td><td>3,00\u202f\u20ac<\/td><td>Kein Einzahlung n\u00f6tig, nur Registrierung<\/td><td>Campeonbet<\/td><\/tr><tr><td>Elvis Frog in Vegas<\/td><td>BGaming<\/td><td>25<\/td><td>0,10\u202f\u20ac<\/td><td>2,50\u202f\u20ac<\/td><td>Nur f\u00fcr neue Spieler<\/td><td>Drip Casino<\/td><\/tr><tr><td>Book of Dead<\/td><td>Play\u2019n GO<\/td><td>20<\/td><td>0,10\u202f\u20ac<\/td><td>2,00\u202f\u20ac<\/td><td>Kein Einzahlung n\u00f6tig, begrenzte Einl\u00f6sung<\/td><td>Campeonbet<\/td><\/tr><\/tbody><\/table><\/figure>\n","protected":false},"excerpt":{"rendered":"<p>7\u20ac casino bonus ohne einzahlung in Deutschland Ohne eigenes Geld zu riskieren, m\u00f6chtest Du Dein Gl\u00fcck in Online Casinos versuchen? Dann k\u00f6nnte ein 7 euro bonus ohne einzahlung casino genau das Richtige f\u00fcr Dich sein! Bei dieser Art von Bonus bekommst Du 7 \u20ac kostenloses Casino-Guthaben &#8211; ohne dass Du eine Einzahlung machen musst &#8211; [&hellip;]<\/p>\n","protected":false},"author":1,"featured_media":11519,"parent":0,"menu_order":0,"comment_status":"open","ping_status":"closed","template":"","meta":{"inline_featured_image":false,"footnotes":""},"class_list":["post-8981","page","type-page","status-publish","has-post-thumbnail","hentry"],"yoast_head":"<!-- This site is optimized with the Yoast SEO plugin v24.5 - https:\/\/yoast.com\/wordpress\/plugins\/seo\/ -->\n<title>7 euro\u00a0bonus ohne einzahlung (2025) - www.kasinobonus.ai<\/title>\n<meta name=\"description\" content=\"Nutzen Sie 7\u20ac gratis Spielgeld ohne Einzahlung 2025 und erkunden Sie die besten Online-Casinos risikofrei. Lesen Sie unsere Tipps und beginnen Sie zu spielen!\" \/>\n<meta name=\"robots\" content=\"index, follow, max-snippet:-1, max-image-preview:large, max-video-preview:-1\" \/>\n<link rel=\"canonical\" href=\"https:\/\/www.kasinobonus.ai\/de\/7e-gratis-spielgeld-ohne-einzahlung\/\" \/>\n<script type=\"application\/ld+json\" class=\"yoast-schema-graph\">{\"@context\":\"https:\/\/schema.org\",\"@graph\":[{\"@type\":\"WebPage\",\"@id\":\"https:\/\/www.kasinobonus.ai\/de\/7e-gratis-spielgeld-ohne-einzahlung\/\",\"url\":\"https:\/\/www.kasinobonus.ai\/de\/7e-gratis-spielgeld-ohne-einzahlung\/\",\"name\":\"7 euro\u00a0bonus ohne einzahlung (2025) - www.kasinobonus.ai\",\"isPartOf\":{\"@id\":\"https:\/\/www.kasinobonus.ai\/de\/#website\"},\"primaryImageOfPage\":{\"@id\":\"https:\/\/www.kasinobonus.ai\/de\/7e-gratis-spielgeld-ohne-einzahlung\/#primaryimage\"},\"image\":{\"@id\":\"https:\/\/www.kasinobonus.ai\/de\/7e-gratis-spielgeld-ohne-einzahlung\/#primaryimage\"},\"thumbnailUrl\":\"https:\/\/www.kasinobonus.ai\/wp-content\/uploads\/2023\/12\/7-eur-gratis-casino-geld-ohne-einzahlung.jpg\",\"datePublished\":\"2023-08-29T14:02:07+00:00\",\"dateModified\":\"2025-07-11T15:27:49+00:00\",\"description\":\"Nutzen Sie 7\u20ac gratis Spielgeld ohne Einzahlung 2025 und erkunden Sie die besten Online-Casinos risikofrei. Lesen Sie unsere Tipps und beginnen Sie zu spielen!\",\"breadcrumb\":{\"@id\":\"https:\/\/www.kasinobonus.ai\/de\/7e-gratis-spielgeld-ohne-einzahlung\/#breadcrumb\"},\"inLanguage\":\"de\",\"potentialAction\":[{\"@type\":\"ReadAction\",\"target\":[\"https:\/\/www.kasinobonus.ai\/de\/7e-gratis-spielgeld-ohne-einzahlung\/\"]}]},{\"@type\":\"ImageObject\",\"inLanguage\":\"de\",\"@id\":\"https:\/\/www.kasinobonus.ai\/de\/7e-gratis-spielgeld-ohne-einzahlung\/#primaryimage\",\"url\":\"https:\/\/www.kasinobonus.ai\/wp-content\/uploads\/2023\/12\/7-eur-gratis-casino-geld-ohne-einzahlung.jpg\",\"contentUrl\":\"https:\/\/www.kasinobonus.ai\/wp-content\/uploads\/2023\/12\/7-eur-gratis-casino-geld-ohne-einzahlung.jpg\",\"width\":1200,\"height\":628,\"caption\":\"7 eur gratis casino geld ohne einzahlung\"},{\"@type\":\"BreadcrumbList\",\"@id\":\"https:\/\/www.kasinobonus.ai\/de\/7e-gratis-spielgeld-ohne-einzahlung\/#breadcrumb\",\"itemListElement\":[{\"@type\":\"ListItem\",\"position\":1,\"name\":\"Home\",\"item\":\"https:\/\/kasinobonus.ai\/de\/\"},{\"@type\":\"ListItem\",\"position\":2,\"name\":\"7\u20ac bonus Ohne Einzahlung\"}]},{\"@type\":\"WebSite\",\"@id\":\"https:\/\/www.kasinobonus.ai\/de\/#website\",\"url\":\"https:\/\/www.kasinobonus.ai\/de\/\",\"name\":\"www.kasinobonus.ai\",\"description\":\"\",\"publisher\":{\"@id\":\"https:\/\/www.kasinobonus.ai\/de\/#organization\"},\"potentialAction\":[{\"@type\":\"SearchAction\",\"target\":{\"@type\":\"EntryPoint\",\"urlTemplate\":\"https:\/\/www.kasinobonus.ai\/de\/?s={search_term_string}\"},\"query-input\":{\"@type\":\"PropertyValueSpecification\",\"valueRequired\":true,\"valueName\":\"search_term_string\"}}],\"inLanguage\":\"de\"},{\"@type\":\"Organization\",\"@id\":\"https:\/\/www.kasinobonus.ai\/de\/#organization\",\"name\":\"KasinoBonus\",\"alternateName\":\"KasinoBonusAI\",\"url\":\"https:\/\/www.kasinobonus.ai\/de\/\",\"logo\":{\"@type\":\"ImageObject\",\"inLanguage\":\"de\",\"@id\":\"https:\/\/www.kasinobonus.ai\/de\/#\/schema\/logo\/image\/\",\"url\":\"https:\/\/www.kasinobonus.ai\/wp-content\/uploads\/2023\/09\/kasinobonus-logo-light.png\",\"contentUrl\":\"https:\/\/www.kasinobonus.ai\/wp-content\/uploads\/2023\/09\/kasinobonus-logo-light.png\",\"width\":3200,\"height\":596,\"caption\":\"KasinoBonus\"},\"image\":{\"@id\":\"https:\/\/www.kasinobonus.ai\/de\/#\/schema\/logo\/image\/\"},\"sameAs\":[\"https:\/\/www.facebook.com\/kasinobonusio\/\",\"https:\/\/x.com\/Kasinobonus_io\",\"https:\/\/www.linkedin.com\/in\/matti-slotte-26612033b\",\"http:\/\/kasinobonus.wikidot.com\/system:welcome\",\"https:\/\/www.trustpilot.com\/review\/www.kasinobonus.ai\",\"https:\/\/orcid.org\/0009-0007-2889-1713\",\"https:\/\/en.everybodywiki.com\/Matti_Slotte\",\"https:\/\/www.immuniweb.com\/ssl\/kasinobonus.ai\/M4lqCqYY\/\"]}]}<\/script>\n<!-- \/ Yoast SEO plugin. -->","yoast_head_json":{"title":"7 euro\u00a0bonus ohne einzahlung (2025) - www.kasinobonus.ai","description":"Nutzen Sie 7\u20ac gratis Spielgeld ohne Einzahlung 2025 und erkunden Sie die besten Online-Casinos risikofrei. Lesen Sie unsere Tipps und beginnen Sie zu spielen!","robots":{"index":"index","follow":"follow","max-snippet":"max-snippet:-1","max-image-preview":"max-image-preview:large","max-video-preview":"max-video-preview:-1"},"canonical":"https:\/\/www.kasinobonus.ai\/de\/7e-gratis-spielgeld-ohne-einzahlung\/","schema":{"@context":"https:\/\/schema.org","@graph":[{"@type":"WebPage","@id":"https:\/\/www.kasinobonus.ai\/de\/7e-gratis-spielgeld-ohne-einzahlung\/","url":"https:\/\/www.kasinobonus.ai\/de\/7e-gratis-spielgeld-ohne-einzahlung\/","name":"7 euro\u00a0bonus ohne einzahlung (2025) - www.kasinobonus.ai","isPartOf":{"@id":"https:\/\/www.kasinobonus.ai\/de\/#website"},"primaryImageOfPage":{"@id":"https:\/\/www.kasinobonus.ai\/de\/7e-gratis-spielgeld-ohne-einzahlung\/#primaryimage"},"image":{"@id":"https:\/\/www.kasinobonus.ai\/de\/7e-gratis-spielgeld-ohne-einzahlung\/#primaryimage"},"thumbnailUrl":"https:\/\/www.kasinobonus.ai\/wp-content\/uploads\/2023\/12\/7-eur-gratis-casino-geld-ohne-einzahlung.jpg","datePublished":"2023-08-29T14:02:07+00:00","dateModified":"2025-07-11T15:27:49+00:00","description":"Nutzen Sie 7\u20ac gratis Spielgeld ohne Einzahlung 2025 und erkunden Sie die besten Online-Casinos risikofrei. Lesen Sie unsere Tipps und beginnen Sie zu spielen!","breadcrumb":{"@id":"https:\/\/www.kasinobonus.ai\/de\/7e-gratis-spielgeld-ohne-einzahlung\/#breadcrumb"},"inLanguage":"de","potentialAction":[{"@type":"ReadAction","target":["https:\/\/www.kasinobonus.ai\/de\/7e-gratis-spielgeld-ohne-einzahlung\/"]}]},{"@type":"ImageObject","inLanguage":"de","@id":"https:\/\/www.kasinobonus.ai\/de\/7e-gratis-spielgeld-ohne-einzahlung\/#primaryimage","url":"https:\/\/www.kasinobonus.ai\/wp-content\/uploads\/2023\/12\/7-eur-gratis-casino-geld-ohne-einzahlung.jpg","contentUrl":"https:\/\/www.kasinobonus.ai\/wp-content\/uploads\/2023\/12\/7-eur-gratis-casino-geld-ohne-einzahlung.jpg","width":1200,"height":628,"caption":"7 eur gratis casino geld ohne einzahlung"},{"@type":"BreadcrumbList","@id":"https:\/\/www.kasinobonus.ai\/de\/7e-gratis-spielgeld-ohne-einzahlung\/#breadcrumb","itemListElement":[{"@type":"ListItem","position":1,"name":"Home","item":"https:\/\/kasinobonus.ai\/de\/"},{"@type":"ListItem","position":2,"name":"7\u20ac bonus Ohne Einzahlung"}]},{"@type":"WebSite","@id":"https:\/\/www.kasinobonus.ai\/de\/#website","url":"https:\/\/www.kasinobonus.ai\/de\/","name":"www.kasinobonus.ai","description":"","publisher":{"@id":"https:\/\/www.kasinobonus.ai\/de\/#organization"},"potentialAction":[{"@type":"SearchAction","target":{"@type":"EntryPoint","urlTemplate":"https:\/\/www.kasinobonus.ai\/de\/?s={search_term_string}"},"query-input":{"@type":"PropertyValueSpecification","valueRequired":true,"valueName":"search_term_string"}}],"inLanguage":"de"},{"@type":"Organization","@id":"https:\/\/www.kasinobonus.ai\/de\/#organization","name":"KasinoBonus","alternateName":"KasinoBonusAI","url":"https:\/\/www.kasinobonus.ai\/de\/","logo":{"@type":"ImageObject","inLanguage":"de","@id":"https:\/\/www.kasinobonus.ai\/de\/#\/schema\/logo\/image\/","url":"https:\/\/www.kasinobonus.ai\/wp-content\/uploads\/2023\/09\/kasinobonus-logo-light.png","contentUrl":"https:\/\/www.kasinobonus.ai\/wp-content\/uploads\/2023\/09\/kasinobonus-logo-light.png","width":3200,"height":596,"caption":"KasinoBonus"},"image":{"@id":"https:\/\/www.kasinobonus.ai\/de\/#\/schema\/logo\/image\/"},"sameAs":["https:\/\/www.facebook.com\/kasinobonusio\/","https:\/\/x.com\/Kasinobonus_io","https:\/\/www.linkedin.com\/in\/matti-slotte-26612033b","http:\/\/kasinobonus.wikidot.com\/system:welcome","https:\/\/www.trustpilot.com\/review\/www.kasinobonus.ai","https:\/\/orcid.org\/0009-0007-2889-1713","https:\/\/en.everybodywiki.com\/Matti_Slotte","https:\/\/www.immuniweb.com\/ssl\/kasinobonus.ai\/M4lqCqYY\/"]}]}},"_links":{"self":[{"href":"https:\/\/www.kasinobonus.ai\/de\/wp-json\/wp\/v2\/pages\/8981","targetHints":{"allow":["GET"]}}],"collection":[{"href":"https:\/\/www.kasinobonus.ai\/de\/wp-json\/wp\/v2\/pages"}],"about":[{"href":"https:\/\/www.kasinobonus.ai\/de\/wp-json\/wp\/v2\/types\/page"}],"author":[{"embeddable":true,"href":"https:\/\/www.kasinobonus.ai\/de\/wp-json\/wp\/v2\/users\/1"}],"replies":[{"embeddable":true,"href":"https:\/\/www.kasinobonus.ai\/de\/wp-json\/wp\/v2\/comments?post=8981"}],"version-history":[{"count":4,"href":"https:\/\/www.kasinobonus.ai\/de\/wp-json\/wp\/v2\/pages\/8981\/revisions"}],"predecessor-version":[{"id":31977,"href":"https:\/\/www.kasinobonus.ai\/de\/wp-json\/wp\/v2\/pages\/8981\/revisions\/31977"}],"wp:featuredmedia":[{"embeddable":true,"href":"https:\/\/www.kasinobonus.ai\/de\/wp-json\/wp\/v2\/media\/11519"}],"wp:attachment":[{"href":"https:\/\/www.kasinobonus.ai\/de\/wp-json\/wp\/v2\/media?parent=8981"}],"curies":[{"name":"wp","href":"https:\/\/api.w.org\/{rel}","templated":true}]}}