{"id":8889,"date":"2023-08-29T14:02:17","date_gmt":"2023-08-29T14:02:17","guid":{"rendered":"http:\/\/kasinobonus.ai.dedivirt842.your-server.de\/10e-ilmaista-pelirahaa-ilman-talletusta\/"},"modified":"2025-07-11T15:28:17","modified_gmt":"2025-07-11T15:28:17","slug":"10e-gratis-spielgeld-ohne-einzahlung","status":"publish","type":"page","link":"https:\/\/www.kasinobonus.ai\/de\/10e-gratis-spielgeld-ohne-einzahlung\/","title":{"rendered":"10\u20ac bonus ohne Einzahlung"},"content":{"rendered":"\n<h1 class=\"wp-block-heading\">10\u20ac casino bonus ohne einzahlung in Deutschlan<\/h1>\n\n\n\n<p>Wenn Du nach einer M\u00f6glichkeit suchst, in den Genuss von Online Casinospielen zu kommen, ohne Dein eigenes Geld einsetzen zu m\u00fcssen, dann ist ein 10 \u20ac <a href=\"https:\/\/www.kasinobonus.ai\/de\/bonus-ohne-einzahlung\/\">Bonus ohne Einzahlung<\/a> ein Angebot, das Du unbedingt in Betracht ziehen solltest. Mit einem Gratisguthaben von 10 \u20ac kannst Du, ohne Dein eigenes Geld zu riskieren, Slots, Tischspiele und in einigen Online Casinos sogar Live Dealer Spiele ausprobieren!<\/p>\n\n\n\n<p>In diesem Ratgeber helfe ich Dir, die besten 10 euro gratis casino zu finden, erkl\u00e4re Dir, wie diese Aktionen funktionieren und gebe Dir Tipps, wie Du das Beste aus Deinem Bonus machst.<\/p>\n\n\n\n<h2 class=\"wp-block-heading\">Die besten Casinos mit 10\u20ac Bonus nach Registrierung 2025<\/h2>\n\n\n\n<p>Die Suche nach einem seri\u00f6sen Casino, das einen Bonus von 10 Euro ohne Einzahlung anbietet, kann schwierig sein, vor allem, weil die Auswahl so gro\u00df ist. Ich denke, der Schl\u00fcssel ist, nach Casinos &#8211; und Boni &#8211; Ausschau zu halten, die gro\u00dfz\u00fcgige Summen zu fairen Bedingungen anbieten.&nbsp;<\/p>\n\n\n\n<p>So kannst Du mit Deinem Bonus eine Chance auf einen Gewinn haben. Eine Liste mit vertrauensw\u00fcrdigen Casinos, die derzeit einen Bonus von 10 Euro ohne Einzahlung anbieten, findest Du im Folgenden.<\/p>\n\n\n<p>[brand_table template=&#8220;table_style_1.php&#8220; country=&#8220;DE&#8220;]<\/p>\n\n\n\n<p>Wenn Du ein Casino aus der Liste ausgew\u00e4hlt hast, melde Dich einfach an, fordere Deinen Bonus an und beginne mit Deinen Lieblingsspielen!<\/p>\n\n\n\n<figure class=\"wp-block-image size-full\"><img decoding=\"async\" width=\"1000\" height=\"666\" src=\"https:\/\/www.kasinobonus.ai\/wp-content\/uploads\/2025\/07\/10E-bonus-ohne-Einzahlung.jpg\" alt=\"\u20ac bonus ohne Einzahlung\" class=\"wp-image-31978\" srcset=\"https:\/\/www.kasinobonus.ai\/wp-content\/uploads\/2025\/07\/10E-bonus-ohne-Einzahlung.jpg 1000w, https:\/\/www.kasinobonus.ai\/wp-content\/uploads\/2025\/07\/10E-bonus-ohne-Einzahlung-300x200.jpg 300w, https:\/\/www.kasinobonus.ai\/wp-content\/uploads\/2025\/07\/10E-bonus-ohne-Einzahlung-768x511.jpg 768w, https:\/\/www.kasinobonus.ai\/wp-content\/uploads\/2025\/07\/10E-bonus-ohne-Einzahlung-110x73.jpg 110w, https:\/\/www.kasinobonus.ai\/wp-content\/uploads\/2025\/07\/10E-bonus-ohne-Einzahlung-575x383.jpg 575w\" sizes=\"(max-width: 1000px) 100vw, 1000px\" \/><\/figure>\n\n\n\n<h2 class=\"wp-block-heading\">Wie wir Casinos pr\u00fcfen und ausw\u00e4hlen&nbsp;&nbsp;<\/h2>\n\n\n\n<p>Um sicherzustellen, dass Du bei <a href=\"https:\/\/www.kasinobonus.ai\/de\/\">KasinoBonus <\/a>auf sicheren und vertrauensw\u00fcrdigen Seiten spielst, gehe ich bei der \u00dcberpr\u00fcfung von Online Casinos sehr sorgf\u00e4ltig vor. Ich schaue mir verschiedene Faktoren an, wie z.B. die Lizenzvergabe, die Bonussysteme (und deren Transparenz), die Verf\u00fcgbarkeit der Spiele, die Zahlungsm\u00f6glichkeiten (und deren Geschwindigkeit) und sogar die Kundenbetreuung.<\/p>\n\n\n\n<p>Dank dieser Kontrollen kannst Du sicher sein, dass jedes Casino, das wir empfehlen, sicher, zuverl\u00e4ssig und unterhaltsam ist.<\/p>\n\n\n\n<h2 class=\"wp-block-heading\">Wie Du das Beste aus einem 10\u20ac bonus nach registrierung casino machst<\/h2>\n\n\n\n<p>Ein Bonus in H\u00f6he von 10 Euro ohne Einzahlung h\u00f6rt sich vielleicht nicht nach viel an, aber er kann Dir viel mehr bringen, als Du denkst &#8211; vor allem, wenn Du es richtig anstellst. Ich empfehle zum Beispiel immer das Spiel an Slots mit hohem RTP und scheue auch nicht vor Tischspielen (auch Live-Tischen) zur\u00fcck, wenn sie erlaubt sind. Um sicherzugehen, dass Du nicht aus Versehen gegen die Regeln verst\u00f6\u00dft, empfehle ich Dir au\u00dferdem, immer die Allgemeinen Gesch\u00e4ftsbedingungen der Angebote zu lesen, die Du nutzen m\u00f6chtest!<\/p>\n\n\n\n<h2 class=\"wp-block-heading\">Vor- und Nachteile<\/h2>\n\n\n\n<figure class=\"wp-block-image size-full\"><img decoding=\"async\" width=\"1000\" height=\"666\" src=\"https:\/\/www.kasinobonus.ai\/wp-content\/uploads\/2025\/06\/KB-Bonus-ohne-Einzahlung-1.jpg\" alt=\"Bonus ohne Einzahlung\" class=\"wp-image-30216\" srcset=\"https:\/\/www.kasinobonus.ai\/wp-content\/uploads\/2025\/06\/KB-Bonus-ohne-Einzahlung-1.jpg 1000w, https:\/\/www.kasinobonus.ai\/wp-content\/uploads\/2025\/06\/KB-Bonus-ohne-Einzahlung-1-300x200.jpg 300w, https:\/\/www.kasinobonus.ai\/wp-content\/uploads\/2025\/06\/KB-Bonus-ohne-Einzahlung-1-768x511.jpg 768w, https:\/\/www.kasinobonus.ai\/wp-content\/uploads\/2025\/06\/KB-Bonus-ohne-Einzahlung-1-110x73.jpg 110w, https:\/\/www.kasinobonus.ai\/wp-content\/uploads\/2025\/06\/KB-Bonus-ohne-Einzahlung-1-575x383.jpg 575w\" sizes=\"(max-width: 1000px) 100vw, 1000px\" \/><\/figure>\n\n\n\n<div class=\"wp-block-columns is-layout-flex wp-container-core-columns-is-layout-28f84493 wp-block-columns-is-layout-flex\">\n<div class=\"wp-block-column is-layout-flow wp-block-column-is-layout-flow\">\n<h3 class=\"wp-block-heading\">\u2705 Vorteile<\/h3>\n\n\n\n<ul class=\"wp-block-list\">\n<li>\u2705 Ideal, um ein Casino zu testen, ohne eigenes Geld auszugeben.<\/li>\n\n\n\n<li>\u2705 Echte Gewinnchancen \u2013 kein finanzielles Risiko.<\/li>\n\n\n\n<li>\u2705 Nach der Registrierung erhalten Sie sofortigen Zugang zu Slots oder Spielen.<\/li>\n\n\n\n<li>\u2705 Keine Verpflichtung: Einfach anmelden und spielen!<\/li>\n\n\n\n<li>\u2705 Ideal, um verschiedene Plattformen und Benutzeroberfl\u00e4chen auszuprobieren.<\/li>\n<\/ul>\n<\/div>\n\n\n\n<div class=\"wp-block-column is-layout-flow wp-block-column-is-layout-flow\">\n<h3 class=\"wp-block-heading\">\u274c Nachteile<\/h3>\n\n\n\n<ul class=\"wp-block-list\">\n<li>\u274c In der Regel gelten strenge Umsatzbedingungen.<\/li>\n\n\n\n<li>\u274c Oft sind die maximalen Gewinn- und Auszahlungslimits relativ niedrig.<\/li>\n\n\n\n<li>\u274c Der Bonus kann auf bestimmte Spiele beschr\u00e4nkt sein, was bedeutet, dass er nicht f\u00fcr alle Spiele gilt.<\/li>\n\n\n\n<li>\u274c In manchen F\u00e4llen ist eine Einzahlung notwendig, um Gewinne ausgezahlt zu bekommen.<\/li>\n\n\n\n<li>\u274c Lesen Sie immer das Kleingedruckte, denn nicht alle Boni ohne Einzahlung sind wirklich &#8222;kostenlos&#8220;.<\/li>\n<\/ul>\n<\/div>\n<\/div>\n\n\n\n<h2 class=\"wp-block-heading\">Beste kostenlose Slot-Geld-Casinos<\/h2>\n\n\n\n<figure class=\"wp-block-table\"><table class=\"has-fixed-layout\"><thead><tr><th>Spielautomat<\/th><th>Anbieter<\/th><th>Freispiele<\/th><th>Wert pro Drehung (\u20ac)<\/th><th>Gesamtwert (\u20ac)<\/th><th>Bedingungen<\/th><th>Casino<\/th><\/tr><\/thead><tbody><tr><td>Alien Fruits<\/td><td>BGaming<\/td><td>50<\/td><td>0,10\u202f\u20ac<\/td><td>5,00\u202f\u20ac<\/td><td>Keine Umsatzbedingungen<\/td><td>Drip Casino<\/td><\/tr><tr><td>Gates of Olympus<\/td><td>Pragmatic Play<\/td><td>50<\/td><td>0,10\u202f\u20ac<\/td><td>5,00\u202f\u20ac<\/td><td>Keine Umsatzbedingungen<\/td><td>Campeonbet<\/td><\/tr><tr><td>Sweet Bonanza<\/td><td>Pragmatic Play<\/td><td>40<\/td><td>0,10\u202f\u20ac<\/td><td>4,00\u202f\u20ac<\/td><td>Bonuscode: 40ZENBONUS<\/td><td>Campeonbet<\/td><\/tr><tr><td>Big Bass Bonanza<\/td><td>Pragmatic Play<\/td><td>30<\/td><td>0,10\u202f\u20ac<\/td><td>3,00\u202f\u20ac<\/td><td>Kein Einzahlung n\u00f6tig, nur Registrierung<\/td><td>Campeonbet<\/td><\/tr><tr><td>Elvis Frog in Vegas<\/td><td>BGaming<\/td><td>25<\/td><td>0,10\u202f\u20ac<\/td><td>2,50\u202f\u20ac<\/td><td>Nur f\u00fcr neue Spieler<\/td><td>Drip Casino<\/td><\/tr><tr><td>Book of Dead<\/td><td>Play\u2019n GO<\/td><td>20<\/td><td>0,10\u202f\u20ac<\/td><td>2,00\u202f\u20ac<\/td><td>Kein Einzahlung n\u00f6tig, begrenzte Einl\u00f6sung<\/td><td>Campeonbet<\/td><\/tr><\/tbody><\/table><\/figure>\n\n\n\n<h2 class=\"wp-block-heading\">Ressourcen f\u00fcr verantwortungsbewusstes Gl\u00fccksspiel<\/h2>\n\n\n\n<ul class=\"wp-block-list\">\n<li><a class=\"\" href=\"https:\/\/gluecksspiel-behoerde.de\">https:\/\/gluecksspiel-behoerde.de<\/a><\/li>\n\n\n\n<li><a class=\"\" href=\"https:\/\/www.check-dein-spiel.de\">https:\/\/www.check-dein-spiel.de<\/a><\/li>\n\n\n\n<li><a>https:\/\/gluecksspiel.uni-hohenheim.de<\/a><\/li>\n<\/ul>\n","protected":false},"excerpt":{"rendered":"<p>10\u20ac casino bonus ohne einzahlung in Deutschlan Wenn Du nach einer M\u00f6glichkeit suchst, in den Genuss von Online Casinospielen zu kommen, ohne Dein eigenes Geld einsetzen zu m\u00fcssen, dann ist ein 10 \u20ac Bonus ohne Einzahlung ein Angebot, das Du unbedingt in Betracht ziehen solltest. Mit einem Gratisguthaben von 10 \u20ac kannst Du, ohne Dein [&hellip;]<\/p>\n","protected":false},"author":1,"featured_media":11527,"parent":0,"menu_order":0,"comment_status":"open","ping_status":"closed","template":"","meta":{"inline_featured_image":false,"footnotes":""},"class_list":["post-8889","page","type-page","status-publish","has-post-thumbnail","hentry"],"yoast_head":"<!-- This site is optimized with the Yoast SEO plugin v24.5 - https:\/\/yoast.com\/wordpress\/plugins\/seo\/ -->\n<title>10 euro bonus ohne einzahlung casino in Deutschland 2025 - www.kasinobonus.ai<\/title>\n<meta name=\"description\" content=\"Nutzen Sie 10\u20ac Gratis-Spielgeld ohne Einzahlung im Jahr 2025! Beginnen Sie Ihr Casinoabenteuer risikofrei und genie\u00dfen Sie!\" \/>\n<meta name=\"robots\" content=\"index, follow, max-snippet:-1, max-image-preview:large, max-video-preview:-1\" \/>\n<link rel=\"canonical\" href=\"https:\/\/www.kasinobonus.ai\/de\/10e-gratis-spielgeld-ohne-einzahlung\/\" \/>\n<script type=\"application\/ld+json\" class=\"yoast-schema-graph\">{\"@context\":\"https:\/\/schema.org\",\"@graph\":[{\"@type\":\"WebPage\",\"@id\":\"https:\/\/www.kasinobonus.ai\/de\/10e-gratis-spielgeld-ohne-einzahlung\/\",\"url\":\"https:\/\/www.kasinobonus.ai\/de\/10e-gratis-spielgeld-ohne-einzahlung\/\",\"name\":\"10 euro bonus ohne einzahlung casino in Deutschland 2025 - www.kasinobonus.ai\",\"isPartOf\":{\"@id\":\"https:\/\/www.kasinobonus.ai\/de\/#website\"},\"primaryImageOfPage\":{\"@id\":\"https:\/\/www.kasinobonus.ai\/de\/10e-gratis-spielgeld-ohne-einzahlung\/#primaryimage\"},\"image\":{\"@id\":\"https:\/\/www.kasinobonus.ai\/de\/10e-gratis-spielgeld-ohne-einzahlung\/#primaryimage\"},\"thumbnailUrl\":\"https:\/\/www.kasinobonus.ai\/wp-content\/uploads\/2023\/12\/10-eur-gratis-casino-geld-ohne-einzahlung.jpg\",\"datePublished\":\"2023-08-29T14:02:17+00:00\",\"dateModified\":\"2025-07-11T15:28:17+00:00\",\"description\":\"Nutzen Sie 10\u20ac Gratis-Spielgeld ohne Einzahlung im Jahr 2025! Beginnen Sie Ihr Casinoabenteuer risikofrei und genie\u00dfen Sie!\",\"breadcrumb\":{\"@id\":\"https:\/\/www.kasinobonus.ai\/de\/10e-gratis-spielgeld-ohne-einzahlung\/#breadcrumb\"},\"inLanguage\":\"de\",\"potentialAction\":[{\"@type\":\"ReadAction\",\"target\":[\"https:\/\/www.kasinobonus.ai\/de\/10e-gratis-spielgeld-ohne-einzahlung\/\"]}]},{\"@type\":\"ImageObject\",\"inLanguage\":\"de\",\"@id\":\"https:\/\/www.kasinobonus.ai\/de\/10e-gratis-spielgeld-ohne-einzahlung\/#primaryimage\",\"url\":\"https:\/\/www.kasinobonus.ai\/wp-content\/uploads\/2023\/12\/10-eur-gratis-casino-geld-ohne-einzahlung.jpg\",\"contentUrl\":\"https:\/\/www.kasinobonus.ai\/wp-content\/uploads\/2023\/12\/10-eur-gratis-casino-geld-ohne-einzahlung.jpg\",\"width\":1200,\"height\":628,\"caption\":\"10 eur gratis casino geld ohne einzahlung\"},{\"@type\":\"BreadcrumbList\",\"@id\":\"https:\/\/www.kasinobonus.ai\/de\/10e-gratis-spielgeld-ohne-einzahlung\/#breadcrumb\",\"itemListElement\":[{\"@type\":\"ListItem\",\"position\":1,\"name\":\"Home\",\"item\":\"https:\/\/kasinobonus.ai\/de\/\"},{\"@type\":\"ListItem\",\"position\":2,\"name\":\"10\u20ac bonus ohne Einzahlung\"}]},{\"@type\":\"WebSite\",\"@id\":\"https:\/\/www.kasinobonus.ai\/de\/#website\",\"url\":\"https:\/\/www.kasinobonus.ai\/de\/\",\"name\":\"www.kasinobonus.ai\",\"description\":\"\",\"publisher\":{\"@id\":\"https:\/\/www.kasinobonus.ai\/de\/#organization\"},\"potentialAction\":[{\"@type\":\"SearchAction\",\"target\":{\"@type\":\"EntryPoint\",\"urlTemplate\":\"https:\/\/www.kasinobonus.ai\/de\/?s={search_term_string}\"},\"query-input\":{\"@type\":\"PropertyValueSpecification\",\"valueRequired\":true,\"valueName\":\"search_term_string\"}}],\"inLanguage\":\"de\"},{\"@type\":\"Organization\",\"@id\":\"https:\/\/www.kasinobonus.ai\/de\/#organization\",\"name\":\"KasinoBonus\",\"alternateName\":\"KasinoBonusAI\",\"url\":\"https:\/\/www.kasinobonus.ai\/de\/\",\"logo\":{\"@type\":\"ImageObject\",\"inLanguage\":\"de\",\"@id\":\"https:\/\/www.kasinobonus.ai\/de\/#\/schema\/logo\/image\/\",\"url\":\"https:\/\/www.kasinobonus.ai\/wp-content\/uploads\/2023\/09\/kasinobonus-logo-light.png\",\"contentUrl\":\"https:\/\/www.kasinobonus.ai\/wp-content\/uploads\/2023\/09\/kasinobonus-logo-light.png\",\"width\":3200,\"height\":596,\"caption\":\"KasinoBonus\"},\"image\":{\"@id\":\"https:\/\/www.kasinobonus.ai\/de\/#\/schema\/logo\/image\/\"},\"sameAs\":[\"https:\/\/www.facebook.com\/kasinobonusio\/\",\"https:\/\/x.com\/Kasinobonus_io\",\"https:\/\/www.linkedin.com\/in\/matti-slotte-26612033b\",\"http:\/\/kasinobonus.wikidot.com\/system:welcome\",\"https:\/\/www.trustpilot.com\/review\/www.kasinobonus.ai\",\"https:\/\/orcid.org\/0009-0007-2889-1713\",\"https:\/\/en.everybodywiki.com\/Matti_Slotte\",\"https:\/\/www.immuniweb.com\/ssl\/kasinobonus.ai\/M4lqCqYY\/\"]}]}<\/script>\n<!-- \/ Yoast SEO plugin. -->","yoast_head_json":{"title":"10 euro bonus ohne einzahlung casino in Deutschland 2025 - www.kasinobonus.ai","description":"Nutzen Sie 10\u20ac Gratis-Spielgeld ohne Einzahlung im Jahr 2025! Beginnen Sie Ihr Casinoabenteuer risikofrei und genie\u00dfen Sie!","robots":{"index":"index","follow":"follow","max-snippet":"max-snippet:-1","max-image-preview":"max-image-preview:large","max-video-preview":"max-video-preview:-1"},"canonical":"https:\/\/www.kasinobonus.ai\/de\/10e-gratis-spielgeld-ohne-einzahlung\/","schema":{"@context":"https:\/\/schema.org","@graph":[{"@type":"WebPage","@id":"https:\/\/www.kasinobonus.ai\/de\/10e-gratis-spielgeld-ohne-einzahlung\/","url":"https:\/\/www.kasinobonus.ai\/de\/10e-gratis-spielgeld-ohne-einzahlung\/","name":"10 euro bonus ohne einzahlung casino in Deutschland 2025 - www.kasinobonus.ai","isPartOf":{"@id":"https:\/\/www.kasinobonus.ai\/de\/#website"},"primaryImageOfPage":{"@id":"https:\/\/www.kasinobonus.ai\/de\/10e-gratis-spielgeld-ohne-einzahlung\/#primaryimage"},"image":{"@id":"https:\/\/www.kasinobonus.ai\/de\/10e-gratis-spielgeld-ohne-einzahlung\/#primaryimage"},"thumbnailUrl":"https:\/\/www.kasinobonus.ai\/wp-content\/uploads\/2023\/12\/10-eur-gratis-casino-geld-ohne-einzahlung.jpg","datePublished":"2023-08-29T14:02:17+00:00","dateModified":"2025-07-11T15:28:17+00:00","description":"Nutzen Sie 10\u20ac Gratis-Spielgeld ohne Einzahlung im Jahr 2025! Beginnen Sie Ihr Casinoabenteuer risikofrei und genie\u00dfen Sie!","breadcrumb":{"@id":"https:\/\/www.kasinobonus.ai\/de\/10e-gratis-spielgeld-ohne-einzahlung\/#breadcrumb"},"inLanguage":"de","potentialAction":[{"@type":"ReadAction","target":["https:\/\/www.kasinobonus.ai\/de\/10e-gratis-spielgeld-ohne-einzahlung\/"]}]},{"@type":"ImageObject","inLanguage":"de","@id":"https:\/\/www.kasinobonus.ai\/de\/10e-gratis-spielgeld-ohne-einzahlung\/#primaryimage","url":"https:\/\/www.kasinobonus.ai\/wp-content\/uploads\/2023\/12\/10-eur-gratis-casino-geld-ohne-einzahlung.jpg","contentUrl":"https:\/\/www.kasinobonus.ai\/wp-content\/uploads\/2023\/12\/10-eur-gratis-casino-geld-ohne-einzahlung.jpg","width":1200,"height":628,"caption":"10 eur gratis casino geld ohne einzahlung"},{"@type":"BreadcrumbList","@id":"https:\/\/www.kasinobonus.ai\/de\/10e-gratis-spielgeld-ohne-einzahlung\/#breadcrumb","itemListElement":[{"@type":"ListItem","position":1,"name":"Home","item":"https:\/\/kasinobonus.ai\/de\/"},{"@type":"ListItem","position":2,"name":"10\u20ac bonus ohne Einzahlung"}]},{"@type":"WebSite","@id":"https:\/\/www.kasinobonus.ai\/de\/#website","url":"https:\/\/www.kasinobonus.ai\/de\/","name":"www.kasinobonus.ai","description":"","publisher":{"@id":"https:\/\/www.kasinobonus.ai\/de\/#organization"},"potentialAction":[{"@type":"SearchAction","target":{"@type":"EntryPoint","urlTemplate":"https:\/\/www.kasinobonus.ai\/de\/?s={search_term_string}"},"query-input":{"@type":"PropertyValueSpecification","valueRequired":true,"valueName":"search_term_string"}}],"inLanguage":"de"},{"@type":"Organization","@id":"https:\/\/www.kasinobonus.ai\/de\/#organization","name":"KasinoBonus","alternateName":"KasinoBonusAI","url":"https:\/\/www.kasinobonus.ai\/de\/","logo":{"@type":"ImageObject","inLanguage":"de","@id":"https:\/\/www.kasinobonus.ai\/de\/#\/schema\/logo\/image\/","url":"https:\/\/www.kasinobonus.ai\/wp-content\/uploads\/2023\/09\/kasinobonus-logo-light.png","contentUrl":"https:\/\/www.kasinobonus.ai\/wp-content\/uploads\/2023\/09\/kasinobonus-logo-light.png","width":3200,"height":596,"caption":"KasinoBonus"},"image":{"@id":"https:\/\/www.kasinobonus.ai\/de\/#\/schema\/logo\/image\/"},"sameAs":["https:\/\/www.facebook.com\/kasinobonusio\/","https:\/\/x.com\/Kasinobonus_io","https:\/\/www.linkedin.com\/in\/matti-slotte-26612033b","http:\/\/kasinobonus.wikidot.com\/system:welcome","https:\/\/www.trustpilot.com\/review\/www.kasinobonus.ai","https:\/\/orcid.org\/0009-0007-2889-1713","https:\/\/en.everybodywiki.com\/Matti_Slotte","https:\/\/www.immuniweb.com\/ssl\/kasinobonus.ai\/M4lqCqYY\/"]}]}},"_links":{"self":[{"href":"https:\/\/www.kasinobonus.ai\/de\/wp-json\/wp\/v2\/pages\/8889","targetHints":{"allow":["GET"]}}],"collection":[{"href":"https:\/\/www.kasinobonus.ai\/de\/wp-json\/wp\/v2\/pages"}],"about":[{"href":"https:\/\/www.kasinobonus.ai\/de\/wp-json\/wp\/v2\/types\/page"}],"author":[{"embeddable":true,"href":"https:\/\/www.kasinobonus.ai\/de\/wp-json\/wp\/v2\/users\/1"}],"replies":[{"embeddable":true,"href":"https:\/\/www.kasinobonus.ai\/de\/wp-json\/wp\/v2\/comments?post=8889"}],"version-history":[{"count":4,"href":"https:\/\/www.kasinobonus.ai\/de\/wp-json\/wp\/v2\/pages\/8889\/revisions"}],"predecessor-version":[{"id":31986,"href":"https:\/\/www.kasinobonus.ai\/de\/wp-json\/wp\/v2\/pages\/8889\/revisions\/31986"}],"wp:featuredmedia":[{"embeddable":true,"href":"https:\/\/www.kasinobonus.ai\/de\/wp-json\/wp\/v2\/media\/11527"}],"wp:attachment":[{"href":"https:\/\/www.kasinobonus.ai\/de\/wp-json\/wp\/v2\/media?parent=8889"}],"curies":[{"name":"wp","href":"https:\/\/api.w.org\/{rel}","templated":true}]}}