{"id":8882,"date":"2023-08-29T14:02:25","date_gmt":"2023-08-29T14:02:25","guid":{"rendered":"http:\/\/kasinobonus.ai.dedivirt842.your-server.de\/12e-ilmaista-pelirahaa-ilman-talletusta\/"},"modified":"2025-07-11T15:28:38","modified_gmt":"2025-07-11T15:28:38","slug":"12e-gratis-spielgeld-ohne-einzahlung","status":"publish","type":"page","link":"https:\/\/www.kasinobonus.ai\/de\/12e-gratis-spielgeld-ohne-einzahlung\/","title":{"rendered":"12\u20ac bonus Ohne Einzahlung"},"content":{"rendered":"\n<h1 class=\"wp-block-heading\">12\u20ac casino bonus ohne einzahlung in Deutschlan<\/h1>\n\n\n\n<p>IEin kostenloser 12 Euro Bonus ohne Einzahlung ist eine nicht ganz so verbreitete, aber sehr lohnenswerte Art von Casino Bonus, die Dir ein wenig mehr Flexibilit\u00e4t bietet als die meisten Angebote ohne Einzahlung. Mit 12 Euro Bonusgeld hast Du genug Geld zur Verf\u00fcgung, um eine gr\u00f6\u00dfere Auswahl an Spielen zu erkunden, verschiedene Wettstrategien auszuprobieren und sogar ein paar anst\u00e4ndige Auszahlungen ins Auge zu fassen &#8211; und das alles, ohne einen Cent Deines eigenen Geldes auszugeben!<\/p>\n\n\n\n<p>Heute zeige ich Dir die besten 12 euro gratis casino und gebe Dir Tipps und Strategien, wie Du den maximalen Profit aus den Aktionen herausholst!<\/p>\n\n\n\n<h2 class=\"wp-block-heading\">Die besten Casinos mit 12\u20ac Bonus nach Registrierung 2025<\/h2>\n\n\n\n<p>Die meisten No-Deposit-Angebote sind auf runde Betr\u00e4ge wie 5 oder 10 \u20ac beschr\u00e4nkt. Um einen 12 \u20ac Gratisbonus zu finden, muss man schon ein wenig suchen. Casinos, die diese Art von Promotionen anbieten, sind in der Regel neuer &#8211; und das bedeutet in der Regel auch, dass sie gro\u00dfz\u00fcgigere Promotionen im Angebot haben!<\/p>\n\n\n\n<p>Um Dir Zeit zu sparen, habe ich eine Liste der besten Casinos mit einem 12\u20ac <a href=\"https:\/\/www.kasinobonus.ai\/de\/bonus-ohne-einzahlung\/\">Bonus ohne Einzahlung<\/a> zusammengestellt. Diese Seiten wurden sorgf\u00e4ltig auf Lizenzen, Vertrauensw\u00fcrdigkeit und faire Bonusbedingungen gepr\u00fcft &#8211; hier ist meine pers\u00f6nliche Auswahl:<\/p>\n\n\n<p>[brand_table template=&#8220;table_style_1.php&#8220; country=&#8220;DE&#8220; bonus_type=&#8220;no_deposit&#8220;]<\/p>\n\n\n\n<p>Sobald Du Dich f\u00fcr ein Casino aus der Liste entschieden hast, registrierst Du Dich einfach, forderst Deinen Bonus an und spielst los &#8211; ohne Einzahlung!<\/p>\n\n\n\n<figure class=\"wp-block-image size-full\"><img decoding=\"async\" width=\"1000\" height=\"666\" src=\"https:\/\/www.kasinobonus.ai\/wp-content\/uploads\/2025\/07\/12E-bonus-Ohne-Einzahlung.jpg\" alt=\"\u20ac bonus Ohne Einzahlung\" class=\"wp-image-31987\" srcset=\"https:\/\/www.kasinobonus.ai\/wp-content\/uploads\/2025\/07\/12E-bonus-Ohne-Einzahlung.jpg 1000w, https:\/\/www.kasinobonus.ai\/wp-content\/uploads\/2025\/07\/12E-bonus-Ohne-Einzahlung-300x200.jpg 300w, https:\/\/www.kasinobonus.ai\/wp-content\/uploads\/2025\/07\/12E-bonus-Ohne-Einzahlung-768x511.jpg 768w, https:\/\/www.kasinobonus.ai\/wp-content\/uploads\/2025\/07\/12E-bonus-Ohne-Einzahlung-110x73.jpg 110w, https:\/\/www.kasinobonus.ai\/wp-content\/uploads\/2025\/07\/12E-bonus-Ohne-Einzahlung-575x383.jpg 575w\" sizes=\"(max-width: 1000px) 100vw, 1000px\" \/><\/figure>\n\n\n\n<h2 class=\"wp-block-heading\">Wie wir Casinos pr\u00fcfen und ausw\u00e4hlen&nbsp;&nbsp;<\/h2>\n\n\n\n<p>Online Casino ist nicht gleich Online Casino. Bevor ich eine Website empfehle, unterziehe ich sie daher einem strengen Bewertungsverfahren. Ich achte auf verschiedene Faktoren, wie zum Beispiel die Auswahl der Spiele, die Geschwindigkeit der Auszahlungen, die allgemeine Benutzerfreundlichkeit, die Bonuskonditionen, den Kundendienst und nat\u00fcrlich die Lizenz &#8211; wenn ein Casino keine g\u00fcltige Lizenz hat, empfehlen wir es nicht, so einfach ist das!<\/p>\n\n\n\n<h2 class=\"wp-block-heading\">Einen 20\u20ac no deposit bonus germany in echten Gewinn verwandeln<\/h2>\n\n\n\n<p>Ein Gratis-Bonus von 12 Euro ist ein guter Anfang &#8211; aber Du brauchst ein bisschen Gl\u00fcck (und eine gute Strategie), um ihn in bares Geld umzuwandeln! Als Erstes empfehle ich Dir, immer Spiele mit einem hohen RTP zu w\u00e4hlen. Deine Gewinnchancen erh\u00f6hen sich, wenn Du Slots mit einem h\u00f6heren RTP (Return to Player) w\u00e4hlst.<\/p>\n\n\n\n<p>Du solltest auch darauf achten, dass die Spiele bonusfreundlich sind. Boni ohne Einzahlung schr\u00e4nken Dich auf bestimmte Spiele ein. Um sicherzugehen, dass Du auch die richtigen Spiele spielst, lies Dir immer die Gesch\u00e4ftsbedingungen durch! Au\u00dferdem empfehle ich Dir, Dich an kleinere Eins\u00e4tze zu halten. Auf diese Weise bleibt Dir Dein Bonus l\u00e4nger erhalten und deine Chancen auf einen gro\u00dfen Gewinn erh\u00f6hen sich!<\/p>\n\n\n\n<h2 class=\"wp-block-heading\">Vor- und Nachteile<\/h2>\n\n\n\n<figure class=\"wp-block-image size-full\"><img decoding=\"async\" width=\"1000\" height=\"666\" src=\"https:\/\/www.kasinobonus.ai\/wp-content\/uploads\/2025\/06\/KB-Bonus-ohne-Einzahlung-1.jpg\" alt=\"Bonus ohne Einzahlung\" class=\"wp-image-30216\" srcset=\"https:\/\/www.kasinobonus.ai\/wp-content\/uploads\/2025\/06\/KB-Bonus-ohne-Einzahlung-1.jpg 1000w, https:\/\/www.kasinobonus.ai\/wp-content\/uploads\/2025\/06\/KB-Bonus-ohne-Einzahlung-1-300x200.jpg 300w, https:\/\/www.kasinobonus.ai\/wp-content\/uploads\/2025\/06\/KB-Bonus-ohne-Einzahlung-1-768x511.jpg 768w, https:\/\/www.kasinobonus.ai\/wp-content\/uploads\/2025\/06\/KB-Bonus-ohne-Einzahlung-1-110x73.jpg 110w, https:\/\/www.kasinobonus.ai\/wp-content\/uploads\/2025\/06\/KB-Bonus-ohne-Einzahlung-1-575x383.jpg 575w\" sizes=\"(max-width: 1000px) 100vw, 1000px\" \/><\/figure>\n\n\n\n<div class=\"wp-block-columns is-layout-flex wp-container-core-columns-is-layout-28f84493 wp-block-columns-is-layout-flex\">\n<div class=\"wp-block-column is-layout-flow wp-block-column-is-layout-flow\">\n<h3 class=\"wp-block-heading\">\u2705 Vorteile<\/h3>\n\n\n\n<ul class=\"wp-block-list\">\n<li>\u2705 Ideal, um ein Casino zu testen, ohne eigenes Geld auszugeben.<\/li>\n\n\n\n<li>\u2705 Echte Gewinnchancen \u2013 kein finanzielles Risiko.<\/li>\n\n\n\n<li>\u2705 Nach der Registrierung erhalten Sie sofortigen Zugang zu Slots oder Spielen.<\/li>\n\n\n\n<li>\u2705 Keine Verpflichtung: Einfach anmelden und spielen!<\/li>\n\n\n\n<li>\u2705 Ideal, um verschiedene Plattformen und Benutzeroberfl\u00e4chen auszuprobieren.<\/li>\n<\/ul>\n<\/div>\n\n\n\n<div class=\"wp-block-column is-layout-flow wp-block-column-is-layout-flow\">\n<h3 class=\"wp-block-heading\">\u274c Nachteile<\/h3>\n\n\n\n<ul class=\"wp-block-list\">\n<li>\u274c In der Regel gelten strenge Umsatzbedingungen.<\/li>\n\n\n\n<li>\u274c Oft sind die maximalen Gewinn- und Auszahlungslimits relativ niedrig.<\/li>\n\n\n\n<li>\u274c Der Bonus kann auf bestimmte Spiele beschr\u00e4nkt sein, was bedeutet, dass er nicht f\u00fcr alle Spiele gilt.<\/li>\n\n\n\n<li>\u274c In manchen F\u00e4llen ist eine Einzahlung notwendig, um Gewinne ausgezahlt zu bekommen.<\/li>\n\n\n\n<li>\u274c Lesen Sie immer das Kleingedruckte, denn nicht alle Boni ohne Einzahlung sind wirklich &#8222;kostenlos&#8220;.<\/li>\n<\/ul>\n<\/div>\n<\/div>\n\n\n\n<h2 class=\"wp-block-heading\">Beste kostenlose Slot-Geld-Casinos<\/h2>\n\n\n\n<figure class=\"wp-block-table\"><table class=\"has-fixed-layout\"><thead><tr><th>Spielautomat<\/th><th>Anbieter<\/th><th>Freispiele<\/th><th>Wert pro Drehung (\u20ac)<\/th><th>Gesamtwert (\u20ac)<\/th><th>Bedingungen<\/th><th>Casino<\/th><\/tr><\/thead><tbody><tr><td>Alien Fruits<\/td><td>BGaming<\/td><td>50<\/td><td>0,10\u202f\u20ac<\/td><td>5,00\u202f\u20ac<\/td><td>Keine Umsatzbedingungen<\/td><td>Drip Casino<\/td><\/tr><tr><td>Gates of Olympus<\/td><td>Pragmatic Play<\/td><td>50<\/td><td>0,10\u202f\u20ac<\/td><td>5,00\u202f\u20ac<\/td><td>Keine Umsatzbedingungen<\/td><td>Campeonbet<\/td><\/tr><tr><td>Sweet Bonanza<\/td><td>Pragmatic Play<\/td><td>40<\/td><td>0,10\u202f\u20ac<\/td><td>4,00\u202f\u20ac<\/td><td>Bonuscode: 40ZENBONUS<\/td><td>Campeonbet<\/td><\/tr><tr><td>Big Bass Bonanza<\/td><td>Pragmatic Play<\/td><td>30<\/td><td>0,10\u202f\u20ac<\/td><td>3,00\u202f\u20ac<\/td><td>Kein Einzahlung n\u00f6tig, nur Registrierung<\/td><td>Campeonbet<\/td><\/tr><tr><td>Elvis Frog in Vegas<\/td><td>BGaming<\/td><td>25<\/td><td>0,10\u202f\u20ac<\/td><td>2,50\u202f\u20ac<\/td><td>Nur f\u00fcr neue Spieler<\/td><td>Drip Casino<\/td><\/tr><tr><td>Book of Dead<\/td><td>Play\u2019n GO<\/td><td>20<\/td><td>0,10\u202f\u20ac<\/td><td>2,00\u202f\u20ac<\/td><td>Kein Einzahlung n\u00f6tig, begrenzte Einl\u00f6sung<\/td><td>Campeonbet<\/td><\/tr><\/tbody><\/table><\/figure>\n","protected":false},"excerpt":{"rendered":"<p>12\u20ac casino bonus ohne einzahlung in Deutschlan IEin kostenloser 12 Euro Bonus ohne Einzahlung ist eine nicht ganz so verbreitete, aber sehr lohnenswerte Art von Casino Bonus, die Dir ein wenig mehr Flexibilit\u00e4t bietet als die meisten Angebote ohne Einzahlung. Mit 12 Euro Bonusgeld hast Du genug Geld zur Verf\u00fcgung, um eine gr\u00f6\u00dfere Auswahl an [&hellip;]<\/p>\n","protected":false},"author":1,"featured_media":11535,"parent":0,"menu_order":0,"comment_status":"open","ping_status":"closed","template":"","meta":{"inline_featured_image":false,"footnotes":""},"class_list":["post-8882","page","type-page","status-publish","has-post-thumbnail","hentry"],"yoast_head":"<!-- This site is optimized with the Yoast SEO plugin v24.5 - https:\/\/yoast.com\/wordpress\/plugins\/seo\/ -->\n<title>12 euro bonus ohne einzahlung 2025 - www.kasinobonus.ai<\/title>\n<meta name=\"description\" content=\"Nutze 12\u20ac gratis Spielgeld ohne Einzahlung in 2025 und tauche in die aufregende Welt der Online-Casinos ein. Viel Gl\u00fcck!\" \/>\n<meta name=\"robots\" content=\"index, follow, max-snippet:-1, max-image-preview:large, max-video-preview:-1\" \/>\n<link rel=\"canonical\" href=\"https:\/\/www.kasinobonus.ai\/de\/12e-gratis-spielgeld-ohne-einzahlung\/\" \/>\n<script type=\"application\/ld+json\" class=\"yoast-schema-graph\">{\"@context\":\"https:\/\/schema.org\",\"@graph\":[{\"@type\":\"WebPage\",\"@id\":\"https:\/\/www.kasinobonus.ai\/de\/12e-gratis-spielgeld-ohne-einzahlung\/\",\"url\":\"https:\/\/www.kasinobonus.ai\/de\/12e-gratis-spielgeld-ohne-einzahlung\/\",\"name\":\"12 euro bonus ohne einzahlung 2025 - www.kasinobonus.ai\",\"isPartOf\":{\"@id\":\"https:\/\/www.kasinobonus.ai\/de\/#website\"},\"primaryImageOfPage\":{\"@id\":\"https:\/\/www.kasinobonus.ai\/de\/12e-gratis-spielgeld-ohne-einzahlung\/#primaryimage\"},\"image\":{\"@id\":\"https:\/\/www.kasinobonus.ai\/de\/12e-gratis-spielgeld-ohne-einzahlung\/#primaryimage\"},\"thumbnailUrl\":\"https:\/\/www.kasinobonus.ai\/wp-content\/uploads\/2023\/12\/12-eur-gratis-casino-geld-ohne-einzahlung.jpg\",\"datePublished\":\"2023-08-29T14:02:25+00:00\",\"dateModified\":\"2025-07-11T15:28:38+00:00\",\"description\":\"Nutze 12\u20ac gratis Spielgeld ohne Einzahlung in 2025 und tauche in die aufregende Welt der Online-Casinos ein. Viel Gl\u00fcck!\",\"breadcrumb\":{\"@id\":\"https:\/\/www.kasinobonus.ai\/de\/12e-gratis-spielgeld-ohne-einzahlung\/#breadcrumb\"},\"inLanguage\":\"de\",\"potentialAction\":[{\"@type\":\"ReadAction\",\"target\":[\"https:\/\/www.kasinobonus.ai\/de\/12e-gratis-spielgeld-ohne-einzahlung\/\"]}]},{\"@type\":\"ImageObject\",\"inLanguage\":\"de\",\"@id\":\"https:\/\/www.kasinobonus.ai\/de\/12e-gratis-spielgeld-ohne-einzahlung\/#primaryimage\",\"url\":\"https:\/\/www.kasinobonus.ai\/wp-content\/uploads\/2023\/12\/12-eur-gratis-casino-geld-ohne-einzahlung.jpg\",\"contentUrl\":\"https:\/\/www.kasinobonus.ai\/wp-content\/uploads\/2023\/12\/12-eur-gratis-casino-geld-ohne-einzahlung.jpg\",\"width\":1200,\"height\":628,\"caption\":\"12 eur gratis casino geld ohne einzahlung\"},{\"@type\":\"BreadcrumbList\",\"@id\":\"https:\/\/www.kasinobonus.ai\/de\/12e-gratis-spielgeld-ohne-einzahlung\/#breadcrumb\",\"itemListElement\":[{\"@type\":\"ListItem\",\"position\":1,\"name\":\"Home\",\"item\":\"https:\/\/kasinobonus.ai\/de\/\"},{\"@type\":\"ListItem\",\"position\":2,\"name\":\"12\u20ac bonus Ohne Einzahlung\"}]},{\"@type\":\"WebSite\",\"@id\":\"https:\/\/www.kasinobonus.ai\/de\/#website\",\"url\":\"https:\/\/www.kasinobonus.ai\/de\/\",\"name\":\"www.kasinobonus.ai\",\"description\":\"\",\"publisher\":{\"@id\":\"https:\/\/www.kasinobonus.ai\/de\/#organization\"},\"potentialAction\":[{\"@type\":\"SearchAction\",\"target\":{\"@type\":\"EntryPoint\",\"urlTemplate\":\"https:\/\/www.kasinobonus.ai\/de\/?s={search_term_string}\"},\"query-input\":{\"@type\":\"PropertyValueSpecification\",\"valueRequired\":true,\"valueName\":\"search_term_string\"}}],\"inLanguage\":\"de\"},{\"@type\":\"Organization\",\"@id\":\"https:\/\/www.kasinobonus.ai\/de\/#organization\",\"name\":\"KasinoBonus\",\"alternateName\":\"KasinoBonusAI\",\"url\":\"https:\/\/www.kasinobonus.ai\/de\/\",\"logo\":{\"@type\":\"ImageObject\",\"inLanguage\":\"de\",\"@id\":\"https:\/\/www.kasinobonus.ai\/de\/#\/schema\/logo\/image\/\",\"url\":\"https:\/\/www.kasinobonus.ai\/wp-content\/uploads\/2023\/09\/kasinobonus-logo-light.png\",\"contentUrl\":\"https:\/\/www.kasinobonus.ai\/wp-content\/uploads\/2023\/09\/kasinobonus-logo-light.png\",\"width\":3200,\"height\":596,\"caption\":\"KasinoBonus\"},\"image\":{\"@id\":\"https:\/\/www.kasinobonus.ai\/de\/#\/schema\/logo\/image\/\"},\"sameAs\":[\"https:\/\/www.facebook.com\/kasinobonusio\/\",\"https:\/\/x.com\/Kasinobonus_io\",\"https:\/\/www.linkedin.com\/in\/matti-slotte-26612033b\",\"http:\/\/kasinobonus.wikidot.com\/system:welcome\",\"https:\/\/www.trustpilot.com\/review\/www.kasinobonus.ai\",\"https:\/\/orcid.org\/0009-0007-2889-1713\",\"https:\/\/en.everybodywiki.com\/Matti_Slotte\",\"https:\/\/www.immuniweb.com\/ssl\/kasinobonus.ai\/M4lqCqYY\/\"]}]}<\/script>\n<!-- \/ Yoast SEO plugin. -->","yoast_head_json":{"title":"12 euro bonus ohne einzahlung 2025 - www.kasinobonus.ai","description":"Nutze 12\u20ac gratis Spielgeld ohne Einzahlung in 2025 und tauche in die aufregende Welt der Online-Casinos ein. Viel Gl\u00fcck!","robots":{"index":"index","follow":"follow","max-snippet":"max-snippet:-1","max-image-preview":"max-image-preview:large","max-video-preview":"max-video-preview:-1"},"canonical":"https:\/\/www.kasinobonus.ai\/de\/12e-gratis-spielgeld-ohne-einzahlung\/","schema":{"@context":"https:\/\/schema.org","@graph":[{"@type":"WebPage","@id":"https:\/\/www.kasinobonus.ai\/de\/12e-gratis-spielgeld-ohne-einzahlung\/","url":"https:\/\/www.kasinobonus.ai\/de\/12e-gratis-spielgeld-ohne-einzahlung\/","name":"12 euro bonus ohne einzahlung 2025 - www.kasinobonus.ai","isPartOf":{"@id":"https:\/\/www.kasinobonus.ai\/de\/#website"},"primaryImageOfPage":{"@id":"https:\/\/www.kasinobonus.ai\/de\/12e-gratis-spielgeld-ohne-einzahlung\/#primaryimage"},"image":{"@id":"https:\/\/www.kasinobonus.ai\/de\/12e-gratis-spielgeld-ohne-einzahlung\/#primaryimage"},"thumbnailUrl":"https:\/\/www.kasinobonus.ai\/wp-content\/uploads\/2023\/12\/12-eur-gratis-casino-geld-ohne-einzahlung.jpg","datePublished":"2023-08-29T14:02:25+00:00","dateModified":"2025-07-11T15:28:38+00:00","description":"Nutze 12\u20ac gratis Spielgeld ohne Einzahlung in 2025 und tauche in die aufregende Welt der Online-Casinos ein. Viel Gl\u00fcck!","breadcrumb":{"@id":"https:\/\/www.kasinobonus.ai\/de\/12e-gratis-spielgeld-ohne-einzahlung\/#breadcrumb"},"inLanguage":"de","potentialAction":[{"@type":"ReadAction","target":["https:\/\/www.kasinobonus.ai\/de\/12e-gratis-spielgeld-ohne-einzahlung\/"]}]},{"@type":"ImageObject","inLanguage":"de","@id":"https:\/\/www.kasinobonus.ai\/de\/12e-gratis-spielgeld-ohne-einzahlung\/#primaryimage","url":"https:\/\/www.kasinobonus.ai\/wp-content\/uploads\/2023\/12\/12-eur-gratis-casino-geld-ohne-einzahlung.jpg","contentUrl":"https:\/\/www.kasinobonus.ai\/wp-content\/uploads\/2023\/12\/12-eur-gratis-casino-geld-ohne-einzahlung.jpg","width":1200,"height":628,"caption":"12 eur gratis casino geld ohne einzahlung"},{"@type":"BreadcrumbList","@id":"https:\/\/www.kasinobonus.ai\/de\/12e-gratis-spielgeld-ohne-einzahlung\/#breadcrumb","itemListElement":[{"@type":"ListItem","position":1,"name":"Home","item":"https:\/\/kasinobonus.ai\/de\/"},{"@type":"ListItem","position":2,"name":"12\u20ac bonus Ohne Einzahlung"}]},{"@type":"WebSite","@id":"https:\/\/www.kasinobonus.ai\/de\/#website","url":"https:\/\/www.kasinobonus.ai\/de\/","name":"www.kasinobonus.ai","description":"","publisher":{"@id":"https:\/\/www.kasinobonus.ai\/de\/#organization"},"potentialAction":[{"@type":"SearchAction","target":{"@type":"EntryPoint","urlTemplate":"https:\/\/www.kasinobonus.ai\/de\/?s={search_term_string}"},"query-input":{"@type":"PropertyValueSpecification","valueRequired":true,"valueName":"search_term_string"}}],"inLanguage":"de"},{"@type":"Organization","@id":"https:\/\/www.kasinobonus.ai\/de\/#organization","name":"KasinoBonus","alternateName":"KasinoBonusAI","url":"https:\/\/www.kasinobonus.ai\/de\/","logo":{"@type":"ImageObject","inLanguage":"de","@id":"https:\/\/www.kasinobonus.ai\/de\/#\/schema\/logo\/image\/","url":"https:\/\/www.kasinobonus.ai\/wp-content\/uploads\/2023\/09\/kasinobonus-logo-light.png","contentUrl":"https:\/\/www.kasinobonus.ai\/wp-content\/uploads\/2023\/09\/kasinobonus-logo-light.png","width":3200,"height":596,"caption":"KasinoBonus"},"image":{"@id":"https:\/\/www.kasinobonus.ai\/de\/#\/schema\/logo\/image\/"},"sameAs":["https:\/\/www.facebook.com\/kasinobonusio\/","https:\/\/x.com\/Kasinobonus_io","https:\/\/www.linkedin.com\/in\/matti-slotte-26612033b","http:\/\/kasinobonus.wikidot.com\/system:welcome","https:\/\/www.trustpilot.com\/review\/www.kasinobonus.ai","https:\/\/orcid.org\/0009-0007-2889-1713","https:\/\/en.everybodywiki.com\/Matti_Slotte","https:\/\/www.immuniweb.com\/ssl\/kasinobonus.ai\/M4lqCqYY\/"]}]}},"_links":{"self":[{"href":"https:\/\/www.kasinobonus.ai\/de\/wp-json\/wp\/v2\/pages\/8882","targetHints":{"allow":["GET"]}}],"collection":[{"href":"https:\/\/www.kasinobonus.ai\/de\/wp-json\/wp\/v2\/pages"}],"about":[{"href":"https:\/\/www.kasinobonus.ai\/de\/wp-json\/wp\/v2\/types\/page"}],"author":[{"embeddable":true,"href":"https:\/\/www.kasinobonus.ai\/de\/wp-json\/wp\/v2\/users\/1"}],"replies":[{"embeddable":true,"href":"https:\/\/www.kasinobonus.ai\/de\/wp-json\/wp\/v2\/comments?post=8882"}],"version-history":[{"count":4,"href":"https:\/\/www.kasinobonus.ai\/de\/wp-json\/wp\/v2\/pages\/8882\/revisions"}],"predecessor-version":[{"id":31995,"href":"https:\/\/www.kasinobonus.ai\/de\/wp-json\/wp\/v2\/pages\/8882\/revisions\/31995"}],"wp:featuredmedia":[{"embeddable":true,"href":"https:\/\/www.kasinobonus.ai\/de\/wp-json\/wp\/v2\/media\/11535"}],"wp:attachment":[{"href":"https:\/\/www.kasinobonus.ai\/de\/wp-json\/wp\/v2\/media?parent=8882"}],"curies":[{"name":"wp","href":"https:\/\/api.w.org\/{rel}","templated":true}]}}