{"id":8846,"date":"2023-09-01T06:25:29","date_gmt":"2023-09-01T06:25:29","guid":{"rendered":"http:\/\/kasinobonus.ai.dedivirt842.your-server.de\/meista\/"},"modified":"2025-07-26T08:51:01","modified_gmt":"2025-07-26T08:51:01","slug":"informationen","status":"publish","type":"page","link":"https:\/\/www.kasinobonus.ai\/de\/informationen\/","title":{"rendered":"Informationen"},"content":{"rendered":"\n<h1 class=\"wp-block-heading\">Informationen \u00fcber Kasinobonus<\/h1>\n\n\n\n<p>Kasinobonus hat seine Wurzeln im Online-Gl\u00fccksspiel-Hype der fr\u00fchen 2000er Jahre, aber Kasinobonus wurde erst 2020 gegr\u00fcndet. Diese Seite wurde von <a href=\"https:\/\/www.kasinobonus.ai\/de\/matti-slotte\/\">Matti Slotte<\/a> erstellt, einer Legende der finnischen Pokerszene, der bis heute eine wichtige Rolle in der finnischen Gl\u00fccksspielszene spielt.<\/p>\n\n\n\n<h2 class=\"wp-block-heading\"><a><\/a><strong>Neue Funktionen im Jahr 2025<\/strong><strong><\/strong><\/h2>\n\n\n\n<p>2025 f\u00e4ngt f\u00fcr Kasinobonus ein neues Kapitel an. Dieses Jahr bringen wir neue, intelligentere Tools f\u00fcr Bonusbewertungen raus \u2013 mit KI-Unterst\u00fctzung \u2013, haben unser Test- und Bewertungsteam vergr\u00f6\u00dfert und neue Inhalte hinzugef\u00fcgt, die vor allem auf Krypto-Casinos, mobiles Spielen und sichereres Gl\u00fccksspiel ausgerichtet sind.<\/p>\n\n\n\n<p>Seit kurzem ver\u00f6ffentlichen wir auch exklusive Einblicke, die auf dem Feedback der Spieler und den Auszahlungsgeschwindigkeiten basieren. Matti gibt weiterhin die Richtung vor, verf\u00fcgt jetzt aber \u00fcber mehr Tools und eine gr\u00f6\u00dfere Reichweite als je zuvor \u2013 so kannst du darauf vertrauen, dass jedes von uns empfohlene Casino gr\u00fcndlicher gepr\u00fcft, h\u00e4ufiger kontrolliert und spielerorientierter ist als je zuvor.<\/p>\n\n\n\n<p>Klar, die Seite sieht aus wie ein Haufen Casino-Bewertungen mit ein paar Bannern, ein paar Boni, Logos, Handlungsaufforderungen und dem \u00fcblichen Zeug. Dinge, die man \u00fcberall sieht.<\/p>\n\n\n\n<p>Aber diese Seite ist anders. Dank Mattis langj\u00e4hriger Erfahrung kommen nur sorgf\u00e4ltig ausgew\u00e4hlte Casinos auf die Liste, w\u00e4hrend die, die nicht gut genug sind, einfach weggelassen werden. Du kannst dich darauf verlassen, dass Matti diese Gl\u00fccksspielszene wie ein Klebstoff zusammenh\u00e4lt und dich besch\u00fctzt, damit du nicht auf betr\u00fcgerischen Seiten spielst.<\/p>\n\n\n\n<p>Hier ein Beispiel: Matti \u00fcberpr\u00fcft, ob der Casinobonus einen guten erwarteten Wert hat und keine Bedingungen enth\u00e4lt, die es dem Casino erm\u00f6glichen, deinen Bonus f\u00fcr ung\u00fcltig zu erkl\u00e4ren. Hast du dar\u00fcber schon mal nachgedacht? Nein? Matti schon. Und zwar jeden Tag.<\/p>\n\n\n\n<p>Noch ein Beispiel. Casinos werden von Leuten betrieben. Matti redet mit den Leuten, die hinter einer Gl\u00fccksspielmarke stehen. Das w\u00e4re f\u00fcr dich nicht m\u00f6glich, aber er kann das, also nutzt er seine Kontakte, um genau das zu tun und herauszufinden, wer hinter einer Gl\u00fccksspielmarke steckt und ob die Absichten gut oder schlecht sind.<\/p>\n\n\n\n<h2 class=\"wp-block-heading\"><a><\/a><strong>Warum wir anders sind<\/strong><strong><\/strong><\/h2>\n\n\n\n<p>KasinoBonus ist daf\u00fcr bekannt, Spielern die besten <a href=\"https:\/\/www.kasinobonus.ai\/en\/\">Echtgeld-Online-Casinos<\/a> zu empfehlen, aber was macht uns eigentlich so einzigartig und l\u00e4sst uns weit vor unseren Mitbewerbern liegen? Hier sind ein paar Gr\u00fcnde, die KasinoBonus von anderen abheben:<\/p>\n\n\n\n<ul class=\"wp-block-list\">\n<li><strong>Bonus-Integrit\u00e4t:<\/strong> Matti \u00fcberpr\u00fcft <em>pers\u00f6nlich<\/em> das Kleingedruckte in den AGB aller von uns bewerteten Boni. Wenn es irgendwelche unfairen Bedingungen gibt, die darauf abzielen, deine Gewinne f\u00fcr ung\u00fcltig zu erkl\u00e4ren, um dir die Auszahlung zu erschweren, kommt der Bonus nicht in die Liste.<\/li>\n\n\n\n<li><strong>Insider-Zugang:<\/strong> Die meisten Spieler kommen nie in den Genuss, mit den Verantwortlichen hinter den Kulissen zu <em>sprechen<\/em>. Matti schon. Er nutzt diese Kontakte, um zu \u00fcberpr\u00fcfen, wer das Sagen hat \u2013 und ob ihre Absichten gut sind oder nicht.<\/li>\n\n\n\n<li><strong>Echte Tests:<\/strong> Anders als fast alle anderen Testseiten f\u00fcr Casinos machen wir <em>Echtgeld-Einzahlungen<\/em> \u2013 genau wie du \u2013 um zu sehen, wie diese Casinos wirklich funktionieren. Wir schauen uns nicht nur die schicken Startseiten an, sondern testen auch den Auszahlungsprozess, den Kundensupport und alles, was sonst noch so wichtig ist!<\/li>\n<\/ul>\n\n\n\n<h2 class=\"wp-block-heading\"><strong>Warum solltest du dich f\u00fcr Kasinobonus entscheiden?<\/strong><\/h2>\n\n\n\n<h2 class=\"wp-block-heading\"><strong>&nbsp;<\/strong><\/h2>\n\n\n\n<p>Es gibt ein paar gute Gr\u00fcnde, warum du Kasinobonus anderen \u00e4hnlichen Websites vorziehen solltest: Hier findest du ehrliche Bewertungen von einer Branchenlegende, die nur dein Bestes will. Casino-Bewertungen sind kein Kinderspiel. Es ist harte Arbeit, die sich im Laufe der Jahre erweitert hat und jetzt Folgendes umfasst:<\/p>\n\n\n\n<ul class=\"wp-block-list\">\n<li>Professionelle und ehrliche Casino-Bewertungen<\/li>\n\n\n\n<li>Echtgeld-Einzahlungen in Casinos, um sie zu testen<\/li>\n\n\n\n<li>Hintergrund\u00fcberpr\u00fcfungen von Casinos und den Unternehmen, die dahinter stehen<\/li>\n\n\n\n<li>Gespr\u00e4che mit anderen finnischen Spielern, die im Casino gespielt haben<\/li>\n\n\n\n<li>Pr\u00fcfung der AGB aus rechtlicher Sicht<\/li>\n\n\n\n<li>Mattis pers\u00f6nliche Meinung zu einem Casino<\/li>\n<\/ul>\n\n\n\n<h2 class=\"wp-block-heading\"><a><\/a><strong>Unsere Mission<\/strong><strong><\/strong><\/h2>\n\n\n\n<p>Das Ziel von Kasinobonus ist es, finnischen Spielern genaue Infos zu liefern, damit sie besser informiert sind und zu den Casinomarken kommen, die sich gut um sie k\u00fcmmern. Der Vorteil f\u00fcr die Spieler steht f\u00fcr Matti an erster Stelle.<\/p>\n\n\n\n<p>Ohne Kasinobonus w\u00fcssten die Spieler nicht, welches Casino gut ist und welche sie meiden sollten, und sie w\u00e4ren nicht so gut \u00fcber Gl\u00fccksspiele im Allgemeinen informiert.<\/p>\n\n\n\n<h2 class=\"wp-block-heading\"><strong>Werbung und Redaktionsrichtlinien<\/strong><\/h2>\n\n\n\n<p>Wir finanzieren uns durch den Verkauf von Werbefl\u00e4chen. Wichtig ist aber, dass die Werbegelder niemals Einfluss auf unsere Meinung \u00fcber die beworbene Marke haben. Matti ist daf\u00fcr bekannt, dass er Geld f\u00fcr eine Bewertung annimmt, die dann aber schlecht ausf\u00e4llt, weil die Marke einfach nicht gut ist. Das Unternehmen bezahlt zwar f\u00fcr die Bewertung, kann aber nicht bestimmen, was darin steht.<\/p>\n\n\n\n<p>Das ist die redaktionelle Integrit\u00e4t, die Matti seit dem Start von Kasinobonus immer gewahrt hat, und sie wurde noch nie gebrochen. Kein Geld der Welt k\u00f6nnte Matti dazu bringen, seine Werte zu vergessen.<\/p>\n","protected":false},"excerpt":{"rendered":"<p>Informationen \u00fcber Kasinobonus Kasinobonus hat seine Wurzeln im Online-Gl\u00fccksspiel-Hype der fr\u00fchen 2000er Jahre, aber Kasinobonus wurde erst 2020 gegr\u00fcndet. Diese Seite wurde von Matti Slotte erstellt, einer Legende der finnischen Pokerszene, der bis heute eine wichtige Rolle in der finnischen Gl\u00fccksspielszene spielt. Neue Funktionen im Jahr 2025 2025 f\u00e4ngt f\u00fcr Kasinobonus ein neues Kapitel an. [&hellip;]<\/p>\n","protected":false},"author":1,"featured_media":0,"parent":0,"menu_order":0,"comment_status":"open","ping_status":"closed","template":"","meta":{"inline_featured_image":false,"footnotes":""},"class_list":["post-8846","page","type-page","status-publish","hentry"],"yoast_head":"<!-- This site is optimized with the Yoast SEO plugin v24.5 - https:\/\/yoast.com\/wordpress\/plugins\/seo\/ -->\n<title>kasinobonus.ai: Wer wir sind und was wir tun?<\/title>\n<meta name=\"description\" content=\"Das Team von kasinobonus.ai stellt sich vor. Erfahren Sie mehr \u00fcber uns und wie wir die besten Kasinoboni ausw\u00e4hlen! Lesen Sie gerne weiter!\" \/>\n<meta name=\"robots\" content=\"index, follow, max-snippet:-1, max-image-preview:large, max-video-preview:-1\" \/>\n<link rel=\"canonical\" href=\"https:\/\/www.kasinobonus.ai\/de\/informationen\/\" \/>\n<script type=\"application\/ld+json\" class=\"yoast-schema-graph\">{\"@context\":\"https:\/\/schema.org\",\"@graph\":[{\"@type\":\"WebPage\",\"@id\":\"https:\/\/www.kasinobonus.ai\/de\/informationen\/\",\"url\":\"https:\/\/www.kasinobonus.ai\/de\/informationen\/\",\"name\":\"kasinobonus.ai: Wer wir sind und was wir tun?\",\"isPartOf\":{\"@id\":\"https:\/\/www.kasinobonus.ai\/de\/#website\"},\"datePublished\":\"2023-09-01T06:25:29+00:00\",\"dateModified\":\"2025-07-26T08:51:01+00:00\",\"description\":\"Das Team von kasinobonus.ai stellt sich vor. Erfahren Sie mehr \u00fcber uns und wie wir die besten Kasinoboni ausw\u00e4hlen! Lesen Sie gerne weiter!\",\"breadcrumb\":{\"@id\":\"https:\/\/www.kasinobonus.ai\/de\/informationen\/#breadcrumb\"},\"inLanguage\":\"de\",\"potentialAction\":[{\"@type\":\"ReadAction\",\"target\":[\"https:\/\/www.kasinobonus.ai\/de\/informationen\/\"]}]},{\"@type\":\"BreadcrumbList\",\"@id\":\"https:\/\/www.kasinobonus.ai\/de\/informationen\/#breadcrumb\",\"itemListElement\":[{\"@type\":\"ListItem\",\"position\":1,\"name\":\"Home\",\"item\":\"https:\/\/kasinobonus.ai\/de\/\"},{\"@type\":\"ListItem\",\"position\":2,\"name\":\"Informationen\"}]},{\"@type\":\"WebSite\",\"@id\":\"https:\/\/www.kasinobonus.ai\/de\/#website\",\"url\":\"https:\/\/www.kasinobonus.ai\/de\/\",\"name\":\"www.kasinobonus.ai\",\"description\":\"\",\"publisher\":{\"@id\":\"https:\/\/www.kasinobonus.ai\/de\/#organization\"},\"potentialAction\":[{\"@type\":\"SearchAction\",\"target\":{\"@type\":\"EntryPoint\",\"urlTemplate\":\"https:\/\/www.kasinobonus.ai\/de\/?s={search_term_string}\"},\"query-input\":{\"@type\":\"PropertyValueSpecification\",\"valueRequired\":true,\"valueName\":\"search_term_string\"}}],\"inLanguage\":\"de\"},{\"@type\":\"Organization\",\"@id\":\"https:\/\/www.kasinobonus.ai\/de\/#organization\",\"name\":\"KasinoBonus\",\"alternateName\":\"KasinoBonusAI\",\"url\":\"https:\/\/www.kasinobonus.ai\/de\/\",\"logo\":{\"@type\":\"ImageObject\",\"inLanguage\":\"de\",\"@id\":\"https:\/\/www.kasinobonus.ai\/de\/#\/schema\/logo\/image\/\",\"url\":\"https:\/\/www.kasinobonus.ai\/wp-content\/uploads\/2023\/09\/kasinobonus-logo-light.png\",\"contentUrl\":\"https:\/\/www.kasinobonus.ai\/wp-content\/uploads\/2023\/09\/kasinobonus-logo-light.png\",\"width\":3200,\"height\":596,\"caption\":\"KasinoBonus\"},\"image\":{\"@id\":\"https:\/\/www.kasinobonus.ai\/de\/#\/schema\/logo\/image\/\"},\"sameAs\":[\"https:\/\/www.facebook.com\/kasinobonusio\/\",\"https:\/\/x.com\/Kasinobonus_io\",\"https:\/\/www.linkedin.com\/in\/matti-slotte-26612033b\",\"http:\/\/kasinobonus.wikidot.com\/system:welcome\",\"https:\/\/www.trustpilot.com\/review\/www.kasinobonus.ai\",\"https:\/\/orcid.org\/0009-0007-2889-1713\",\"https:\/\/en.everybodywiki.com\/Matti_Slotte\",\"https:\/\/www.immuniweb.com\/ssl\/kasinobonus.ai\/M4lqCqYY\/\"]}]}<\/script>\n<!-- \/ Yoast SEO plugin. -->","yoast_head_json":{"title":"kasinobonus.ai: Wer wir sind und was wir tun?","description":"Das Team von kasinobonus.ai stellt sich vor. Erfahren Sie mehr \u00fcber uns und wie wir die besten Kasinoboni ausw\u00e4hlen! Lesen Sie gerne weiter!","robots":{"index":"index","follow":"follow","max-snippet":"max-snippet:-1","max-image-preview":"max-image-preview:large","max-video-preview":"max-video-preview:-1"},"canonical":"https:\/\/www.kasinobonus.ai\/de\/informationen\/","schema":{"@context":"https:\/\/schema.org","@graph":[{"@type":"WebPage","@id":"https:\/\/www.kasinobonus.ai\/de\/informationen\/","url":"https:\/\/www.kasinobonus.ai\/de\/informationen\/","name":"kasinobonus.ai: Wer wir sind und was wir tun?","isPartOf":{"@id":"https:\/\/www.kasinobonus.ai\/de\/#website"},"datePublished":"2023-09-01T06:25:29+00:00","dateModified":"2025-07-26T08:51:01+00:00","description":"Das Team von kasinobonus.ai stellt sich vor. Erfahren Sie mehr \u00fcber uns und wie wir die besten Kasinoboni ausw\u00e4hlen! Lesen Sie gerne weiter!","breadcrumb":{"@id":"https:\/\/www.kasinobonus.ai\/de\/informationen\/#breadcrumb"},"inLanguage":"de","potentialAction":[{"@type":"ReadAction","target":["https:\/\/www.kasinobonus.ai\/de\/informationen\/"]}]},{"@type":"BreadcrumbList","@id":"https:\/\/www.kasinobonus.ai\/de\/informationen\/#breadcrumb","itemListElement":[{"@type":"ListItem","position":1,"name":"Home","item":"https:\/\/kasinobonus.ai\/de\/"},{"@type":"ListItem","position":2,"name":"Informationen"}]},{"@type":"WebSite","@id":"https:\/\/www.kasinobonus.ai\/de\/#website","url":"https:\/\/www.kasinobonus.ai\/de\/","name":"www.kasinobonus.ai","description":"","publisher":{"@id":"https:\/\/www.kasinobonus.ai\/de\/#organization"},"potentialAction":[{"@type":"SearchAction","target":{"@type":"EntryPoint","urlTemplate":"https:\/\/www.kasinobonus.ai\/de\/?s={search_term_string}"},"query-input":{"@type":"PropertyValueSpecification","valueRequired":true,"valueName":"search_term_string"}}],"inLanguage":"de"},{"@type":"Organization","@id":"https:\/\/www.kasinobonus.ai\/de\/#organization","name":"KasinoBonus","alternateName":"KasinoBonusAI","url":"https:\/\/www.kasinobonus.ai\/de\/","logo":{"@type":"ImageObject","inLanguage":"de","@id":"https:\/\/www.kasinobonus.ai\/de\/#\/schema\/logo\/image\/","url":"https:\/\/www.kasinobonus.ai\/wp-content\/uploads\/2023\/09\/kasinobonus-logo-light.png","contentUrl":"https:\/\/www.kasinobonus.ai\/wp-content\/uploads\/2023\/09\/kasinobonus-logo-light.png","width":3200,"height":596,"caption":"KasinoBonus"},"image":{"@id":"https:\/\/www.kasinobonus.ai\/de\/#\/schema\/logo\/image\/"},"sameAs":["https:\/\/www.facebook.com\/kasinobonusio\/","https:\/\/x.com\/Kasinobonus_io","https:\/\/www.linkedin.com\/in\/matti-slotte-26612033b","http:\/\/kasinobonus.wikidot.com\/system:welcome","https:\/\/www.trustpilot.com\/review\/www.kasinobonus.ai","https:\/\/orcid.org\/0009-0007-2889-1713","https:\/\/en.everybodywiki.com\/Matti_Slotte","https:\/\/www.immuniweb.com\/ssl\/kasinobonus.ai\/M4lqCqYY\/"]}]}},"_links":{"self":[{"href":"https:\/\/www.kasinobonus.ai\/de\/wp-json\/wp\/v2\/pages\/8846","targetHints":{"allow":["GET"]}}],"collection":[{"href":"https:\/\/www.kasinobonus.ai\/de\/wp-json\/wp\/v2\/pages"}],"about":[{"href":"https:\/\/www.kasinobonus.ai\/de\/wp-json\/wp\/v2\/types\/page"}],"author":[{"embeddable":true,"href":"https:\/\/www.kasinobonus.ai\/de\/wp-json\/wp\/v2\/users\/1"}],"replies":[{"embeddable":true,"href":"https:\/\/www.kasinobonus.ai\/de\/wp-json\/wp\/v2\/comments?post=8846"}],"version-history":[{"count":2,"href":"https:\/\/www.kasinobonus.ai\/de\/wp-json\/wp\/v2\/pages\/8846\/revisions"}],"predecessor-version":[{"id":34435,"href":"https:\/\/www.kasinobonus.ai\/de\/wp-json\/wp\/v2\/pages\/8846\/revisions\/34435"}],"wp:attachment":[{"href":"https:\/\/www.kasinobonus.ai\/de\/wp-json\/wp\/v2\/media?parent=8846"}],"curies":[{"name":"wp","href":"https:\/\/api.w.org\/{rel}","templated":true}]}}