{"id":8841,"date":"2023-09-01T06:32:04","date_gmt":"2023-09-01T06:32:04","guid":{"rendered":"http:\/\/kasinobonus.ai.dedivirt842.your-server.de\/yhteydenotto\/"},"modified":"2024-02-29T07:36:37","modified_gmt":"2024-02-29T07:36:37","slug":"kontakt","status":"publish","type":"page","link":"https:\/\/www.kasinobonus.ai\/de\/kontakt\/","title":{"rendered":"Kontakt"},"content":{"rendered":"\n<h1 class=\"wp-block-heading\">Kontaktiere uns f\u00fcr pers\u00f6nliche Unterst\u00fctzung<\/h1>\n\n\n\n<p>Das Universum der Online-Casinos ist weit und manchmal verwirrend. kasinobonus.ai steht dir zur Seite, um Licht ins Dunkel zu bringen. Egal, ob es um die Details eines Bonusangebots geht, um die Erkl\u00e4rung komplexer Umsatzbedingungen oder um Unterst\u00fctzung bei technischen Problemen im Casino \u2013 wir sind hier, um dir zu helfen.<\/p>\n\n\n\n<h2 class=\"wp-block-heading\">Wie du uns erreichen kannst:<\/h2>\n\n\n\n<ul class=\"wp-block-list\">\n<li><strong>Bonusanfragen:<\/strong> Unsicher bei einem Bonusangebot? Schick uns einfach die Details per E-Mail, und wir schauen es uns an.<\/li>\n\n\n\n<li><strong>Umsatzbedingungen:<\/strong> Komplizierte Umsatzbedingungen k\u00f6nnen verwirrend sein. Wir erkl\u00e4ren dir gerne, was alles dahintersteckt.<\/li>\n\n\n\n<li><strong>Casinoprobleme:<\/strong> Bei technischen Schwierigkeiten, Fragen zu Spielen oder anderen Casino-bezogenen Problemen, z\u00f6gere nicht, uns zu kontaktieren.<\/li>\n\n\n\n<li><strong>High-Roller-Boni:<\/strong> Wenn du ein Spieler bist, der gerne mit hohen Eins\u00e4tzen spielt, haben wir m\u00f6glicherweise exklusive Angebote f\u00fcr dich. Lass uns einfach wissen, was du suchst.<\/li>\n\n\n\n<li><strong>Unterst\u00fctzung bei Kasinokonflikten:<\/strong> Solltest du in einen Konflikt mit einem Casino verwickelt sein, bieten wir dir unsere Expertenunterst\u00fctzung an. Wir k\u00f6nnen helfen, eine L\u00f6sung zu finden.<\/li>\n<\/ul>\n\n\n\n<h2 class=\"wp-block-heading\">Kontaktinformationen:<\/h2>\n\n\n\n<ul class=\"wp-block-list\">\n<li><strong>E-Mail:<\/strong> info [at] kasinobonus.ai<\/li>\n\n\n\n<li><strong>Facebook:<\/strong> <a href=\"https:\/\/www.facebook.com\/kasinobonusio\">Besuche uns auf Facebook<\/a><\/li>\n\n\n\n<li><strong>Twitter:<\/strong> <a href=\"https:\/\/twitter.com\/Kasinobonus_io\">Folge uns auf Twitter<\/a><\/li>\n<\/ul>\n\n\n\n<p>Wir sind stets bereit, dir bei allen Anfragen oder Problemen zur Seite zu stehen. Unsere Mission ist es, deine Casino-Erfahrung so angenehm und sicher wie m\u00f6glich zu gestalten. Z\u00f6gere nicht, uns zu kontaktieren \u2013 wir freuen uns darauf, von dir zu h\u00f6ren!<\/p>\n","protected":false},"excerpt":{"rendered":"<p>Kontaktiere uns f\u00fcr pers\u00f6nliche Unterst\u00fctzung Das Universum der Online-Casinos ist weit und manchmal verwirrend. kasinobonus.ai steht dir zur Seite, um Licht ins Dunkel zu bringen. Egal, ob es um die Details eines Bonusangebots geht, um die Erkl\u00e4rung komplexer Umsatzbedingungen oder um Unterst\u00fctzung bei technischen Problemen im Casino \u2013 wir sind hier, um dir zu helfen. [&hellip;]<\/p>\n","protected":false},"author":1,"featured_media":0,"parent":0,"menu_order":0,"comment_status":"open","ping_status":"closed","template":"","meta":{"inline_featured_image":false,"footnotes":""},"class_list":["post-8841","page","type-page","status-publish","hentry"],"yoast_head":"<!-- This site is optimized with the Yoast SEO plugin v24.5 - https:\/\/yoast.com\/wordpress\/plugins\/seo\/ -->\n<title>Kontaktiere kasinobonus.ai \u2013 Hilfe bei Casino-Angelegenheiten<\/title>\n<meta name=\"description\" content=\"kasinobonus.ai unterst\u00fctzt dich bei deinen Casino-bezogenen Fragen. Expertenhilfe von Boni bis hin zu Problemf\u00e4llen.\" \/>\n<meta name=\"robots\" content=\"index, follow, max-snippet:-1, max-image-preview:large, max-video-preview:-1\" \/>\n<link rel=\"canonical\" href=\"https:\/\/www.kasinobonus.ai\/de\/kontakt\/\" \/>\n<script type=\"application\/ld+json\" class=\"yoast-schema-graph\">{\"@context\":\"https:\/\/schema.org\",\"@graph\":[{\"@type\":\"WebPage\",\"@id\":\"https:\/\/www.kasinobonus.ai\/de\/kontakt\/\",\"url\":\"https:\/\/www.kasinobonus.ai\/de\/kontakt\/\",\"name\":\"Kontaktiere kasinobonus.ai \u2013 Hilfe bei Casino-Angelegenheiten\",\"isPartOf\":{\"@id\":\"https:\/\/www.kasinobonus.ai\/de\/#website\"},\"datePublished\":\"2023-09-01T06:32:04+00:00\",\"dateModified\":\"2024-02-29T07:36:37+00:00\",\"description\":\"kasinobonus.ai unterst\u00fctzt dich bei deinen Casino-bezogenen Fragen. Expertenhilfe von Boni bis hin zu Problemf\u00e4llen.\",\"breadcrumb\":{\"@id\":\"https:\/\/www.kasinobonus.ai\/de\/kontakt\/#breadcrumb\"},\"inLanguage\":\"de\",\"potentialAction\":[{\"@type\":\"ReadAction\",\"target\":[\"https:\/\/www.kasinobonus.ai\/de\/kontakt\/\"]}]},{\"@type\":\"BreadcrumbList\",\"@id\":\"https:\/\/www.kasinobonus.ai\/de\/kontakt\/#breadcrumb\",\"itemListElement\":[{\"@type\":\"ListItem\",\"position\":1,\"name\":\"Home\",\"item\":\"https:\/\/kasinobonus.ai\/de\/\"},{\"@type\":\"ListItem\",\"position\":2,\"name\":\"Kontakt\"}]},{\"@type\":\"WebSite\",\"@id\":\"https:\/\/www.kasinobonus.ai\/de\/#website\",\"url\":\"https:\/\/www.kasinobonus.ai\/de\/\",\"name\":\"www.kasinobonus.ai\",\"description\":\"\",\"publisher\":{\"@id\":\"https:\/\/www.kasinobonus.ai\/de\/#organization\"},\"potentialAction\":[{\"@type\":\"SearchAction\",\"target\":{\"@type\":\"EntryPoint\",\"urlTemplate\":\"https:\/\/www.kasinobonus.ai\/de\/?s={search_term_string}\"},\"query-input\":{\"@type\":\"PropertyValueSpecification\",\"valueRequired\":true,\"valueName\":\"search_term_string\"}}],\"inLanguage\":\"de\"},{\"@type\":\"Organization\",\"@id\":\"https:\/\/www.kasinobonus.ai\/de\/#organization\",\"name\":\"KasinoBonus\",\"alternateName\":\"KasinoBonusAI\",\"url\":\"https:\/\/www.kasinobonus.ai\/de\/\",\"logo\":{\"@type\":\"ImageObject\",\"inLanguage\":\"de\",\"@id\":\"https:\/\/www.kasinobonus.ai\/de\/#\/schema\/logo\/image\/\",\"url\":\"https:\/\/www.kasinobonus.ai\/wp-content\/uploads\/2023\/09\/kasinobonus-logo-light.png\",\"contentUrl\":\"https:\/\/www.kasinobonus.ai\/wp-content\/uploads\/2023\/09\/kasinobonus-logo-light.png\",\"width\":3200,\"height\":596,\"caption\":\"KasinoBonus\"},\"image\":{\"@id\":\"https:\/\/www.kasinobonus.ai\/de\/#\/schema\/logo\/image\/\"},\"sameAs\":[\"https:\/\/www.facebook.com\/kasinobonusio\/\",\"https:\/\/x.com\/Kasinobonus_io\",\"https:\/\/www.linkedin.com\/in\/matti-slotte-26612033b\",\"http:\/\/kasinobonus.wikidot.com\/system:welcome\",\"https:\/\/www.trustpilot.com\/review\/www.kasinobonus.ai\",\"https:\/\/orcid.org\/0009-0007-2889-1713\",\"https:\/\/en.everybodywiki.com\/Matti_Slotte\",\"https:\/\/www.immuniweb.com\/ssl\/kasinobonus.ai\/M4lqCqYY\/\"]}]}<\/script>\n<!-- \/ Yoast SEO plugin. -->","yoast_head_json":{"title":"Kontaktiere kasinobonus.ai \u2013 Hilfe bei Casino-Angelegenheiten","description":"kasinobonus.ai unterst\u00fctzt dich bei deinen Casino-bezogenen Fragen. Expertenhilfe von Boni bis hin zu Problemf\u00e4llen.","robots":{"index":"index","follow":"follow","max-snippet":"max-snippet:-1","max-image-preview":"max-image-preview:large","max-video-preview":"max-video-preview:-1"},"canonical":"https:\/\/www.kasinobonus.ai\/de\/kontakt\/","schema":{"@context":"https:\/\/schema.org","@graph":[{"@type":"WebPage","@id":"https:\/\/www.kasinobonus.ai\/de\/kontakt\/","url":"https:\/\/www.kasinobonus.ai\/de\/kontakt\/","name":"Kontaktiere kasinobonus.ai \u2013 Hilfe bei Casino-Angelegenheiten","isPartOf":{"@id":"https:\/\/www.kasinobonus.ai\/de\/#website"},"datePublished":"2023-09-01T06:32:04+00:00","dateModified":"2024-02-29T07:36:37+00:00","description":"kasinobonus.ai unterst\u00fctzt dich bei deinen Casino-bezogenen Fragen. Expertenhilfe von Boni bis hin zu Problemf\u00e4llen.","breadcrumb":{"@id":"https:\/\/www.kasinobonus.ai\/de\/kontakt\/#breadcrumb"},"inLanguage":"de","potentialAction":[{"@type":"ReadAction","target":["https:\/\/www.kasinobonus.ai\/de\/kontakt\/"]}]},{"@type":"BreadcrumbList","@id":"https:\/\/www.kasinobonus.ai\/de\/kontakt\/#breadcrumb","itemListElement":[{"@type":"ListItem","position":1,"name":"Home","item":"https:\/\/kasinobonus.ai\/de\/"},{"@type":"ListItem","position":2,"name":"Kontakt"}]},{"@type":"WebSite","@id":"https:\/\/www.kasinobonus.ai\/de\/#website","url":"https:\/\/www.kasinobonus.ai\/de\/","name":"www.kasinobonus.ai","description":"","publisher":{"@id":"https:\/\/www.kasinobonus.ai\/de\/#organization"},"potentialAction":[{"@type":"SearchAction","target":{"@type":"EntryPoint","urlTemplate":"https:\/\/www.kasinobonus.ai\/de\/?s={search_term_string}"},"query-input":{"@type":"PropertyValueSpecification","valueRequired":true,"valueName":"search_term_string"}}],"inLanguage":"de"},{"@type":"Organization","@id":"https:\/\/www.kasinobonus.ai\/de\/#organization","name":"KasinoBonus","alternateName":"KasinoBonusAI","url":"https:\/\/www.kasinobonus.ai\/de\/","logo":{"@type":"ImageObject","inLanguage":"de","@id":"https:\/\/www.kasinobonus.ai\/de\/#\/schema\/logo\/image\/","url":"https:\/\/www.kasinobonus.ai\/wp-content\/uploads\/2023\/09\/kasinobonus-logo-light.png","contentUrl":"https:\/\/www.kasinobonus.ai\/wp-content\/uploads\/2023\/09\/kasinobonus-logo-light.png","width":3200,"height":596,"caption":"KasinoBonus"},"image":{"@id":"https:\/\/www.kasinobonus.ai\/de\/#\/schema\/logo\/image\/"},"sameAs":["https:\/\/www.facebook.com\/kasinobonusio\/","https:\/\/x.com\/Kasinobonus_io","https:\/\/www.linkedin.com\/in\/matti-slotte-26612033b","http:\/\/kasinobonus.wikidot.com\/system:welcome","https:\/\/www.trustpilot.com\/review\/www.kasinobonus.ai","https:\/\/orcid.org\/0009-0007-2889-1713","https:\/\/en.everybodywiki.com\/Matti_Slotte","https:\/\/www.immuniweb.com\/ssl\/kasinobonus.ai\/M4lqCqYY\/"]}]}},"_links":{"self":[{"href":"https:\/\/www.kasinobonus.ai\/de\/wp-json\/wp\/v2\/pages\/8841","targetHints":{"allow":["GET"]}}],"collection":[{"href":"https:\/\/www.kasinobonus.ai\/de\/wp-json\/wp\/v2\/pages"}],"about":[{"href":"https:\/\/www.kasinobonus.ai\/de\/wp-json\/wp\/v2\/types\/page"}],"author":[{"embeddable":true,"href":"https:\/\/www.kasinobonus.ai\/de\/wp-json\/wp\/v2\/users\/1"}],"replies":[{"embeddable":true,"href":"https:\/\/www.kasinobonus.ai\/de\/wp-json\/wp\/v2\/comments?post=8841"}],"version-history":[{"count":0,"href":"https:\/\/www.kasinobonus.ai\/de\/wp-json\/wp\/v2\/pages\/8841\/revisions"}],"wp:attachment":[{"href":"https:\/\/www.kasinobonus.ai\/de\/wp-json\/wp\/v2\/media?parent=8841"}],"curies":[{"name":"wp","href":"https:\/\/api.w.org\/{rel}","templated":true}]}}