{"id":8836,"date":"2023-09-01T06:34:45","date_gmt":"2023-09-01T06:34:45","guid":{"rendered":"http:\/\/kasinobonus.ai.dedivirt842.your-server.de\/vastuullinen-pelaaminen\/"},"modified":"2023-12-11T10:29:42","modified_gmt":"2023-12-11T10:29:42","slug":"verantwortungsvolles-spielen","status":"publish","type":"page","link":"https:\/\/www.kasinobonus.ai\/de\/verantwortungsvolles-spielen\/","title":{"rendered":"Verantwortungsvolles Spielen"},"content":{"rendered":"\n<h1 class=\"wp-block-heading\">Der Leitfaden zum Verantwortungsvollen Gl\u00fccksspiel von kasinobonus.ai<\/h1>\n\n\n\n<p>Unser Team ist leidenschaftlich in der Welt der Online-Casinos engagiert und wir bem\u00fchen uns, unseren Lesern die besten Casinos aus unabh\u00e4ngiger Spielerperspektive zu bieten. Da unser Team aus Spielern besteht, begegnen wir den gleichen Herausforderungen und Vorteilen in der iGaming-Branche wie auch du. In letzter Zeit ist problematisches Spielen zu einer gro\u00dfen Sorge geworden.<\/p>\n\n\n\n<p>Wir haben festgestellt, dass immer mehr Spieler mit diesem Problem zu k\u00e4mpfen haben. Deshalb haben wir einen umfassenden Leitfaden zum verantwortungsvollen Spielen erstellt. Wir m\u00f6chten dir ein besseres Verst\u00e4ndnis f\u00fcr das Problem und M\u00f6glichkeiten zu dessen Pr\u00e4vention geben.<\/p>\n\n\n\n<h3 class=\"wp-block-heading\">Was ist problematisches Spielen?<\/h3>\n\n\n\n<p>Problematisches Spielen kennt weder Ort noch Zeit, sei es in einem pr\u00e4chtigen Casino in Las Vegas oder einem kleinen Spielautomaten in deiner Heimatstadt. Das Problem tritt auf, wenn du \u00fcber deine Verh\u00e4ltnisse spielst und dies andere Lebensbereiche beeinflusst.<\/p>\n\n\n\n<p>Obwohl <a href=\"https:\/\/www.kasinobonus.ai\/de\/informationen\/\">unser Team<\/a> Spieler dazu ermutigt, neue Casinoseiten mit besseren Angeboten zu finden, streben wir immer danach, nur solche Seiten zu empfehlen, die Werkzeuge zur Verhinderung von problematischem Spielen bieten.<\/p>\n\n\n\n<h3 class=\"wp-block-heading\">Anzeichen f\u00fcr problematisches Spielen Um die Symptome problematischen Spielens zu erkennen, haben wir die h\u00e4ufigsten Anzeichen aufgelistet:<\/h3>\n\n\n\n<ul class=\"wp-block-list\">\n<li>\u00dcber die festgelegte Grenze hinaus Wetten<\/li>\n\n\n\n<li>Das Verfolgen von Verlusten<\/li>\n\n\n\n<li>Mit gr\u00f6\u00dferen Summen spielen, als man sich leisten kann<\/li>\n\n\n\n<li>Vermeidung von Websites, die Werkzeuge zur Vorbeugung von problematischem Spielen einsetzen<\/li>\n\n\n\n<li>Die Schuld f\u00fcr Verluste auf Pech schieben, statt die eigene Spielstrategie zu \u00fcberpr\u00fcfen<\/li>\n<\/ul>\n\n\n\n<p>H\u00e4ufige Ursachen f\u00fcr problematisches Spielen Oft liegt problematischem Spielen eine \u00fcberm\u00e4\u00dfige Faszination f\u00fcr Casinospiele zugrunde. Auch wenn viele das Ausprobieren neuer Spiele genie\u00dfen, ist es wichtig zu erkennen, wann das Spiel zu weit geht. Das Spielen zur Geldgewinnung sollte nie als gute Idee angesehen werden.<\/p>\n\n\n\n<p>Ressourcen f\u00fcr problematisches Spielen Wir bieten unseren Lesern Informationen zu n\u00fctzlichen Ressourcen und Anlaufstellen, an die du dich wenden kannst, wenn du bei dir selbst Anzeichen von problematischem Spielen feststellst.<\/p>\n\n\n\n<p><a href=\"https:\/\/www.kasinobonus.ai\/de\/\">kasinobonus.ai<\/a> &amp; Verantwortungsvolles Gl\u00fccksspiel Abschlie\u00dfend m\u00f6chten wir betonen, wie das kasinobonus.ai-Team die Bedrohung durch problematisches Spielen behandelt:<\/p>\n\n\n\n<ul class=\"wp-block-list\">\n<li>Wir empfehlen nur von uns selbst getestete Seiten.<\/li>\n\n\n\n<li>Wir bevorzugen Seiten, die Werkzeuge f\u00fcr verantwortungsvolles Spielen anbieten.<\/li>\n\n\n\n<li>Wir betonen kontinuierlich die Bedeutung des verantwortungsvollen Spielens.<\/li>\n<\/ul>\n\n\n\n<h3 class=\"wp-block-heading\">Hilfe bei Spielsucht<\/h3>\n\n\n\n<p>Wenn du bei dir oder jemandem in deinem Umfeld Anzeichen von Spielsucht feststellst, ist es wichtig, Kontakt mit einem Experten oder einer Organisation aufzunehmen, die Hilfe und Unterst\u00fctzung anbieten kann. In Finnland gibt es mehrere Organisationen und Dienste, die sich darauf spezialisiert haben, Menschen mit Spielsuchtproblemen zu helfen:<\/p>\n\n\n\n<ol class=\"wp-block-list\">\n<li><a href=\"https:\/\/www.peluuri.fi\/\"><strong>Peluuri<\/strong><\/a> &#8211; Eine kostenlose und vertrauliche Helpline sowie Online-Beratung f\u00fcr Personen, die Spielprobleme haben oder deren Angeh\u00f6rige.<\/li>\n\n\n\n<li><a href=\"https:\/\/www.sininauhaliitto.fi\/\"><strong>Sininauhaliitto<\/strong><\/a> &#8211; Eine Organisation, die Unterst\u00fctzung und Dienstleistungen f\u00fcr suchtkranke und spiels\u00fcchtige Menschen sowie f\u00fcr deren Angeh\u00f6rige bietet.<\/li>\n\n\n\n<li><strong><a href=\"https:\/\/a-klinikkasaatio.fi\/\">A-Klinikka-Stiftung<\/a><\/strong> &#8211; Bietet umfangreiche Dienstleistungen bei Sucht- und Spielsuchtproblemen an.<\/li>\n\n\n\n<li><a href=\"https:\/\/gamban.com\/\"><strong>Gamban<\/strong><\/a> &#8211; Gamban ist eine Software, die hilft, den Zugang zu Tausenden von Online-Casinos und Gl\u00fccksspielwebseiten zu blockieren. Es ist f\u00fcr diejenigen entwickelt, die ihre Grenzen setzen oder das Online-Spielen beenden m\u00f6chten. Nachdem du Gamban installiert hast, kannst du auf deinen Ger\u00e4ten keine Gl\u00fccksspielseiten mehr aufrufen und dich somit auf andere Dinge konzentrieren, ohne der Versuchung des Spielens.<\/li>\n<\/ol>\n\n\n\n<p>Wenn du vermutest, dass du ein Spielproblem hast, ist es wichtig, so bald wie m\u00f6glich Hilfe zu suchen. Denk daran, dass Hilfe verf\u00fcgbar ist und du nicht allein zurechtkommen musst.<\/p>\n","protected":false},"excerpt":{"rendered":"<p>Der Leitfaden zum Verantwortungsvollen Gl\u00fccksspiel von kasinobonus.ai Unser Team ist leidenschaftlich in der Welt der Online-Casinos engagiert und wir bem\u00fchen uns, unseren Lesern die besten Casinos aus unabh\u00e4ngiger Spielerperspektive zu bieten. Da unser Team aus Spielern besteht, begegnen wir den gleichen Herausforderungen und Vorteilen in der iGaming-Branche wie auch du. In letzter Zeit ist problematisches [&hellip;]<\/p>\n","protected":false},"author":1,"featured_media":0,"parent":0,"menu_order":0,"comment_status":"open","ping_status":"closed","template":"","meta":{"inline_featured_image":false,"footnotes":""},"class_list":["post-8836","page","type-page","status-publish","hentry"],"yoast_head":"<!-- This site is optimized with the Yoast SEO plugin v24.5 - https:\/\/yoast.com\/wordpress\/plugins\/seo\/ -->\n<title>Verantwortungsvolles Spielen: Der Umfassende Ratgeber<\/title>\n<meta name=\"description\" content=\"Erfahren Sie die Grunds\u00e4tze verantwortungsvollen Spielens und erkennen Sie die Warnzeichen. Wir helfen Ihnen, sicher zu spielen und fr\u00fchzeitig problematisches Spielen zu identifizieren.\" \/>\n<meta name=\"robots\" content=\"index, follow, max-snippet:-1, max-image-preview:large, max-video-preview:-1\" \/>\n<link rel=\"canonical\" href=\"https:\/\/www.kasinobonus.ai\/de\/verantwortungsvolles-spielen\/\" \/>\n<script type=\"application\/ld+json\" class=\"yoast-schema-graph\">{\"@context\":\"https:\/\/schema.org\",\"@graph\":[{\"@type\":\"WebPage\",\"@id\":\"https:\/\/www.kasinobonus.ai\/de\/verantwortungsvolles-spielen\/\",\"url\":\"https:\/\/www.kasinobonus.ai\/de\/verantwortungsvolles-spielen\/\",\"name\":\"Verantwortungsvolles Spielen: Der Umfassende Ratgeber\",\"isPartOf\":{\"@id\":\"https:\/\/www.kasinobonus.ai\/de\/#website\"},\"datePublished\":\"2023-09-01T06:34:45+00:00\",\"dateModified\":\"2023-12-11T10:29:42+00:00\",\"description\":\"Erfahren Sie die Grunds\u00e4tze verantwortungsvollen Spielens und erkennen Sie die Warnzeichen. Wir helfen Ihnen, sicher zu spielen und fr\u00fchzeitig problematisches Spielen zu identifizieren.\",\"breadcrumb\":{\"@id\":\"https:\/\/www.kasinobonus.ai\/de\/verantwortungsvolles-spielen\/#breadcrumb\"},\"inLanguage\":\"de\",\"potentialAction\":[{\"@type\":\"ReadAction\",\"target\":[\"https:\/\/www.kasinobonus.ai\/de\/verantwortungsvolles-spielen\/\"]}]},{\"@type\":\"BreadcrumbList\",\"@id\":\"https:\/\/www.kasinobonus.ai\/de\/verantwortungsvolles-spielen\/#breadcrumb\",\"itemListElement\":[{\"@type\":\"ListItem\",\"position\":1,\"name\":\"Home\",\"item\":\"https:\/\/kasinobonus.ai\/de\/\"},{\"@type\":\"ListItem\",\"position\":2,\"name\":\"Verantwortungsvolles Spielen\"}]},{\"@type\":\"WebSite\",\"@id\":\"https:\/\/www.kasinobonus.ai\/de\/#website\",\"url\":\"https:\/\/www.kasinobonus.ai\/de\/\",\"name\":\"www.kasinobonus.ai\",\"description\":\"\",\"publisher\":{\"@id\":\"https:\/\/www.kasinobonus.ai\/de\/#organization\"},\"potentialAction\":[{\"@type\":\"SearchAction\",\"target\":{\"@type\":\"EntryPoint\",\"urlTemplate\":\"https:\/\/www.kasinobonus.ai\/de\/?s={search_term_string}\"},\"query-input\":{\"@type\":\"PropertyValueSpecification\",\"valueRequired\":true,\"valueName\":\"search_term_string\"}}],\"inLanguage\":\"de\"},{\"@type\":\"Organization\",\"@id\":\"https:\/\/www.kasinobonus.ai\/de\/#organization\",\"name\":\"KasinoBonus\",\"alternateName\":\"KasinoBonusAI\",\"url\":\"https:\/\/www.kasinobonus.ai\/de\/\",\"logo\":{\"@type\":\"ImageObject\",\"inLanguage\":\"de\",\"@id\":\"https:\/\/www.kasinobonus.ai\/de\/#\/schema\/logo\/image\/\",\"url\":\"https:\/\/www.kasinobonus.ai\/wp-content\/uploads\/2023\/09\/kasinobonus-logo-light.png\",\"contentUrl\":\"https:\/\/www.kasinobonus.ai\/wp-content\/uploads\/2023\/09\/kasinobonus-logo-light.png\",\"width\":3200,\"height\":596,\"caption\":\"KasinoBonus\"},\"image\":{\"@id\":\"https:\/\/www.kasinobonus.ai\/de\/#\/schema\/logo\/image\/\"},\"sameAs\":[\"https:\/\/www.facebook.com\/kasinobonusio\/\",\"https:\/\/x.com\/Kasinobonus_io\",\"https:\/\/www.linkedin.com\/in\/matti-slotte-26612033b\",\"http:\/\/kasinobonus.wikidot.com\/system:welcome\",\"https:\/\/www.trustpilot.com\/review\/www.kasinobonus.ai\",\"https:\/\/orcid.org\/0009-0007-2889-1713\",\"https:\/\/en.everybodywiki.com\/Matti_Slotte\",\"https:\/\/www.immuniweb.com\/ssl\/kasinobonus.ai\/M4lqCqYY\/\"]}]}<\/script>\n<!-- \/ Yoast SEO plugin. -->","yoast_head_json":{"title":"Verantwortungsvolles Spielen: Der Umfassende Ratgeber","description":"Erfahren Sie die Grunds\u00e4tze verantwortungsvollen Spielens und erkennen Sie die Warnzeichen. Wir helfen Ihnen, sicher zu spielen und fr\u00fchzeitig problematisches Spielen zu identifizieren.","robots":{"index":"index","follow":"follow","max-snippet":"max-snippet:-1","max-image-preview":"max-image-preview:large","max-video-preview":"max-video-preview:-1"},"canonical":"https:\/\/www.kasinobonus.ai\/de\/verantwortungsvolles-spielen\/","schema":{"@context":"https:\/\/schema.org","@graph":[{"@type":"WebPage","@id":"https:\/\/www.kasinobonus.ai\/de\/verantwortungsvolles-spielen\/","url":"https:\/\/www.kasinobonus.ai\/de\/verantwortungsvolles-spielen\/","name":"Verantwortungsvolles Spielen: Der Umfassende Ratgeber","isPartOf":{"@id":"https:\/\/www.kasinobonus.ai\/de\/#website"},"datePublished":"2023-09-01T06:34:45+00:00","dateModified":"2023-12-11T10:29:42+00:00","description":"Erfahren Sie die Grunds\u00e4tze verantwortungsvollen Spielens und erkennen Sie die Warnzeichen. Wir helfen Ihnen, sicher zu spielen und fr\u00fchzeitig problematisches Spielen zu identifizieren.","breadcrumb":{"@id":"https:\/\/www.kasinobonus.ai\/de\/verantwortungsvolles-spielen\/#breadcrumb"},"inLanguage":"de","potentialAction":[{"@type":"ReadAction","target":["https:\/\/www.kasinobonus.ai\/de\/verantwortungsvolles-spielen\/"]}]},{"@type":"BreadcrumbList","@id":"https:\/\/www.kasinobonus.ai\/de\/verantwortungsvolles-spielen\/#breadcrumb","itemListElement":[{"@type":"ListItem","position":1,"name":"Home","item":"https:\/\/kasinobonus.ai\/de\/"},{"@type":"ListItem","position":2,"name":"Verantwortungsvolles Spielen"}]},{"@type":"WebSite","@id":"https:\/\/www.kasinobonus.ai\/de\/#website","url":"https:\/\/www.kasinobonus.ai\/de\/","name":"www.kasinobonus.ai","description":"","publisher":{"@id":"https:\/\/www.kasinobonus.ai\/de\/#organization"},"potentialAction":[{"@type":"SearchAction","target":{"@type":"EntryPoint","urlTemplate":"https:\/\/www.kasinobonus.ai\/de\/?s={search_term_string}"},"query-input":{"@type":"PropertyValueSpecification","valueRequired":true,"valueName":"search_term_string"}}],"inLanguage":"de"},{"@type":"Organization","@id":"https:\/\/www.kasinobonus.ai\/de\/#organization","name":"KasinoBonus","alternateName":"KasinoBonusAI","url":"https:\/\/www.kasinobonus.ai\/de\/","logo":{"@type":"ImageObject","inLanguage":"de","@id":"https:\/\/www.kasinobonus.ai\/de\/#\/schema\/logo\/image\/","url":"https:\/\/www.kasinobonus.ai\/wp-content\/uploads\/2023\/09\/kasinobonus-logo-light.png","contentUrl":"https:\/\/www.kasinobonus.ai\/wp-content\/uploads\/2023\/09\/kasinobonus-logo-light.png","width":3200,"height":596,"caption":"KasinoBonus"},"image":{"@id":"https:\/\/www.kasinobonus.ai\/de\/#\/schema\/logo\/image\/"},"sameAs":["https:\/\/www.facebook.com\/kasinobonusio\/","https:\/\/x.com\/Kasinobonus_io","https:\/\/www.linkedin.com\/in\/matti-slotte-26612033b","http:\/\/kasinobonus.wikidot.com\/system:welcome","https:\/\/www.trustpilot.com\/review\/www.kasinobonus.ai","https:\/\/orcid.org\/0009-0007-2889-1713","https:\/\/en.everybodywiki.com\/Matti_Slotte","https:\/\/www.immuniweb.com\/ssl\/kasinobonus.ai\/M4lqCqYY\/"]}]}},"_links":{"self":[{"href":"https:\/\/www.kasinobonus.ai\/de\/wp-json\/wp\/v2\/pages\/8836","targetHints":{"allow":["GET"]}}],"collection":[{"href":"https:\/\/www.kasinobonus.ai\/de\/wp-json\/wp\/v2\/pages"}],"about":[{"href":"https:\/\/www.kasinobonus.ai\/de\/wp-json\/wp\/v2\/types\/page"}],"author":[{"embeddable":true,"href":"https:\/\/www.kasinobonus.ai\/de\/wp-json\/wp\/v2\/users\/1"}],"replies":[{"embeddable":true,"href":"https:\/\/www.kasinobonus.ai\/de\/wp-json\/wp\/v2\/comments?post=8836"}],"version-history":[{"count":0,"href":"https:\/\/www.kasinobonus.ai\/de\/wp-json\/wp\/v2\/pages\/8836\/revisions"}],"wp:attachment":[{"href":"https:\/\/www.kasinobonus.ai\/de\/wp-json\/wp\/v2\/media?parent=8836"}],"curies":[{"name":"wp","href":"https:\/\/api.w.org\/{rel}","templated":true}]}}