{"id":8831,"date":"2023-09-01T06:51:17","date_gmt":"2023-09-01T06:51:17","guid":{"rendered":"http:\/\/kasinobonus.ai.dedivirt842.your-server.de\/vastuunvapauslauseke\/"},"modified":"2023-12-11T10:30:20","modified_gmt":"2023-12-11T10:30:20","slug":"haftungsausschluss","status":"publish","type":"page","link":"https:\/\/www.kasinobonus.ai\/de\/haftungsausschluss\/","title":{"rendered":"Haftungsausschluss"},"content":{"rendered":"\n<h1 class=\"wp-block-heading\">Haftungsausschluss<\/h1>\n\n\n\n<p>Die auf unserer Webseite bereitgestellten Informationen sind allgemeine Informationen \u00fcber Casinos, Casinospiele und damit zusammenh\u00e4ngende Themen. <a href=\"https:\/\/www.kasinobonus.ai\/de\/\">kasinobonus.ai<\/a> ist nicht verantwortlich f\u00fcr Entscheidungen, die Kunden aufgrund von verlinkten Websites treffen.<\/p>\n\n\n\n<p><strong>Informationen aktualisieren<\/strong> Wir streben st\u00e4ndig danach, die Informationen auf unserer Webseite zu aktualisieren, aber es liegt immer in der Verantwortung der Kunden, die Aktualit\u00e4t der Informationen zu \u00fcberpr\u00fcfen. Wir sind kein Casino, bieten keine Casinospiele an und bearbeiten auch keine Transaktionen selbst (weder herk\u00f6mmliche Geldtransfers noch Transaktionen, die mit Kryptow\u00e4hrung zusammenh\u00e4ngen). Wir sind nicht verantwortlich f\u00fcr Verluste, die Kunden beim Spielen von Casinospielen \u00fcber andere Diensteanbieter erleiden.<\/p>\n\n\n\n<p><strong>Gesetzeslage &amp; Regulierung<\/strong> Kunden sind selbst daf\u00fcr verantwortlich, sich \u00fcber die Legalit\u00e4t und Regulierung der Diensteanbieter in ihrem jeweiligen Gebiet zu informieren. Es ist ratsam (und oft auch notwendig), die Nutzungsbedingungen von externen Diensteanbietern stets sorgf\u00e4ltig zu lesen und zu akzeptieren, bevor ein Konto er\u00f6ffnet wird.<\/p>\n","protected":false},"excerpt":{"rendered":"<p>Haftungsausschluss Die auf unserer Webseite bereitgestellten Informationen sind allgemeine Informationen \u00fcber Casinos, Casinospiele und damit zusammenh\u00e4ngende Themen. kasinobonus.ai ist nicht verantwortlich f\u00fcr Entscheidungen, die Kunden aufgrund von verlinkten Websites treffen. Informationen aktualisieren Wir streben st\u00e4ndig danach, die Informationen auf unserer Webseite zu aktualisieren, aber es liegt immer in der Verantwortung der Kunden, die Aktualit\u00e4t der [&hellip;]<\/p>\n","protected":false},"author":1,"featured_media":0,"parent":0,"menu_order":0,"comment_status":"open","ping_status":"closed","template":"","meta":{"inline_featured_image":false,"footnotes":""},"class_list":["post-8831","page","type-page","status-publish","hentry"],"yoast_head":"<!-- This site is optimized with the Yoast SEO plugin v24.5 - https:\/\/yoast.com\/wordpress\/plugins\/seo\/ -->\n<title>Haftungsausschluss und Nutzungsbedingungen - kasinobonus.ai<\/title>\n<meta name=\"description\" content=\"Haftungsausschluss von kasinobonus.ai. Bitte lesen Sie wichtige Informationen und Empfehlungen, bevor Sie mit dem Vergleichen und Spielen in Casinos beginnen.\" \/>\n<meta name=\"robots\" content=\"index, follow, max-snippet:-1, max-image-preview:large, max-video-preview:-1\" \/>\n<link rel=\"canonical\" href=\"https:\/\/www.kasinobonus.ai\/de\/haftungsausschluss\/\" \/>\n<script type=\"application\/ld+json\" class=\"yoast-schema-graph\">{\"@context\":\"https:\/\/schema.org\",\"@graph\":[{\"@type\":\"WebPage\",\"@id\":\"https:\/\/www.kasinobonus.ai\/de\/haftungsausschluss\/\",\"url\":\"https:\/\/www.kasinobonus.ai\/de\/haftungsausschluss\/\",\"name\":\"Haftungsausschluss und Nutzungsbedingungen - kasinobonus.ai\",\"isPartOf\":{\"@id\":\"https:\/\/www.kasinobonus.ai\/de\/#website\"},\"datePublished\":\"2023-09-01T06:51:17+00:00\",\"dateModified\":\"2023-12-11T10:30:20+00:00\",\"description\":\"Haftungsausschluss von kasinobonus.ai. Bitte lesen Sie wichtige Informationen und Empfehlungen, bevor Sie mit dem Vergleichen und Spielen in Casinos beginnen.\",\"breadcrumb\":{\"@id\":\"https:\/\/www.kasinobonus.ai\/de\/haftungsausschluss\/#breadcrumb\"},\"inLanguage\":\"de\",\"potentialAction\":[{\"@type\":\"ReadAction\",\"target\":[\"https:\/\/www.kasinobonus.ai\/de\/haftungsausschluss\/\"]}]},{\"@type\":\"BreadcrumbList\",\"@id\":\"https:\/\/www.kasinobonus.ai\/de\/haftungsausschluss\/#breadcrumb\",\"itemListElement\":[{\"@type\":\"ListItem\",\"position\":1,\"name\":\"Home\",\"item\":\"https:\/\/kasinobonus.ai\/de\/\"},{\"@type\":\"ListItem\",\"position\":2,\"name\":\"Haftungsausschluss\"}]},{\"@type\":\"WebSite\",\"@id\":\"https:\/\/www.kasinobonus.ai\/de\/#website\",\"url\":\"https:\/\/www.kasinobonus.ai\/de\/\",\"name\":\"www.kasinobonus.ai\",\"description\":\"\",\"publisher\":{\"@id\":\"https:\/\/www.kasinobonus.ai\/de\/#organization\"},\"potentialAction\":[{\"@type\":\"SearchAction\",\"target\":{\"@type\":\"EntryPoint\",\"urlTemplate\":\"https:\/\/www.kasinobonus.ai\/de\/?s={search_term_string}\"},\"query-input\":{\"@type\":\"PropertyValueSpecification\",\"valueRequired\":true,\"valueName\":\"search_term_string\"}}],\"inLanguage\":\"de\"},{\"@type\":\"Organization\",\"@id\":\"https:\/\/www.kasinobonus.ai\/de\/#organization\",\"name\":\"KasinoBonus\",\"alternateName\":\"KasinoBonusAI\",\"url\":\"https:\/\/www.kasinobonus.ai\/de\/\",\"logo\":{\"@type\":\"ImageObject\",\"inLanguage\":\"de\",\"@id\":\"https:\/\/www.kasinobonus.ai\/de\/#\/schema\/logo\/image\/\",\"url\":\"https:\/\/www.kasinobonus.ai\/wp-content\/uploads\/2023\/09\/kasinobonus-logo-light.png\",\"contentUrl\":\"https:\/\/www.kasinobonus.ai\/wp-content\/uploads\/2023\/09\/kasinobonus-logo-light.png\",\"width\":3200,\"height\":596,\"caption\":\"KasinoBonus\"},\"image\":{\"@id\":\"https:\/\/www.kasinobonus.ai\/de\/#\/schema\/logo\/image\/\"},\"sameAs\":[\"https:\/\/www.facebook.com\/kasinobonusio\/\",\"https:\/\/x.com\/Kasinobonus_io\",\"https:\/\/www.linkedin.com\/in\/matti-slotte-26612033b\",\"http:\/\/kasinobonus.wikidot.com\/system:welcome\",\"https:\/\/www.trustpilot.com\/review\/www.kasinobonus.ai\",\"https:\/\/orcid.org\/0009-0007-2889-1713\",\"https:\/\/en.everybodywiki.com\/Matti_Slotte\",\"https:\/\/www.immuniweb.com\/ssl\/kasinobonus.ai\/M4lqCqYY\/\"]}]}<\/script>\n<!-- \/ Yoast SEO plugin. -->","yoast_head_json":{"title":"Haftungsausschluss und Nutzungsbedingungen - kasinobonus.ai","description":"Haftungsausschluss von kasinobonus.ai. Bitte lesen Sie wichtige Informationen und Empfehlungen, bevor Sie mit dem Vergleichen und Spielen in Casinos beginnen.","robots":{"index":"index","follow":"follow","max-snippet":"max-snippet:-1","max-image-preview":"max-image-preview:large","max-video-preview":"max-video-preview:-1"},"canonical":"https:\/\/www.kasinobonus.ai\/de\/haftungsausschluss\/","schema":{"@context":"https:\/\/schema.org","@graph":[{"@type":"WebPage","@id":"https:\/\/www.kasinobonus.ai\/de\/haftungsausschluss\/","url":"https:\/\/www.kasinobonus.ai\/de\/haftungsausschluss\/","name":"Haftungsausschluss und Nutzungsbedingungen - kasinobonus.ai","isPartOf":{"@id":"https:\/\/www.kasinobonus.ai\/de\/#website"},"datePublished":"2023-09-01T06:51:17+00:00","dateModified":"2023-12-11T10:30:20+00:00","description":"Haftungsausschluss von kasinobonus.ai. Bitte lesen Sie wichtige Informationen und Empfehlungen, bevor Sie mit dem Vergleichen und Spielen in Casinos beginnen.","breadcrumb":{"@id":"https:\/\/www.kasinobonus.ai\/de\/haftungsausschluss\/#breadcrumb"},"inLanguage":"de","potentialAction":[{"@type":"ReadAction","target":["https:\/\/www.kasinobonus.ai\/de\/haftungsausschluss\/"]}]},{"@type":"BreadcrumbList","@id":"https:\/\/www.kasinobonus.ai\/de\/haftungsausschluss\/#breadcrumb","itemListElement":[{"@type":"ListItem","position":1,"name":"Home","item":"https:\/\/kasinobonus.ai\/de\/"},{"@type":"ListItem","position":2,"name":"Haftungsausschluss"}]},{"@type":"WebSite","@id":"https:\/\/www.kasinobonus.ai\/de\/#website","url":"https:\/\/www.kasinobonus.ai\/de\/","name":"www.kasinobonus.ai","description":"","publisher":{"@id":"https:\/\/www.kasinobonus.ai\/de\/#organization"},"potentialAction":[{"@type":"SearchAction","target":{"@type":"EntryPoint","urlTemplate":"https:\/\/www.kasinobonus.ai\/de\/?s={search_term_string}"},"query-input":{"@type":"PropertyValueSpecification","valueRequired":true,"valueName":"search_term_string"}}],"inLanguage":"de"},{"@type":"Organization","@id":"https:\/\/www.kasinobonus.ai\/de\/#organization","name":"KasinoBonus","alternateName":"KasinoBonusAI","url":"https:\/\/www.kasinobonus.ai\/de\/","logo":{"@type":"ImageObject","inLanguage":"de","@id":"https:\/\/www.kasinobonus.ai\/de\/#\/schema\/logo\/image\/","url":"https:\/\/www.kasinobonus.ai\/wp-content\/uploads\/2023\/09\/kasinobonus-logo-light.png","contentUrl":"https:\/\/www.kasinobonus.ai\/wp-content\/uploads\/2023\/09\/kasinobonus-logo-light.png","width":3200,"height":596,"caption":"KasinoBonus"},"image":{"@id":"https:\/\/www.kasinobonus.ai\/de\/#\/schema\/logo\/image\/"},"sameAs":["https:\/\/www.facebook.com\/kasinobonusio\/","https:\/\/x.com\/Kasinobonus_io","https:\/\/www.linkedin.com\/in\/matti-slotte-26612033b","http:\/\/kasinobonus.wikidot.com\/system:welcome","https:\/\/www.trustpilot.com\/review\/www.kasinobonus.ai","https:\/\/orcid.org\/0009-0007-2889-1713","https:\/\/en.everybodywiki.com\/Matti_Slotte","https:\/\/www.immuniweb.com\/ssl\/kasinobonus.ai\/M4lqCqYY\/"]}]}},"_links":{"self":[{"href":"https:\/\/www.kasinobonus.ai\/de\/wp-json\/wp\/v2\/pages\/8831","targetHints":{"allow":["GET"]}}],"collection":[{"href":"https:\/\/www.kasinobonus.ai\/de\/wp-json\/wp\/v2\/pages"}],"about":[{"href":"https:\/\/www.kasinobonus.ai\/de\/wp-json\/wp\/v2\/types\/page"}],"author":[{"embeddable":true,"href":"https:\/\/www.kasinobonus.ai\/de\/wp-json\/wp\/v2\/users\/1"}],"replies":[{"embeddable":true,"href":"https:\/\/www.kasinobonus.ai\/de\/wp-json\/wp\/v2\/comments?post=8831"}],"version-history":[{"count":0,"href":"https:\/\/www.kasinobonus.ai\/de\/wp-json\/wp\/v2\/pages\/8831\/revisions"}],"wp:attachment":[{"href":"https:\/\/www.kasinobonus.ai\/de\/wp-json\/wp\/v2\/media?parent=8831"}],"curies":[{"name":"wp","href":"https:\/\/api.w.org\/{rel}","templated":true}]}}