{"id":8805,"date":"2023-09-17T14:37:20","date_gmt":"2023-09-17T14:37:20","guid":{"rendered":"http:\/\/kasinobonus.ai.dedivirt842.your-server.de\/trustly-kasinot\/"},"modified":"2025-07-11T15:31:46","modified_gmt":"2025-07-11T15:31:46","slug":"trustly-casinos","status":"publish","type":"page","link":"https:\/\/www.kasinobonus.ai\/de\/trustly-casinos\/","title":{"rendered":"Trustly Casinos"},"content":{"rendered":"\n<h1 class=\"wp-block-heading\">Die Beste Trustly Casinos In Deutschland<\/h1>\n\n\n\n<p>Die Casinos von Trustly, die sich in Deutschland immer gr\u00f6\u00dferer Beliebtheit erfreuen, bieten schnelle, sichere und einfache Zahlungsm\u00f6glichkeiten f\u00fcr Online-Spielerinnen und -Spieler. Mit Trustly kannst Du direkt von Deiner Bank aus Geld einzahlen und abheben. Du brauchst keine Karte!<\/p>\n\n\n\n<p>Es ist weit verbreitet und einfach zu benutzen. In diesem Ratgeber zeige ich Dir die besten Casinos in Deutschland, die Trustly akzeptieren, und erl\u00e4utere die wichtigsten Vor- und Nachteile der Verwendung.<\/p>\n\n\n\n<h2 class=\"wp-block-heading\">Online Casinos, die Trustly akzeptieren 2025<\/h2>\n\n\n\n<p>Wer auf der Suche nach einem Online Casino ist, das Ein- und Auszahlungen mit Trustly anbietet, hat Gl\u00fcck gehabt. Mehr deutsche Gl\u00fccksspielseiten als je zuvor haben diese Zahlungsoption integriert. Schau Dir die handverlesene Tabelle unten an, um die besten Websites zu finden, die diese Option anbieten:<\/p>\n\n\n<p>[brand_table template=&#8220;table_style_1.php&#8220; country=&#8220;DE&#8220; bonus=&#8220;&#8220;]<\/p>\n\n\n\n<p>Wenn Du ein Trustly-Casino aus der Liste ausgew\u00e4hlt hast, ist es ganz einfach, Dich anzumelden und eine Einzahlung vorzunehmen. W\u00e4hle einfach Trustly als Zahlungsoption, verbinde Dein Bankkonto sicher und fang an zu spielen!<\/p>\n\n\n\n<figure class=\"wp-block-image size-full\"><img decoding=\"async\" width=\"1000\" height=\"666\" src=\"https:\/\/www.kasinobonus.ai\/wp-content\/uploads\/2025\/07\/Trustly-Casinos.jpg\" alt=\"Trustly Casinos\" class=\"wp-image-32041\" srcset=\"https:\/\/www.kasinobonus.ai\/wp-content\/uploads\/2025\/07\/Trustly-Casinos.jpg 1000w, https:\/\/www.kasinobonus.ai\/wp-content\/uploads\/2025\/07\/Trustly-Casinos-300x200.jpg 300w, https:\/\/www.kasinobonus.ai\/wp-content\/uploads\/2025\/07\/Trustly-Casinos-768x511.jpg 768w, https:\/\/www.kasinobonus.ai\/wp-content\/uploads\/2025\/07\/Trustly-Casinos-110x73.jpg 110w, https:\/\/www.kasinobonus.ai\/wp-content\/uploads\/2025\/07\/Trustly-Casinos-575x383.jpg 575w\" sizes=\"(max-width: 1000px) 100vw, 1000px\" \/><\/figure>\n\n\n\n<h2 class=\"wp-block-heading\">Wie wir Trustly Casinos bewerten<\/h2>\n\n\n\n<p>Wir von KasinoBonus achten auf eine Vielzahl von Faktoren, um sicherzustellen, dass wir nur die besten Casinos der Branche empfehlen, wenn wir die Trustly Casinos in Deutschland bewerten.<\/p>\n\n\n\n<p>Nat\u00fcrlich m\u00f6chten wir, dass eine gro\u00dfe Auswahl an Spielen zur Verf\u00fcgung steht &#8211; im Idealfall von so vielen Software-Anbietern wie m\u00f6glich. Dann schauen wir uns alle rechtlichen Aspekte an: Lizenzierung, Reputation, Eigentumsverh\u00e4ltnisse etc.<\/p>\n\n\n\n<p>Sind wir damit zufrieden, testen wir die Seite pers\u00f6nlich, indem wir Ein- und Auszahlungen vornehmen, den Kundendienst kontaktieren und ehrlich unsere Erfahrungen schildern.<\/p>\n\n\n\n<p>Vorteile von Trustly Casinos<\/p>\n\n\n\n<ul class=\"wp-block-list\">\n<li><strong>Sofortige<\/strong> <strong>Transaktionen<\/strong> &#8211; Einzahlungen werden sofort bearbeitet und Auszahlungen nehmen in der Regel nur ein paar Minuten in Anspruch.<\/li>\n\n\n\n<li><strong>Hohe Sicherheit<\/strong> &#8211; Es wird eine Verschl\u00fcsselung auf Bankenniveau verwendet und es werden niemals Bankdaten gespeichert.<\/li>\n\n\n\n<li><strong>Keine<\/strong> <strong>zus\u00e4tzlichen Konten erforderlich<\/strong> &#8211; Es ist keine Registrierung bei Trustly erforderlich und alle Zahlungen werden \u00fcber den Internetbrowser abgewickelt.<\/li>\n\n\n\n<li><strong>Pay N Play Integration<\/strong> &#8211; Viele Casinos unterst\u00fctzen die Pay N Play Funktion von Trustly, die eine sofortige Verifizierung des Kontos erm\u00f6glicht, ohne dass KYC ben\u00f6tigt wird!<\/li>\n<\/ul>\n\n\n\n<p>Nachteile von Trustly Casinos<\/p>\n\n\n\n<ul class=\"wp-block-list\">\n<li><strong>Eingeschr\u00e4nkte Verf\u00fcgbarkeit<\/strong> &#8211; Trustly wird nicht von allen Online Casinos in Deutschland unterst\u00fctzt.<\/li>\n\n\n\n<li><strong>M\u00f6gliche Verz\u00f6gerungen bei der Auszahlung<\/strong> &#8211; Auch wenn es schnell geht, haben einige Casinos ihre eigenen langen Fristen f\u00fcr die Auszahlung.<\/li>\n\n\n\n<li><strong>Probleme mit der Kompatibilit\u00e4t der Banken<\/strong> &#8211; Nicht alle Banken unterst\u00fctzen Trustly Transaktionen, obwohl immer wieder neue Banken in die Liste aufgenommen werden.<\/li>\n<\/ul>\n\n\n\n<p><strong>M\u00f6gliche Geb\u00fchren<\/strong> &#8211; Trustly selbst ist kostenlos, aber einige Casinos k\u00f6nnen ihre eigenen Geb\u00fchren f\u00fcr die Auszahlung von Geldern erheben.<\/p>\n","protected":false},"excerpt":{"rendered":"<p>Die Beste Trustly Casinos In Deutschland Die Casinos von Trustly, die sich in Deutschland immer gr\u00f6\u00dferer Beliebtheit erfreuen, bieten schnelle, sichere und einfache Zahlungsm\u00f6glichkeiten f\u00fcr Online-Spielerinnen und -Spieler. Mit Trustly kannst Du direkt von Deiner Bank aus Geld einzahlen und abheben. Du brauchst keine Karte! Es ist weit verbreitet und einfach zu benutzen. In diesem [&hellip;]<\/p>\n","protected":false},"author":1,"featured_media":11583,"parent":0,"menu_order":0,"comment_status":"open","ping_status":"closed","template":"","meta":{"inline_featured_image":false,"footnotes":""},"class_list":["post-8805","page","type-page","status-publish","has-post-thumbnail","hentry"],"yoast_head":"<!-- This site is optimized with the Yoast SEO plugin v24.5 - https:\/\/yoast.com\/wordpress\/plugins\/seo\/ -->\n<title>Trustly Casinos in Deutschland 2025 - www.kasinobonus.ai<\/title>\n<meta name=\"description\" content=\"Trustly Casinos 2025: W\u00e4hle, zahle ein und fange an zu spielen! Entdecke die besten Trustly Casinos und Angebote hier!\" \/>\n<meta name=\"robots\" content=\"index, follow, max-snippet:-1, max-image-preview:large, max-video-preview:-1\" \/>\n<link rel=\"canonical\" href=\"https:\/\/www.kasinobonus.ai\/de\/trustly-casinos\/\" \/>\n<script type=\"application\/ld+json\" class=\"yoast-schema-graph\">{\"@context\":\"https:\/\/schema.org\",\"@graph\":[{\"@type\":\"WebPage\",\"@id\":\"https:\/\/www.kasinobonus.ai\/de\/trustly-casinos\/\",\"url\":\"https:\/\/www.kasinobonus.ai\/de\/trustly-casinos\/\",\"name\":\"Trustly Casinos in Deutschland 2025 - www.kasinobonus.ai\",\"isPartOf\":{\"@id\":\"https:\/\/www.kasinobonus.ai\/de\/#website\"},\"primaryImageOfPage\":{\"@id\":\"https:\/\/www.kasinobonus.ai\/de\/trustly-casinos\/#primaryimage\"},\"image\":{\"@id\":\"https:\/\/www.kasinobonus.ai\/de\/trustly-casinos\/#primaryimage\"},\"thumbnailUrl\":\"https:\/\/www.kasinobonus.ai\/wp-content\/uploads\/2023\/12\/Trustly-Kasinos-Deutschland.jpg\",\"datePublished\":\"2023-09-17T14:37:20+00:00\",\"dateModified\":\"2025-07-11T15:31:46+00:00\",\"description\":\"Trustly Casinos 2025: W\u00e4hle, zahle ein und fange an zu spielen! Entdecke die besten Trustly Casinos und Angebote hier!\",\"breadcrumb\":{\"@id\":\"https:\/\/www.kasinobonus.ai\/de\/trustly-casinos\/#breadcrumb\"},\"inLanguage\":\"de\",\"potentialAction\":[{\"@type\":\"ReadAction\",\"target\":[\"https:\/\/www.kasinobonus.ai\/de\/trustly-casinos\/\"]}]},{\"@type\":\"ImageObject\",\"inLanguage\":\"de\",\"@id\":\"https:\/\/www.kasinobonus.ai\/de\/trustly-casinos\/#primaryimage\",\"url\":\"https:\/\/www.kasinobonus.ai\/wp-content\/uploads\/2023\/12\/Trustly-Kasinos-Deutschland.jpg\",\"contentUrl\":\"https:\/\/www.kasinobonus.ai\/wp-content\/uploads\/2023\/12\/Trustly-Kasinos-Deutschland.jpg\",\"width\":1200,\"height\":628,\"caption\":\"Trustly Kasinos Deutschland\"},{\"@type\":\"BreadcrumbList\",\"@id\":\"https:\/\/www.kasinobonus.ai\/de\/trustly-casinos\/#breadcrumb\",\"itemListElement\":[{\"@type\":\"ListItem\",\"position\":1,\"name\":\"Home\",\"item\":\"https:\/\/kasinobonus.ai\/de\/\"},{\"@type\":\"ListItem\",\"position\":2,\"name\":\"Trustly Casinos\"}]},{\"@type\":\"WebSite\",\"@id\":\"https:\/\/www.kasinobonus.ai\/de\/#website\",\"url\":\"https:\/\/www.kasinobonus.ai\/de\/\",\"name\":\"www.kasinobonus.ai\",\"description\":\"\",\"publisher\":{\"@id\":\"https:\/\/www.kasinobonus.ai\/de\/#organization\"},\"potentialAction\":[{\"@type\":\"SearchAction\",\"target\":{\"@type\":\"EntryPoint\",\"urlTemplate\":\"https:\/\/www.kasinobonus.ai\/de\/?s={search_term_string}\"},\"query-input\":{\"@type\":\"PropertyValueSpecification\",\"valueRequired\":true,\"valueName\":\"search_term_string\"}}],\"inLanguage\":\"de\"},{\"@type\":\"Organization\",\"@id\":\"https:\/\/www.kasinobonus.ai\/de\/#organization\",\"name\":\"KasinoBonus\",\"alternateName\":\"KasinoBonusAI\",\"url\":\"https:\/\/www.kasinobonus.ai\/de\/\",\"logo\":{\"@type\":\"ImageObject\",\"inLanguage\":\"de\",\"@id\":\"https:\/\/www.kasinobonus.ai\/de\/#\/schema\/logo\/image\/\",\"url\":\"https:\/\/www.kasinobonus.ai\/wp-content\/uploads\/2023\/09\/kasinobonus-logo-light.png\",\"contentUrl\":\"https:\/\/www.kasinobonus.ai\/wp-content\/uploads\/2023\/09\/kasinobonus-logo-light.png\",\"width\":3200,\"height\":596,\"caption\":\"KasinoBonus\"},\"image\":{\"@id\":\"https:\/\/www.kasinobonus.ai\/de\/#\/schema\/logo\/image\/\"},\"sameAs\":[\"https:\/\/www.facebook.com\/kasinobonusio\/\",\"https:\/\/x.com\/Kasinobonus_io\",\"https:\/\/www.linkedin.com\/in\/matti-slotte-26612033b\",\"http:\/\/kasinobonus.wikidot.com\/system:welcome\",\"https:\/\/www.trustpilot.com\/review\/www.kasinobonus.ai\",\"https:\/\/orcid.org\/0009-0007-2889-1713\",\"https:\/\/en.everybodywiki.com\/Matti_Slotte\",\"https:\/\/www.immuniweb.com\/ssl\/kasinobonus.ai\/M4lqCqYY\/\"]}]}<\/script>\n<!-- \/ Yoast SEO plugin. -->","yoast_head_json":{"title":"Trustly Casinos in Deutschland 2025 - www.kasinobonus.ai","description":"Trustly Casinos 2025: W\u00e4hle, zahle ein und fange an zu spielen! Entdecke die besten Trustly Casinos und Angebote hier!","robots":{"index":"index","follow":"follow","max-snippet":"max-snippet:-1","max-image-preview":"max-image-preview:large","max-video-preview":"max-video-preview:-1"},"canonical":"https:\/\/www.kasinobonus.ai\/de\/trustly-casinos\/","schema":{"@context":"https:\/\/schema.org","@graph":[{"@type":"WebPage","@id":"https:\/\/www.kasinobonus.ai\/de\/trustly-casinos\/","url":"https:\/\/www.kasinobonus.ai\/de\/trustly-casinos\/","name":"Trustly Casinos in Deutschland 2025 - www.kasinobonus.ai","isPartOf":{"@id":"https:\/\/www.kasinobonus.ai\/de\/#website"},"primaryImageOfPage":{"@id":"https:\/\/www.kasinobonus.ai\/de\/trustly-casinos\/#primaryimage"},"image":{"@id":"https:\/\/www.kasinobonus.ai\/de\/trustly-casinos\/#primaryimage"},"thumbnailUrl":"https:\/\/www.kasinobonus.ai\/wp-content\/uploads\/2023\/12\/Trustly-Kasinos-Deutschland.jpg","datePublished":"2023-09-17T14:37:20+00:00","dateModified":"2025-07-11T15:31:46+00:00","description":"Trustly Casinos 2025: W\u00e4hle, zahle ein und fange an zu spielen! Entdecke die besten Trustly Casinos und Angebote hier!","breadcrumb":{"@id":"https:\/\/www.kasinobonus.ai\/de\/trustly-casinos\/#breadcrumb"},"inLanguage":"de","potentialAction":[{"@type":"ReadAction","target":["https:\/\/www.kasinobonus.ai\/de\/trustly-casinos\/"]}]},{"@type":"ImageObject","inLanguage":"de","@id":"https:\/\/www.kasinobonus.ai\/de\/trustly-casinos\/#primaryimage","url":"https:\/\/www.kasinobonus.ai\/wp-content\/uploads\/2023\/12\/Trustly-Kasinos-Deutschland.jpg","contentUrl":"https:\/\/www.kasinobonus.ai\/wp-content\/uploads\/2023\/12\/Trustly-Kasinos-Deutschland.jpg","width":1200,"height":628,"caption":"Trustly Kasinos Deutschland"},{"@type":"BreadcrumbList","@id":"https:\/\/www.kasinobonus.ai\/de\/trustly-casinos\/#breadcrumb","itemListElement":[{"@type":"ListItem","position":1,"name":"Home","item":"https:\/\/kasinobonus.ai\/de\/"},{"@type":"ListItem","position":2,"name":"Trustly Casinos"}]},{"@type":"WebSite","@id":"https:\/\/www.kasinobonus.ai\/de\/#website","url":"https:\/\/www.kasinobonus.ai\/de\/","name":"www.kasinobonus.ai","description":"","publisher":{"@id":"https:\/\/www.kasinobonus.ai\/de\/#organization"},"potentialAction":[{"@type":"SearchAction","target":{"@type":"EntryPoint","urlTemplate":"https:\/\/www.kasinobonus.ai\/de\/?s={search_term_string}"},"query-input":{"@type":"PropertyValueSpecification","valueRequired":true,"valueName":"search_term_string"}}],"inLanguage":"de"},{"@type":"Organization","@id":"https:\/\/www.kasinobonus.ai\/de\/#organization","name":"KasinoBonus","alternateName":"KasinoBonusAI","url":"https:\/\/www.kasinobonus.ai\/de\/","logo":{"@type":"ImageObject","inLanguage":"de","@id":"https:\/\/www.kasinobonus.ai\/de\/#\/schema\/logo\/image\/","url":"https:\/\/www.kasinobonus.ai\/wp-content\/uploads\/2023\/09\/kasinobonus-logo-light.png","contentUrl":"https:\/\/www.kasinobonus.ai\/wp-content\/uploads\/2023\/09\/kasinobonus-logo-light.png","width":3200,"height":596,"caption":"KasinoBonus"},"image":{"@id":"https:\/\/www.kasinobonus.ai\/de\/#\/schema\/logo\/image\/"},"sameAs":["https:\/\/www.facebook.com\/kasinobonusio\/","https:\/\/x.com\/Kasinobonus_io","https:\/\/www.linkedin.com\/in\/matti-slotte-26612033b","http:\/\/kasinobonus.wikidot.com\/system:welcome","https:\/\/www.trustpilot.com\/review\/www.kasinobonus.ai","https:\/\/orcid.org\/0009-0007-2889-1713","https:\/\/en.everybodywiki.com\/Matti_Slotte","https:\/\/www.immuniweb.com\/ssl\/kasinobonus.ai\/M4lqCqYY\/"]}]}},"_links":{"self":[{"href":"https:\/\/www.kasinobonus.ai\/de\/wp-json\/wp\/v2\/pages\/8805","targetHints":{"allow":["GET"]}}],"collection":[{"href":"https:\/\/www.kasinobonus.ai\/de\/wp-json\/wp\/v2\/pages"}],"about":[{"href":"https:\/\/www.kasinobonus.ai\/de\/wp-json\/wp\/v2\/types\/page"}],"author":[{"embeddable":true,"href":"https:\/\/www.kasinobonus.ai\/de\/wp-json\/wp\/v2\/users\/1"}],"replies":[{"embeddable":true,"href":"https:\/\/www.kasinobonus.ai\/de\/wp-json\/wp\/v2\/comments?post=8805"}],"version-history":[{"count":1,"href":"https:\/\/www.kasinobonus.ai\/de\/wp-json\/wp\/v2\/pages\/8805\/revisions"}],"predecessor-version":[{"id":32049,"href":"https:\/\/www.kasinobonus.ai\/de\/wp-json\/wp\/v2\/pages\/8805\/revisions\/32049"}],"wp:featuredmedia":[{"embeddable":true,"href":"https:\/\/www.kasinobonus.ai\/de\/wp-json\/wp\/v2\/media\/11583"}],"wp:attachment":[{"href":"https:\/\/www.kasinobonus.ai\/de\/wp-json\/wp\/v2\/media?parent=8805"}],"curies":[{"name":"wp","href":"https:\/\/api.w.org\/{rel}","templated":true}]}}