{"id":8789,"date":"2023-09-19T12:46:45","date_gmt":"2023-09-19T12:46:45","guid":{"rendered":"http:\/\/kasinobonus.ai.dedivirt842.your-server.de\/tervetuliaisbonus\/"},"modified":"2025-07-11T13:35:56","modified_gmt":"2025-07-11T13:35:56","slug":"willkommensbonus","status":"publish","type":"page","link":"https:\/\/www.kasinobonus.ai\/de\/willkommensbonus\/","title":{"rendered":"Willkommensbonus"},"content":{"rendered":"\n<h1 class=\"wp-block-heading\">Die Beste Online Casino Willkommensbonus in Deutschalnd<\/h1>\n\n\n\n<p>Ein Casino-Willkommensbonus ist das erste Angebot, das Du erh\u00e4ltst, wenn Du Dich bei einem neuen Online Casino anmeldest. H\u00e4ufig handelt es sich dabei um das gro\u00dfz\u00fcgigste Angebot \u00fcberhaupt. Diese Boni werden in der Regel in Form von Einzahlungsboni, Freispielen oder einer Kombination aus beidem angeboten, um neue Spieler anzulocken &#8211; so erh\u00e4ltst Du jede Menge zus\u00e4tzliches Geld, um deine neue Casino-Reise zu beginnen!<\/p>\n\n\n\n<p>Da es aber so viele verschiedene Willkommensboni gibt, ist es wichtig zu wissen, wie man den besten Bonus findet&#8230; und genau dabei werde ich Dir heute helfen!<\/p>\n\n\n\n<h2 class=\"wp-block-heading\">Casinos, die die besten Willkommensboni anbieten 2025<\/h2>\n\n\n\n<p>Was den besten Willkommensbonus ausmacht, ist etwas subjektiv. F\u00fcr einige Spieler ist es ein hoher <a href=\"https:\/\/www.kasinobonus.ai\/de\/einzahlungsbonus\/\">Einzahlungsbonus<\/a>, f\u00fcr andere ist es ein Bonus, der an niedrige Umsatzbedingungen gekn\u00fcpft ist &#8211; oder an gar keine. Im Folgenden zeige ich Dir eine Liste mit den besten Willkommensboni, die derzeit in den Casinos in Deutschland verf\u00fcgbar sind &#8211; alle von Online Casinos, die gepr\u00fcft, getestet und als vertrauensw\u00fcrdig eingestuft wurden:<\/p>\n\n\n<p>[brand_table template=&#8220;table_style_1.php&#8220; country=&#8220;DE&#8220; bonus=&#8220;&#8220;]<\/p>\n\n\n\n<p>Wenn Du ein Casino gefunden hast, das Dir gef\u00e4llt, melde Dich an, mache deine erste Einzahlung und fordere Deinen Willkommensbonus an, um mit zus\u00e4tzlichem Geld, Freispielen oder beidem zu spielen!<\/p>\n\n\n\n<figure class=\"wp-block-image size-full\"><img decoding=\"async\" width=\"1000\" height=\"666\" src=\"https:\/\/www.kasinobonus.ai\/wp-content\/uploads\/2025\/07\/Willkommensbonus.jpg\" alt=\"Willkommensbonus\" class=\"wp-image-31778\" srcset=\"https:\/\/www.kasinobonus.ai\/wp-content\/uploads\/2025\/07\/Willkommensbonus.jpg 1000w, https:\/\/www.kasinobonus.ai\/wp-content\/uploads\/2025\/07\/Willkommensbonus-300x200.jpg 300w, https:\/\/www.kasinobonus.ai\/wp-content\/uploads\/2025\/07\/Willkommensbonus-768x511.jpg 768w, https:\/\/www.kasinobonus.ai\/wp-content\/uploads\/2025\/07\/Willkommensbonus-110x73.jpg 110w, https:\/\/www.kasinobonus.ai\/wp-content\/uploads\/2025\/07\/Willkommensbonus-575x383.jpg 575w\" sizes=\"(max-width: 1000px) 100vw, 1000px\" \/><\/figure>\n\n\n\n<h2 class=\"wp-block-heading\">Wie genau nehmen wir Casinos unter die Lupe?<\/h2>\n\n\n\n<p>Wenn ich Willkommensboni von Casinos bewerte, achte ich auf den Gesamtwert des Angebots und nicht nur auf den Bonusbetrag. Wenn es aber an hohe Umsatzbedingungen, wie z.B. 50x, geringe Auszahlungslimits oder zahlreiche Spielbeschr\u00e4nkungen gekn\u00fcpft wird, macht es wenig Sinn, es \u00fcberhaupt zu nutzen!<\/p>\n\n\n\n<p>Bin ich \u00fcberzeugt, dass ein Bonus gro\u00dfz\u00fcgig und fair ist, nehme ich das Casino genauer unter die Lupe. Von der Sicherheit \u00fcber die Spielauswahl, die Auszahlungsgeschwindigkeit und die Zahlungsm\u00f6glichkeiten bis hin zum Kundendienst schaue ich mir alles an!<\/p>\n\n\n\n<h2 class=\"wp-block-heading\">Vor- und Nachteile<\/h2>\n\n\n\n<figure class=\"wp-block-image size-full\"><img decoding=\"async\" width=\"1000\" height=\"666\" src=\"https:\/\/www.kasinobonus.ai\/wp-content\/uploads\/2025\/06\/KB-Einzahlungsbonus.jpg\" alt=\"Einzahlungsbonus\" class=\"wp-image-30192\" srcset=\"https:\/\/www.kasinobonus.ai\/wp-content\/uploads\/2025\/06\/KB-Einzahlungsbonus.jpg 1000w, https:\/\/www.kasinobonus.ai\/wp-content\/uploads\/2025\/06\/KB-Einzahlungsbonus-300x200.jpg 300w, https:\/\/www.kasinobonus.ai\/wp-content\/uploads\/2025\/06\/KB-Einzahlungsbonus-768x511.jpg 768w, https:\/\/www.kasinobonus.ai\/wp-content\/uploads\/2025\/06\/KB-Einzahlungsbonus-110x73.jpg 110w, https:\/\/www.kasinobonus.ai\/wp-content\/uploads\/2025\/06\/KB-Einzahlungsbonus-575x383.jpg 575w\" sizes=\"(max-width: 1000px) 100vw, 1000px\" \/><\/figure>\n\n\n\n<div class=\"wp-block-columns is-layout-flex wp-container-core-columns-is-layout-28f84493 wp-block-columns-is-layout-flex\">\n<div class=\"wp-block-column is-layout-flow wp-block-column-is-layout-flow\">\n<h3 class=\"wp-block-heading\">\u2705 Vorteile<\/h3>\n\n\n\n<ul class=\"wp-block-list\">\n<li>\u2705 Im Vergleich zu Angeboten ohne Einzahlung werden bei uns h\u00f6here Bonusbetr\u00e4ge gew\u00e4hrt.<\/li>\n\n\n\n<li>\u2705 Erm\u00f6glicht den Zugang zu Willkommenspaketen und VIP-Vorteilen.<\/li>\n\n\n\n<li>\u2705 Bonusgelder und Freispiele sind in der Regel Teil des Angebots.<\/li>\n\n\n\n<li>\u2705 F\u00fcr Spieler, die bereits eine Einzahlung planen hervorragend.<\/li>\n\n\n\n<li>\u2705 Weitreichende Akzeptanz in den meisten Online-Casinos.<\/li>\n<\/ul>\n<\/div>\n\n\n\n<div class=\"wp-block-column is-layout-flow wp-block-column-is-layout-flow\">\n<h3 class=\"wp-block-heading\">\u274c Nachteile:<\/h3>\n\n\n\n<ul class=\"wp-block-list\">\n<li>\u274c Mit Umsatzbedingungen verbunden (manchmal 30x\u201350x).<\/li>\n\n\n\n<li>\u274c Bonusgelder k\u00f6nnen gesperrt sein, bis die Bedingungen erf\u00fcllt sind.<\/li>\n\n\n\n<li>\u274c Einige Spiele sind vom Bonusspiel ausgeschlossen.<\/li>\n\n\n\n<li>\u274c W\u00e4hrend der Inanspruchnahme des Bonus k\u00f6nnen Obergrenzen f\u00fcr den Einsatz gelten.<\/li>\n\n\n\n<li>\u274c Auszahlungen sind in vielen F\u00e4llen erst m\u00f6glich, nachdem der Bonus freigespielt wurde.<\/li>\n<\/ul>\n<\/div>\n<\/div>\n\n\n\n<h2 class=\"wp-block-heading\">Ressourcen f\u00fcr verantwortungsbewusstes Gl\u00fccksspiel<\/h2>\n\n\n\n<ul class=\"wp-block-list\">\n<li><a class=\"\" href=\"https:\/\/gluecksspiel-behoerde.de\">https:\/\/gluecksspiel-behoerde.de<\/a><\/li>\n\n\n\n<li><a class=\"\" href=\"https:\/\/www.check-dein-spiel.de\">https:\/\/www.check-dein-spiel.de<\/a><\/li>\n\n\n\n<li><a>https:\/\/gluecksspiel.uni-hohenheim.de<\/a><\/li>\n<\/ul>\n","protected":false},"excerpt":{"rendered":"<p>Die Beste Online Casino Willkommensbonus in Deutschalnd Ein Casino-Willkommensbonus ist das erste Angebot, das Du erh\u00e4ltst, wenn Du Dich bei einem neuen Online Casino anmeldest. H\u00e4ufig handelt es sich dabei um das gro\u00dfz\u00fcgigste Angebot \u00fcberhaupt. Diese Boni werden in der Regel in Form von Einzahlungsboni, Freispielen oder einer Kombination aus beidem angeboten, um neue Spieler [&hellip;]<\/p>\n","protected":false},"author":3,"featured_media":11224,"parent":0,"menu_order":0,"comment_status":"open","ping_status":"closed","template":"","meta":{"inline_featured_image":false,"footnotes":""},"class_list":["post-8789","page","type-page","status-publish","has-post-thumbnail","hentry"],"yoast_head":"<!-- This site is optimized with the Yoast SEO plugin v24.5 - https:\/\/yoast.com\/wordpress\/plugins\/seo\/ -->\n<title>Online Casino Willkommensbonus in DE 2025 - www.kasinobonus.ai<\/title>\n<meta name=\"description\" content=\"Entdecken Sie den besten Willkommensbonus f\u00fcr Casinos mit unserem Guide! Finden Sie schnell attraktive Angebote und starten Sie Ihr Spiel-Erlebnis\" \/>\n<meta name=\"robots\" content=\"index, follow, max-snippet:-1, max-image-preview:large, max-video-preview:-1\" \/>\n<link rel=\"canonical\" href=\"https:\/\/www.kasinobonus.ai\/de\/willkommensbonus\/\" \/>\n<script type=\"application\/ld+json\" class=\"yoast-schema-graph\">{\"@context\":\"https:\/\/schema.org\",\"@graph\":[{\"@type\":\"WebPage\",\"@id\":\"https:\/\/www.kasinobonus.ai\/de\/willkommensbonus\/\",\"url\":\"https:\/\/www.kasinobonus.ai\/de\/willkommensbonus\/\",\"name\":\"Online Casino Willkommensbonus in DE 2025 - www.kasinobonus.ai\",\"isPartOf\":{\"@id\":\"https:\/\/www.kasinobonus.ai\/de\/#website\"},\"primaryImageOfPage\":{\"@id\":\"https:\/\/www.kasinobonus.ai\/de\/willkommensbonus\/#primaryimage\"},\"image\":{\"@id\":\"https:\/\/www.kasinobonus.ai\/de\/willkommensbonus\/#primaryimage\"},\"thumbnailUrl\":\"https:\/\/www.kasinobonus.ai\/wp-content\/uploads\/2023\/12\/Willkommensbonus.jpg\",\"datePublished\":\"2023-09-19T12:46:45+00:00\",\"dateModified\":\"2025-07-11T13:35:56+00:00\",\"description\":\"Entdecken Sie den besten Willkommensbonus f\u00fcr Casinos mit unserem Guide! Finden Sie schnell attraktive Angebote und starten Sie Ihr Spiel-Erlebnis\",\"breadcrumb\":{\"@id\":\"https:\/\/www.kasinobonus.ai\/de\/willkommensbonus\/#breadcrumb\"},\"inLanguage\":\"de\",\"potentialAction\":[{\"@type\":\"ReadAction\",\"target\":[\"https:\/\/www.kasinobonus.ai\/de\/willkommensbonus\/\"]}]},{\"@type\":\"ImageObject\",\"inLanguage\":\"de\",\"@id\":\"https:\/\/www.kasinobonus.ai\/de\/willkommensbonus\/#primaryimage\",\"url\":\"https:\/\/www.kasinobonus.ai\/wp-content\/uploads\/2023\/12\/Willkommensbonus.jpg\",\"contentUrl\":\"https:\/\/www.kasinobonus.ai\/wp-content\/uploads\/2023\/12\/Willkommensbonus.jpg\",\"width\":1200,\"height\":628,\"caption\":\"Willkommensbonus\"},{\"@type\":\"BreadcrumbList\",\"@id\":\"https:\/\/www.kasinobonus.ai\/de\/willkommensbonus\/#breadcrumb\",\"itemListElement\":[{\"@type\":\"ListItem\",\"position\":1,\"name\":\"Home\",\"item\":\"https:\/\/kasinobonus.ai\/de\/\"},{\"@type\":\"ListItem\",\"position\":2,\"name\":\"Willkommensbonus\"}]},{\"@type\":\"WebSite\",\"@id\":\"https:\/\/www.kasinobonus.ai\/de\/#website\",\"url\":\"https:\/\/www.kasinobonus.ai\/de\/\",\"name\":\"www.kasinobonus.ai\",\"description\":\"\",\"publisher\":{\"@id\":\"https:\/\/www.kasinobonus.ai\/de\/#organization\"},\"potentialAction\":[{\"@type\":\"SearchAction\",\"target\":{\"@type\":\"EntryPoint\",\"urlTemplate\":\"https:\/\/www.kasinobonus.ai\/de\/?s={search_term_string}\"},\"query-input\":{\"@type\":\"PropertyValueSpecification\",\"valueRequired\":true,\"valueName\":\"search_term_string\"}}],\"inLanguage\":\"de\"},{\"@type\":\"Organization\",\"@id\":\"https:\/\/www.kasinobonus.ai\/de\/#organization\",\"name\":\"KasinoBonus\",\"alternateName\":\"KasinoBonusAI\",\"url\":\"https:\/\/www.kasinobonus.ai\/de\/\",\"logo\":{\"@type\":\"ImageObject\",\"inLanguage\":\"de\",\"@id\":\"https:\/\/www.kasinobonus.ai\/de\/#\/schema\/logo\/image\/\",\"url\":\"https:\/\/www.kasinobonus.ai\/wp-content\/uploads\/2023\/09\/kasinobonus-logo-light.png\",\"contentUrl\":\"https:\/\/www.kasinobonus.ai\/wp-content\/uploads\/2023\/09\/kasinobonus-logo-light.png\",\"width\":3200,\"height\":596,\"caption\":\"KasinoBonus\"},\"image\":{\"@id\":\"https:\/\/www.kasinobonus.ai\/de\/#\/schema\/logo\/image\/\"},\"sameAs\":[\"https:\/\/www.facebook.com\/kasinobonusio\/\",\"https:\/\/x.com\/Kasinobonus_io\",\"https:\/\/www.linkedin.com\/in\/matti-slotte-26612033b\",\"http:\/\/kasinobonus.wikidot.com\/system:welcome\",\"https:\/\/www.trustpilot.com\/review\/www.kasinobonus.ai\",\"https:\/\/orcid.org\/0009-0007-2889-1713\",\"https:\/\/en.everybodywiki.com\/Matti_Slotte\",\"https:\/\/www.immuniweb.com\/ssl\/kasinobonus.ai\/M4lqCqYY\/\"]}]}<\/script>\n<!-- \/ Yoast SEO plugin. -->","yoast_head_json":{"title":"Online Casino Willkommensbonus in DE 2025 - www.kasinobonus.ai","description":"Entdecken Sie den besten Willkommensbonus f\u00fcr Casinos mit unserem Guide! Finden Sie schnell attraktive Angebote und starten Sie Ihr Spiel-Erlebnis","robots":{"index":"index","follow":"follow","max-snippet":"max-snippet:-1","max-image-preview":"max-image-preview:large","max-video-preview":"max-video-preview:-1"},"canonical":"https:\/\/www.kasinobonus.ai\/de\/willkommensbonus\/","schema":{"@context":"https:\/\/schema.org","@graph":[{"@type":"WebPage","@id":"https:\/\/www.kasinobonus.ai\/de\/willkommensbonus\/","url":"https:\/\/www.kasinobonus.ai\/de\/willkommensbonus\/","name":"Online Casino Willkommensbonus in DE 2025 - www.kasinobonus.ai","isPartOf":{"@id":"https:\/\/www.kasinobonus.ai\/de\/#website"},"primaryImageOfPage":{"@id":"https:\/\/www.kasinobonus.ai\/de\/willkommensbonus\/#primaryimage"},"image":{"@id":"https:\/\/www.kasinobonus.ai\/de\/willkommensbonus\/#primaryimage"},"thumbnailUrl":"https:\/\/www.kasinobonus.ai\/wp-content\/uploads\/2023\/12\/Willkommensbonus.jpg","datePublished":"2023-09-19T12:46:45+00:00","dateModified":"2025-07-11T13:35:56+00:00","description":"Entdecken Sie den besten Willkommensbonus f\u00fcr Casinos mit unserem Guide! Finden Sie schnell attraktive Angebote und starten Sie Ihr Spiel-Erlebnis","breadcrumb":{"@id":"https:\/\/www.kasinobonus.ai\/de\/willkommensbonus\/#breadcrumb"},"inLanguage":"de","potentialAction":[{"@type":"ReadAction","target":["https:\/\/www.kasinobonus.ai\/de\/willkommensbonus\/"]}]},{"@type":"ImageObject","inLanguage":"de","@id":"https:\/\/www.kasinobonus.ai\/de\/willkommensbonus\/#primaryimage","url":"https:\/\/www.kasinobonus.ai\/wp-content\/uploads\/2023\/12\/Willkommensbonus.jpg","contentUrl":"https:\/\/www.kasinobonus.ai\/wp-content\/uploads\/2023\/12\/Willkommensbonus.jpg","width":1200,"height":628,"caption":"Willkommensbonus"},{"@type":"BreadcrumbList","@id":"https:\/\/www.kasinobonus.ai\/de\/willkommensbonus\/#breadcrumb","itemListElement":[{"@type":"ListItem","position":1,"name":"Home","item":"https:\/\/kasinobonus.ai\/de\/"},{"@type":"ListItem","position":2,"name":"Willkommensbonus"}]},{"@type":"WebSite","@id":"https:\/\/www.kasinobonus.ai\/de\/#website","url":"https:\/\/www.kasinobonus.ai\/de\/","name":"www.kasinobonus.ai","description":"","publisher":{"@id":"https:\/\/www.kasinobonus.ai\/de\/#organization"},"potentialAction":[{"@type":"SearchAction","target":{"@type":"EntryPoint","urlTemplate":"https:\/\/www.kasinobonus.ai\/de\/?s={search_term_string}"},"query-input":{"@type":"PropertyValueSpecification","valueRequired":true,"valueName":"search_term_string"}}],"inLanguage":"de"},{"@type":"Organization","@id":"https:\/\/www.kasinobonus.ai\/de\/#organization","name":"KasinoBonus","alternateName":"KasinoBonusAI","url":"https:\/\/www.kasinobonus.ai\/de\/","logo":{"@type":"ImageObject","inLanguage":"de","@id":"https:\/\/www.kasinobonus.ai\/de\/#\/schema\/logo\/image\/","url":"https:\/\/www.kasinobonus.ai\/wp-content\/uploads\/2023\/09\/kasinobonus-logo-light.png","contentUrl":"https:\/\/www.kasinobonus.ai\/wp-content\/uploads\/2023\/09\/kasinobonus-logo-light.png","width":3200,"height":596,"caption":"KasinoBonus"},"image":{"@id":"https:\/\/www.kasinobonus.ai\/de\/#\/schema\/logo\/image\/"},"sameAs":["https:\/\/www.facebook.com\/kasinobonusio\/","https:\/\/x.com\/Kasinobonus_io","https:\/\/www.linkedin.com\/in\/matti-slotte-26612033b","http:\/\/kasinobonus.wikidot.com\/system:welcome","https:\/\/www.trustpilot.com\/review\/www.kasinobonus.ai","https:\/\/orcid.org\/0009-0007-2889-1713","https:\/\/en.everybodywiki.com\/Matti_Slotte","https:\/\/www.immuniweb.com\/ssl\/kasinobonus.ai\/M4lqCqYY\/"]}]}},"_links":{"self":[{"href":"https:\/\/www.kasinobonus.ai\/de\/wp-json\/wp\/v2\/pages\/8789","targetHints":{"allow":["GET"]}}],"collection":[{"href":"https:\/\/www.kasinobonus.ai\/de\/wp-json\/wp\/v2\/pages"}],"about":[{"href":"https:\/\/www.kasinobonus.ai\/de\/wp-json\/wp\/v2\/types\/page"}],"author":[{"embeddable":true,"href":"https:\/\/www.kasinobonus.ai\/de\/wp-json\/wp\/v2\/users\/3"}],"replies":[{"embeddable":true,"href":"https:\/\/www.kasinobonus.ai\/de\/wp-json\/wp\/v2\/comments?post=8789"}],"version-history":[{"count":3,"href":"https:\/\/www.kasinobonus.ai\/de\/wp-json\/wp\/v2\/pages\/8789\/revisions"}],"predecessor-version":[{"id":31786,"href":"https:\/\/www.kasinobonus.ai\/de\/wp-json\/wp\/v2\/pages\/8789\/revisions\/31786"}],"wp:featuredmedia":[{"embeddable":true,"href":"https:\/\/www.kasinobonus.ai\/de\/wp-json\/wp\/v2\/media\/11224"}],"wp:attachment":[{"href":"https:\/\/www.kasinobonus.ai\/de\/wp-json\/wp\/v2\/media?parent=8789"}],"curies":[{"name":"wp","href":"https:\/\/api.w.org\/{rel}","templated":true}]}}