{"id":34485,"date":"2025-07-25T11:49:05","date_gmt":"2025-07-25T11:49:05","guid":{"rendered":"https:\/\/www.kasinobonus.ai\/ueber-jean-pierre-lemoine-casino-inspektor\/"},"modified":"2025-07-26T12:23:31","modified_gmt":"2025-07-26T12:23:31","slug":"ueber-jean-pierre-lemoine-casino-inspektor","status":"publish","type":"page","link":"https:\/\/www.kasinobonus.ai\/de\/ueber-jean-pierre-lemoine-casino-inspektor\/","title":{"rendered":"\u00dcber Jean-Pierre Lemoine &#8211; Casino-Inspektor"},"content":{"rendered":"\n<h1 class=\"wp-block-heading\">\u00dcber Jean-Pierre Lemoine &#8211; Casino-Inspektor<\/h1>\n\n<div class=\"wp-block-media-text is-stacked-on-mobile\"><figure class=\"wp-block-media-text__media\"><img decoding=\"async\" width=\"1024\" height=\"576\" src=\"https:\/\/www.kasinobonus.ai\/wp-content\/uploads\/2025\/07\/Jean-Pierre-Lemoine-1024x576.png\" alt=\"Jean Pierre Lemoine\" class=\"wp-image-34320 size-full\" srcset=\"https:\/\/www.kasinobonus.ai\/wp-content\/uploads\/2025\/07\/Jean-Pierre-Lemoine-1024x576.png 1024w, https:\/\/www.kasinobonus.ai\/wp-content\/uploads\/2025\/07\/Jean-Pierre-Lemoine-300x169.png 300w, https:\/\/www.kasinobonus.ai\/wp-content\/uploads\/2025\/07\/Jean-Pierre-Lemoine-768x432.png 768w, https:\/\/www.kasinobonus.ai\/wp-content\/uploads\/2025\/07\/Jean-Pierre-Lemoine-1536x864.png 1536w, https:\/\/www.kasinobonus.ai\/wp-content\/uploads\/2025\/07\/Jean-Pierre-Lemoine-110x62.png 110w, https:\/\/www.kasinobonus.ai\/wp-content\/uploads\/2025\/07\/Jean-Pierre-Lemoine-1180x664.png 1180w, https:\/\/www.kasinobonus.ai\/wp-content\/uploads\/2025\/07\/Jean-Pierre-Lemoine-575x324.png 575w, https:\/\/www.kasinobonus.ai\/wp-content\/uploads\/2025\/07\/Jean-Pierre-Lemoine.png 1820w\" sizes=\"(max-width: 1024px) 100vw, 1024px\" \/><\/figure><div class=\"wp-block-media-text__content\">\n<p>Jean-Pierre Lemoine, geboren am 5. Dezember 1985 in Montreal, ist ein kanadischer Casinoexperte, der <a href=\"https:\/\/www.mcgill.ca\/\">an der McGill University Informatik studiert hat .<\/a> Er begann seine Karriere bei Espacejeux im Jahr 2018, wo er praktische Erfahrungen mit regulierten Gl\u00fccksspielplattformen sammelte und ein tiefes Verst\u00e4ndnis f\u00fcr Fairness-Algorithmen und verantwortungsvolle Gl\u00fccksspielpraktiken entwickelte.<br\/><br\/><\/p>\n<\/div><\/div>\n\n<p>Heute konzentriert sich Jean-Pierre auf die Verifizierung von Online-Casinos und die \u00dcberpr\u00fcfung von Fakten, um Transparenz und Genauigkeit f\u00fcr Spieler weltweit zu gew\u00e4hrleisten. Er arbeitet oft mit dem finnischen Gl\u00fccksspielanalysten Matti Slotte zusammen und kombiniert dabei technisches Fachwissen mit einer spielerorientierten Perspektive, um verl\u00e4ssliche Bewertungen von Boni, der Sicherheit von Websites und der Fairness von RNGs zu erstellen.<br\/><\/p>\n\n<h2 class=\"wp-block-heading\">Jean-Pierres Werdegang<\/h2>\n\n<figure class=\"wp-block-table\"><table class=\"has-fixed-layout\"><thead><tr><th class=\"has-text-align-left\" data-align=\"left\">Jahr<\/th><th class=\"has-text-align-left\" data-align=\"left\">Karrierestufe<\/th><\/tr><\/thead><tbody><tr><td class=\"has-text-align-left\" data-align=\"left\">2007<\/td><td class=\"has-text-align-left\" data-align=\"left\">Abschluss an der McGill University mit einem Bachelor of Science in Computerwissenschaften<\/td><\/tr><tr><td class=\"has-text-align-left\" data-align=\"left\">2007-2009<\/td><td class=\"has-text-align-left\" data-align=\"left\">Arbeitete in Startups, die Software f\u00fcr Online-Casinos entwickeln<\/td><\/tr><tr><td class=\"has-text-align-left\" data-align=\"left\">2010<\/td><td class=\"has-text-align-left\" data-align=\"left\">Richten Sie kleine Projekte ein, um den Zugang der Spieler zu Bonusangeboten zu verbessern.<\/td><\/tr><tr><td class=\"has-text-align-left\" data-align=\"left\">2018<\/td><td class=\"has-text-align-left\" data-align=\"left\">Beitritt zu Espacejeux &#8211; dem offiziellen Online-Casino-Service von Loto-Qu\u00e9bec<\/td><\/tr><tr><td class=\"has-text-align-left\" data-align=\"left\">2022<\/td><td class=\"has-text-align-left\" data-align=\"left\">Beginn der Zusammenarbeit mit dem finnischen Gl\u00fccksspiel-Experten Matti Slotte<\/td><\/tr><tr><td class=\"has-text-align-left\" data-align=\"left\">2023<\/td><td class=\"has-text-align-left\" data-align=\"left\">Mitwirkung an der Entwicklung von Tools zur Bonusverifizierung<\/td><\/tr><tr><td class=\"has-text-align-left\" data-align=\"left\">2024<\/td><td class=\"has-text-align-left\" data-align=\"left\">Gr\u00fcndung von ToursGratuits, einer Plattform mit Schwerpunkt auf kanadischen Freispielen ohne Einzahlung<\/td><\/tr><tr><td class=\"has-text-align-left\" data-align=\"left\">2024<\/td><td class=\"has-text-align-left\" data-align=\"left\">Mitglied des KasinoBonus-Teams als Casino-Pr\u00fcfer und Fakten-Checker<\/td><\/tr><\/tbody><\/table><\/figure>\n","protected":false},"excerpt":{"rendered":"<p>\u00dcber Jean-Pierre Lemoine &#8211; Casino-Inspektor Jean-Pierre Lemoine, geboren am 5. Dezember 1985 in Montreal, ist ein kanadischer Casinoexperte, der an der McGill University Informatik studiert hat . Er begann seine Karriere bei Espacejeux im Jahr 2018, wo er praktische Erfahrungen mit regulierten Gl\u00fccksspielplattformen sammelte und ein tiefes Verst\u00e4ndnis f\u00fcr Fairness-Algorithmen und verantwortungsvolle Gl\u00fccksspielpraktiken entwickelte. Heute [&hellip;]<\/p>\n","protected":false},"author":1,"featured_media":0,"parent":0,"menu_order":0,"comment_status":"closed","ping_status":"closed","template":"page-clean.php","meta":{"inline_featured_image":false,"footnotes":""},"class_list":["post-34485","page","type-page","status-publish","hentry"],"yoast_head":"<!-- This site is optimized with the Yoast SEO plugin v24.5 - https:\/\/yoast.com\/wordpress\/plugins\/seo\/ -->\n<title>\u00dcber Jean-Pierre Lemoine - Casino-Inspektor - www.kasinobonus.ai<\/title>\n<meta name=\"robots\" content=\"index, follow, max-snippet:-1, max-image-preview:large, max-video-preview:-1\" \/>\n<link rel=\"canonical\" href=\"https:\/\/www.kasinobonus.ai\/de\/ueber-jean-pierre-lemoine-casino-inspektor\/\" \/>\n<script type=\"application\/ld+json\" class=\"yoast-schema-graph\">{\"@context\":\"https:\/\/schema.org\",\"@graph\":[{\"@type\":\"WebPage\",\"@id\":\"https:\/\/www.kasinobonus.ai\/de\/ueber-jean-pierre-lemoine-casino-inspektor\/\",\"url\":\"https:\/\/www.kasinobonus.ai\/de\/ueber-jean-pierre-lemoine-casino-inspektor\/\",\"name\":\"\u00dcber Jean-Pierre Lemoine - Casino-Inspektor - www.kasinobonus.ai\",\"isPartOf\":{\"@id\":\"https:\/\/www.kasinobonus.ai\/de\/#website\"},\"primaryImageOfPage\":{\"@id\":\"https:\/\/www.kasinobonus.ai\/de\/ueber-jean-pierre-lemoine-casino-inspektor\/#primaryimage\"},\"image\":{\"@id\":\"https:\/\/www.kasinobonus.ai\/de\/ueber-jean-pierre-lemoine-casino-inspektor\/#primaryimage\"},\"thumbnailUrl\":\"https:\/\/www.kasinobonus.ai\/wp-content\/uploads\/2025\/07\/Jean-Pierre-Lemoine-1024x576.png\",\"datePublished\":\"2025-07-25T11:49:05+00:00\",\"dateModified\":\"2025-07-26T12:23:31+00:00\",\"breadcrumb\":{\"@id\":\"https:\/\/www.kasinobonus.ai\/de\/ueber-jean-pierre-lemoine-casino-inspektor\/#breadcrumb\"},\"inLanguage\":\"de\",\"potentialAction\":[{\"@type\":\"ReadAction\",\"target\":[\"https:\/\/www.kasinobonus.ai\/de\/ueber-jean-pierre-lemoine-casino-inspektor\/\"]}]},{\"@type\":\"ImageObject\",\"inLanguage\":\"de\",\"@id\":\"https:\/\/www.kasinobonus.ai\/de\/ueber-jean-pierre-lemoine-casino-inspektor\/#primaryimage\",\"url\":\"https:\/\/www.kasinobonus.ai\/wp-content\/uploads\/2025\/07\/Jean-Pierre-Lemoine-1024x576.png\",\"contentUrl\":\"https:\/\/www.kasinobonus.ai\/wp-content\/uploads\/2025\/07\/Jean-Pierre-Lemoine-1024x576.png\"},{\"@type\":\"BreadcrumbList\",\"@id\":\"https:\/\/www.kasinobonus.ai\/de\/ueber-jean-pierre-lemoine-casino-inspektor\/#breadcrumb\",\"itemListElement\":[{\"@type\":\"ListItem\",\"position\":1,\"name\":\"Home\",\"item\":\"https:\/\/kasinobonus.ai\/de\/\"},{\"@type\":\"ListItem\",\"position\":2,\"name\":\"\u00dcber Jean-Pierre Lemoine &#8211; Casino-Inspektor\"}]},{\"@type\":\"WebSite\",\"@id\":\"https:\/\/www.kasinobonus.ai\/de\/#website\",\"url\":\"https:\/\/www.kasinobonus.ai\/de\/\",\"name\":\"www.kasinobonus.ai\",\"description\":\"\",\"publisher\":{\"@id\":\"https:\/\/www.kasinobonus.ai\/de\/#organization\"},\"potentialAction\":[{\"@type\":\"SearchAction\",\"target\":{\"@type\":\"EntryPoint\",\"urlTemplate\":\"https:\/\/www.kasinobonus.ai\/de\/?s={search_term_string}\"},\"query-input\":{\"@type\":\"PropertyValueSpecification\",\"valueRequired\":true,\"valueName\":\"search_term_string\"}}],\"inLanguage\":\"de\"},{\"@type\":\"Organization\",\"@id\":\"https:\/\/www.kasinobonus.ai\/de\/#organization\",\"name\":\"KasinoBonus\",\"alternateName\":\"KasinoBonusAI\",\"url\":\"https:\/\/www.kasinobonus.ai\/de\/\",\"logo\":{\"@type\":\"ImageObject\",\"inLanguage\":\"de\",\"@id\":\"https:\/\/www.kasinobonus.ai\/de\/#\/schema\/logo\/image\/\",\"url\":\"https:\/\/www.kasinobonus.ai\/wp-content\/uploads\/2023\/09\/kasinobonus-logo-light.png\",\"contentUrl\":\"https:\/\/www.kasinobonus.ai\/wp-content\/uploads\/2023\/09\/kasinobonus-logo-light.png\",\"width\":3200,\"height\":596,\"caption\":\"KasinoBonus\"},\"image\":{\"@id\":\"https:\/\/www.kasinobonus.ai\/de\/#\/schema\/logo\/image\/\"},\"sameAs\":[\"https:\/\/www.facebook.com\/kasinobonusio\/\",\"https:\/\/x.com\/Kasinobonus_io\",\"https:\/\/www.linkedin.com\/in\/matti-slotte-26612033b\",\"http:\/\/kasinobonus.wikidot.com\/system:welcome\",\"https:\/\/www.trustpilot.com\/review\/www.kasinobonus.ai\",\"https:\/\/orcid.org\/0009-0007-2889-1713\",\"https:\/\/en.everybodywiki.com\/Matti_Slotte\",\"https:\/\/www.immuniweb.com\/ssl\/kasinobonus.ai\/M4lqCqYY\/\"]}]}<\/script>\n<!-- \/ Yoast SEO plugin. -->","yoast_head_json":{"title":"\u00dcber Jean-Pierre Lemoine - Casino-Inspektor - www.kasinobonus.ai","robots":{"index":"index","follow":"follow","max-snippet":"max-snippet:-1","max-image-preview":"max-image-preview:large","max-video-preview":"max-video-preview:-1"},"canonical":"https:\/\/www.kasinobonus.ai\/de\/ueber-jean-pierre-lemoine-casino-inspektor\/","schema":{"@context":"https:\/\/schema.org","@graph":[{"@type":"WebPage","@id":"https:\/\/www.kasinobonus.ai\/de\/ueber-jean-pierre-lemoine-casino-inspektor\/","url":"https:\/\/www.kasinobonus.ai\/de\/ueber-jean-pierre-lemoine-casino-inspektor\/","name":"\u00dcber Jean-Pierre Lemoine - Casino-Inspektor - www.kasinobonus.ai","isPartOf":{"@id":"https:\/\/www.kasinobonus.ai\/de\/#website"},"primaryImageOfPage":{"@id":"https:\/\/www.kasinobonus.ai\/de\/ueber-jean-pierre-lemoine-casino-inspektor\/#primaryimage"},"image":{"@id":"https:\/\/www.kasinobonus.ai\/de\/ueber-jean-pierre-lemoine-casino-inspektor\/#primaryimage"},"thumbnailUrl":"https:\/\/www.kasinobonus.ai\/wp-content\/uploads\/2025\/07\/Jean-Pierre-Lemoine-1024x576.png","datePublished":"2025-07-25T11:49:05+00:00","dateModified":"2025-07-26T12:23:31+00:00","breadcrumb":{"@id":"https:\/\/www.kasinobonus.ai\/de\/ueber-jean-pierre-lemoine-casino-inspektor\/#breadcrumb"},"inLanguage":"de","potentialAction":[{"@type":"ReadAction","target":["https:\/\/www.kasinobonus.ai\/de\/ueber-jean-pierre-lemoine-casino-inspektor\/"]}]},{"@type":"ImageObject","inLanguage":"de","@id":"https:\/\/www.kasinobonus.ai\/de\/ueber-jean-pierre-lemoine-casino-inspektor\/#primaryimage","url":"https:\/\/www.kasinobonus.ai\/wp-content\/uploads\/2025\/07\/Jean-Pierre-Lemoine-1024x576.png","contentUrl":"https:\/\/www.kasinobonus.ai\/wp-content\/uploads\/2025\/07\/Jean-Pierre-Lemoine-1024x576.png"},{"@type":"BreadcrumbList","@id":"https:\/\/www.kasinobonus.ai\/de\/ueber-jean-pierre-lemoine-casino-inspektor\/#breadcrumb","itemListElement":[{"@type":"ListItem","position":1,"name":"Home","item":"https:\/\/kasinobonus.ai\/de\/"},{"@type":"ListItem","position":2,"name":"\u00dcber Jean-Pierre Lemoine &#8211; Casino-Inspektor"}]},{"@type":"WebSite","@id":"https:\/\/www.kasinobonus.ai\/de\/#website","url":"https:\/\/www.kasinobonus.ai\/de\/","name":"www.kasinobonus.ai","description":"","publisher":{"@id":"https:\/\/www.kasinobonus.ai\/de\/#organization"},"potentialAction":[{"@type":"SearchAction","target":{"@type":"EntryPoint","urlTemplate":"https:\/\/www.kasinobonus.ai\/de\/?s={search_term_string}"},"query-input":{"@type":"PropertyValueSpecification","valueRequired":true,"valueName":"search_term_string"}}],"inLanguage":"de"},{"@type":"Organization","@id":"https:\/\/www.kasinobonus.ai\/de\/#organization","name":"KasinoBonus","alternateName":"KasinoBonusAI","url":"https:\/\/www.kasinobonus.ai\/de\/","logo":{"@type":"ImageObject","inLanguage":"de","@id":"https:\/\/www.kasinobonus.ai\/de\/#\/schema\/logo\/image\/","url":"https:\/\/www.kasinobonus.ai\/wp-content\/uploads\/2023\/09\/kasinobonus-logo-light.png","contentUrl":"https:\/\/www.kasinobonus.ai\/wp-content\/uploads\/2023\/09\/kasinobonus-logo-light.png","width":3200,"height":596,"caption":"KasinoBonus"},"image":{"@id":"https:\/\/www.kasinobonus.ai\/de\/#\/schema\/logo\/image\/"},"sameAs":["https:\/\/www.facebook.com\/kasinobonusio\/","https:\/\/x.com\/Kasinobonus_io","https:\/\/www.linkedin.com\/in\/matti-slotte-26612033b","http:\/\/kasinobonus.wikidot.com\/system:welcome","https:\/\/www.trustpilot.com\/review\/www.kasinobonus.ai","https:\/\/orcid.org\/0009-0007-2889-1713","https:\/\/en.everybodywiki.com\/Matti_Slotte","https:\/\/www.immuniweb.com\/ssl\/kasinobonus.ai\/M4lqCqYY\/"]}]}},"_links":{"self":[{"href":"https:\/\/www.kasinobonus.ai\/de\/wp-json\/wp\/v2\/pages\/34485","targetHints":{"allow":["GET"]}}],"collection":[{"href":"https:\/\/www.kasinobonus.ai\/de\/wp-json\/wp\/v2\/pages"}],"about":[{"href":"https:\/\/www.kasinobonus.ai\/de\/wp-json\/wp\/v2\/types\/page"}],"author":[{"embeddable":true,"href":"https:\/\/www.kasinobonus.ai\/de\/wp-json\/wp\/v2\/users\/1"}],"replies":[{"embeddable":true,"href":"https:\/\/www.kasinobonus.ai\/de\/wp-json\/wp\/v2\/comments?post=34485"}],"version-history":[{"count":1,"href":"https:\/\/www.kasinobonus.ai\/de\/wp-json\/wp\/v2\/pages\/34485\/revisions"}],"predecessor-version":[{"id":34486,"href":"https:\/\/www.kasinobonus.ai\/de\/wp-json\/wp\/v2\/pages\/34485\/revisions\/34486"}],"wp:attachment":[{"href":"https:\/\/www.kasinobonus.ai\/de\/wp-json\/wp\/v2\/media?parent=34485"}],"curies":[{"name":"wp","href":"https:\/\/api.w.org\/{rel}","templated":true}]}}