{"id":30394,"date":"2025-06-11T17:06:15","date_gmt":"2025-06-11T17:06:15","guid":{"rendered":"https:\/\/kasinobonus.ai\/?page_id=30394"},"modified":"2025-07-11T15:34:23","modified_gmt":"2025-07-11T15:34:23","slug":"google-pay-casinos","status":"publish","type":"page","link":"https:\/\/www.kasinobonus.ai\/de\/google-pay-casinos\/","title":{"rendered":"Google pay casinos"},"content":{"rendered":"\n<h1 class=\"wp-block-heading\">Google pay casinos in Deutschland<\/h1>\n\n\n\n<p>Ich bevorzuge Google\u202fPay f\u00fcr Casino-Einzahlungen, weil es schnell, sicher und bequem ist \u2013 ich muss keine Kartendaten mehr jedes Mal neu eingeben. Es funktioniert reibungslos auf Android-Ger\u00e4ten und neueren Smartphones mit Wallet-Funktion, und mittlerweile unterst\u00fctzen mehrere vertrauensw\u00fcrdige <a class=\"\" href=\"https:\/\/www.kasinobonus.ai\/de\/online-casinos\/\">online casinos<\/a> diese Methode. Ich habe einige Anbieter getestet, um herauszufinden, welche nach einer Google\u202fPay-Einzahlung attraktive Willkommensboni bieten. Diese hier haben sich in diesem Jahr besonders hervorgetan.<\/p>\n\n\n\n<h2 class=\"wp-block-heading\">Die besten Google pay casinos f\u00fcr 2025<\/h2>\n\n\n\n<p>Google Pay verbirgt deine Kontodaten und sorgt daf\u00fcr, dass Einzahlungen sofort verarbeitet werden. Ein gutes Casino erm\u00f6glicht dir nicht nur, dein Guthaben auf diese Weise aufzuladen, sondern auch die Willkommensangebote einzul\u00f6sen. Ich habe untersucht, wie viele Casinos Google Pay unterst\u00fctzen, welche Boni du erh\u00e4ltst und ob Ein- sowie Auszahlungen ohne Verz\u00f6gerungen ablaufen.<\/p>\n\n\n<p>[brand_table template=&#8220;table_style_1.php&#8220; country=&#8220;DE&#8220; bonus=&#8220;&#8220;]<\/p>\n\n\n\n<p>Mit Google Pay waren alle Einzahlungen sofort abgeschlossen, und ich konnte die vollen Willkommensboni direkt in Anspruch nehmen. Caesars bot einen besonders hohen Bonus, und die Auszahlungen trafen innerhalb von 24 Stunden ein. BetMGM lief in der App absolut reibungslos, und bei Golden Nugget wurden die Freispiele innerhalb weniger Minuten gutgeschrieben. In Kanada funktionierten die Angebote von BetVictor und Casumo ebenso problemlos \u2013 ein klares Zeichen daf\u00fcr, dass Google Pay dort an Beliebtheit gewinnt.<\/p>\n\n\n\n<figure class=\"wp-block-image size-full\"><img decoding=\"async\" width=\"1000\" height=\"666\" src=\"https:\/\/www.kasinobonus.ai\/wp-content\/uploads\/2025\/07\/Google-pay-casinos.jpg\" alt=\"Google pay casinos\" class=\"wp-image-32078\" srcset=\"https:\/\/www.kasinobonus.ai\/wp-content\/uploads\/2025\/07\/Google-pay-casinos.jpg 1000w, https:\/\/www.kasinobonus.ai\/wp-content\/uploads\/2025\/07\/Google-pay-casinos-300x200.jpg 300w, https:\/\/www.kasinobonus.ai\/wp-content\/uploads\/2025\/07\/Google-pay-casinos-768x511.jpg 768w, https:\/\/www.kasinobonus.ai\/wp-content\/uploads\/2025\/07\/Google-pay-casinos-110x73.jpg 110w, https:\/\/www.kasinobonus.ai\/wp-content\/uploads\/2025\/07\/Google-pay-casinos-575x383.jpg 575w\" sizes=\"(max-width: 1000px) 100vw, 1000px\" \/><\/figure>\n\n\n\n<h2 class=\"wp-block-heading\"><strong>So bewerte ich Google-Pay-Casinos<\/strong><\/h2>\n\n\n\n<ul class=\"wp-block-list\">\n<li><strong>Unterst\u00fctzung von Willkommensangeboten<\/strong> \u2013 Einzahlungen per Google Pay m\u00fcssen den beworbenen Bonus freischalten<\/li>\n\n\n\n<li><strong>Einzahlungsgeschwindigkeit<\/strong> \u2013 Transaktionen sollten sofort oder innerhalb weniger Sekunden abgeschlossen sein<\/li>\n\n\n\n<li><strong>Bonusgutschrift<\/strong> \u2013 Bonusguthaben und Freispiele m\u00fcssen ohne Verz\u00f6gerung erscheinen<\/li>\n\n\n\n<li><strong>Auszahlungsoptionen<\/strong> \u2013 Auch wenn Google Pay keine Auszahlungen unterst\u00fctzt, pr\u00fcfe ich, wie schnell andere Methoden funktionieren<\/li>\n\n\n\n<li><strong>Ruf und Lizenzierung<\/strong> \u2013 Ich empfehle nur vollst\u00e4ndig lizenzierte Casinos mit guten Bewertungen<\/li>\n<\/ul>\n\n\n\n<h2 class=\"wp-block-heading\"><strong>Schneller Vergleich der Google\u202fPay-Boni<\/strong><\/h2>\n\n\n\n<figure class=\"wp-block-table\"><table class=\"has-fixed-layout\"><tbody><tr><td><strong>Casino<\/strong><\/td><td><strong>Einzahlungsmethode<\/strong><\/td><td><strong>Willkommensangebot<\/strong><\/td><td><strong>Was mir gefallen hat<\/strong><\/td><\/tr><tr><td>Caesars Palace<\/td><td>Google\u202fPay<\/td><td>100\u202f% bis zu $2.500<\/td><td>Hoher Bonus, schnelle Abwicklung<\/td><\/tr><tr><td>Golden Nugget<\/td><td>Google\u202fPay<\/td><td>100\u202f% bis zu $1.000 + Freispiele<\/td><td>Reibungslose App-Integration<\/td><\/tr><tr><td>BetMGM<\/td><td>Google\u202fPay<\/td><td>100\u202f% bis zu $1.000<\/td><td>Hervorragendes mobiles Erlebnis<\/td><\/tr><tr><td>BetVictor (CA)<\/td><td>Google\u202fPay<\/td><td>C$3.000 + 100 Freispiele<\/td><td>Hoher Mehrwert f\u00fcr kanadische Spieler<\/td><\/tr><tr><td>Casumo (CA)<\/td><td>Google\u202fPay<\/td><td>C$2.000 + 100 Freispiele<\/td><td>Gro\u00dfe Spielvielfalt und sichere Abwicklung<\/td><\/tr><tr><td>bet365 (CA)<\/td><td>Google\u202fPay<\/td><td>Weltweit bekannte Marke, zuverl\u00e4ssige Einzahlungen<\/td><td>Vertrauensw\u00fcrdige Optionen per App oder Web<\/td><\/tr><\/tbody><\/table><\/figure>\n\n\n\n<h2 class=\"wp-block-heading\">Fazit<\/h2>\n\n\n\n<p>Die Einzahlung per Google Pay bringt Sicherheit und Schnelligkeit in mein Casino-Erlebnis. Besonders Caesars, BetMGM und Golden Nugget \u00fcberzeugen mit vollst\u00e4ndigen Willkommensboni und schnellen Einzahlungen. Die zunehmende Akzeptanz in Kanada \u2013 etwa bei BetVictor und Casumo \u2013 zeigt, dass diese Zahlungsmethode immer beliebter wird. Wenn du Android nutzt und unkomplizierte Einzahlungen m\u00f6chtest, bieten diese Casinos klare Vorteile ohne Aufwand und echten Mehrwert.<\/p>\n\n\n\n<h2 class=\"wp-block-heading\">Ressourcen f\u00fcr verantwortungsbewusstes Gl\u00fccksspiel<\/h2>\n\n\n\n<ul class=\"wp-block-list\">\n<li><a class=\"\" href=\"https:\/\/gluecksspiel-behoerde.de\">https:\/\/gluecksspiel-behoerde.de<\/a><\/li>\n\n\n\n<li><a class=\"\" href=\"https:\/\/www.check-dein-spiel.de\">https:\/\/www.check-dein-spiel.de<\/a><\/li>\n\n\n\n<li><a>https:\/\/gluecksspiel.uni-hohenheim.de<\/a><\/li>\n<\/ul>\n","protected":false},"excerpt":{"rendered":"<p>Google pay casinos in Deutschland Ich bevorzuge Google\u202fPay f\u00fcr Casino-Einzahlungen, weil es schnell, sicher und bequem ist \u2013 ich muss keine Kartendaten mehr jedes Mal neu eingeben. Es funktioniert reibungslos auf Android-Ger\u00e4ten und neueren Smartphones mit Wallet-Funktion, und mittlerweile unterst\u00fctzen mehrere vertrauensw\u00fcrdige online casinos diese Methode. Ich habe einige Anbieter getestet, um herauszufinden, welche nach [&hellip;]<\/p>\n","protected":false},"author":1,"featured_media":0,"parent":0,"menu_order":0,"comment_status":"closed","ping_status":"closed","template":"","meta":{"inline_featured_image":false,"footnotes":""},"class_list":["post-30394","page","type-page","status-publish","hentry"],"yoast_head":"<!-- This site is optimized with the Yoast SEO plugin v24.5 - https:\/\/yoast.com\/wordpress\/plugins\/seo\/ -->\n<title>Google pay casinos in Deutschland 2025 - www.kasinobonus.ai<\/title>\n<meta name=\"description\" content=\"Spiele schnell &amp; sicher in den besten Google Pay Casinos Deutschlands. Einzahlungen in Sekunden, Bonusangebote 2025 inklusive!\" \/>\n<meta name=\"robots\" content=\"index, follow, max-snippet:-1, max-image-preview:large, max-video-preview:-1\" \/>\n<link rel=\"canonical\" href=\"https:\/\/www.kasinobonus.ai\/de\/google-pay-casinos\/\" \/>\n<script type=\"application\/ld+json\" class=\"yoast-schema-graph\">{\"@context\":\"https:\/\/schema.org\",\"@graph\":[{\"@type\":\"WebPage\",\"@id\":\"https:\/\/www.kasinobonus.ai\/de\/google-pay-casinos\/\",\"url\":\"https:\/\/www.kasinobonus.ai\/de\/google-pay-casinos\/\",\"name\":\"Google pay casinos in Deutschland 2025 - www.kasinobonus.ai\",\"isPartOf\":{\"@id\":\"https:\/\/www.kasinobonus.ai\/de\/#website\"},\"primaryImageOfPage\":{\"@id\":\"https:\/\/www.kasinobonus.ai\/de\/google-pay-casinos\/#primaryimage\"},\"image\":{\"@id\":\"https:\/\/www.kasinobonus.ai\/de\/google-pay-casinos\/#primaryimage\"},\"thumbnailUrl\":\"https:\/\/www.kasinobonus.ai\/wp-content\/uploads\/2025\/07\/Google-pay-casinos.jpg\",\"datePublished\":\"2025-06-11T17:06:15+00:00\",\"dateModified\":\"2025-07-11T15:34:23+00:00\",\"description\":\"Spiele schnell & sicher in den besten Google Pay Casinos Deutschlands. Einzahlungen in Sekunden, Bonusangebote 2025 inklusive!\",\"breadcrumb\":{\"@id\":\"https:\/\/www.kasinobonus.ai\/de\/google-pay-casinos\/#breadcrumb\"},\"inLanguage\":\"de\",\"potentialAction\":[{\"@type\":\"ReadAction\",\"target\":[\"https:\/\/www.kasinobonus.ai\/de\/google-pay-casinos\/\"]}]},{\"@type\":\"ImageObject\",\"inLanguage\":\"de\",\"@id\":\"https:\/\/www.kasinobonus.ai\/de\/google-pay-casinos\/#primaryimage\",\"url\":\"https:\/\/www.kasinobonus.ai\/wp-content\/uploads\/2025\/07\/Google-pay-casinos.jpg\",\"contentUrl\":\"https:\/\/www.kasinobonus.ai\/wp-content\/uploads\/2025\/07\/Google-pay-casinos.jpg\"},{\"@type\":\"BreadcrumbList\",\"@id\":\"https:\/\/www.kasinobonus.ai\/de\/google-pay-casinos\/#breadcrumb\",\"itemListElement\":[{\"@type\":\"ListItem\",\"position\":1,\"name\":\"Home\",\"item\":\"https:\/\/kasinobonus.ai\/de\/\"},{\"@type\":\"ListItem\",\"position\":2,\"name\":\"Google pay casinos\"}]},{\"@type\":\"WebSite\",\"@id\":\"https:\/\/www.kasinobonus.ai\/de\/#website\",\"url\":\"https:\/\/www.kasinobonus.ai\/de\/\",\"name\":\"www.kasinobonus.ai\",\"description\":\"\",\"publisher\":{\"@id\":\"https:\/\/www.kasinobonus.ai\/de\/#organization\"},\"potentialAction\":[{\"@type\":\"SearchAction\",\"target\":{\"@type\":\"EntryPoint\",\"urlTemplate\":\"https:\/\/www.kasinobonus.ai\/de\/?s={search_term_string}\"},\"query-input\":{\"@type\":\"PropertyValueSpecification\",\"valueRequired\":true,\"valueName\":\"search_term_string\"}}],\"inLanguage\":\"de\"},{\"@type\":\"Organization\",\"@id\":\"https:\/\/www.kasinobonus.ai\/de\/#organization\",\"name\":\"KasinoBonus\",\"alternateName\":\"KasinoBonusAI\",\"url\":\"https:\/\/www.kasinobonus.ai\/de\/\",\"logo\":{\"@type\":\"ImageObject\",\"inLanguage\":\"de\",\"@id\":\"https:\/\/www.kasinobonus.ai\/de\/#\/schema\/logo\/image\/\",\"url\":\"https:\/\/www.kasinobonus.ai\/wp-content\/uploads\/2023\/09\/kasinobonus-logo-light.png\",\"contentUrl\":\"https:\/\/www.kasinobonus.ai\/wp-content\/uploads\/2023\/09\/kasinobonus-logo-light.png\",\"width\":3200,\"height\":596,\"caption\":\"KasinoBonus\"},\"image\":{\"@id\":\"https:\/\/www.kasinobonus.ai\/de\/#\/schema\/logo\/image\/\"},\"sameAs\":[\"https:\/\/www.facebook.com\/kasinobonusio\/\",\"https:\/\/x.com\/Kasinobonus_io\",\"https:\/\/www.linkedin.com\/in\/matti-slotte-26612033b\",\"http:\/\/kasinobonus.wikidot.com\/system:welcome\",\"https:\/\/www.trustpilot.com\/review\/www.kasinobonus.ai\",\"https:\/\/orcid.org\/0009-0007-2889-1713\",\"https:\/\/en.everybodywiki.com\/Matti_Slotte\",\"https:\/\/www.immuniweb.com\/ssl\/kasinobonus.ai\/M4lqCqYY\/\"]}]}<\/script>\n<!-- \/ Yoast SEO plugin. -->","yoast_head_json":{"title":"Google pay casinos in Deutschland 2025 - www.kasinobonus.ai","description":"Spiele schnell & sicher in den besten Google Pay Casinos Deutschlands. Einzahlungen in Sekunden, Bonusangebote 2025 inklusive!","robots":{"index":"index","follow":"follow","max-snippet":"max-snippet:-1","max-image-preview":"max-image-preview:large","max-video-preview":"max-video-preview:-1"},"canonical":"https:\/\/www.kasinobonus.ai\/de\/google-pay-casinos\/","schema":{"@context":"https:\/\/schema.org","@graph":[{"@type":"WebPage","@id":"https:\/\/www.kasinobonus.ai\/de\/google-pay-casinos\/","url":"https:\/\/www.kasinobonus.ai\/de\/google-pay-casinos\/","name":"Google pay casinos in Deutschland 2025 - www.kasinobonus.ai","isPartOf":{"@id":"https:\/\/www.kasinobonus.ai\/de\/#website"},"primaryImageOfPage":{"@id":"https:\/\/www.kasinobonus.ai\/de\/google-pay-casinos\/#primaryimage"},"image":{"@id":"https:\/\/www.kasinobonus.ai\/de\/google-pay-casinos\/#primaryimage"},"thumbnailUrl":"https:\/\/www.kasinobonus.ai\/wp-content\/uploads\/2025\/07\/Google-pay-casinos.jpg","datePublished":"2025-06-11T17:06:15+00:00","dateModified":"2025-07-11T15:34:23+00:00","description":"Spiele schnell & sicher in den besten Google Pay Casinos Deutschlands. Einzahlungen in Sekunden, Bonusangebote 2025 inklusive!","breadcrumb":{"@id":"https:\/\/www.kasinobonus.ai\/de\/google-pay-casinos\/#breadcrumb"},"inLanguage":"de","potentialAction":[{"@type":"ReadAction","target":["https:\/\/www.kasinobonus.ai\/de\/google-pay-casinos\/"]}]},{"@type":"ImageObject","inLanguage":"de","@id":"https:\/\/www.kasinobonus.ai\/de\/google-pay-casinos\/#primaryimage","url":"https:\/\/www.kasinobonus.ai\/wp-content\/uploads\/2025\/07\/Google-pay-casinos.jpg","contentUrl":"https:\/\/www.kasinobonus.ai\/wp-content\/uploads\/2025\/07\/Google-pay-casinos.jpg"},{"@type":"BreadcrumbList","@id":"https:\/\/www.kasinobonus.ai\/de\/google-pay-casinos\/#breadcrumb","itemListElement":[{"@type":"ListItem","position":1,"name":"Home","item":"https:\/\/kasinobonus.ai\/de\/"},{"@type":"ListItem","position":2,"name":"Google pay casinos"}]},{"@type":"WebSite","@id":"https:\/\/www.kasinobonus.ai\/de\/#website","url":"https:\/\/www.kasinobonus.ai\/de\/","name":"www.kasinobonus.ai","description":"","publisher":{"@id":"https:\/\/www.kasinobonus.ai\/de\/#organization"},"potentialAction":[{"@type":"SearchAction","target":{"@type":"EntryPoint","urlTemplate":"https:\/\/www.kasinobonus.ai\/de\/?s={search_term_string}"},"query-input":{"@type":"PropertyValueSpecification","valueRequired":true,"valueName":"search_term_string"}}],"inLanguage":"de"},{"@type":"Organization","@id":"https:\/\/www.kasinobonus.ai\/de\/#organization","name":"KasinoBonus","alternateName":"KasinoBonusAI","url":"https:\/\/www.kasinobonus.ai\/de\/","logo":{"@type":"ImageObject","inLanguage":"de","@id":"https:\/\/www.kasinobonus.ai\/de\/#\/schema\/logo\/image\/","url":"https:\/\/www.kasinobonus.ai\/wp-content\/uploads\/2023\/09\/kasinobonus-logo-light.png","contentUrl":"https:\/\/www.kasinobonus.ai\/wp-content\/uploads\/2023\/09\/kasinobonus-logo-light.png","width":3200,"height":596,"caption":"KasinoBonus"},"image":{"@id":"https:\/\/www.kasinobonus.ai\/de\/#\/schema\/logo\/image\/"},"sameAs":["https:\/\/www.facebook.com\/kasinobonusio\/","https:\/\/x.com\/Kasinobonus_io","https:\/\/www.linkedin.com\/in\/matti-slotte-26612033b","http:\/\/kasinobonus.wikidot.com\/system:welcome","https:\/\/www.trustpilot.com\/review\/www.kasinobonus.ai","https:\/\/orcid.org\/0009-0007-2889-1713","https:\/\/en.everybodywiki.com\/Matti_Slotte","https:\/\/www.immuniweb.com\/ssl\/kasinobonus.ai\/M4lqCqYY\/"]}]}},"_links":{"self":[{"href":"https:\/\/www.kasinobonus.ai\/de\/wp-json\/wp\/v2\/pages\/30394","targetHints":{"allow":["GET"]}}],"collection":[{"href":"https:\/\/www.kasinobonus.ai\/de\/wp-json\/wp\/v2\/pages"}],"about":[{"href":"https:\/\/www.kasinobonus.ai\/de\/wp-json\/wp\/v2\/types\/page"}],"author":[{"embeddable":true,"href":"https:\/\/www.kasinobonus.ai\/de\/wp-json\/wp\/v2\/users\/1"}],"replies":[{"embeddable":true,"href":"https:\/\/www.kasinobonus.ai\/de\/wp-json\/wp\/v2\/comments?post=30394"}],"version-history":[{"count":2,"href":"https:\/\/www.kasinobonus.ai\/de\/wp-json\/wp\/v2\/pages\/30394\/revisions"}],"predecessor-version":[{"id":32086,"href":"https:\/\/www.kasinobonus.ai\/de\/wp-json\/wp\/v2\/pages\/30394\/revisions\/32086"}],"wp:attachment":[{"href":"https:\/\/www.kasinobonus.ai\/de\/wp-json\/wp\/v2\/media?parent=30394"}],"curies":[{"name":"wp","href":"https:\/\/api.w.org\/{rel}","templated":true}]}}