{"id":21366,"date":"2024-11-25T08:53:00","date_gmt":"2024-11-25T08:53:00","guid":{"rendered":"https:\/\/kasinobonus.ai\/gambling-law\/"},"modified":"2025-06-15T09:54:19","modified_gmt":"2025-06-15T09:54:19","slug":"gambling-law","status":"publish","type":"page","link":"https:\/\/www.kasinobonus.ai\/de\/gambling-law\/","title":{"rendered":"Gl\u00fccksspielgesetz"},"content":{"rendered":"\n<h1 class=\"wp-block-heading\"><strong>Gl\u00fccksspielgesetz in Deutschland<\/strong><\/h1>\n\n\n\n<p>Deutschland hat einen lizenzbasierten Gl\u00fccksspielmarkt, bei dem die Regulierungsbeh\u00f6rde Lizenzen an Betreiber vergibt, die ihre Dienstleistungen f\u00fcr deutsche Staatsb\u00fcrger anbieten m\u00fcssen.<\/p>\n\n\n\n<p>Deutschland hat eine lange und komplexe Geschichte im Bereich Gl\u00fccksspiel, aber die moderne \u00c4ra begann mit dem vierten Staatsvertrag von 2021, der nach einem vollst\u00e4ndigen Verbot im Jahr 2008 die Regulierung einf\u00fchrte. Anfang 2023 nahm die zentrale Regulierungsbeh\u00f6rde, die Gemeinsame Gl\u00fccksspielbeh\u00f6rde der L\u00e4nder (GGL), ihre Arbeit auf.<\/p>\n\n\n\n<p>Aktuell befinden sich Betreiber in einem Lizenzsystem, in dem sie sich um eine Lizenz f\u00fcr alle deutschen Bundesl\u00e4nder bewerben k\u00f6nnen. Diese Lizenz kommt jedoch mit den restriktivsten Regeln, die sogar strenger sind als die der UK.<\/p>\n\n\n\n<p>Zus\u00e4tzlich f\u00fchrt das Fehlen eines B2B-Lizenzierungssystems dazu, dass jedes Spiel f\u00fcr jeden Betreiber einzeln lizenziert werden muss, was den Schwarzmarkt st\u00e4rkt. In einem Land mit 84 Millionen Menschen hat der legale Gl\u00fccksspielmarkt einen Wert von nur 4,8 Milliarden Euro, im Vergleich zu den 18 Milliarden Euro des Vereinigten K\u00f6nigreichs mit 64 Millionen Menschen.<\/p>\n","protected":false},"excerpt":{"rendered":"<p>Gl\u00fccksspielgesetz in Deutschland Deutschland hat einen lizenzbasierten Gl\u00fccksspielmarkt, bei dem die Regulierungsbeh\u00f6rde Lizenzen an Betreiber vergibt, die ihre Dienstleistungen f\u00fcr deutsche Staatsb\u00fcrger anbieten m\u00fcssen. Deutschland hat eine lange und komplexe Geschichte im Bereich Gl\u00fccksspiel, aber die moderne \u00c4ra begann mit dem vierten Staatsvertrag von 2021, der nach einem vollst\u00e4ndigen Verbot im Jahr 2008 die Regulierung [&hellip;]<\/p>\n","protected":false},"author":1,"featured_media":0,"parent":0,"menu_order":0,"comment_status":"closed","ping_status":"closed","template":"","meta":{"inline_featured_image":false,"footnotes":""},"class_list":["post-21366","page","type-page","status-publish","hentry"],"yoast_head":"<!-- This site is optimized with the Yoast SEO plugin v24.5 - https:\/\/yoast.com\/wordpress\/plugins\/seo\/ -->\n<title>Gl\u00fccksspielgesetz - www.kasinobonus.ai<\/title>\n<meta name=\"description\" content=\"Bleiben Sie informiert \u00fcber die aktuellen Gl\u00fccksspielgesetze und -vorschriften in Deutschland. Erfahren Sie Ihre Rechte und Spielregeln.\" \/>\n<meta name=\"robots\" content=\"index, follow, max-snippet:-1, max-image-preview:large, max-video-preview:-1\" \/>\n<link rel=\"canonical\" href=\"https:\/\/www.kasinobonus.ai\/de\/gambling-law\/\" \/>\n<script type=\"application\/ld+json\" class=\"yoast-schema-graph\">{\"@context\":\"https:\/\/schema.org\",\"@graph\":[{\"@type\":\"WebPage\",\"@id\":\"https:\/\/www.kasinobonus.ai\/de\/gambling-law\/\",\"url\":\"https:\/\/www.kasinobonus.ai\/de\/gambling-law\/\",\"name\":\"Gl\u00fccksspielgesetz - www.kasinobonus.ai\",\"isPartOf\":{\"@id\":\"https:\/\/www.kasinobonus.ai\/de\/#website\"},\"datePublished\":\"2024-11-25T08:53:00+00:00\",\"dateModified\":\"2025-06-15T09:54:19+00:00\",\"description\":\"Bleiben Sie informiert \u00fcber die aktuellen Gl\u00fccksspielgesetze und -vorschriften in Deutschland. Erfahren Sie Ihre Rechte und Spielregeln.\",\"breadcrumb\":{\"@id\":\"https:\/\/www.kasinobonus.ai\/de\/gambling-law\/#breadcrumb\"},\"inLanguage\":\"de\",\"potentialAction\":[{\"@type\":\"ReadAction\",\"target\":[\"https:\/\/www.kasinobonus.ai\/de\/gambling-law\/\"]}]},{\"@type\":\"BreadcrumbList\",\"@id\":\"https:\/\/www.kasinobonus.ai\/de\/gambling-law\/#breadcrumb\",\"itemListElement\":[{\"@type\":\"ListItem\",\"position\":1,\"name\":\"Home\",\"item\":\"https:\/\/kasinobonus.ai\/de\/\"},{\"@type\":\"ListItem\",\"position\":2,\"name\":\"Gl\u00fccksspielgesetz\"}]},{\"@type\":\"WebSite\",\"@id\":\"https:\/\/www.kasinobonus.ai\/de\/#website\",\"url\":\"https:\/\/www.kasinobonus.ai\/de\/\",\"name\":\"www.kasinobonus.ai\",\"description\":\"\",\"publisher\":{\"@id\":\"https:\/\/www.kasinobonus.ai\/de\/#organization\"},\"potentialAction\":[{\"@type\":\"SearchAction\",\"target\":{\"@type\":\"EntryPoint\",\"urlTemplate\":\"https:\/\/www.kasinobonus.ai\/de\/?s={search_term_string}\"},\"query-input\":{\"@type\":\"PropertyValueSpecification\",\"valueRequired\":true,\"valueName\":\"search_term_string\"}}],\"inLanguage\":\"de\"},{\"@type\":\"Organization\",\"@id\":\"https:\/\/www.kasinobonus.ai\/de\/#organization\",\"name\":\"KasinoBonus\",\"alternateName\":\"KasinoBonusAI\",\"url\":\"https:\/\/www.kasinobonus.ai\/de\/\",\"logo\":{\"@type\":\"ImageObject\",\"inLanguage\":\"de\",\"@id\":\"https:\/\/www.kasinobonus.ai\/de\/#\/schema\/logo\/image\/\",\"url\":\"https:\/\/www.kasinobonus.ai\/wp-content\/uploads\/2023\/09\/kasinobonus-logo-light.png\",\"contentUrl\":\"https:\/\/www.kasinobonus.ai\/wp-content\/uploads\/2023\/09\/kasinobonus-logo-light.png\",\"width\":3200,\"height\":596,\"caption\":\"KasinoBonus\"},\"image\":{\"@id\":\"https:\/\/www.kasinobonus.ai\/de\/#\/schema\/logo\/image\/\"},\"sameAs\":[\"https:\/\/www.facebook.com\/kasinobonusio\/\",\"https:\/\/x.com\/Kasinobonus_io\",\"https:\/\/www.linkedin.com\/in\/matti-slotte-26612033b\",\"http:\/\/kasinobonus.wikidot.com\/system:welcome\",\"https:\/\/www.trustpilot.com\/review\/www.kasinobonus.ai\",\"https:\/\/orcid.org\/0009-0007-2889-1713\",\"https:\/\/en.everybodywiki.com\/Matti_Slotte\",\"https:\/\/www.immuniweb.com\/ssl\/kasinobonus.ai\/M4lqCqYY\/\"]}]}<\/script>\n<!-- \/ Yoast SEO plugin. -->","yoast_head_json":{"title":"Gl\u00fccksspielgesetz - www.kasinobonus.ai","description":"Bleiben Sie informiert \u00fcber die aktuellen Gl\u00fccksspielgesetze und -vorschriften in Deutschland. Erfahren Sie Ihre Rechte und Spielregeln.","robots":{"index":"index","follow":"follow","max-snippet":"max-snippet:-1","max-image-preview":"max-image-preview:large","max-video-preview":"max-video-preview:-1"},"canonical":"https:\/\/www.kasinobonus.ai\/de\/gambling-law\/","schema":{"@context":"https:\/\/schema.org","@graph":[{"@type":"WebPage","@id":"https:\/\/www.kasinobonus.ai\/de\/gambling-law\/","url":"https:\/\/www.kasinobonus.ai\/de\/gambling-law\/","name":"Gl\u00fccksspielgesetz - www.kasinobonus.ai","isPartOf":{"@id":"https:\/\/www.kasinobonus.ai\/de\/#website"},"datePublished":"2024-11-25T08:53:00+00:00","dateModified":"2025-06-15T09:54:19+00:00","description":"Bleiben Sie informiert \u00fcber die aktuellen Gl\u00fccksspielgesetze und -vorschriften in Deutschland. Erfahren Sie Ihre Rechte und Spielregeln.","breadcrumb":{"@id":"https:\/\/www.kasinobonus.ai\/de\/gambling-law\/#breadcrumb"},"inLanguage":"de","potentialAction":[{"@type":"ReadAction","target":["https:\/\/www.kasinobonus.ai\/de\/gambling-law\/"]}]},{"@type":"BreadcrumbList","@id":"https:\/\/www.kasinobonus.ai\/de\/gambling-law\/#breadcrumb","itemListElement":[{"@type":"ListItem","position":1,"name":"Home","item":"https:\/\/kasinobonus.ai\/de\/"},{"@type":"ListItem","position":2,"name":"Gl\u00fccksspielgesetz"}]},{"@type":"WebSite","@id":"https:\/\/www.kasinobonus.ai\/de\/#website","url":"https:\/\/www.kasinobonus.ai\/de\/","name":"www.kasinobonus.ai","description":"","publisher":{"@id":"https:\/\/www.kasinobonus.ai\/de\/#organization"},"potentialAction":[{"@type":"SearchAction","target":{"@type":"EntryPoint","urlTemplate":"https:\/\/www.kasinobonus.ai\/de\/?s={search_term_string}"},"query-input":{"@type":"PropertyValueSpecification","valueRequired":true,"valueName":"search_term_string"}}],"inLanguage":"de"},{"@type":"Organization","@id":"https:\/\/www.kasinobonus.ai\/de\/#organization","name":"KasinoBonus","alternateName":"KasinoBonusAI","url":"https:\/\/www.kasinobonus.ai\/de\/","logo":{"@type":"ImageObject","inLanguage":"de","@id":"https:\/\/www.kasinobonus.ai\/de\/#\/schema\/logo\/image\/","url":"https:\/\/www.kasinobonus.ai\/wp-content\/uploads\/2023\/09\/kasinobonus-logo-light.png","contentUrl":"https:\/\/www.kasinobonus.ai\/wp-content\/uploads\/2023\/09\/kasinobonus-logo-light.png","width":3200,"height":596,"caption":"KasinoBonus"},"image":{"@id":"https:\/\/www.kasinobonus.ai\/de\/#\/schema\/logo\/image\/"},"sameAs":["https:\/\/www.facebook.com\/kasinobonusio\/","https:\/\/x.com\/Kasinobonus_io","https:\/\/www.linkedin.com\/in\/matti-slotte-26612033b","http:\/\/kasinobonus.wikidot.com\/system:welcome","https:\/\/www.trustpilot.com\/review\/www.kasinobonus.ai","https:\/\/orcid.org\/0009-0007-2889-1713","https:\/\/en.everybodywiki.com\/Matti_Slotte","https:\/\/www.immuniweb.com\/ssl\/kasinobonus.ai\/M4lqCqYY\/"]}]}},"_links":{"self":[{"href":"https:\/\/www.kasinobonus.ai\/de\/wp-json\/wp\/v2\/pages\/21366","targetHints":{"allow":["GET"]}}],"collection":[{"href":"https:\/\/www.kasinobonus.ai\/de\/wp-json\/wp\/v2\/pages"}],"about":[{"href":"https:\/\/www.kasinobonus.ai\/de\/wp-json\/wp\/v2\/types\/page"}],"author":[{"embeddable":true,"href":"https:\/\/www.kasinobonus.ai\/de\/wp-json\/wp\/v2\/users\/1"}],"replies":[{"embeddable":true,"href":"https:\/\/www.kasinobonus.ai\/de\/wp-json\/wp\/v2\/comments?post=21366"}],"version-history":[{"count":1,"href":"https:\/\/www.kasinobonus.ai\/de\/wp-json\/wp\/v2\/pages\/21366\/revisions"}],"predecessor-version":[{"id":30499,"href":"https:\/\/www.kasinobonus.ai\/de\/wp-json\/wp\/v2\/pages\/21366\/revisions\/30499"}],"wp:attachment":[{"href":"https:\/\/www.kasinobonus.ai\/de\/wp-json\/wp\/v2\/media?parent=21366"}],"curies":[{"name":"wp","href":"https:\/\/api.w.org\/{rel}","templated":true}]}}