{"id":21360,"date":"2024-11-25T08:54:24","date_gmt":"2024-11-25T08:54:24","guid":{"rendered":"https:\/\/kasinobonus.ai\/backlisted-casinos\/"},"modified":"2025-06-07T14:15:39","modified_gmt":"2025-06-07T14:15:39","slug":"backlisted-casinos","status":"publish","type":"page","link":"https:\/\/www.kasinobonus.ai\/de\/backlisted-casinos\/","title":{"rendered":"Zur\u00fcckgezogene Casinos"},"content":{"rendered":"\n<h1 class=\"wp-block-heading\"><strong>Blacklist der Casinos f\u00fcr Deutchland<\/strong><\/h1>\n\n\n\n<p>KasinoBonusIO testet zahlreiche Casinos, und wir sehen viele, die den strengen Pr\u00fcfungen standhalten. Durch unser umfangreiches Netzwerk und Gespr\u00e4che mit finnischen Spielern wissen wir, welche Casinos vertrauensw\u00fcrdig sind. Wir empfehlen nur Casinos, die wirklich gut sind und die wir unseren finnischen Spielern ans Herz legen k\u00f6nnen.<\/p>\n\n\n\n<p>Einige Casinos verdienen jedoch keine Empfehlung. Wir schlie\u00dfen diese aus oder warnen vor ihnen. Bei bestimmten Casinos ist die Entscheidung letztlich dem Spieler \u00fcberlassen, aber es gibt auch F\u00e4lle, in denen wir keine Diskussion f\u00fchren \u2013 einige Casinos sind einfach betr\u00fcgerisch.<\/p>\n\n\n\n<h2 class=\"wp-block-heading\"><strong>Schwarze Liste der Casinos:<\/strong><\/h2>\n\n\n\n<ul class=\"wp-block-list\">\n<li>1xBet<\/li>\n\n\n\n<li>BetWinner<\/li>\n<\/ul>\n\n\n\n<p>Wenn Sie bei einem dieser Casinos Einzahlungen gemacht haben, empfehlen wir, die Gelder schnell abzuheben und nicht mehr dort zu spielen.<\/p>\n","protected":false},"excerpt":{"rendered":"<p>Blacklist der Casinos f\u00fcr Deutchland KasinoBonusIO testet zahlreiche Casinos, und wir sehen viele, die den strengen Pr\u00fcfungen standhalten. Durch unser umfangreiches Netzwerk und Gespr\u00e4che mit finnischen Spielern wissen wir, welche Casinos vertrauensw\u00fcrdig sind. Wir empfehlen nur Casinos, die wirklich gut sind und die wir unseren finnischen Spielern ans Herz legen k\u00f6nnen. Einige Casinos verdienen jedoch [&hellip;]<\/p>\n","protected":false},"author":1,"featured_media":0,"parent":0,"menu_order":0,"comment_status":"closed","ping_status":"closed","template":"","meta":{"inline_featured_image":false,"footnotes":""},"class_list":["post-21360","page","type-page","status-publish","hentry"],"yoast_head":"<!-- This site is optimized with the Yoast SEO plugin v24.5 - https:\/\/yoast.com\/wordpress\/plugins\/seo\/ -->\n<title>Zur\u00fcckgezogene Casinos - www.kasinobonus.ai<\/title>\n<meta name=\"description\" content=\"Blacklist der Casinos f\u00fcr Deutchland\" \/>\n<meta name=\"robots\" content=\"index, follow, max-snippet:-1, max-image-preview:large, max-video-preview:-1\" \/>\n<link rel=\"canonical\" href=\"https:\/\/www.kasinobonus.ai\/de\/backlisted-casinos\/\" \/>\n<script type=\"application\/ld+json\" class=\"yoast-schema-graph\">{\"@context\":\"https:\/\/schema.org\",\"@graph\":[{\"@type\":\"WebPage\",\"@id\":\"https:\/\/www.kasinobonus.ai\/de\/backlisted-casinos\/\",\"url\":\"https:\/\/www.kasinobonus.ai\/de\/backlisted-casinos\/\",\"name\":\"Zur\u00fcckgezogene Casinos - www.kasinobonus.ai\",\"isPartOf\":{\"@id\":\"https:\/\/www.kasinobonus.ai\/de\/#website\"},\"datePublished\":\"2024-11-25T08:54:24+00:00\",\"dateModified\":\"2025-06-07T14:15:39+00:00\",\"description\":\"Blacklist der Casinos f\u00fcr Deutchland\",\"breadcrumb\":{\"@id\":\"https:\/\/www.kasinobonus.ai\/de\/backlisted-casinos\/#breadcrumb\"},\"inLanguage\":\"de\",\"potentialAction\":[{\"@type\":\"ReadAction\",\"target\":[\"https:\/\/www.kasinobonus.ai\/de\/backlisted-casinos\/\"]}]},{\"@type\":\"BreadcrumbList\",\"@id\":\"https:\/\/www.kasinobonus.ai\/de\/backlisted-casinos\/#breadcrumb\",\"itemListElement\":[{\"@type\":\"ListItem\",\"position\":1,\"name\":\"Home\",\"item\":\"https:\/\/kasinobonus.ai\/de\/\"},{\"@type\":\"ListItem\",\"position\":2,\"name\":\"Zur\u00fcckgezogene Casinos\"}]},{\"@type\":\"WebSite\",\"@id\":\"https:\/\/www.kasinobonus.ai\/de\/#website\",\"url\":\"https:\/\/www.kasinobonus.ai\/de\/\",\"name\":\"www.kasinobonus.ai\",\"description\":\"\",\"publisher\":{\"@id\":\"https:\/\/www.kasinobonus.ai\/de\/#organization\"},\"potentialAction\":[{\"@type\":\"SearchAction\",\"target\":{\"@type\":\"EntryPoint\",\"urlTemplate\":\"https:\/\/www.kasinobonus.ai\/de\/?s={search_term_string}\"},\"query-input\":{\"@type\":\"PropertyValueSpecification\",\"valueRequired\":true,\"valueName\":\"search_term_string\"}}],\"inLanguage\":\"de\"},{\"@type\":\"Organization\",\"@id\":\"https:\/\/www.kasinobonus.ai\/de\/#organization\",\"name\":\"KasinoBonus\",\"alternateName\":\"KasinoBonusAI\",\"url\":\"https:\/\/www.kasinobonus.ai\/de\/\",\"logo\":{\"@type\":\"ImageObject\",\"inLanguage\":\"de\",\"@id\":\"https:\/\/www.kasinobonus.ai\/de\/#\/schema\/logo\/image\/\",\"url\":\"https:\/\/www.kasinobonus.ai\/wp-content\/uploads\/2023\/09\/kasinobonus-logo-light.png\",\"contentUrl\":\"https:\/\/www.kasinobonus.ai\/wp-content\/uploads\/2023\/09\/kasinobonus-logo-light.png\",\"width\":3200,\"height\":596,\"caption\":\"KasinoBonus\"},\"image\":{\"@id\":\"https:\/\/www.kasinobonus.ai\/de\/#\/schema\/logo\/image\/\"},\"sameAs\":[\"https:\/\/www.facebook.com\/kasinobonusio\/\",\"https:\/\/x.com\/Kasinobonus_io\",\"https:\/\/www.linkedin.com\/in\/matti-slotte-26612033b\",\"http:\/\/kasinobonus.wikidot.com\/system:welcome\",\"https:\/\/www.trustpilot.com\/review\/www.kasinobonus.ai\",\"https:\/\/orcid.org\/0009-0007-2889-1713\",\"https:\/\/en.everybodywiki.com\/Matti_Slotte\",\"https:\/\/www.immuniweb.com\/ssl\/kasinobonus.ai\/M4lqCqYY\/\"]}]}<\/script>\n<!-- \/ Yoast SEO plugin. -->","yoast_head_json":{"title":"Zur\u00fcckgezogene Casinos - www.kasinobonus.ai","description":"Blacklist der Casinos f\u00fcr Deutchland","robots":{"index":"index","follow":"follow","max-snippet":"max-snippet:-1","max-image-preview":"max-image-preview:large","max-video-preview":"max-video-preview:-1"},"canonical":"https:\/\/www.kasinobonus.ai\/de\/backlisted-casinos\/","schema":{"@context":"https:\/\/schema.org","@graph":[{"@type":"WebPage","@id":"https:\/\/www.kasinobonus.ai\/de\/backlisted-casinos\/","url":"https:\/\/www.kasinobonus.ai\/de\/backlisted-casinos\/","name":"Zur\u00fcckgezogene Casinos - www.kasinobonus.ai","isPartOf":{"@id":"https:\/\/www.kasinobonus.ai\/de\/#website"},"datePublished":"2024-11-25T08:54:24+00:00","dateModified":"2025-06-07T14:15:39+00:00","description":"Blacklist der Casinos f\u00fcr Deutchland","breadcrumb":{"@id":"https:\/\/www.kasinobonus.ai\/de\/backlisted-casinos\/#breadcrumb"},"inLanguage":"de","potentialAction":[{"@type":"ReadAction","target":["https:\/\/www.kasinobonus.ai\/de\/backlisted-casinos\/"]}]},{"@type":"BreadcrumbList","@id":"https:\/\/www.kasinobonus.ai\/de\/backlisted-casinos\/#breadcrumb","itemListElement":[{"@type":"ListItem","position":1,"name":"Home","item":"https:\/\/kasinobonus.ai\/de\/"},{"@type":"ListItem","position":2,"name":"Zur\u00fcckgezogene Casinos"}]},{"@type":"WebSite","@id":"https:\/\/www.kasinobonus.ai\/de\/#website","url":"https:\/\/www.kasinobonus.ai\/de\/","name":"www.kasinobonus.ai","description":"","publisher":{"@id":"https:\/\/www.kasinobonus.ai\/de\/#organization"},"potentialAction":[{"@type":"SearchAction","target":{"@type":"EntryPoint","urlTemplate":"https:\/\/www.kasinobonus.ai\/de\/?s={search_term_string}"},"query-input":{"@type":"PropertyValueSpecification","valueRequired":true,"valueName":"search_term_string"}}],"inLanguage":"de"},{"@type":"Organization","@id":"https:\/\/www.kasinobonus.ai\/de\/#organization","name":"KasinoBonus","alternateName":"KasinoBonusAI","url":"https:\/\/www.kasinobonus.ai\/de\/","logo":{"@type":"ImageObject","inLanguage":"de","@id":"https:\/\/www.kasinobonus.ai\/de\/#\/schema\/logo\/image\/","url":"https:\/\/www.kasinobonus.ai\/wp-content\/uploads\/2023\/09\/kasinobonus-logo-light.png","contentUrl":"https:\/\/www.kasinobonus.ai\/wp-content\/uploads\/2023\/09\/kasinobonus-logo-light.png","width":3200,"height":596,"caption":"KasinoBonus"},"image":{"@id":"https:\/\/www.kasinobonus.ai\/de\/#\/schema\/logo\/image\/"},"sameAs":["https:\/\/www.facebook.com\/kasinobonusio\/","https:\/\/x.com\/Kasinobonus_io","https:\/\/www.linkedin.com\/in\/matti-slotte-26612033b","http:\/\/kasinobonus.wikidot.com\/system:welcome","https:\/\/www.trustpilot.com\/review\/www.kasinobonus.ai","https:\/\/orcid.org\/0009-0007-2889-1713","https:\/\/en.everybodywiki.com\/Matti_Slotte","https:\/\/www.immuniweb.com\/ssl\/kasinobonus.ai\/M4lqCqYY\/"]}]}},"_links":{"self":[{"href":"https:\/\/www.kasinobonus.ai\/de\/wp-json\/wp\/v2\/pages\/21360","targetHints":{"allow":["GET"]}}],"collection":[{"href":"https:\/\/www.kasinobonus.ai\/de\/wp-json\/wp\/v2\/pages"}],"about":[{"href":"https:\/\/www.kasinobonus.ai\/de\/wp-json\/wp\/v2\/types\/page"}],"author":[{"embeddable":true,"href":"https:\/\/www.kasinobonus.ai\/de\/wp-json\/wp\/v2\/users\/1"}],"replies":[{"embeddable":true,"href":"https:\/\/www.kasinobonus.ai\/de\/wp-json\/wp\/v2\/comments?post=21360"}],"version-history":[{"count":1,"href":"https:\/\/www.kasinobonus.ai\/de\/wp-json\/wp\/v2\/pages\/21360\/revisions"}],"predecessor-version":[{"id":29240,"href":"https:\/\/www.kasinobonus.ai\/de\/wp-json\/wp\/v2\/pages\/21360\/revisions\/29240"}],"wp:attachment":[{"href":"https:\/\/www.kasinobonus.ai\/de\/wp-json\/wp\/v2\/media?parent=21360"}],"curies":[{"name":"wp","href":"https:\/\/api.w.org\/{rel}","templated":true}]}}