{"id":21350,"date":"2024-11-25T08:50:17","date_gmt":"2024-11-25T08:50:17","guid":{"rendered":"https:\/\/kasinobonus.ai\/gambling-addiction\/"},"modified":"2025-06-15T09:44:20","modified_gmt":"2025-06-15T09:44:20","slug":"gambling-addiction","status":"publish","type":"page","link":"https:\/\/www.kasinobonus.ai\/de\/gambling-addiction\/","title":{"rendered":"Gl\u00fccksspielsucht"},"content":{"rendered":"\n<h1 class=\"wp-block-heading\"><strong>Wie man eine Gl\u00fccksspielabh\u00e4ngigkeit in Finnland \u00fcberwindet<\/strong><\/h1>\n\n\n\n<p>Wenn du in Finnland lebst und mit einer Gl\u00fccksspielabh\u00e4ngigkeit k\u00e4mpfst, die ersten Anzeichen daf\u00fcr bemerkst oder jemandem hilfst, den du liebst, ist diese Seite der erste Schritt auf dem Weg zur Heilung.<\/p>\n\n\n\n<p>Wir helfen dir, das Problem zu erkennen, die Ursachen des Gl\u00fccksspiels zu finden und dir zu helfen, es zu \u00fcberwinden.<\/p>\n\n\n\n<h2 class=\"wp-block-heading\"><strong>Was ist Gl\u00fccksspielabh\u00e4ngigkeit?<\/strong><\/h2>\n\n\n\n<p>Gl\u00fccksspielabh\u00e4ngigkeit ist eine Erkrankung, bei der der Drang, zu spielen, zwanghaft wird. Wenn du das Gef\u00fchl hast, ein Problem zu haben, dann hast du es wahrscheinlich auch. Wenn du dich in diesen Punkten wiedererkennst, bist du wahrscheinlich ein Problemspieler:<\/p>\n\n\n\n<ul class=\"wp-block-list\">\n<li>Gl\u00fccksspiel macht dir keinen Spa\u00df mehr<\/li>\n\n\n\n<li>Du hast gelogen, um zu spielen<\/li>\n\n\n\n<li>Du hast Geld geliehen, um zu spielen<\/li>\n\n\n\n<li>Du hast Geld f\u00fcr notwendige Ausgaben, wie Rechnungen, verspielt<\/li>\n\n\n\n<li>Du hast Dinge verkauft, um weiter zu spielen<\/li>\n\n\n\n<li>Du jagst Verlusten hinterher<\/li>\n\n\n\n<li>Deine Einzahlungen werden immer gr\u00f6\u00dfer, um Verluste wettzumachen<\/li>\n<\/ul>\n\n\n\n<h2 class=\"wp-block-heading\"><strong>Phasen eines Problemspielers<\/strong><\/h2>\n\n\n\n<p>Es gibt verschiedene Phasen der Spielsucht. Ein Problemspieler entwickelt sich oft von jemandem, der Gefahr l\u00e4uft, s\u00fcchtig zu werden, bis hin zu einem, dessen Leben durch das Spiel zerst\u00f6rt wurde.<\/p>\n\n\n\n<h2 class=\"wp-block-heading\"><strong>Tipps, um mit dem Gl\u00fccksspiel aufzuh\u00f6ren<\/strong><\/h2>\n\n\n\n<p>Viele, die erfolgreich mit dem Gl\u00fccksspiel aufgeh\u00f6rt haben, berichten, dass sie die zugrunde liegende Ursache fanden und diese beseitigten. Hier einige hilfreiche Tipps:<\/p>\n\n\n\n<ol class=\"wp-block-list\">\n<li><strong>Geld l\u00e4sst sich nicht zur\u00fcckgewinnen<\/strong> \u2013 Du kannst das verlorene Geld nicht zur\u00fcckgewinnen. Akzeptiere, dass es weg ist.<\/li>\n\n\n\n<li><strong>Fokussiere dich auf Dinge, die Geld bringen<\/strong> \u2013 Es gibt viele M\u00f6glichkeiten, etwas zu verdienen, das keine Verluste mit sich bringt, wie Nebenjobs oder Freiberuflichkeit.<\/li>\n\n\n\n<li><strong>Wende dich an deine Familie<\/strong> \u2013 Sprich mit den Menschen, die dir nahe stehen, \u00fcber dein Problem. Sie werden dich unterst\u00fctzen.<\/li>\n<\/ol>\n\n\n\n<h2 class=\"wp-block-heading\"><strong>Fazit<\/strong><\/h2>\n\n\n\n<p>Die Gl\u00fccksspielabh\u00e4ngigkeit ist ein psychologischer Abw\u00e4rtstrend, der oft nicht erkannt wird, weil der Fokus darauf liegt, das verlorene Geld zur\u00fcckzugewinnen. Wenn du das Gef\u00fchl hast, ein Problem zu haben, dann hast du wahrscheinlich eines.<\/p>\n\n\n\n<h2 class=\"wp-block-heading\"><strong>Links zu Finnischen Organisationen, die dir helfen k\u00f6nnen:<\/strong><\/h2>\n\n\n\n<ul class=\"wp-block-list\">\n<li><a href=\"https:\/\/www.peluuri.fi\/en\/facts-advice\/finnish-gambling-problem\">Peluuri<\/a><\/li>\n\n\n\n<li><a href=\"https:\/\/thl.fi\/en\/topics\/alcohol-tobacco-and-addictions\/gambling\">THL<\/a><\/li>\n<\/ul>\n","protected":false},"excerpt":{"rendered":"<p>Wie man eine Gl\u00fccksspielabh\u00e4ngigkeit in Finnland \u00fcberwindet Wenn du in Finnland lebst und mit einer Gl\u00fccksspielabh\u00e4ngigkeit k\u00e4mpfst, die ersten Anzeichen daf\u00fcr bemerkst oder jemandem hilfst, den du liebst, ist diese Seite der erste Schritt auf dem Weg zur Heilung. Wir helfen dir, das Problem zu erkennen, die Ursachen des Gl\u00fccksspiels zu finden und dir zu [&hellip;]<\/p>\n","protected":false},"author":1,"featured_media":0,"parent":0,"menu_order":0,"comment_status":"closed","ping_status":"closed","template":"","meta":{"inline_featured_image":false,"footnotes":""},"class_list":["post-21350","page","type-page","status-publish","hentry"],"yoast_head":"<!-- This site is optimized with the Yoast SEO plugin v24.5 - https:\/\/yoast.com\/wordpress\/plugins\/seo\/ -->\n<title>Gl\u00fccksspielsucht - www.kasinobonus.ai<\/title>\n<meta name=\"description\" content=\"Erfahren Sie, wie Sie Spielsucht erkennen und bek\u00e4mpfen k\u00f6nnen. Finden Sie hilfreiche Tipps, Unterst\u00fctzung und Anlaufstellen f\u00fcr Betroffene.\" \/>\n<meta name=\"robots\" content=\"index, follow, max-snippet:-1, max-image-preview:large, max-video-preview:-1\" \/>\n<link rel=\"canonical\" href=\"https:\/\/www.kasinobonus.ai\/de\/gambling-addiction\/\" \/>\n<script type=\"application\/ld+json\" class=\"yoast-schema-graph\">{\"@context\":\"https:\/\/schema.org\",\"@graph\":[{\"@type\":\"WebPage\",\"@id\":\"https:\/\/www.kasinobonus.ai\/de\/gambling-addiction\/\",\"url\":\"https:\/\/www.kasinobonus.ai\/de\/gambling-addiction\/\",\"name\":\"Gl\u00fccksspielsucht - www.kasinobonus.ai\",\"isPartOf\":{\"@id\":\"https:\/\/www.kasinobonus.ai\/de\/#website\"},\"datePublished\":\"2024-11-25T08:50:17+00:00\",\"dateModified\":\"2025-06-15T09:44:20+00:00\",\"description\":\"Erfahren Sie, wie Sie Spielsucht erkennen und bek\u00e4mpfen k\u00f6nnen. Finden Sie hilfreiche Tipps, Unterst\u00fctzung und Anlaufstellen f\u00fcr Betroffene.\",\"breadcrumb\":{\"@id\":\"https:\/\/www.kasinobonus.ai\/de\/gambling-addiction\/#breadcrumb\"},\"inLanguage\":\"de\",\"potentialAction\":[{\"@type\":\"ReadAction\",\"target\":[\"https:\/\/www.kasinobonus.ai\/de\/gambling-addiction\/\"]}]},{\"@type\":\"BreadcrumbList\",\"@id\":\"https:\/\/www.kasinobonus.ai\/de\/gambling-addiction\/#breadcrumb\",\"itemListElement\":[{\"@type\":\"ListItem\",\"position\":1,\"name\":\"Home\",\"item\":\"https:\/\/kasinobonus.ai\/de\/\"},{\"@type\":\"ListItem\",\"position\":2,\"name\":\"Gl\u00fccksspielsucht\"}]},{\"@type\":\"WebSite\",\"@id\":\"https:\/\/www.kasinobonus.ai\/de\/#website\",\"url\":\"https:\/\/www.kasinobonus.ai\/de\/\",\"name\":\"www.kasinobonus.ai\",\"description\":\"\",\"publisher\":{\"@id\":\"https:\/\/www.kasinobonus.ai\/de\/#organization\"},\"potentialAction\":[{\"@type\":\"SearchAction\",\"target\":{\"@type\":\"EntryPoint\",\"urlTemplate\":\"https:\/\/www.kasinobonus.ai\/de\/?s={search_term_string}\"},\"query-input\":{\"@type\":\"PropertyValueSpecification\",\"valueRequired\":true,\"valueName\":\"search_term_string\"}}],\"inLanguage\":\"de\"},{\"@type\":\"Organization\",\"@id\":\"https:\/\/www.kasinobonus.ai\/de\/#organization\",\"name\":\"KasinoBonus\",\"alternateName\":\"KasinoBonusAI\",\"url\":\"https:\/\/www.kasinobonus.ai\/de\/\",\"logo\":{\"@type\":\"ImageObject\",\"inLanguage\":\"de\",\"@id\":\"https:\/\/www.kasinobonus.ai\/de\/#\/schema\/logo\/image\/\",\"url\":\"https:\/\/www.kasinobonus.ai\/wp-content\/uploads\/2023\/09\/kasinobonus-logo-light.png\",\"contentUrl\":\"https:\/\/www.kasinobonus.ai\/wp-content\/uploads\/2023\/09\/kasinobonus-logo-light.png\",\"width\":3200,\"height\":596,\"caption\":\"KasinoBonus\"},\"image\":{\"@id\":\"https:\/\/www.kasinobonus.ai\/de\/#\/schema\/logo\/image\/\"},\"sameAs\":[\"https:\/\/www.facebook.com\/kasinobonusio\/\",\"https:\/\/x.com\/Kasinobonus_io\",\"https:\/\/www.linkedin.com\/in\/matti-slotte-26612033b\",\"http:\/\/kasinobonus.wikidot.com\/system:welcome\",\"https:\/\/www.trustpilot.com\/review\/www.kasinobonus.ai\",\"https:\/\/orcid.org\/0009-0007-2889-1713\",\"https:\/\/en.everybodywiki.com\/Matti_Slotte\",\"https:\/\/www.immuniweb.com\/ssl\/kasinobonus.ai\/M4lqCqYY\/\"]}]}<\/script>\n<!-- \/ Yoast SEO plugin. -->","yoast_head_json":{"title":"Gl\u00fccksspielsucht - www.kasinobonus.ai","description":"Erfahren Sie, wie Sie Spielsucht erkennen und bek\u00e4mpfen k\u00f6nnen. Finden Sie hilfreiche Tipps, Unterst\u00fctzung und Anlaufstellen f\u00fcr Betroffene.","robots":{"index":"index","follow":"follow","max-snippet":"max-snippet:-1","max-image-preview":"max-image-preview:large","max-video-preview":"max-video-preview:-1"},"canonical":"https:\/\/www.kasinobonus.ai\/de\/gambling-addiction\/","schema":{"@context":"https:\/\/schema.org","@graph":[{"@type":"WebPage","@id":"https:\/\/www.kasinobonus.ai\/de\/gambling-addiction\/","url":"https:\/\/www.kasinobonus.ai\/de\/gambling-addiction\/","name":"Gl\u00fccksspielsucht - www.kasinobonus.ai","isPartOf":{"@id":"https:\/\/www.kasinobonus.ai\/de\/#website"},"datePublished":"2024-11-25T08:50:17+00:00","dateModified":"2025-06-15T09:44:20+00:00","description":"Erfahren Sie, wie Sie Spielsucht erkennen und bek\u00e4mpfen k\u00f6nnen. Finden Sie hilfreiche Tipps, Unterst\u00fctzung und Anlaufstellen f\u00fcr Betroffene.","breadcrumb":{"@id":"https:\/\/www.kasinobonus.ai\/de\/gambling-addiction\/#breadcrumb"},"inLanguage":"de","potentialAction":[{"@type":"ReadAction","target":["https:\/\/www.kasinobonus.ai\/de\/gambling-addiction\/"]}]},{"@type":"BreadcrumbList","@id":"https:\/\/www.kasinobonus.ai\/de\/gambling-addiction\/#breadcrumb","itemListElement":[{"@type":"ListItem","position":1,"name":"Home","item":"https:\/\/kasinobonus.ai\/de\/"},{"@type":"ListItem","position":2,"name":"Gl\u00fccksspielsucht"}]},{"@type":"WebSite","@id":"https:\/\/www.kasinobonus.ai\/de\/#website","url":"https:\/\/www.kasinobonus.ai\/de\/","name":"www.kasinobonus.ai","description":"","publisher":{"@id":"https:\/\/www.kasinobonus.ai\/de\/#organization"},"potentialAction":[{"@type":"SearchAction","target":{"@type":"EntryPoint","urlTemplate":"https:\/\/www.kasinobonus.ai\/de\/?s={search_term_string}"},"query-input":{"@type":"PropertyValueSpecification","valueRequired":true,"valueName":"search_term_string"}}],"inLanguage":"de"},{"@type":"Organization","@id":"https:\/\/www.kasinobonus.ai\/de\/#organization","name":"KasinoBonus","alternateName":"KasinoBonusAI","url":"https:\/\/www.kasinobonus.ai\/de\/","logo":{"@type":"ImageObject","inLanguage":"de","@id":"https:\/\/www.kasinobonus.ai\/de\/#\/schema\/logo\/image\/","url":"https:\/\/www.kasinobonus.ai\/wp-content\/uploads\/2023\/09\/kasinobonus-logo-light.png","contentUrl":"https:\/\/www.kasinobonus.ai\/wp-content\/uploads\/2023\/09\/kasinobonus-logo-light.png","width":3200,"height":596,"caption":"KasinoBonus"},"image":{"@id":"https:\/\/www.kasinobonus.ai\/de\/#\/schema\/logo\/image\/"},"sameAs":["https:\/\/www.facebook.com\/kasinobonusio\/","https:\/\/x.com\/Kasinobonus_io","https:\/\/www.linkedin.com\/in\/matti-slotte-26612033b","http:\/\/kasinobonus.wikidot.com\/system:welcome","https:\/\/www.trustpilot.com\/review\/www.kasinobonus.ai","https:\/\/orcid.org\/0009-0007-2889-1713","https:\/\/en.everybodywiki.com\/Matti_Slotte","https:\/\/www.immuniweb.com\/ssl\/kasinobonus.ai\/M4lqCqYY\/"]}]}},"_links":{"self":[{"href":"https:\/\/www.kasinobonus.ai\/de\/wp-json\/wp\/v2\/pages\/21350","targetHints":{"allow":["GET"]}}],"collection":[{"href":"https:\/\/www.kasinobonus.ai\/de\/wp-json\/wp\/v2\/pages"}],"about":[{"href":"https:\/\/www.kasinobonus.ai\/de\/wp-json\/wp\/v2\/types\/page"}],"author":[{"embeddable":true,"href":"https:\/\/www.kasinobonus.ai\/de\/wp-json\/wp\/v2\/users\/1"}],"replies":[{"embeddable":true,"href":"https:\/\/www.kasinobonus.ai\/de\/wp-json\/wp\/v2\/comments?post=21350"}],"version-history":[{"count":1,"href":"https:\/\/www.kasinobonus.ai\/de\/wp-json\/wp\/v2\/pages\/21350\/revisions"}],"predecessor-version":[{"id":30494,"href":"https:\/\/www.kasinobonus.ai\/de\/wp-json\/wp\/v2\/pages\/21350\/revisions\/30494"}],"wp:attachment":[{"href":"https:\/\/www.kasinobonus.ai\/de\/wp-json\/wp\/v2\/media?parent=21350"}],"curies":[{"name":"wp","href":"https:\/\/api.w.org\/{rel}","templated":true}]}}