{"id":21344,"date":"2024-11-25T08:47:35","date_gmt":"2024-11-25T08:47:35","guid":{"rendered":"https:\/\/kasinobonus.ai\/terms-of-use\/"},"modified":"2025-07-26T08:52:04","modified_gmt":"2025-07-26T08:52:04","slug":"terms-of-use","status":"publish","type":"page","link":"https:\/\/www.kasinobonus.ai\/de\/terms-of-use\/","title":{"rendered":"Nutzungsbedingungen"},"content":{"rendered":"\n<h1 class=\"wp-block-heading\"><strong>Nutzungsbedingungen<\/strong><\/h1>\n\n\n\n<p>KasinoBonusIO LLC wurde am 31. August 2020 in Receivership versetzt. Mit der Nutzung der Website stimmen Sie zu, dass die Empf\u00e4nger dieses Unternehmens und alle damit verbundenen Firmen keine pers\u00f6nliche Haftung Ihnen oder anderen Personen gegen\u00fcber \u00fcbernehmen, sei es vertraglich, deliktisch, gesetzlich, in Equity oder anderweitig.<\/p>\n\n\n\n<h2 class=\"wp-block-heading\">1. Nutzungsbedingungen<\/h2>\n\n\n\n<p>1.1 Diese Nutzungsbedingungen sollen die Richtlinien festlegen, unter denen diese Website betrieben wird, und Ihnen erm\u00f6glichen, Vertrauen in die sichere Plattform zu haben, die wir Ihnen bieten m\u00f6chten.<\/p>\n\n\n\n<p>1.2 Diese Nutzungsbedingungen regeln den Zugang zur Website. Wenn Sie die Website besuchen oder nutzen (sei es durch das Browsen der Website, einen Kauf, die Mitgliedschaft bei KasinoBonusIO oder anderweitig), gilt dies als Annahme der Nutzungsbedingungen.<\/p>\n\n\n\n<p>1.3 Die Nutzungsbedingungen k\u00f6nnen jederzeit ge\u00e4ndert werden. \u00c4nderungen werden sofort wirksam, sobald die ge\u00e4nderten Bedingungen auf der Website ver\u00f6ffentlicht werden. Es ist Ihre Verantwortung sicherzustellen, dass Sie mit den neuesten Bedingungen vertraut sind.<\/p>\n\n\n\n<h2 class=\"wp-block-heading\">2. Nutzung der Website<\/h2>\n\n\n\n<p>2.1 Die Website stellt Ihnen Informationen als Service zur Verf\u00fcgung. Diese werden \u201ewie sie ist\u201c und \u201ewie verf\u00fcgbar\u201c bereitgestellt. Ihre Nutzung erfolgt auf eigenes Risiko.<\/p>\n\n\n\n<p>2.2 Wir garantieren nicht die Genauigkeit der Informationen oder die Eignung f\u00fcr einen bestimmten Zweck.<\/p>\n\n\n\n<p>2.3 Wir sind nicht verantwortlich f\u00fcr negative Folgen, die durch die Nutzung der Website entstehen k\u00f6nnten.<\/p>\n\n\n\n<p>2.4 Wir behalten uns das Recht vor, die Website oder Teile davon jederzeit zu \u00e4ndern oder einzustellen.<\/p>\n\n\n\n<h2 class=\"wp-block-heading\">3. Unbefugte Nutzung der Website<\/h2>\n\n\n\n<p>3.1 Sie stimmen zu, die Website nicht f\u00fcr illegale oder verbotene Zwecke zu nutzen.<\/p>\n\n\n\n<p>3.2 Jede unbefugte Nutzung (z.B. Hacking oder automatisierte Prozesse) stellt einen Versto\u00df gegen diese Nutzungsbedingungen dar.<\/p>\n\n\n\n<h2 class=\"wp-block-heading\">4. Geistiges Eigentum<\/h2>\n\n\n\n<p>4.1 Die Website enth\u00e4lt geistiges Eigentum, das uns geh\u00f6rt oder lizenziert ist. Jegliche Reproduktion ist ohne ausdr\u00fcckliche Zustimmung verboten.<\/p>\n\n\n\n<h2 class=\"wp-block-heading\">5. Datenschutz<\/h2>\n\n\n\n<p>5.1 Wir k\u00f6nnen Informationen \u00fcber Sie sammeln und verwenden, wie in unserer Datenschutzrichtlinie beschrieben.<\/p>\n\n\n\n<h2 class=\"wp-block-heading\">6. Haftungsbeschr\u00e4nkung<\/h2>\n\n\n\n<p>6.1 Soweit gesetzlich zul\u00e4ssig, schlie\u00dfen wir jegliche Haftung im Zusammenhang mit der Website aus.<\/p>\n\n\n\n<h2 class=\"wp-block-heading\">7. Versto\u00df gegen die Nutzungsbedingungen<\/h2>\n\n\n\n<p>7.1 Bei einem Versto\u00df gegen diese Bedingungen k\u00f6nnen wir Ihren Zugang zur Website beenden oder Ihre Mitgliedschaft k\u00fcndigen.<\/p>\n\n\n\n<h2 class=\"wp-block-heading\">8. Mitgliedschaft<\/h2>\n\n\n\n<p>8.1 Die Mitgliedschaft ist kostenlos und nur f\u00fcr vollj\u00e4hrige Personen verf\u00fcgbar.<\/p>\n\n\n\n<p>8.2 Sie stimmen zu, genaue und aktuelle Informationen bereitzustellen und Ihre Zugangsdaten geheim zu halten.<\/p>\n\n\n\n<h2 class=\"wp-block-heading\">9. Anwendbares Recht<\/h2>\n\n\n\n<p>9.1 Diese Nutzungsbedingungen unterliegen finnischem Recht, und Sie stimmen der exklusiven Zust\u00e4ndigkeit der finnischen Gerichte zu.<\/p>\n\n\n\n<h2 class=\"wp-block-heading\"><strong>10. Definitionen<\/strong><\/h2>\n\n\n\n<p><strong>10.1<\/strong>&nbsp;\u201ewir\/uns\/unser\u201c bezieht sich auf KasinoBonusIO LLC, Unternehmens-ID 89888331225.<\/p>\n\n\n\n<p><strong>10.2<\/strong>\u00a0\u201eWebsite\u201c bezieht sich auf\u00a0www.www.kasinobonus.ai\u00a0sowie alle Seiten, die von dieser Website abgeleitet sind oder von KasinoBonusIO LLC, Unternehmens-ID 89888331225, betrieben werden.<\/p>\n\n\n\n<p><strong>10.3<\/strong>&nbsp;\u201eSie\/Ihr\u201c bezieht sich auf den Nutzer der Website.<\/p>\n","protected":false},"excerpt":{"rendered":"<p>Nutzungsbedingungen KasinoBonusIO LLC wurde am 31. August 2020 in Receivership versetzt. Mit der Nutzung der Website stimmen Sie zu, dass die Empf\u00e4nger dieses Unternehmens und alle damit verbundenen Firmen keine pers\u00f6nliche Haftung Ihnen oder anderen Personen gegen\u00fcber \u00fcbernehmen, sei es vertraglich, deliktisch, gesetzlich, in Equity oder anderweitig. 1. Nutzungsbedingungen 1.1 Diese Nutzungsbedingungen sollen die Richtlinien [&hellip;]<\/p>\n","protected":false},"author":1,"featured_media":0,"parent":0,"menu_order":0,"comment_status":"closed","ping_status":"closed","template":"","meta":{"inline_featured_image":false,"footnotes":""},"class_list":["post-21344","page","type-page","status-publish","hentry"],"yoast_head":"<!-- This site is optimized with the Yoast SEO plugin v24.5 - https:\/\/yoast.com\/wordpress\/plugins\/seo\/ -->\n<title>Nutzungsbedingungen - www.kasinobonus.ai<\/title>\n<meta name=\"description\" content=\"Lesen Sie unsere Nutzungsbedingungen, um zu verstehen, wie Sie unsere Website und Dienste korrekt und verantwortungsvoll verwenden.\" \/>\n<meta name=\"robots\" content=\"index, follow, max-snippet:-1, max-image-preview:large, max-video-preview:-1\" \/>\n<link rel=\"canonical\" href=\"https:\/\/www.kasinobonus.ai\/de\/terms-of-use\/\" \/>\n<script type=\"application\/ld+json\" class=\"yoast-schema-graph\">{\"@context\":\"https:\/\/schema.org\",\"@graph\":[{\"@type\":\"WebPage\",\"@id\":\"https:\/\/www.kasinobonus.ai\/de\/terms-of-use\/\",\"url\":\"https:\/\/www.kasinobonus.ai\/de\/terms-of-use\/\",\"name\":\"Nutzungsbedingungen - www.kasinobonus.ai\",\"isPartOf\":{\"@id\":\"https:\/\/www.kasinobonus.ai\/de\/#website\"},\"datePublished\":\"2024-11-25T08:47:35+00:00\",\"dateModified\":\"2025-07-26T08:52:04+00:00\",\"description\":\"Lesen Sie unsere Nutzungsbedingungen, um zu verstehen, wie Sie unsere Website und Dienste korrekt und verantwortungsvoll verwenden.\",\"breadcrumb\":{\"@id\":\"https:\/\/www.kasinobonus.ai\/de\/terms-of-use\/#breadcrumb\"},\"inLanguage\":\"de\",\"potentialAction\":[{\"@type\":\"ReadAction\",\"target\":[\"https:\/\/www.kasinobonus.ai\/de\/terms-of-use\/\"]}]},{\"@type\":\"BreadcrumbList\",\"@id\":\"https:\/\/www.kasinobonus.ai\/de\/terms-of-use\/#breadcrumb\",\"itemListElement\":[{\"@type\":\"ListItem\",\"position\":1,\"name\":\"Home\",\"item\":\"https:\/\/kasinobonus.ai\/de\/\"},{\"@type\":\"ListItem\",\"position\":2,\"name\":\"Nutzungsbedingungen\"}]},{\"@type\":\"WebSite\",\"@id\":\"https:\/\/www.kasinobonus.ai\/de\/#website\",\"url\":\"https:\/\/www.kasinobonus.ai\/de\/\",\"name\":\"www.kasinobonus.ai\",\"description\":\"\",\"publisher\":{\"@id\":\"https:\/\/www.kasinobonus.ai\/de\/#organization\"},\"potentialAction\":[{\"@type\":\"SearchAction\",\"target\":{\"@type\":\"EntryPoint\",\"urlTemplate\":\"https:\/\/www.kasinobonus.ai\/de\/?s={search_term_string}\"},\"query-input\":{\"@type\":\"PropertyValueSpecification\",\"valueRequired\":true,\"valueName\":\"search_term_string\"}}],\"inLanguage\":\"de\"},{\"@type\":\"Organization\",\"@id\":\"https:\/\/www.kasinobonus.ai\/de\/#organization\",\"name\":\"KasinoBonus\",\"alternateName\":\"KasinoBonusAI\",\"url\":\"https:\/\/www.kasinobonus.ai\/de\/\",\"logo\":{\"@type\":\"ImageObject\",\"inLanguage\":\"de\",\"@id\":\"https:\/\/www.kasinobonus.ai\/de\/#\/schema\/logo\/image\/\",\"url\":\"https:\/\/www.kasinobonus.ai\/wp-content\/uploads\/2023\/09\/kasinobonus-logo-light.png\",\"contentUrl\":\"https:\/\/www.kasinobonus.ai\/wp-content\/uploads\/2023\/09\/kasinobonus-logo-light.png\",\"width\":3200,\"height\":596,\"caption\":\"KasinoBonus\"},\"image\":{\"@id\":\"https:\/\/www.kasinobonus.ai\/de\/#\/schema\/logo\/image\/\"},\"sameAs\":[\"https:\/\/www.facebook.com\/kasinobonusio\/\",\"https:\/\/x.com\/Kasinobonus_io\",\"https:\/\/www.linkedin.com\/in\/matti-slotte-26612033b\",\"http:\/\/kasinobonus.wikidot.com\/system:welcome\",\"https:\/\/www.trustpilot.com\/review\/www.kasinobonus.ai\",\"https:\/\/orcid.org\/0009-0007-2889-1713\",\"https:\/\/en.everybodywiki.com\/Matti_Slotte\",\"https:\/\/www.immuniweb.com\/ssl\/kasinobonus.ai\/M4lqCqYY\/\"]}]}<\/script>\n<!-- \/ Yoast SEO plugin. -->","yoast_head_json":{"title":"Nutzungsbedingungen - www.kasinobonus.ai","description":"Lesen Sie unsere Nutzungsbedingungen, um zu verstehen, wie Sie unsere Website und Dienste korrekt und verantwortungsvoll verwenden.","robots":{"index":"index","follow":"follow","max-snippet":"max-snippet:-1","max-image-preview":"max-image-preview:large","max-video-preview":"max-video-preview:-1"},"canonical":"https:\/\/www.kasinobonus.ai\/de\/terms-of-use\/","schema":{"@context":"https:\/\/schema.org","@graph":[{"@type":"WebPage","@id":"https:\/\/www.kasinobonus.ai\/de\/terms-of-use\/","url":"https:\/\/www.kasinobonus.ai\/de\/terms-of-use\/","name":"Nutzungsbedingungen - www.kasinobonus.ai","isPartOf":{"@id":"https:\/\/www.kasinobonus.ai\/de\/#website"},"datePublished":"2024-11-25T08:47:35+00:00","dateModified":"2025-07-26T08:52:04+00:00","description":"Lesen Sie unsere Nutzungsbedingungen, um zu verstehen, wie Sie unsere Website und Dienste korrekt und verantwortungsvoll verwenden.","breadcrumb":{"@id":"https:\/\/www.kasinobonus.ai\/de\/terms-of-use\/#breadcrumb"},"inLanguage":"de","potentialAction":[{"@type":"ReadAction","target":["https:\/\/www.kasinobonus.ai\/de\/terms-of-use\/"]}]},{"@type":"BreadcrumbList","@id":"https:\/\/www.kasinobonus.ai\/de\/terms-of-use\/#breadcrumb","itemListElement":[{"@type":"ListItem","position":1,"name":"Home","item":"https:\/\/kasinobonus.ai\/de\/"},{"@type":"ListItem","position":2,"name":"Nutzungsbedingungen"}]},{"@type":"WebSite","@id":"https:\/\/www.kasinobonus.ai\/de\/#website","url":"https:\/\/www.kasinobonus.ai\/de\/","name":"www.kasinobonus.ai","description":"","publisher":{"@id":"https:\/\/www.kasinobonus.ai\/de\/#organization"},"potentialAction":[{"@type":"SearchAction","target":{"@type":"EntryPoint","urlTemplate":"https:\/\/www.kasinobonus.ai\/de\/?s={search_term_string}"},"query-input":{"@type":"PropertyValueSpecification","valueRequired":true,"valueName":"search_term_string"}}],"inLanguage":"de"},{"@type":"Organization","@id":"https:\/\/www.kasinobonus.ai\/de\/#organization","name":"KasinoBonus","alternateName":"KasinoBonusAI","url":"https:\/\/www.kasinobonus.ai\/de\/","logo":{"@type":"ImageObject","inLanguage":"de","@id":"https:\/\/www.kasinobonus.ai\/de\/#\/schema\/logo\/image\/","url":"https:\/\/www.kasinobonus.ai\/wp-content\/uploads\/2023\/09\/kasinobonus-logo-light.png","contentUrl":"https:\/\/www.kasinobonus.ai\/wp-content\/uploads\/2023\/09\/kasinobonus-logo-light.png","width":3200,"height":596,"caption":"KasinoBonus"},"image":{"@id":"https:\/\/www.kasinobonus.ai\/de\/#\/schema\/logo\/image\/"},"sameAs":["https:\/\/www.facebook.com\/kasinobonusio\/","https:\/\/x.com\/Kasinobonus_io","https:\/\/www.linkedin.com\/in\/matti-slotte-26612033b","http:\/\/kasinobonus.wikidot.com\/system:welcome","https:\/\/www.trustpilot.com\/review\/www.kasinobonus.ai","https:\/\/orcid.org\/0009-0007-2889-1713","https:\/\/en.everybodywiki.com\/Matti_Slotte","https:\/\/www.immuniweb.com\/ssl\/kasinobonus.ai\/M4lqCqYY\/"]}]}},"_links":{"self":[{"href":"https:\/\/www.kasinobonus.ai\/de\/wp-json\/wp\/v2\/pages\/21344","targetHints":{"allow":["GET"]}}],"collection":[{"href":"https:\/\/www.kasinobonus.ai\/de\/wp-json\/wp\/v2\/pages"}],"about":[{"href":"https:\/\/www.kasinobonus.ai\/de\/wp-json\/wp\/v2\/types\/page"}],"author":[{"embeddable":true,"href":"https:\/\/www.kasinobonus.ai\/de\/wp-json\/wp\/v2\/users\/1"}],"replies":[{"embeddable":true,"href":"https:\/\/www.kasinobonus.ai\/de\/wp-json\/wp\/v2\/comments?post=21344"}],"version-history":[{"count":2,"href":"https:\/\/www.kasinobonus.ai\/de\/wp-json\/wp\/v2\/pages\/21344\/revisions"}],"predecessor-version":[{"id":34436,"href":"https:\/\/www.kasinobonus.ai\/de\/wp-json\/wp\/v2\/pages\/21344\/revisions\/34436"}],"wp:attachment":[{"href":"https:\/\/www.kasinobonus.ai\/de\/wp-json\/wp\/v2\/media?parent=21344"}],"curies":[{"name":"wp","href":"https:\/\/api.w.org\/{rel}","templated":true}]}}