{"id":21340,"date":"2024-11-25T08:46:00","date_gmt":"2024-11-25T08:46:00","guid":{"rendered":"https:\/\/kasinobonus.ai\/terms-of-sale\/"},"modified":"2025-07-26T08:49:08","modified_gmt":"2025-07-26T08:49:08","slug":"terms-of-sale","status":"publish","type":"page","link":"https:\/\/www.kasinobonus.ai\/de\/terms-of-sale\/","title":{"rendered":"Verkaufsbedingungen"},"content":{"rendered":"\n<h1 class=\"wp-block-heading\"><strong>Verkaufsbedingungen<\/strong><\/h1>\n\n\n\n<h2 class=\"wp-block-heading\"><strong>1. Verkaufsbedingungen<\/strong><\/h2>\n\n\n\n<p>1.1 Diese Verkaufsbedingungen legen die Bedingungen fest, die f\u00fcr alle K\u00e4ufe auf der Website gelten. Wenn Sie etwas von der Website kaufen, gelten Sie als mit diesen Verkaufsbedingungen einverstanden und verpflichten sich, diese einzuhalten.<\/p>\n\n\n\n<p>1.2 Wir behalten uns das Recht vor, diese Verkaufsbedingungen jederzeit zu \u00e4ndern. \u00c4nderungen treten sofort nach der Ver\u00f6ffentlichung der ge\u00e4nderten Verkaufsbedingungen auf der Website in Kraft. Diese Verkaufsbedingungen wurden zuletzt am 22. November 2024 aktualisiert. Durch den Kauf auf der Website nach diesem Datum erkl\u00e4ren Sie sich mit den ge\u00e4nderten Verkaufsbedingungen einverstanden.<\/p>\n\n\n\n<h2 class=\"wp-block-heading\"><strong>2. KasinoBonusIO als Agent<\/strong><\/h2>\n\n\n\n<p>2.1 Wir agieren als Agent f\u00fcr den Betreiber, bei dem Sie Ihre Eink\u00e4ufe t\u00e4tigen. Jegliche Aussagen des Betreibers im Zusammenhang mit der Veranstaltung und etwaige Anspr\u00fcche oder Beschwerden sind die Verantwortung des Betreibers und nicht unsere.<\/p>\n\n\n\n<p>2.2 Alle K\u00e4ufe unterliegen den Verkaufsbedingungen des Betreibers. Es liegt in Ihrer Verantwortung, sich mit den Verkaufsbedingungen des Betreibers vertraut zu machen. Auf Anfrage stellen wir Ihnen eine Kopie der Verkaufsbedingungen des Betreibers zur Verf\u00fcgung.<\/p>\n\n\n\n<p>2.3 Wenn es Unstimmigkeiten zwischen diesen Verkaufsbedingungen und den Verkaufsbedingungen des Betreibers gibt oder diese Verkaufsbedingungen in einer Frage keine Regelung enthalten, haben die Verkaufsbedingungen des Betreibers Vorrang.<\/p>\n\n\n\n<h2 class=\"wp-block-heading\"><strong>3. Bestellbest\u00e4tigung<\/strong><\/h2>\n\n\n\n<p>3.1 Nach dem Abschluss eines Kaufs erhalten Sie eine Best\u00e4tigungs-E-Mail, mit der Sie auf Ihre Tickets zugreifen und diese ausdrucken k\u00f6nnen. Wenn Sie diese E-Mail nicht erhalten, sind Sie daf\u00fcr verantwortlich, uns zu kontaktieren und uns dar\u00fcber zu informieren. Wenn Sie uns nicht mitteilen, dass Sie keine Best\u00e4tigung erhalten haben, k\u00f6nnen wir nicht garantieren, dass Ihr Kauf erfolgreich war. Dies kann dazu f\u00fchren, dass Sie keine Tickets kaufen k\u00f6nnen, wenn die Veranstaltung ausverkauft ist.<\/p>\n\n\n\n<h2 class=\"wp-block-heading\"><strong>4. R\u00fcckerstattungen und Umtausch<\/strong><\/h2>\n\n\n\n<p>4.1 Es sei denn, der Betreiber autorisiert es oder es ist gesetzlich vorgeschrieben, gew\u00e4hren wir keine R\u00fcckerstattungen oder Umtausch auf gekaufte Tickets. Bitte \u00fcberpr\u00fcfen Sie daher sorgf\u00e4ltig Ihre Veranstaltung und Sitzplatzauswahl, bevor Sie den Kauf abschlie\u00dfen.<\/p>\n\n\n\n<h2 class=\"wp-block-heading\"><strong>5. Haftungsbeschr\u00e4nkung<\/strong><\/h2>\n\n\n\n<p>5.1 Wir \u00fcbernehmen keine Haftung f\u00fcr Verluste jeglicher Art, die durch Ihre Teilnahme an einer Veranstaltung entstehen. Jegliche Haftung ist eine Angelegenheit zwischen Ihnen und dem Betreiber oder einer anderen Partei.<\/p>\n\n\n\n<p>5.2 Wenn Sie Tickets f\u00fcr andere, einschlie\u00dflich Minderj\u00e4hrige, kaufen, best\u00e4tigen Sie, dass diese Parteien \u00fcber alle Bedingungen bez\u00fcglich ihrer Tickets sowie ihrem Eintritt und ihrer Teilnahme an der Veranstaltung informiert sind.<\/p>\n\n\n\n<p>5.3 Soweit gesetzlich zul\u00e4ssig, schlie\u00dfen wir alle Verantwortung und Haftung im Zusammenhang mit der Veranstaltung aus. Wir sind nicht verantwortlich oder haftbar f\u00fcr Verluste, Verletzungen oder Sch\u00e4den, die in irgendeiner Weise verursacht wurden (einschlie\u00dflich Personen- oder Sachsch\u00e4den), auch nicht durch Vertrag, Delikt, Gesetz, Produkthaftung oder auf andere Weise, sei es direkt oder indirekt, speziell, zuf\u00e4llig oder folgebedingt, die durch die Nutzung dieser Website, den Gebrauch oder die Unf\u00e4higkeit, die Tickets zu nutzen, die Absage oder Verschiebung der Veranstaltung oder aus anderen Gr\u00fcnden entstehen.<\/p>\n\n\n\n<h2 class=\"wp-block-heading\"><strong>6. Begriffsbestimmungen<\/strong><\/h2>\n\n\n\n<p>6.1 \u201eBetreiber\u201c bezeichnet die Partei, die die Veranstaltung durchf\u00fchrt. Dies kann, ist aber nicht beschr\u00e4nkt auf, einen Veranstalter, Produzenten, ein Team, eine Band oder eine Venue umfassen.<\/p>\n\n\n\n<p>6.2 \u201ewir\/uns\/unser\u201c beziehen sich auf KasinoBonusIO LLC, Unternehmens-ID 89888331225.<\/p>\n\n\n\n<p>6.3 \u201eWebsite\u201c bezeichnet www.www.kasinobonus.ai und alle Seiten, die von dieser Website abgeleitet sind sowie alle Seiten, die im Besitz von KasinoBonusIO LLC, Unternehmens-ID 89888331225, sind.<\/p>\n\n\n\n<p>6.4 \u201eSie\/ihr\u201c, \u201eNutzer\u201c bezieht sich auf die Nutzer der Website.<\/p>\n","protected":false},"excerpt":{"rendered":"<p>Verkaufsbedingungen 1. Verkaufsbedingungen 1.1 Diese Verkaufsbedingungen legen die Bedingungen fest, die f\u00fcr alle K\u00e4ufe auf der Website gelten. Wenn Sie etwas von der Website kaufen, gelten Sie als mit diesen Verkaufsbedingungen einverstanden und verpflichten sich, diese einzuhalten. 1.2 Wir behalten uns das Recht vor, diese Verkaufsbedingungen jederzeit zu \u00e4ndern. \u00c4nderungen treten sofort nach der Ver\u00f6ffentlichung [&hellip;]<\/p>\n","protected":false},"author":1,"featured_media":0,"parent":0,"menu_order":0,"comment_status":"closed","ping_status":"closed","template":"","meta":{"inline_featured_image":false,"footnotes":""},"class_list":["post-21340","page","type-page","status-publish","hentry"],"yoast_head":"<!-- This site is optimized with the Yoast SEO plugin v24.5 - https:\/\/yoast.com\/wordpress\/plugins\/seo\/ -->\n<title>Verkaufsbedingungen - www.kasinobonus.ai<\/title>\n<meta name=\"description\" content=\"Lesen Sie unsere Verkaufsbedingungen, um Ihre Rechte und Pflichten beim Nutzen unserer Dienste klar und transparent zu verstehen.\" \/>\n<meta name=\"robots\" content=\"index, follow, max-snippet:-1, max-image-preview:large, max-video-preview:-1\" \/>\n<link rel=\"canonical\" href=\"https:\/\/www.kasinobonus.ai\/de\/terms-of-sale\/\" \/>\n<script type=\"application\/ld+json\" class=\"yoast-schema-graph\">{\"@context\":\"https:\/\/schema.org\",\"@graph\":[{\"@type\":\"WebPage\",\"@id\":\"https:\/\/www.kasinobonus.ai\/de\/terms-of-sale\/\",\"url\":\"https:\/\/www.kasinobonus.ai\/de\/terms-of-sale\/\",\"name\":\"Verkaufsbedingungen - www.kasinobonus.ai\",\"isPartOf\":{\"@id\":\"https:\/\/www.kasinobonus.ai\/de\/#website\"},\"datePublished\":\"2024-11-25T08:46:00+00:00\",\"dateModified\":\"2025-07-26T08:49:08+00:00\",\"description\":\"Lesen Sie unsere Verkaufsbedingungen, um Ihre Rechte und Pflichten beim Nutzen unserer Dienste klar und transparent zu verstehen.\",\"breadcrumb\":{\"@id\":\"https:\/\/www.kasinobonus.ai\/de\/terms-of-sale\/#breadcrumb\"},\"inLanguage\":\"de\",\"potentialAction\":[{\"@type\":\"ReadAction\",\"target\":[\"https:\/\/www.kasinobonus.ai\/de\/terms-of-sale\/\"]}]},{\"@type\":\"BreadcrumbList\",\"@id\":\"https:\/\/www.kasinobonus.ai\/de\/terms-of-sale\/#breadcrumb\",\"itemListElement\":[{\"@type\":\"ListItem\",\"position\":1,\"name\":\"Home\",\"item\":\"https:\/\/kasinobonus.ai\/de\/\"},{\"@type\":\"ListItem\",\"position\":2,\"name\":\"Verkaufsbedingungen\"}]},{\"@type\":\"WebSite\",\"@id\":\"https:\/\/www.kasinobonus.ai\/de\/#website\",\"url\":\"https:\/\/www.kasinobonus.ai\/de\/\",\"name\":\"www.kasinobonus.ai\",\"description\":\"\",\"publisher\":{\"@id\":\"https:\/\/www.kasinobonus.ai\/de\/#organization\"},\"potentialAction\":[{\"@type\":\"SearchAction\",\"target\":{\"@type\":\"EntryPoint\",\"urlTemplate\":\"https:\/\/www.kasinobonus.ai\/de\/?s={search_term_string}\"},\"query-input\":{\"@type\":\"PropertyValueSpecification\",\"valueRequired\":true,\"valueName\":\"search_term_string\"}}],\"inLanguage\":\"de\"},{\"@type\":\"Organization\",\"@id\":\"https:\/\/www.kasinobonus.ai\/de\/#organization\",\"name\":\"KasinoBonus\",\"alternateName\":\"KasinoBonusAI\",\"url\":\"https:\/\/www.kasinobonus.ai\/de\/\",\"logo\":{\"@type\":\"ImageObject\",\"inLanguage\":\"de\",\"@id\":\"https:\/\/www.kasinobonus.ai\/de\/#\/schema\/logo\/image\/\",\"url\":\"https:\/\/www.kasinobonus.ai\/wp-content\/uploads\/2023\/09\/kasinobonus-logo-light.png\",\"contentUrl\":\"https:\/\/www.kasinobonus.ai\/wp-content\/uploads\/2023\/09\/kasinobonus-logo-light.png\",\"width\":3200,\"height\":596,\"caption\":\"KasinoBonus\"},\"image\":{\"@id\":\"https:\/\/www.kasinobonus.ai\/de\/#\/schema\/logo\/image\/\"},\"sameAs\":[\"https:\/\/www.facebook.com\/kasinobonusio\/\",\"https:\/\/x.com\/Kasinobonus_io\",\"https:\/\/www.linkedin.com\/in\/matti-slotte-26612033b\",\"http:\/\/kasinobonus.wikidot.com\/system:welcome\",\"https:\/\/www.trustpilot.com\/review\/www.kasinobonus.ai\",\"https:\/\/orcid.org\/0009-0007-2889-1713\",\"https:\/\/en.everybodywiki.com\/Matti_Slotte\",\"https:\/\/www.immuniweb.com\/ssl\/kasinobonus.ai\/M4lqCqYY\/\"]}]}<\/script>\n<!-- \/ Yoast SEO plugin. -->","yoast_head_json":{"title":"Verkaufsbedingungen - www.kasinobonus.ai","description":"Lesen Sie unsere Verkaufsbedingungen, um Ihre Rechte und Pflichten beim Nutzen unserer Dienste klar und transparent zu verstehen.","robots":{"index":"index","follow":"follow","max-snippet":"max-snippet:-1","max-image-preview":"max-image-preview:large","max-video-preview":"max-video-preview:-1"},"canonical":"https:\/\/www.kasinobonus.ai\/de\/terms-of-sale\/","schema":{"@context":"https:\/\/schema.org","@graph":[{"@type":"WebPage","@id":"https:\/\/www.kasinobonus.ai\/de\/terms-of-sale\/","url":"https:\/\/www.kasinobonus.ai\/de\/terms-of-sale\/","name":"Verkaufsbedingungen - www.kasinobonus.ai","isPartOf":{"@id":"https:\/\/www.kasinobonus.ai\/de\/#website"},"datePublished":"2024-11-25T08:46:00+00:00","dateModified":"2025-07-26T08:49:08+00:00","description":"Lesen Sie unsere Verkaufsbedingungen, um Ihre Rechte und Pflichten beim Nutzen unserer Dienste klar und transparent zu verstehen.","breadcrumb":{"@id":"https:\/\/www.kasinobonus.ai\/de\/terms-of-sale\/#breadcrumb"},"inLanguage":"de","potentialAction":[{"@type":"ReadAction","target":["https:\/\/www.kasinobonus.ai\/de\/terms-of-sale\/"]}]},{"@type":"BreadcrumbList","@id":"https:\/\/www.kasinobonus.ai\/de\/terms-of-sale\/#breadcrumb","itemListElement":[{"@type":"ListItem","position":1,"name":"Home","item":"https:\/\/kasinobonus.ai\/de\/"},{"@type":"ListItem","position":2,"name":"Verkaufsbedingungen"}]},{"@type":"WebSite","@id":"https:\/\/www.kasinobonus.ai\/de\/#website","url":"https:\/\/www.kasinobonus.ai\/de\/","name":"www.kasinobonus.ai","description":"","publisher":{"@id":"https:\/\/www.kasinobonus.ai\/de\/#organization"},"potentialAction":[{"@type":"SearchAction","target":{"@type":"EntryPoint","urlTemplate":"https:\/\/www.kasinobonus.ai\/de\/?s={search_term_string}"},"query-input":{"@type":"PropertyValueSpecification","valueRequired":true,"valueName":"search_term_string"}}],"inLanguage":"de"},{"@type":"Organization","@id":"https:\/\/www.kasinobonus.ai\/de\/#organization","name":"KasinoBonus","alternateName":"KasinoBonusAI","url":"https:\/\/www.kasinobonus.ai\/de\/","logo":{"@type":"ImageObject","inLanguage":"de","@id":"https:\/\/www.kasinobonus.ai\/de\/#\/schema\/logo\/image\/","url":"https:\/\/www.kasinobonus.ai\/wp-content\/uploads\/2023\/09\/kasinobonus-logo-light.png","contentUrl":"https:\/\/www.kasinobonus.ai\/wp-content\/uploads\/2023\/09\/kasinobonus-logo-light.png","width":3200,"height":596,"caption":"KasinoBonus"},"image":{"@id":"https:\/\/www.kasinobonus.ai\/de\/#\/schema\/logo\/image\/"},"sameAs":["https:\/\/www.facebook.com\/kasinobonusio\/","https:\/\/x.com\/Kasinobonus_io","https:\/\/www.linkedin.com\/in\/matti-slotte-26612033b","http:\/\/kasinobonus.wikidot.com\/system:welcome","https:\/\/www.trustpilot.com\/review\/www.kasinobonus.ai","https:\/\/orcid.org\/0009-0007-2889-1713","https:\/\/en.everybodywiki.com\/Matti_Slotte","https:\/\/www.immuniweb.com\/ssl\/kasinobonus.ai\/M4lqCqYY\/"]}]}},"_links":{"self":[{"href":"https:\/\/www.kasinobonus.ai\/de\/wp-json\/wp\/v2\/pages\/21340","targetHints":{"allow":["GET"]}}],"collection":[{"href":"https:\/\/www.kasinobonus.ai\/de\/wp-json\/wp\/v2\/pages"}],"about":[{"href":"https:\/\/www.kasinobonus.ai\/de\/wp-json\/wp\/v2\/types\/page"}],"author":[{"embeddable":true,"href":"https:\/\/www.kasinobonus.ai\/de\/wp-json\/wp\/v2\/users\/1"}],"replies":[{"embeddable":true,"href":"https:\/\/www.kasinobonus.ai\/de\/wp-json\/wp\/v2\/comments?post=21340"}],"version-history":[{"count":2,"href":"https:\/\/www.kasinobonus.ai\/de\/wp-json\/wp\/v2\/pages\/21340\/revisions"}],"predecessor-version":[{"id":34431,"href":"https:\/\/www.kasinobonus.ai\/de\/wp-json\/wp\/v2\/pages\/21340\/revisions\/34431"}],"wp:attachment":[{"href":"https:\/\/www.kasinobonus.ai\/de\/wp-json\/wp\/v2\/media?parent=21340"}],"curies":[{"name":"wp","href":"https:\/\/api.w.org\/{rel}","templated":true}]}}