{"id":21335,"date":"2024-11-25T08:44:42","date_gmt":"2024-11-25T08:44:42","guid":{"rendered":"https:\/\/kasinobonus.ai\/privacy-policy\/"},"modified":"2025-07-26T08:49:09","modified_gmt":"2025-07-26T08:49:09","slug":"privacy-policy","status":"publish","type":"page","link":"https:\/\/www.kasinobonus.ai\/de\/privacy-policy\/","title":{"rendered":"Datenschutzbestimmungen"},"content":{"rendered":"\n<h1 class=\"wp-block-heading\"><strong>Datenschutzerkl\u00e4rung<\/strong><\/h1>\n\n\n\n<h2 class=\"wp-block-heading\"><strong>Unsere Datenschutzerkl\u00e4rung<\/strong> <\/h2>\n\n\n\n<p>Wir respektieren die Privatsph\u00e4re aller Kunden, die die Website Kasinobonus nutzen. Wir verpflichten uns, die pers\u00f6nlichen Informationen unserer Nutzer zu sch\u00fctzen, die w\u00e4hrend der Anmeldung und Transaktionen online bereitgestellt werden.<\/p>\n\n\n\n<p>Durch den Zugriff auf und die Nutzung der Website stimmen Sie dieser Datenschutzerkl\u00e4rung zu.<\/p>\n\n\n\n<p>Diese Datenschutzerkl\u00e4rung basiert auf den Informationsschutzprinzipien des Datenschutzgesetzes von 1993.<\/p>\n\n\n\n<h2 class=\"wp-block-heading\"><strong>\u00c4nderungen<\/strong> <\/h2>\n\n\n\n<p>2Wir behalten uns das Recht vor, diese Datenschutzerkl\u00e4rung jederzeit zu \u00e4ndern. Jede \u00c4nderung wird sofort wirksam, sobald die ge\u00e4nderte Datenschutzerkl\u00e4rung auf der Website ver\u00f6ffentlicht wird. Diese Datenschutzerkl\u00e4rung wurde zuletzt am 22. November 2024 aktualisiert. Durch die fortgesetzte Nutzung der Website stimmen Sie der ge\u00e4nderten Datenschutzerkl\u00e4rung zu.<\/p>\n\n\n\n<h2 class=\"wp-block-heading\"><strong>Wie wir Informationen sammeln<\/strong> <\/h2>\n\n\n\n<p>Wir sammeln pers\u00f6nliche Daten auf folgende Weise:<\/p>\n\n\n\n<p>(a) Wenn Sie sich als KasinoBonusIO-Mitglied anmelden und pers\u00f6nliche Informationen eingeben, um den Anmeldeprozess abzuschlie\u00dfen;<\/p>\n\n\n\n<p>(b) Wenn Sie Tickets \u00fcber die Website kaufen und pers\u00f6nliche Informationen eingeben, um die Transaktion abzuschlie\u00dfen (einschlie\u00dflich K\u00e4ufe ohne KasinoBonusIO-Konto);<\/p>\n\n\n\n<p>(c) Wenn Sie Tickets \u00fcber einen Outlet-Shop kaufen und pers\u00f6nliche Informationen eingeben, um die Transaktion abzuschlie\u00dfen; und(d) Wenn Sie die Website besuchen, sammeln wir Informationen zur Website-Nutzung wie Ihre IP-Adresse und Browsertyp. Wir sammeln und speichern solche Informationen auch \u00fcber Cookies (siehe Abschnitt 8).<\/p>\n\n\n\n<h2 class=\"wp-block-heading\"><strong>Verwendung der gesammelten Informationen<\/strong> <\/h2>\n\n\n\n<p>Wir sammeln pers\u00f6nliche Informationen (wie Ihren Namen, Adresse, Telefonnummer und E-Mail-Adresse), um:<\/p>\n\n\n\n<p>(a) sicherzustellen, dass die von Ihnen gekauften Tickets geliefert werden;<\/p>\n\n\n\n<p>(b) Sie zu kontaktieren, falls erforderlich, in Bezug auf Ihren Kauf, einschlie\u00dflich \u00c4nderungen oder Stornierungen;<\/p>\n\n\n\n<p>(c) Ihnen weitere Informationen \u00fcber die Website und andere von uns oder Dritten angebotene Dienstleistungen zu geben, die f\u00fcr Sie von Interesse sein k\u00f6nnten.Finanzielle Informationen, wie Kreditkartendetails, werden f\u00fcr Transaktionen und zur Identit\u00e4tsverifizierung sowie zur Abrechnung gesammelt.<\/p>\n\n\n\n<p>Die Nutzung von Website-Daten und pers\u00f6nlichen Informationen erfolgt zur Verbesserung unserer Gesch\u00e4ftsprozesse, wie Sicherheit, Geschwindigkeit und Informationssysteme. Auch zu internen Forschungszwecken \u00fcber Ihre Demografie und Interessen.<\/p>\n\n\n\n<h2 class=\"wp-block-heading\"><strong>Sicherheit der gesammelten Informationen<\/strong> <\/h2>\n\n\n\n<p>Wir bem\u00fchen uns, alle Informationen, die wir \u00fcber Sie sammeln, zu sch\u00fctzen. Ihre pers\u00f6nlichen Daten werden in einer verschl\u00fcsselten, sicheren Datenbank gespeichert.<\/p>\n\n\n\n<p>Alle Mitarbeiter, die Zugang zu pers\u00f6nlichen Daten haben, m\u00fcssen diese Informationen vertraulich behandeln.<\/p>\n\n\n\n<h2 class=\"wp-block-heading\"><strong>Inhalte in Foren oder bei Veranstaltungen<\/strong> <\/h2>\n\n\n\n<p>Wenn die Website Benutzern Dienste wie Foren oder Nachrichtentafeln anbietet, beachten Sie bitte, dass alle von Ihnen ver\u00f6ffentlichten Informationen \u00f6ffentlich sind.<\/p>\n\n\n\n<h2 class=\"wp-block-heading\"><strong>Ihre IP-Adresse<\/strong> <\/h2>\n\n\n\n<p>Ihre IP-Adresse hilft uns, Serverprobleme zu diagnostizieren und die Website zu verwalten.<\/p>\n\n\n\n<h2 class=\"wp-block-heading\"><strong>Verwendung spezieller Technologien<\/strong> <\/h2>\n\n\n\n<p>Cookies sind kleine Dateien, die von der Website auf Ihrem Computer gespeichert werden. Sie werden verwendet, um Inhalte bereitzustellen, die Ihren Interessen entsprechen, und um Ihre Sitzung zu verwalten.<\/p>\n\n\n\n<h2 class=\"wp-block-heading\"><strong>Zugang und Berichtigung<\/strong> <\/h2>\n\n\n\n<p>Sie haben das Recht, Zugang zu den \u00fcber Sie gespeicherten Informationen zu erhalten und diese zu korrigieren.<\/p>\n\n\n\n<h2 class=\"wp-block-heading\"><strong>Werbung Dritter<\/strong> <\/h2>\n\n\n\n<p>Wir haben Partnerschaften mit Dritten, die Anzeigen auf unserer Website schalten k\u00f6nnen.<\/p>\n\n\n\n<h2 class=\"wp-block-heading\"><strong>Links zu anderen Websites<\/strong> <\/h2>\n\n\n\n<p>Wir bieten Links zu anderen Websites an, sind jedoch nicht f\u00fcr deren Datenschutzpraktiken verantwortlich.<\/p>\n\n\n\n<h2 class=\"wp-block-heading\"><strong>Sichere Online-Transaktionen<\/strong> <\/h2>\n\n\n\n<p>Wir sichern Ihre Kreditkartendaten bei der Transaktion durch ein PCI-zertifiziertes Zahlungssystem.<\/p>\n\n\n\n<h2 class=\"wp-block-heading\"><strong>Allgemeine Gesch\u00e4ftsbedingungen<\/strong> <\/h2>\n\n\n\n<p>&#8222;Veranstalter&#8220; bezieht sich auf die Partei, die die Veranstaltung pr\u00e4sentiert, wie z.B. einen Promoter oder Veranstaltungsort.<\/p>\n\n\n\n<p>&#8222;Nutzer&#8220; sind alle, die die Website besuchen.<\/p>\n","protected":false},"excerpt":{"rendered":"<p>Datenschutzerkl\u00e4rung Unsere Datenschutzerkl\u00e4rung Wir respektieren die Privatsph\u00e4re aller Kunden, die die Website Kasinobonus nutzen. Wir verpflichten uns, die pers\u00f6nlichen Informationen unserer Nutzer zu sch\u00fctzen, die w\u00e4hrend der Anmeldung und Transaktionen online bereitgestellt werden. Durch den Zugriff auf und die Nutzung der Website stimmen Sie dieser Datenschutzerkl\u00e4rung zu. Diese Datenschutzerkl\u00e4rung basiert auf den Informationsschutzprinzipien des Datenschutzgesetzes [&hellip;]<\/p>\n","protected":false},"author":1,"featured_media":0,"parent":0,"menu_order":0,"comment_status":"closed","ping_status":"closed","template":"","meta":{"inline_featured_image":false,"footnotes":""},"class_list":["post-21335","page","type-page","status-publish","hentry"],"yoast_head":"<!-- This site is optimized with the Yoast SEO plugin v24.5 - https:\/\/yoast.com\/wordpress\/plugins\/seo\/ -->\n<title>Datenschutzbestimmungen - www.kasinobonus.ai<\/title>\n<meta name=\"description\" content=\"Lesen Sie unsere Datenschutzrichtlinie und erfahren Sie, wie wir Ihre pers\u00f6nlichen Daten gem\u00e4\u00df der DSGVO sicher und transparent verarbeiten.\" \/>\n<meta name=\"robots\" content=\"index, follow, max-snippet:-1, max-image-preview:large, max-video-preview:-1\" \/>\n<link rel=\"canonical\" href=\"https:\/\/www.kasinobonus.ai\/de\/privacy-policy\/\" \/>\n<script type=\"application\/ld+json\" class=\"yoast-schema-graph\">{\"@context\":\"https:\/\/schema.org\",\"@graph\":[{\"@type\":\"WebPage\",\"@id\":\"https:\/\/www.kasinobonus.ai\/de\/privacy-policy\/\",\"url\":\"https:\/\/www.kasinobonus.ai\/de\/privacy-policy\/\",\"name\":\"Datenschutzbestimmungen - www.kasinobonus.ai\",\"isPartOf\":{\"@id\":\"https:\/\/www.kasinobonus.ai\/de\/#website\"},\"datePublished\":\"2024-11-25T08:44:42+00:00\",\"dateModified\":\"2025-07-26T08:49:09+00:00\",\"description\":\"Lesen Sie unsere Datenschutzrichtlinie und erfahren Sie, wie wir Ihre pers\u00f6nlichen Daten gem\u00e4\u00df der DSGVO sicher und transparent verarbeiten.\",\"breadcrumb\":{\"@id\":\"https:\/\/www.kasinobonus.ai\/de\/privacy-policy\/#breadcrumb\"},\"inLanguage\":\"de\",\"potentialAction\":[{\"@type\":\"ReadAction\",\"target\":[\"https:\/\/www.kasinobonus.ai\/de\/privacy-policy\/\"]}]},{\"@type\":\"BreadcrumbList\",\"@id\":\"https:\/\/www.kasinobonus.ai\/de\/privacy-policy\/#breadcrumb\",\"itemListElement\":[{\"@type\":\"ListItem\",\"position\":1,\"name\":\"Home\",\"item\":\"https:\/\/kasinobonus.ai\/de\/\"},{\"@type\":\"ListItem\",\"position\":2,\"name\":\"Datenschutzbestimmungen\"}]},{\"@type\":\"WebSite\",\"@id\":\"https:\/\/www.kasinobonus.ai\/de\/#website\",\"url\":\"https:\/\/www.kasinobonus.ai\/de\/\",\"name\":\"www.kasinobonus.ai\",\"description\":\"\",\"publisher\":{\"@id\":\"https:\/\/www.kasinobonus.ai\/de\/#organization\"},\"potentialAction\":[{\"@type\":\"SearchAction\",\"target\":{\"@type\":\"EntryPoint\",\"urlTemplate\":\"https:\/\/www.kasinobonus.ai\/de\/?s={search_term_string}\"},\"query-input\":{\"@type\":\"PropertyValueSpecification\",\"valueRequired\":true,\"valueName\":\"search_term_string\"}}],\"inLanguage\":\"de\"},{\"@type\":\"Organization\",\"@id\":\"https:\/\/www.kasinobonus.ai\/de\/#organization\",\"name\":\"KasinoBonus\",\"alternateName\":\"KasinoBonusAI\",\"url\":\"https:\/\/www.kasinobonus.ai\/de\/\",\"logo\":{\"@type\":\"ImageObject\",\"inLanguage\":\"de\",\"@id\":\"https:\/\/www.kasinobonus.ai\/de\/#\/schema\/logo\/image\/\",\"url\":\"https:\/\/www.kasinobonus.ai\/wp-content\/uploads\/2023\/09\/kasinobonus-logo-light.png\",\"contentUrl\":\"https:\/\/www.kasinobonus.ai\/wp-content\/uploads\/2023\/09\/kasinobonus-logo-light.png\",\"width\":3200,\"height\":596,\"caption\":\"KasinoBonus\"},\"image\":{\"@id\":\"https:\/\/www.kasinobonus.ai\/de\/#\/schema\/logo\/image\/\"},\"sameAs\":[\"https:\/\/www.facebook.com\/kasinobonusio\/\",\"https:\/\/x.com\/Kasinobonus_io\",\"https:\/\/www.linkedin.com\/in\/matti-slotte-26612033b\",\"http:\/\/kasinobonus.wikidot.com\/system:welcome\",\"https:\/\/www.trustpilot.com\/review\/www.kasinobonus.ai\",\"https:\/\/orcid.org\/0009-0007-2889-1713\",\"https:\/\/en.everybodywiki.com\/Matti_Slotte\",\"https:\/\/www.immuniweb.com\/ssl\/kasinobonus.ai\/M4lqCqYY\/\"]}]}<\/script>\n<!-- \/ Yoast SEO plugin. -->","yoast_head_json":{"title":"Datenschutzbestimmungen - www.kasinobonus.ai","description":"Lesen Sie unsere Datenschutzrichtlinie und erfahren Sie, wie wir Ihre pers\u00f6nlichen Daten gem\u00e4\u00df der DSGVO sicher und transparent verarbeiten.","robots":{"index":"index","follow":"follow","max-snippet":"max-snippet:-1","max-image-preview":"max-image-preview:large","max-video-preview":"max-video-preview:-1"},"canonical":"https:\/\/www.kasinobonus.ai\/de\/privacy-policy\/","schema":{"@context":"https:\/\/schema.org","@graph":[{"@type":"WebPage","@id":"https:\/\/www.kasinobonus.ai\/de\/privacy-policy\/","url":"https:\/\/www.kasinobonus.ai\/de\/privacy-policy\/","name":"Datenschutzbestimmungen - www.kasinobonus.ai","isPartOf":{"@id":"https:\/\/www.kasinobonus.ai\/de\/#website"},"datePublished":"2024-11-25T08:44:42+00:00","dateModified":"2025-07-26T08:49:09+00:00","description":"Lesen Sie unsere Datenschutzrichtlinie und erfahren Sie, wie wir Ihre pers\u00f6nlichen Daten gem\u00e4\u00df der DSGVO sicher und transparent verarbeiten.","breadcrumb":{"@id":"https:\/\/www.kasinobonus.ai\/de\/privacy-policy\/#breadcrumb"},"inLanguage":"de","potentialAction":[{"@type":"ReadAction","target":["https:\/\/www.kasinobonus.ai\/de\/privacy-policy\/"]}]},{"@type":"BreadcrumbList","@id":"https:\/\/www.kasinobonus.ai\/de\/privacy-policy\/#breadcrumb","itemListElement":[{"@type":"ListItem","position":1,"name":"Home","item":"https:\/\/kasinobonus.ai\/de\/"},{"@type":"ListItem","position":2,"name":"Datenschutzbestimmungen"}]},{"@type":"WebSite","@id":"https:\/\/www.kasinobonus.ai\/de\/#website","url":"https:\/\/www.kasinobonus.ai\/de\/","name":"www.kasinobonus.ai","description":"","publisher":{"@id":"https:\/\/www.kasinobonus.ai\/de\/#organization"},"potentialAction":[{"@type":"SearchAction","target":{"@type":"EntryPoint","urlTemplate":"https:\/\/www.kasinobonus.ai\/de\/?s={search_term_string}"},"query-input":{"@type":"PropertyValueSpecification","valueRequired":true,"valueName":"search_term_string"}}],"inLanguage":"de"},{"@type":"Organization","@id":"https:\/\/www.kasinobonus.ai\/de\/#organization","name":"KasinoBonus","alternateName":"KasinoBonusAI","url":"https:\/\/www.kasinobonus.ai\/de\/","logo":{"@type":"ImageObject","inLanguage":"de","@id":"https:\/\/www.kasinobonus.ai\/de\/#\/schema\/logo\/image\/","url":"https:\/\/www.kasinobonus.ai\/wp-content\/uploads\/2023\/09\/kasinobonus-logo-light.png","contentUrl":"https:\/\/www.kasinobonus.ai\/wp-content\/uploads\/2023\/09\/kasinobonus-logo-light.png","width":3200,"height":596,"caption":"KasinoBonus"},"image":{"@id":"https:\/\/www.kasinobonus.ai\/de\/#\/schema\/logo\/image\/"},"sameAs":["https:\/\/www.facebook.com\/kasinobonusio\/","https:\/\/x.com\/Kasinobonus_io","https:\/\/www.linkedin.com\/in\/matti-slotte-26612033b","http:\/\/kasinobonus.wikidot.com\/system:welcome","https:\/\/www.trustpilot.com\/review\/www.kasinobonus.ai","https:\/\/orcid.org\/0009-0007-2889-1713","https:\/\/en.everybodywiki.com\/Matti_Slotte","https:\/\/www.immuniweb.com\/ssl\/kasinobonus.ai\/M4lqCqYY\/"]}]}},"_links":{"self":[{"href":"https:\/\/www.kasinobonus.ai\/de\/wp-json\/wp\/v2\/pages\/21335","targetHints":{"allow":["GET"]}}],"collection":[{"href":"https:\/\/www.kasinobonus.ai\/de\/wp-json\/wp\/v2\/pages"}],"about":[{"href":"https:\/\/www.kasinobonus.ai\/de\/wp-json\/wp\/v2\/types\/page"}],"author":[{"embeddable":true,"href":"https:\/\/www.kasinobonus.ai\/de\/wp-json\/wp\/v2\/users\/1"}],"replies":[{"embeddable":true,"href":"https:\/\/www.kasinobonus.ai\/de\/wp-json\/wp\/v2\/comments?post=21335"}],"version-history":[{"count":2,"href":"https:\/\/www.kasinobonus.ai\/de\/wp-json\/wp\/v2\/pages\/21335\/revisions"}],"predecessor-version":[{"id":34432,"href":"https:\/\/www.kasinobonus.ai\/de\/wp-json\/wp\/v2\/pages\/21335\/revisions\/34432"}],"wp:attachment":[{"href":"https:\/\/www.kasinobonus.ai\/de\/wp-json\/wp\/v2\/media?parent=21335"}],"curies":[{"name":"wp","href":"https:\/\/api.w.org\/{rel}","templated":true}]}}