{"id":21331,"date":"2024-11-25T08:41:09","date_gmt":"2024-11-25T08:41:09","guid":{"rendered":"https:\/\/kasinobonus.ai\/how-we-review\/"},"modified":"2025-06-15T09:45:23","modified_gmt":"2025-06-15T09:45:23","slug":"how-we-review","status":"publish","type":"page","link":"https:\/\/www.kasinobonus.ai\/de\/how-we-review\/","title":{"rendered":"Wie wir pr\u00fcfen"},"content":{"rendered":"\n<h1 class=\"wp-block-heading\">Wie wir Online-Casinos in Deutschland bewerten<\/h1>\n\n\n\n<p>Das Redaktionsteam von <strong>KasinoBonusIO<\/strong>, angef\u00fchrt von Matti Slotte, einem echten Veteranen der finnischen Gl\u00fccksspielszene, hat es sich zur Aufgabe gemacht, ehrliche und umfassende Bewertungen von Online-Casinos f\u00fcr finnische Spieler zu liefern. In diesem Artikel m\u00f6chten wir dir unseren Bewertungsprozess n\u00e4herbringen.<\/p>\n\n\n\n<h2 class=\"wp-block-heading\">Unabh\u00e4ngige Bewertungen<\/h2>\n\n\n\n<p>Objektivit\u00e4t ist in der Welt der Online-Bewertungen unerl\u00e4sslich. Stell dir vor, du schaust dir auf YouTube eine Produktbewertung an, nur um festzustellen, dass jedes Produkt gro\u00dfartig ist, weil der Rezensent daf\u00fcr bezahlt wurde. Im Bereich der Online-Casinos ist Ehrlichkeit noch wichtiger. Spieler verlassen sich auf uns, um herauszufinden, ob ein Casino wirklich h\u00e4lt, was es verspricht.<\/p>\n\n\n\n<p><strong>Unsere Devise:<\/strong> Geld kann unsere Meinung nicht kaufen. Selbst wenn ein Casino uns f\u00fcr einen Artikel bezahlt, bleibt unsere Bewertung neutral. Jeder Anbieter wird nach denselben strengen Kriterien bewertet, unabh\u00e4ngig davon, ob er uns f\u00fcr eine Platzierung bezahlt oder nicht.<\/p>\n\n\n\n<h2 class=\"wp-block-heading\">Das Redaktionsteam<\/h2>\n\n\n\n<p>Unter der Leitung von Matti Slotte, der seit den fr\u00fchen 2000ern tief in der Gl\u00fccksspielszene verwurzelt ist, bringt unser Team jahrzehntelange Erfahrung mit. Unsere Mission ist es, finnischen Spielern eine klare Orientierung in der Casino-Welt zu bieten.<\/p>\n\n\n\n<h2 class=\"wp-block-heading\">Unser Versprechen<\/h2>\n\n\n\n<p>Matti und sein Team versprechen, dass jede Bewertung auf <strong>KasinoBonusIO<\/strong> unvoreingenommen und ehrlich ist. Das Ziel? Dir zu sagen, ob ein Casino deine Zeit und dein Geld wert ist.<\/p>\n\n\n\n<h2 class=\"wp-block-heading\">Die Drei Wichtigen Fragen<\/h2>\n\n\n\n<p>Um sicherzustellen, dass wir Casinos fair und gr\u00fcndlich bewerten, stellen wir uns drei zentrale Fragen:<\/p>\n\n\n\n<h3 class=\"wp-block-heading\">1. Zahlt das Casino Gewinne zuverl\u00e4ssig aus?<\/h3>\n\n\n\n<p>Nichts ist wichtiger, als zu wissen, dass du deine Gewinne auch tats\u00e4chlich erh\u00e4ltst. Wir tolerieren keine Casinos, die Zahlungen verz\u00f6gern, Konten sperren oder in den AGB versteckte Klauseln nutzen, um Gelder einzubehalten. Gewinnen soll Spa\u00df machen, und das Casino muss seinen Teil der Abmachung einhalten.<\/p>\n\n\n\n<h3 class=\"wp-block-heading\">2. Sind die Spiele fair?<\/h3>\n\n\n\n<p>Hier betrachten wir sowohl die Casinospiele selbst als auch die Bonusbedingungen. Einige Casinos konfigurieren Spiele mit niedrigerer Auszahlungsquote (RTP), um ihre Gewinne zu maximieren. Wir testen diese Spiele und pr\u00fcfen, ob die RTP-Werte fair eingestellt sind. Zudem pr\u00fcfen wir, ob Bonusangebote realistisch und ohne \u00fcberm\u00e4\u00dfige Einschr\u00e4nkungen nutzbar sind.<\/p>\n\n\n\n<h3 class=\"wp-block-heading\">3. Wie schnell zahlt das Casino aus?<\/h3>\n\n\n\n<p>In der heutigen schnellen Welt wollen wir nicht wochenlang auf unsere Gewinne warten. Eine schnelle Auszahlung zeigt, dass ein Casino kundenfreundlich und zuverl\u00e4ssig arbeitet. Schnell zahlende Casinos zeichnen sich h\u00e4ufig auch in anderen Bereichen aus, wie Kundenservice und fairen Bonusbedingungen.<\/p>\n\n\n\n<h2 class=\"wp-block-heading\">Unser Bewertungsprozess<\/h2>\n\n\n\n<p>Unsere Casino-Bewertungen folgen einem klar definierten, 14-stufigen Prozess, um dir die beste Entscheidungshilfe zu bieten.<\/p>\n\n\n\n<ol class=\"wp-block-list\">\n<li><strong>Hintergrundrecherche:<\/strong> Wir \u00fcberpr\u00fcfen die Unternehmensdaten, Lizenzen und den Ruf der Betreiber.<\/li>\n\n\n\n<li><strong>Rechtliche Aspekte:<\/strong> Wir durchforsten die Allgemeinen Gesch\u00e4ftsbedingungen nach unfairen Klauseln.<\/li>\n\n\n\n<li><strong>Spielermeinungen:<\/strong> Wir sprechen mit finnischen Spielern und analysieren deren Erfahrungen.<\/li>\n\n\n\n<li><strong>Zahlungsgeschwindigkeit:<\/strong> Wir testen Ein- und Auszahlungen und pr\u00fcfen, wie schnell diese abgewickelt werden.<\/li>\n\n\n\n<li><strong>Spielangebot:<\/strong> Wir schauen uns das Angebot an Spielen und Providern an und bewerten deren Qualit\u00e4t.<\/li>\n\n\n\n<li><strong>Nutzererlebnis:<\/strong> Die Website wird auf Desktop und Mobilger\u00e4ten getestet.<\/li>\n\n\n\n<li><strong>Boni und Angebote:<\/strong> Wir analysieren, wie einfach Boni genutzt werden k\u00f6nnen.<\/li>\n<\/ol>\n\n\n\n<p>Dieser Prozess stellt sicher, dass unsere Bewertungen pr\u00e4zise und hilfreich sind.<\/p>\n\n\n\n<h2 class=\"wp-block-heading\">So nutzt du unsere Casino-Bewertungen<\/h2>\n\n\n\n<p>Wir empfehlen dir, jede Bewertung gr\u00fcndlich zu lesen. Achte besonders auf die Spielererfahrungen, die rechtlichen Hinweise und die Vor- und Nachteile des Casinos. Schlie\u00dflich geht es darum, ein Casino zu finden, das perfekt zu deinen Vorlieben passt \u2013 sei es bei den Zahlungsmethoden, dem Spielangebot oder den Bonusbedingungen.<\/p>\n","protected":false},"excerpt":{"rendered":"<p>Wie wir Online-Casinos in Deutschland bewerten Das Redaktionsteam von KasinoBonusIO, angef\u00fchrt von Matti Slotte, einem echten Veteranen der finnischen Gl\u00fccksspielszene, hat es sich zur Aufgabe gemacht, ehrliche und umfassende Bewertungen von Online-Casinos f\u00fcr finnische Spieler zu liefern. In diesem Artikel m\u00f6chten wir dir unseren Bewertungsprozess n\u00e4herbringen. Unabh\u00e4ngige Bewertungen Objektivit\u00e4t ist in der Welt der Online-Bewertungen [&hellip;]<\/p>\n","protected":false},"author":1,"featured_media":0,"parent":0,"menu_order":0,"comment_status":"closed","ping_status":"closed","template":"","meta":{"inline_featured_image":false,"footnotes":""},"class_list":["post-21331","page","type-page","status-publish","hentry"],"yoast_head":"<!-- This site is optimized with the Yoast SEO plugin v24.5 - https:\/\/yoast.com\/wordpress\/plugins\/seo\/ -->\n<title>Wie wir pr\u00fcfen - www.kasinobonus.ai<\/title>\n<meta name=\"description\" content=\"Erfahren Sie, wie wir Online-Casinos bewerten \u2013 unsere Kriterien, der Pr\u00fcfprozess und warum Sie unseren unabh\u00e4ngigen Bewertungen vertrauen k\u00f6nnen.\" \/>\n<meta name=\"robots\" content=\"index, follow, max-snippet:-1, max-image-preview:large, max-video-preview:-1\" \/>\n<link rel=\"canonical\" href=\"https:\/\/www.kasinobonus.ai\/de\/how-we-review\/\" \/>\n<script type=\"application\/ld+json\" class=\"yoast-schema-graph\">{\"@context\":\"https:\/\/schema.org\",\"@graph\":[{\"@type\":\"WebPage\",\"@id\":\"https:\/\/www.kasinobonus.ai\/de\/how-we-review\/\",\"url\":\"https:\/\/www.kasinobonus.ai\/de\/how-we-review\/\",\"name\":\"Wie wir pr\u00fcfen - www.kasinobonus.ai\",\"isPartOf\":{\"@id\":\"https:\/\/www.kasinobonus.ai\/de\/#website\"},\"datePublished\":\"2024-11-25T08:41:09+00:00\",\"dateModified\":\"2025-06-15T09:45:23+00:00\",\"description\":\"Erfahren Sie, wie wir Online-Casinos bewerten \u2013 unsere Kriterien, der Pr\u00fcfprozess und warum Sie unseren unabh\u00e4ngigen Bewertungen vertrauen k\u00f6nnen.\",\"breadcrumb\":{\"@id\":\"https:\/\/www.kasinobonus.ai\/de\/how-we-review\/#breadcrumb\"},\"inLanguage\":\"de\",\"potentialAction\":[{\"@type\":\"ReadAction\",\"target\":[\"https:\/\/www.kasinobonus.ai\/de\/how-we-review\/\"]}]},{\"@type\":\"BreadcrumbList\",\"@id\":\"https:\/\/www.kasinobonus.ai\/de\/how-we-review\/#breadcrumb\",\"itemListElement\":[{\"@type\":\"ListItem\",\"position\":1,\"name\":\"Home\",\"item\":\"https:\/\/kasinobonus.ai\/de\/\"},{\"@type\":\"ListItem\",\"position\":2,\"name\":\"Wie wir pr\u00fcfen\"}]},{\"@type\":\"WebSite\",\"@id\":\"https:\/\/www.kasinobonus.ai\/de\/#website\",\"url\":\"https:\/\/www.kasinobonus.ai\/de\/\",\"name\":\"www.kasinobonus.ai\",\"description\":\"\",\"publisher\":{\"@id\":\"https:\/\/www.kasinobonus.ai\/de\/#organization\"},\"potentialAction\":[{\"@type\":\"SearchAction\",\"target\":{\"@type\":\"EntryPoint\",\"urlTemplate\":\"https:\/\/www.kasinobonus.ai\/de\/?s={search_term_string}\"},\"query-input\":{\"@type\":\"PropertyValueSpecification\",\"valueRequired\":true,\"valueName\":\"search_term_string\"}}],\"inLanguage\":\"de\"},{\"@type\":\"Organization\",\"@id\":\"https:\/\/www.kasinobonus.ai\/de\/#organization\",\"name\":\"KasinoBonus\",\"alternateName\":\"KasinoBonusAI\",\"url\":\"https:\/\/www.kasinobonus.ai\/de\/\",\"logo\":{\"@type\":\"ImageObject\",\"inLanguage\":\"de\",\"@id\":\"https:\/\/www.kasinobonus.ai\/de\/#\/schema\/logo\/image\/\",\"url\":\"https:\/\/www.kasinobonus.ai\/wp-content\/uploads\/2023\/09\/kasinobonus-logo-light.png\",\"contentUrl\":\"https:\/\/www.kasinobonus.ai\/wp-content\/uploads\/2023\/09\/kasinobonus-logo-light.png\",\"width\":3200,\"height\":596,\"caption\":\"KasinoBonus\"},\"image\":{\"@id\":\"https:\/\/www.kasinobonus.ai\/de\/#\/schema\/logo\/image\/\"},\"sameAs\":[\"https:\/\/www.facebook.com\/kasinobonusio\/\",\"https:\/\/x.com\/Kasinobonus_io\",\"https:\/\/www.linkedin.com\/in\/matti-slotte-26612033b\",\"http:\/\/kasinobonus.wikidot.com\/system:welcome\",\"https:\/\/www.trustpilot.com\/review\/www.kasinobonus.ai\",\"https:\/\/orcid.org\/0009-0007-2889-1713\",\"https:\/\/en.everybodywiki.com\/Matti_Slotte\",\"https:\/\/www.immuniweb.com\/ssl\/kasinobonus.ai\/M4lqCqYY\/\"]}]}<\/script>\n<!-- \/ Yoast SEO plugin. -->","yoast_head_json":{"title":"Wie wir pr\u00fcfen - www.kasinobonus.ai","description":"Erfahren Sie, wie wir Online-Casinos bewerten \u2013 unsere Kriterien, der Pr\u00fcfprozess und warum Sie unseren unabh\u00e4ngigen Bewertungen vertrauen k\u00f6nnen.","robots":{"index":"index","follow":"follow","max-snippet":"max-snippet:-1","max-image-preview":"max-image-preview:large","max-video-preview":"max-video-preview:-1"},"canonical":"https:\/\/www.kasinobonus.ai\/de\/how-we-review\/","schema":{"@context":"https:\/\/schema.org","@graph":[{"@type":"WebPage","@id":"https:\/\/www.kasinobonus.ai\/de\/how-we-review\/","url":"https:\/\/www.kasinobonus.ai\/de\/how-we-review\/","name":"Wie wir pr\u00fcfen - www.kasinobonus.ai","isPartOf":{"@id":"https:\/\/www.kasinobonus.ai\/de\/#website"},"datePublished":"2024-11-25T08:41:09+00:00","dateModified":"2025-06-15T09:45:23+00:00","description":"Erfahren Sie, wie wir Online-Casinos bewerten \u2013 unsere Kriterien, der Pr\u00fcfprozess und warum Sie unseren unabh\u00e4ngigen Bewertungen vertrauen k\u00f6nnen.","breadcrumb":{"@id":"https:\/\/www.kasinobonus.ai\/de\/how-we-review\/#breadcrumb"},"inLanguage":"de","potentialAction":[{"@type":"ReadAction","target":["https:\/\/www.kasinobonus.ai\/de\/how-we-review\/"]}]},{"@type":"BreadcrumbList","@id":"https:\/\/www.kasinobonus.ai\/de\/how-we-review\/#breadcrumb","itemListElement":[{"@type":"ListItem","position":1,"name":"Home","item":"https:\/\/kasinobonus.ai\/de\/"},{"@type":"ListItem","position":2,"name":"Wie wir pr\u00fcfen"}]},{"@type":"WebSite","@id":"https:\/\/www.kasinobonus.ai\/de\/#website","url":"https:\/\/www.kasinobonus.ai\/de\/","name":"www.kasinobonus.ai","description":"","publisher":{"@id":"https:\/\/www.kasinobonus.ai\/de\/#organization"},"potentialAction":[{"@type":"SearchAction","target":{"@type":"EntryPoint","urlTemplate":"https:\/\/www.kasinobonus.ai\/de\/?s={search_term_string}"},"query-input":{"@type":"PropertyValueSpecification","valueRequired":true,"valueName":"search_term_string"}}],"inLanguage":"de"},{"@type":"Organization","@id":"https:\/\/www.kasinobonus.ai\/de\/#organization","name":"KasinoBonus","alternateName":"KasinoBonusAI","url":"https:\/\/www.kasinobonus.ai\/de\/","logo":{"@type":"ImageObject","inLanguage":"de","@id":"https:\/\/www.kasinobonus.ai\/de\/#\/schema\/logo\/image\/","url":"https:\/\/www.kasinobonus.ai\/wp-content\/uploads\/2023\/09\/kasinobonus-logo-light.png","contentUrl":"https:\/\/www.kasinobonus.ai\/wp-content\/uploads\/2023\/09\/kasinobonus-logo-light.png","width":3200,"height":596,"caption":"KasinoBonus"},"image":{"@id":"https:\/\/www.kasinobonus.ai\/de\/#\/schema\/logo\/image\/"},"sameAs":["https:\/\/www.facebook.com\/kasinobonusio\/","https:\/\/x.com\/Kasinobonus_io","https:\/\/www.linkedin.com\/in\/matti-slotte-26612033b","http:\/\/kasinobonus.wikidot.com\/system:welcome","https:\/\/www.trustpilot.com\/review\/www.kasinobonus.ai","https:\/\/orcid.org\/0009-0007-2889-1713","https:\/\/en.everybodywiki.com\/Matti_Slotte","https:\/\/www.immuniweb.com\/ssl\/kasinobonus.ai\/M4lqCqYY\/"]}]}},"_links":{"self":[{"href":"https:\/\/www.kasinobonus.ai\/de\/wp-json\/wp\/v2\/pages\/21331","targetHints":{"allow":["GET"]}}],"collection":[{"href":"https:\/\/www.kasinobonus.ai\/de\/wp-json\/wp\/v2\/pages"}],"about":[{"href":"https:\/\/www.kasinobonus.ai\/de\/wp-json\/wp\/v2\/types\/page"}],"author":[{"embeddable":true,"href":"https:\/\/www.kasinobonus.ai\/de\/wp-json\/wp\/v2\/users\/1"}],"replies":[{"embeddable":true,"href":"https:\/\/www.kasinobonus.ai\/de\/wp-json\/wp\/v2\/comments?post=21331"}],"version-history":[{"count":1,"href":"https:\/\/www.kasinobonus.ai\/de\/wp-json\/wp\/v2\/pages\/21331\/revisions"}],"predecessor-version":[{"id":30496,"href":"https:\/\/www.kasinobonus.ai\/de\/wp-json\/wp\/v2\/pages\/21331\/revisions\/30496"}],"wp:attachment":[{"href":"https:\/\/www.kasinobonus.ai\/de\/wp-json\/wp\/v2\/media?parent=21331"}],"curies":[{"name":"wp","href":"https:\/\/api.w.org\/{rel}","templated":true}]}}