{"id":21328,"date":"2024-11-25T07:35:04","date_gmt":"2024-11-25T07:35:04","guid":{"rendered":"https:\/\/kasinobonus.ai\/?page_id=21328"},"modified":"2025-07-26T08:49:29","modified_gmt":"2025-07-26T08:49:29","slug":"matti-slotte","status":"publish","type":"page","link":"https:\/\/www.kasinobonus.ai\/de\/matti-slotte\/","title":{"rendered":"Matti Slotte: Gr\u00fcnder Kasinobonus"},"content":{"rendered":"\n<h1 class=\"wp-block-heading\">Matti Slotte: Gr\u00fcnder Kasinobonus<\/h1>\n\n\n\n<div class=\"wp-block-media-text is-stacked-on-mobile\" style=\"grid-template-columns:24% auto\"><figure class=\"wp-block-media-text__media\"><img decoding=\"async\" width=\"512\" height=\"512\" src=\"https:\/\/www.kasinobonus.ai\/wp-content\/uploads\/2024\/11\/matti-1.webp\" alt=\"\" class=\"wp-image-21320 size-full\" srcset=\"https:\/\/www.kasinobonus.ai\/wp-content\/uploads\/2024\/11\/matti-1.webp 512w, https:\/\/www.kasinobonus.ai\/wp-content\/uploads\/2024\/11\/matti-1-300x300.webp 300w, https:\/\/www.kasinobonus.ai\/wp-content\/uploads\/2024\/11\/matti-1-150x150.webp 150w, https:\/\/www.kasinobonus.ai\/wp-content\/uploads\/2024\/11\/matti-1-110x110.webp 110w\" sizes=\"(max-width: 512px) 100vw, 512px\" \/><\/figure><div class=\"wp-block-media-text__content\">\n<p>Matti Slotte ist ein in Kuopio geborener Online-Gl\u00fccksspiel-Experte und Gr\u00fcnder sowie Chefredakteur von www.kasinobonus.ai. Der IT-Experte mit einem Abschluss der Universit\u00e4t Turku (B.Sc. 2007) ist zu einer f\u00fchrenden Stimme in der finnischen Gl\u00fccksspielbranche geworden und bekannt f\u00fcr seine unvoreingenommenen Casino-Bewertungen, Expertentipps und detaillierten Ratgeber.<\/p>\n\n\n\n<p>Auf dieser Seite erz\u00e4hlen wir dir von Mattis Reise und zeigen dir, wie er dahin gekommen ist, wo er heute ist.<\/p>\n<\/div><\/div>\n\n\n\n<h2 class=\"wp-block-heading\"><strong>Kindheit und Ausbildung<\/strong><\/h2>\n\n\n\n<p>Matti Slotte ist in der wundersch\u00f6nen finnischen Seenstadt Kuopio aufgewachsen, umgeben von Seen, W\u00e4ldern und einer engen Gemeinschaft. Schon als Kind war Matti total begeistert von Technik und davon, wie sie den Alltag ver\u00e4ndern kann.<\/p>\n\n\n\n<p>Diese Leidenschaft brachte ihn dazu, einen Bachelor-Abschluss in Informationstechnologie an der <a href=\"https:\/\/www.utu.fi\/en\">Universit\u00e4t Turku<\/a> <a><\/a>zu machen, den er 2007 abschloss. W\u00e4hrend seiner Zeit in Turku entstand sein gro\u00dfes Interesse an Softwareentwicklung und Online-Plattformen \u2013 beides Dinge, die den Grundstein f\u00fcr seine Zukunft in der iGaming-Branche legten.<\/p>\n\n\n\n<h2 class=\"wp-block-heading\"><strong>Sein Einstieg ins Online-Gl\u00fccksspiel<\/strong><strong><\/strong><\/h2>\n\n\n\n<p>Als Matti nach seinem Abschluss nach Kuopio zur\u00fcckkam, wollte er mehr Action, als seine Heimatstadt zu bieten hatte. Zu dieser Zeit boomte die Online-Gl\u00fccksspielbranche und Spiele wie Mega Moolah und Online-Poker begeisterten Spieler auf der ganzen Welt. Matti fand die rasante Welt des digitalen Gl\u00fccksspiels faszinierend und beschloss, sich dieser neuen Branche anzuschlie\u00dfen \u2013 erst als neugieriger Spieler, dann als Innovator.<\/p>\n\n\n\n<h2 class=\"wp-block-heading\"><a><\/a><strong>Karriereanf\u00e4nge: Vom Entwickler zum Branchenexperten<\/strong><strong><\/strong><\/h2>\n\n\n\n<p>2008 fing Matti als Junior-Entwickler bei einem namhaften Online-Casino an, wo er seine Kollegen schnell mit seinen technischen F\u00e4higkeiten und seiner innovativen Denkweise beeindruckte. Er besch\u00e4ftigte sich intensiv mit Backend-Systemen, Zahlungsintegrationen und Affiliate-Marketing-Strategien \u2013 alles wichtige Bestandteile des sich schnell entwickelnden iGaming-\u00d6kosystems. Innerhalb weniger Jahre stieg Matti zum Senior-Entwickler auf und wurde schnell zu einer der Schl\u00fcsselfiguren f\u00fcr das Wachstum und die Modernisierung der finnischen Online-Gl\u00fccksspielszene.<\/p>\n\n\n\n<p>Gleichzeitig wurde Matti zu einer wichtigen <em>Stimme<\/em> in der finnischen Online-Gl\u00fccksspiel-Community. Er war in Foren aktiv, teilte Strategien zum Sammeln von Boni und half neuen Spielern, sich in der manchmal komplizierten Welt der Online-Casinos zurechtzufinden. Durch diese doppelte Perspektive \u2013 sowohl als Entwickler als auch als Spieler \u2013 bekam er ein einzigartiges Verst\u00e4ndnis daf\u00fcr, was finnische Spieler wollen: Transparenz, Fairness <em>und<\/em> Spannung!<\/p>\n\n\n\n<h2 class=\"wp-block-heading\"><strong>Gr\u00fcndung von Kasinobonus<\/strong><\/h2>\n\n\n\n<p>Nach fast zehn Jahren in der Branche war Matti 2018 bereit, seine Idee umzusetzen. Er gr\u00fcndete Kasinobonus \u2013 eine Plattform, die finnischen Spielern genaue und unabh\u00e4ngige Bewertungen von Online-Casinos sowie Expertentipps und Strategien f\u00fcr ein besseres Spielerlebnis bietet. Unter seiner Leitung wurde die Website schnell zu einer der vertrauensw\u00fcrdigsten Anlaufstellen f\u00fcr finnische Spieler, die zuverl\u00e4ssige Infos, exklusive Boni und Tipps zur Optimierung ihres Spielerlebnisses suchen.<\/p>\n\n\n\n<p>Matti hat ein klares Ziel: Spielern das Wissen zu geben, das sie brauchen, um verantwortungsbewusst und selbstbewusst zu spielen. Er \u00fcberpr\u00fcft pers\u00f6nlich jede Bewertung, die auf Kasinobonus ver\u00f6ffentlicht wird, um sicherzustellen, dass die Inhalte korrekt, aktuell und unvoreingenommen sind. Au\u00dferdem arbeitet er eng mit einem Team talentierter Autoren und Branchenexperten zusammen, um den Ruf der Website als f\u00fchrende Autorit\u00e4t im finnischen iGaming-Bereich zu festigen.<\/p>\n\n\n\n<h2 class=\"wp-block-heading\"><a><\/a><strong>Mattis Karriere im \u00dcberblick<\/strong><strong><\/strong><\/h2>\n\n\n\n<figure class=\"wp-block-table\"><table class=\"has-fixed-layout\"><tbody><tr><td>Jahr<\/td><td>Meilenstein<\/td><\/tr><tr><td>2007<\/td><td>Abgeschlossenes Bachelorstudium (IT) an der Universit\u00e4t Turku<\/td><\/tr><tr><td>2008-2017<\/td><td>Junior- \u2192 Senior-Entwickler bei einem <em>sehr<\/em><em> <\/em>&nbsp;bekannten Online-Casino<\/td><\/tr><tr><td>2010<\/td><td>Mitbegr\u00fcnder des finnischen Pokerforums<\/td><\/tr><tr><td>2013<\/td><td>Zertifiziert in iGaming-Compliance, Contauga Institute (informell)<\/td><\/tr><tr><td>2015<\/td><td>Kurs f\u00fcr SEO und Affiliate-Marketing, Kuopio Online Academy<\/td><\/tr><tr><td>2018<\/td><td>KasinoBonus.oi gegr\u00fcndet<\/td><\/tr><tr><td>2020<\/td><td>War als Gastredner beim finnischen Gl\u00fccksspielgipfel dabei<\/td><\/tr><tr><td>2022<\/td><td>Mit Expertenkommentar auf Pelit.fi<\/td><\/tr><tr><td>2024<\/td><td>Webinar \u201eSmart Casino Bonuses\u201d f\u00fcr Nordic iGaming veranstaltet<\/td><\/tr><\/tbody><\/table><\/figure>\n\n\n\n<p><a><\/a><strong>Qualifikationen und Zertifizierungen<\/strong><\/p>\n\n\n\n<p>Matti Slotte ist ein Experte f\u00fcr Online-Gl\u00fccksspiele, Online-Casinos und Poker.<\/p>\n\n\n\n<ul class=\"wp-block-list\">\n<li><strong>iGaming Compliance (informal)<\/strong> \u2013 Contauga Institut, 2013 (Zertifikat)<\/li>\n\n\n\n<li><strong>SEO und Affiliate-Marketing<\/strong> \u2013 Kuopio Online Academy, 2015<\/li>\n\n\n\n<li>Regelm\u00e4\u00dfige informelle Seminare zu Themen wie Sicherheit von Zahlungsdienstleistern, DSGVO und verantwortungsbewusstes Gl\u00fccksspiel<\/li>\n<\/ul>\n\n\n\n<h2 class=\"wp-block-heading\"><strong>Matti kontaktieren <\/strong><strong>und<\/strong><strong> finden<\/strong><\/h2>\n\n\n\n<p>LinkedIn: <a href=\"https:\/\/www.linkedin.com\/in\/matti%E2%80%91slotte\">Matti Slotte<\/a><\/p>\n\n\n\n<p>Twitter: <a href=\"https:\/\/x.com\/mattislotte\">https:\/\/x.com\/mattislotte<\/a><\/p>\n\n\n\n<h2 class=\"wp-block-heading\"><a><\/a><strong>Meine Interviews in den popul\u00e4ren Medien<\/strong><strong><\/strong><\/h2>\n\n\n\n<p>Interview im <a href=\"https:\/\/theedinburghreporter.co.uk\/2025\/04\/an-exclusive-interview-with-matti-slottethe-future-of-online-gambling-through-an-experts-eyes\/\">Edinburgh Reporter<\/a>: Die Zukunft des Online-Gl\u00fccksspiels aus der Sicht eines Experten<\/p>\n\n\n\n<p>Interview auf <a href=\"https:\/\/europeangaming.eu\/portal\/latest-news\/2024\/12\/10\/172658\/interview-with-finnish-gambling-expert-matti-slotte-talks-about-upcoming-2026-gambling-regulation\/\">European Gaming<\/a>: Der finnische Gl\u00fccksspiel-Experte Matti Slotte redet \u00fcber die kommende Gl\u00fccksspielregulierung 2026<\/p>\n\n\n\n<p>Interview in <a href=\"https:\/\/www.thehendonmob.com\/gambling-writer-matti-slotte-interview-how-a-finnish-it-expert-transformed-the-online-casino-market\/\">HendonMOB<\/a>: Wie ein finnischer IT-Experte den Online-Casino-Markt auf den Kopf gestellt hat<\/p>\n\n\n\n<p>Interview in <a href=\"https:\/\/guardian.ng\/news\/finnish-writer-matti-slotte-interview\/\">The Guardian<\/a><\/p>\n\n\n\n<p>Interview auf <a href=\"https:\/\/www.roger.com\/articles\/bonuses\/matti-slotte-kasino-bonus-review\/\">Roger.com<\/a>: \u00fcber Ehrlichkeit und Transparenz in der Gl\u00fccksspielbranche<\/p>\n\n\n\n<p>Interview in <a href=\"https:\/\/www.psu.com\/news\/casino-writer-matti-slotte-exclusive-interview-the-future-of-gambling-in-finland\/\">PlayStation Universe<\/a>: Die Zukunft des Gl\u00fccksspiels in Finnland<\/p>\n\n\n\n<script type=\"application\/ld+json\">\n{\n\n\t\"@context\": \"http:\/\/schema.org\",\n\n\t\"@type\": \"Person\",\n\n\t\"familyName\": \"Slotte\",\n\n\t\"givenName\": \"Matti\",\n\n\t\"worksFor\": \"https:\/\/www.kasinobonus.ai\/\",\n\n\t\"jobTitle\": \"Gambling expert, Owner of KasinobonusIO\",\n\n\t\"alumniOf\": \"University of Turku\",\n\n\t\"image\": \"https:\/\/www.kasinobonus.ai\/wp-content\/uploads\/2024\/11\/matti-1.webp\",\n\n\t\"gender\": \"Male\",\n\n\t\"sameAs\": [\"https:\/\/x.com\/mattislotte\",\"https:\/\/www.linkedin.com\/in\/matti-slotte-26612033b\/\",\"https:\/\/en.everybodywiki.com\/Matti_Slotte\",\"https:\/\/muckrack.com\/matti-slotte\",\"https:\/\/mattislotte.com\" ]\n\n}\n<\/script>\n","protected":false},"excerpt":{"rendered":"<p>Matti Slotte: Gr\u00fcnder Kasinobonus Matti Slotte ist ein in Kuopio geborener Online-Gl\u00fccksspiel-Experte und Gr\u00fcnder sowie Chefredakteur von www.kasinobonus.ai. Der IT-Experte mit einem Abschluss der Universit\u00e4t Turku (B.Sc. 2007) ist zu einer f\u00fchrenden Stimme in der finnischen Gl\u00fccksspielbranche geworden und bekannt f\u00fcr seine unvoreingenommenen Casino-Bewertungen, Expertentipps und detaillierten Ratgeber. Auf dieser Seite erz\u00e4hlen wir dir von [&hellip;]<\/p>\n","protected":false},"author":1,"featured_media":0,"parent":0,"menu_order":0,"comment_status":"closed","ping_status":"closed","template":"","meta":{"inline_featured_image":false,"footnotes":""},"class_list":["post-21328","page","type-page","status-publish","hentry"],"yoast_head":"<!-- This site is optimized with the Yoast SEO plugin v24.5 - https:\/\/yoast.com\/wordpress\/plugins\/seo\/ -->\n<title>Matti Slotte: Gr\u00fcnder Kasinobonus - www.kasinobonus.ai<\/title>\n<meta name=\"description\" content=\"Lernen Sie Matti Slotte kennen \u2013 unseren Casino-Experten, der ehrliche Bewertungen, Tipps und pers\u00f6nliche Spielerfahrungen mit deutschen Spielern teilt.\" \/>\n<meta name=\"robots\" content=\"index, follow, max-snippet:-1, max-image-preview:large, max-video-preview:-1\" \/>\n<link rel=\"canonical\" href=\"https:\/\/www.kasinobonus.ai\/de\/matti-slotte\/\" \/>\n<script type=\"application\/ld+json\" class=\"yoast-schema-graph\">{\"@context\":\"https:\/\/schema.org\",\"@graph\":[{\"@type\":\"WebPage\",\"@id\":\"https:\/\/www.kasinobonus.ai\/de\/matti-slotte\/\",\"url\":\"https:\/\/www.kasinobonus.ai\/de\/matti-slotte\/\",\"name\":\"Matti Slotte: Gr\u00fcnder Kasinobonus - www.kasinobonus.ai\",\"isPartOf\":{\"@id\":\"https:\/\/www.kasinobonus.ai\/de\/#website\"},\"primaryImageOfPage\":{\"@id\":\"https:\/\/www.kasinobonus.ai\/de\/matti-slotte\/#primaryimage\"},\"image\":{\"@id\":\"https:\/\/www.kasinobonus.ai\/de\/matti-slotte\/#primaryimage\"},\"thumbnailUrl\":\"https:\/\/www.kasinobonus.ai\/wp-content\/uploads\/2024\/11\/matti-1.webp\",\"datePublished\":\"2024-11-25T07:35:04+00:00\",\"dateModified\":\"2025-07-26T08:49:29+00:00\",\"description\":\"Lernen Sie Matti Slotte kennen \u2013 unseren Casino-Experten, der ehrliche Bewertungen, Tipps und pers\u00f6nliche Spielerfahrungen mit deutschen Spielern teilt.\",\"breadcrumb\":{\"@id\":\"https:\/\/www.kasinobonus.ai\/de\/matti-slotte\/#breadcrumb\"},\"inLanguage\":\"de\",\"potentialAction\":[{\"@type\":\"ReadAction\",\"target\":[\"https:\/\/www.kasinobonus.ai\/de\/matti-slotte\/\"]}]},{\"@type\":\"ImageObject\",\"inLanguage\":\"de\",\"@id\":\"https:\/\/www.kasinobonus.ai\/de\/matti-slotte\/#primaryimage\",\"url\":\"https:\/\/www.kasinobonus.ai\/wp-content\/uploads\/2024\/11\/matti-1.webp\",\"contentUrl\":\"https:\/\/www.kasinobonus.ai\/wp-content\/uploads\/2024\/11\/matti-1.webp\"},{\"@type\":\"BreadcrumbList\",\"@id\":\"https:\/\/www.kasinobonus.ai\/de\/matti-slotte\/#breadcrumb\",\"itemListElement\":[{\"@type\":\"ListItem\",\"position\":1,\"name\":\"Home\",\"item\":\"https:\/\/kasinobonus.ai\/de\/\"},{\"@type\":\"ListItem\",\"position\":2,\"name\":\"Matti Slotte: Gr\u00fcnder Kasinobonus\"}]},{\"@type\":\"WebSite\",\"@id\":\"https:\/\/www.kasinobonus.ai\/de\/#website\",\"url\":\"https:\/\/www.kasinobonus.ai\/de\/\",\"name\":\"www.kasinobonus.ai\",\"description\":\"\",\"publisher\":{\"@id\":\"https:\/\/www.kasinobonus.ai\/de\/#organization\"},\"potentialAction\":[{\"@type\":\"SearchAction\",\"target\":{\"@type\":\"EntryPoint\",\"urlTemplate\":\"https:\/\/www.kasinobonus.ai\/de\/?s={search_term_string}\"},\"query-input\":{\"@type\":\"PropertyValueSpecification\",\"valueRequired\":true,\"valueName\":\"search_term_string\"}}],\"inLanguage\":\"de\"},{\"@type\":\"Organization\",\"@id\":\"https:\/\/www.kasinobonus.ai\/de\/#organization\",\"name\":\"KasinoBonus\",\"alternateName\":\"KasinoBonusAI\",\"url\":\"https:\/\/www.kasinobonus.ai\/de\/\",\"logo\":{\"@type\":\"ImageObject\",\"inLanguage\":\"de\",\"@id\":\"https:\/\/www.kasinobonus.ai\/de\/#\/schema\/logo\/image\/\",\"url\":\"https:\/\/www.kasinobonus.ai\/wp-content\/uploads\/2023\/09\/kasinobonus-logo-light.png\",\"contentUrl\":\"https:\/\/www.kasinobonus.ai\/wp-content\/uploads\/2023\/09\/kasinobonus-logo-light.png\",\"width\":3200,\"height\":596,\"caption\":\"KasinoBonus\"},\"image\":{\"@id\":\"https:\/\/www.kasinobonus.ai\/de\/#\/schema\/logo\/image\/\"},\"sameAs\":[\"https:\/\/www.facebook.com\/kasinobonusio\/\",\"https:\/\/x.com\/Kasinobonus_io\",\"https:\/\/www.linkedin.com\/in\/matti-slotte-26612033b\",\"http:\/\/kasinobonus.wikidot.com\/system:welcome\",\"https:\/\/www.trustpilot.com\/review\/www.kasinobonus.ai\",\"https:\/\/orcid.org\/0009-0007-2889-1713\",\"https:\/\/en.everybodywiki.com\/Matti_Slotte\",\"https:\/\/www.immuniweb.com\/ssl\/kasinobonus.ai\/M4lqCqYY\/\"]}]}<\/script>\n<!-- \/ Yoast SEO plugin. -->","yoast_head_json":{"title":"Matti Slotte: Gr\u00fcnder Kasinobonus - www.kasinobonus.ai","description":"Lernen Sie Matti Slotte kennen \u2013 unseren Casino-Experten, der ehrliche Bewertungen, Tipps und pers\u00f6nliche Spielerfahrungen mit deutschen Spielern teilt.","robots":{"index":"index","follow":"follow","max-snippet":"max-snippet:-1","max-image-preview":"max-image-preview:large","max-video-preview":"max-video-preview:-1"},"canonical":"https:\/\/www.kasinobonus.ai\/de\/matti-slotte\/","schema":{"@context":"https:\/\/schema.org","@graph":[{"@type":"WebPage","@id":"https:\/\/www.kasinobonus.ai\/de\/matti-slotte\/","url":"https:\/\/www.kasinobonus.ai\/de\/matti-slotte\/","name":"Matti Slotte: Gr\u00fcnder Kasinobonus - www.kasinobonus.ai","isPartOf":{"@id":"https:\/\/www.kasinobonus.ai\/de\/#website"},"primaryImageOfPage":{"@id":"https:\/\/www.kasinobonus.ai\/de\/matti-slotte\/#primaryimage"},"image":{"@id":"https:\/\/www.kasinobonus.ai\/de\/matti-slotte\/#primaryimage"},"thumbnailUrl":"https:\/\/www.kasinobonus.ai\/wp-content\/uploads\/2024\/11\/matti-1.webp","datePublished":"2024-11-25T07:35:04+00:00","dateModified":"2025-07-26T08:49:29+00:00","description":"Lernen Sie Matti Slotte kennen \u2013 unseren Casino-Experten, der ehrliche Bewertungen, Tipps und pers\u00f6nliche Spielerfahrungen mit deutschen Spielern teilt.","breadcrumb":{"@id":"https:\/\/www.kasinobonus.ai\/de\/matti-slotte\/#breadcrumb"},"inLanguage":"de","potentialAction":[{"@type":"ReadAction","target":["https:\/\/www.kasinobonus.ai\/de\/matti-slotte\/"]}]},{"@type":"ImageObject","inLanguage":"de","@id":"https:\/\/www.kasinobonus.ai\/de\/matti-slotte\/#primaryimage","url":"https:\/\/www.kasinobonus.ai\/wp-content\/uploads\/2024\/11\/matti-1.webp","contentUrl":"https:\/\/www.kasinobonus.ai\/wp-content\/uploads\/2024\/11\/matti-1.webp"},{"@type":"BreadcrumbList","@id":"https:\/\/www.kasinobonus.ai\/de\/matti-slotte\/#breadcrumb","itemListElement":[{"@type":"ListItem","position":1,"name":"Home","item":"https:\/\/kasinobonus.ai\/de\/"},{"@type":"ListItem","position":2,"name":"Matti Slotte: Gr\u00fcnder Kasinobonus"}]},{"@type":"WebSite","@id":"https:\/\/www.kasinobonus.ai\/de\/#website","url":"https:\/\/www.kasinobonus.ai\/de\/","name":"www.kasinobonus.ai","description":"","publisher":{"@id":"https:\/\/www.kasinobonus.ai\/de\/#organization"},"potentialAction":[{"@type":"SearchAction","target":{"@type":"EntryPoint","urlTemplate":"https:\/\/www.kasinobonus.ai\/de\/?s={search_term_string}"},"query-input":{"@type":"PropertyValueSpecification","valueRequired":true,"valueName":"search_term_string"}}],"inLanguage":"de"},{"@type":"Organization","@id":"https:\/\/www.kasinobonus.ai\/de\/#organization","name":"KasinoBonus","alternateName":"KasinoBonusAI","url":"https:\/\/www.kasinobonus.ai\/de\/","logo":{"@type":"ImageObject","inLanguage":"de","@id":"https:\/\/www.kasinobonus.ai\/de\/#\/schema\/logo\/image\/","url":"https:\/\/www.kasinobonus.ai\/wp-content\/uploads\/2023\/09\/kasinobonus-logo-light.png","contentUrl":"https:\/\/www.kasinobonus.ai\/wp-content\/uploads\/2023\/09\/kasinobonus-logo-light.png","width":3200,"height":596,"caption":"KasinoBonus"},"image":{"@id":"https:\/\/www.kasinobonus.ai\/de\/#\/schema\/logo\/image\/"},"sameAs":["https:\/\/www.facebook.com\/kasinobonusio\/","https:\/\/x.com\/Kasinobonus_io","https:\/\/www.linkedin.com\/in\/matti-slotte-26612033b","http:\/\/kasinobonus.wikidot.com\/system:welcome","https:\/\/www.trustpilot.com\/review\/www.kasinobonus.ai","https:\/\/orcid.org\/0009-0007-2889-1713","https:\/\/en.everybodywiki.com\/Matti_Slotte","https:\/\/www.immuniweb.com\/ssl\/kasinobonus.ai\/M4lqCqYY\/"]}]}},"_links":{"self":[{"href":"https:\/\/www.kasinobonus.ai\/de\/wp-json\/wp\/v2\/pages\/21328","targetHints":{"allow":["GET"]}}],"collection":[{"href":"https:\/\/www.kasinobonus.ai\/de\/wp-json\/wp\/v2\/pages"}],"about":[{"href":"https:\/\/www.kasinobonus.ai\/de\/wp-json\/wp\/v2\/types\/page"}],"author":[{"embeddable":true,"href":"https:\/\/www.kasinobonus.ai\/de\/wp-json\/wp\/v2\/users\/1"}],"replies":[{"embeddable":true,"href":"https:\/\/www.kasinobonus.ai\/de\/wp-json\/wp\/v2\/comments?post=21328"}],"version-history":[{"count":4,"href":"https:\/\/www.kasinobonus.ai\/de\/wp-json\/wp\/v2\/pages\/21328\/revisions"}],"predecessor-version":[{"id":34433,"href":"https:\/\/www.kasinobonus.ai\/de\/wp-json\/wp\/v2\/pages\/21328\/revisions\/34433"}],"wp:attachment":[{"href":"https:\/\/www.kasinobonus.ai\/de\/wp-json\/wp\/v2\/media?parent=21328"}],"curies":[{"name":"wp","href":"https:\/\/api.w.org\/{rel}","templated":true}]}}